{"id":518,"date":"2021-12-10T06:01:45","date_gmt":"2021-12-10T06:01:45","guid":{"rendered":"https:\/\/maisonimmigration.com\/?page_id=518"},"modified":"2021-12-10T06:01:45","modified_gmt":"2021-12-10T06:01:45","slug":"presencia-ilegal-o-sobreestadia","status":"publish","type":"page","link":"https:\/\/maisonimmigration.com\/es\/renuncias\/presencia-ilegal-o-sobreestadia\/","title":{"rendered":"Presencia ilegal o sobreestad\u00eda"},"content":{"rendered":"<p>La presencia ilegal en Estados Unidos se produce cuando una persona se encuentra en el pa\u00eds sin haber sido admitida legalmente o con libertad condicional en Estados Unidos por razones humanitarias urgentes o autorizadas de otro modo por el Secretario de Estado. Tambi\u00e9n se produce si una persona entra legalmente en el pa\u00eds y se queda m\u00e1s tiempo del permitido por su visado. Si se descubre que una persona est\u00e1 presente ilegalmente en los Estados Unidos, se le puede prohibir la entrada legal durante cualquiera de los siguientes periodos de tiempo:<\/p>\n<ul>\n<li>Tres a\u00f1os si \u00e9l o ella est\u00e1 aqu\u00ed ilegalmente hasta 180 d\u00edas, pero menos de un a\u00f1o durante una sola estancia antes del inicio del procedimiento de deportaci\u00f3n.<\/li>\n<li>10 a\u00f1os si est\u00e1 aqu\u00ed durante m\u00e1s de un a\u00f1o durante una sola estancia, independientemente de que se haya iniciado el procedimiento de deportaci\u00f3n.<\/li>\n<li>Permanentemente si la persona vuelve a entrar o intenta volver a entrar en el pa\u00eds sin ser admitida o en libertad condicional despu\u00e9s de m\u00e1s de un a\u00f1o de presencia ilegal de una o m\u00e1s estancias totales en este pa\u00eds.<\/li>\n<\/ul>\n<h2>Renuncia provisional a la entrada ilegal o a la estancia excesiva<\/h2>\n<p>En el pasado, una persona que entraba ilegalmente a Estados Unidos o sobrepasaba su visado deb\u00eda regresar a su naci\u00f3n de ciudadan\u00eda y asistir a una entrevista para obtener una exenci\u00f3n de entrada ilegal o de sobreestad\u00eda. Eso har\u00eda que esas personas corrieran el riesgo de no poder regresar a Estados Unidos si su solicitud de exenci\u00f3n fuera denegada. Ahora, el Servicio de Ciudadan\u00eda e Inmigraci\u00f3n de los Estados Unidos dispone de una exenci\u00f3n provisional que s\u00f3lo requiere que el solicitante regrese a su pa\u00eds de ciudadan\u00eda durante unas semanas o menos. S\u00f3lo eso evita la incertidumbre y un m\u00ednimo de tres a\u00f1os de separaci\u00f3n familiar. Si usted es elegible para la exenci\u00f3n provisional y hace todo lo que se supone que debe hacer para obtenerla, es probable que la reciba. S\u00f3lo eso es una buena raz\u00f3n para que los abogados de inmigraci\u00f3n del Central Valley de Maison Law le representen en su solicitud<\/p>\n<h2>Familiares que califican<\/h2>\n<p>Cualquiera que busque una exenci\u00f3n provisional de inadmisibilidad por entrada ilegal o por sobreestad\u00eda debe tener parientes inmediatos calificados en los Estados Unidos que sufrir\u00edan dificultades extremas y ser\u00edan causa para invocar el programa de exenci\u00f3n provisional. Los familiares que re\u00fanen los requisitos incluyen tanto a los ciudadanos estadounidenses como a los residentes permanentes legales que sean padres o c\u00f3nyuges del solicitante.<\/p>\n<h2>La exenci\u00f3n provisional y la entrada ilegal<\/h2>\n<p>La exenci\u00f3n provisional por entrada ilegal o por sobreestad\u00eda est\u00e1 destinada espec\u00edficamente a tratar la prohibici\u00f3n de inadmisibilidad a la entrada legal en los Estados Unidos. Este tipo de exenci\u00f3n no est\u00e1 disponible para las personas que no son admisibles por otros motivos, como una condena por delito grave.\u00a0 Una exenci\u00f3n provisional tambi\u00e9n puede ser denegada por otros motivos, por lo que querr\u00e1 proceder con cuidado cumpliendo plenamente los requisitos para una exenci\u00f3n provisional.<\/p>\n<p>La exenci\u00f3n provisional por presencia ilegal permite ahora a un solicitante que necesita una exenci\u00f3n de inadmisibilidad por presencia ilegal completar su solicitud para su exenci\u00f3n antes de que tenga que salir de los Estados Unidos para asistir a su entrevista para el visado de inmigrante. La solicitud, la tasa de presentaci\u00f3n y la tasa biom\u00e9trica se env\u00edan por correo desde Estados Unidos a una caja de seguridad en Chicago. Los abogados de inmigraci\u00f3n del Central Valley de California de Maison Law Immigration Lawyers pueden ayudar. P\u00f3ngase en contacto con nosotros para una consulta y revisi\u00f3n del caso, y le aconsejaremos sobre c\u00f3mo podemos ser de mayor ayuda en la solicitud de su exenci\u00f3n provisional.<\/p>\n","protected":false},"excerpt":{"rendered":"<p>La presencia ilegal en Estados Unidos se produce cuando una persona se encuentra en el pa\u00eds sin haber sido admitida legalmente o con libertad condicional en Estados Unidos por razones humanitarias urgentes o autorizadas de otro modo por el Secretario de Estado. Tambi\u00e9n se produce si una persona entra legalmente en el pa\u00eds y se [&hellip;]<\/p>\n","protected":false},"author":1,"featured_media":0,"parent":510,"menu_order":0,"comment_status":"closed","ping_status":"closed","template":"","meta":{"footnotes":""},"class_list":["post-518","page","type-page","status-publish","hentry"],"yoast_head":"<!-- This site is optimized with the Yoast SEO plugin v27.4 - https:\/\/yoast.com\/product\/yoast-seo-wordpress\/ -->\n<title>Presencia ilegal o sobreestad\u00eda | Maison Law Immigration Lawyers<\/title>\n<meta name=\"robots\" content=\"index, follow, max-snippet:-1, max-image-preview:large, max-video-preview:-1\" \/>\n<link rel=\"canonical\" href=\"https:\/\/maisonimmigration.com\/es\/renuncias\/presencia-ilegal-o-sobreestadia\/\" \/>\n<meta property=\"og:locale\" content=\"es_ES\" \/>\n<meta property=\"og:type\" content=\"article\" \/>\n<meta property=\"og:title\" content=\"Presencia ilegal o sobreestad\u00eda | Maison Law Immigration Lawyers\" \/>\n<meta property=\"og:description\" content=\"La presencia ilegal en Estados Unidos se produce cuando una persona se encuentra en el pa\u00eds sin haber sido admitida legalmente o con libertad condicional en Estados Unidos por razones humanitarias urgentes o autorizadas de otro modo por el Secretario de Estado. Tambi\u00e9n se produce si una persona entra legalmente en el pa\u00eds y se [&hellip;]\" \/>\n<meta property=\"og:url\" content=\"https:\/\/maisonimmigration.com\/es\/renuncias\/presencia-ilegal-o-sobreestadia\/\" \/>\n<meta property=\"og:site_name\" content=\"Maison Law Immigration Lawyers\" \/>\n<meta name=\"twitter:card\" content=\"summary_large_image\" \/>\n<meta name=\"twitter:label1\" content=\"Tiempo de lectura\" \/>\n\t<meta name=\"twitter:data1\" content=\"3 minutos\" \/>\n<script type=\"application\/ld+json\" class=\"yoast-schema-graph\">{\"@context\":\"https:\\\/\\\/schema.org\",\"@graph\":[{\"@type\":\"WebPage\",\"@id\":\"https:\\\/\\\/maisonimmigration.com\\\/es\\\/renuncias\\\/presencia-ilegal-o-sobreestadia\\\/\",\"url\":\"https:\\\/\\\/maisonimmigration.com\\\/es\\\/renuncias\\\/presencia-ilegal-o-sobreestadia\\\/\",\"name\":\"Presencia ilegal o sobreestad\u00eda | Maison Law Immigration Lawyers\",\"isPartOf\":{\"@id\":\"https:\\\/\\\/maisonimmigration.com\\\/es\\\/#website\"},\"datePublished\":\"2021-12-10T06:01:45+00:00\",\"breadcrumb\":{\"@id\":\"https:\\\/\\\/maisonimmigration.com\\\/es\\\/renuncias\\\/presencia-ilegal-o-sobreestadia\\\/#breadcrumb\"},\"inLanguage\":\"es\",\"potentialAction\":[{\"@type\":\"ReadAction\",\"target\":[\"https:\\\/\\\/maisonimmigration.com\\\/es\\\/renuncias\\\/presencia-ilegal-o-sobreestadia\\\/\"]}]},{\"@type\":\"BreadcrumbList\",\"@id\":\"https:\\\/\\\/maisonimmigration.com\\\/es\\\/renuncias\\\/presencia-ilegal-o-sobreestadia\\\/#breadcrumb\",\"itemListElement\":[{\"@type\":\"ListItem\",\"position\":1,\"name\":\"Home\",\"item\":\"https:\\\/\\\/maisonimmigration.com\\\/es\\\/\"},{\"@type\":\"ListItem\",\"position\":2,\"name\":\"Renuncias\",\"item\":\"https:\\\/\\\/maisonimmigration.com\\\/es\\\/renuncias\\\/\"},{\"@type\":\"ListItem\",\"position\":3,\"name\":\"Presencia ilegal o sobreestad\u00eda\"}]},{\"@type\":\"WebSite\",\"@id\":\"https:\\\/\\\/maisonimmigration.com\\\/es\\\/#website\",\"url\":\"https:\\\/\\\/maisonimmigration.com\\\/es\\\/\",\"name\":\"Maison Law Immigration Lawyers\",\"description\":\"\",\"publisher\":{\"@id\":\"https:\\\/\\\/maisonimmigration.com\\\/es\\\/#organization\"},\"potentialAction\":[{\"@type\":\"SearchAction\",\"target\":{\"@type\":\"EntryPoint\",\"urlTemplate\":\"https:\\\/\\\/maisonimmigration.com\\\/es\\\/?s={search_term_string}\"},\"query-input\":{\"@type\":\"PropertyValueSpecification\",\"valueRequired\":true,\"valueName\":\"search_term_string\"}}],\"inLanguage\":\"es\"},{\"@type\":\"Organization\",\"@id\":\"https:\\\/\\\/maisonimmigration.com\\\/es\\\/#organization\",\"name\":\"Maison Law Immigration Lawyers\",\"url\":\"https:\\\/\\\/maisonimmigration.com\\\/es\\\/\",\"logo\":{\"@type\":\"ImageObject\",\"inLanguage\":\"es\",\"@id\":\"https:\\\/\\\/maisonimmigration.com\\\/es\\\/#\\\/schema\\\/logo\\\/image\\\/\",\"url\":\"https:\\\/\\\/maisonimmigration.com\\\/wp-content\\\/uploads\\\/2025\\\/12\\\/maison-law-immigration-lawyers-new-logo.png\",\"contentUrl\":\"https:\\\/\\\/maisonimmigration.com\\\/wp-content\\\/uploads\\\/2025\\\/12\\\/maison-law-immigration-lawyers-new-logo.png\",\"width\":925,\"height\":211,\"caption\":\"Maison Law Immigration Lawyers\"},\"image\":{\"@id\":\"https:\\\/\\\/maisonimmigration.com\\\/es\\\/#\\\/schema\\\/logo\\\/image\\\/\"}}]}<\/script>\n<!-- \/ Yoast SEO plugin. -->","yoast_head_json":{"title":"Presencia ilegal o sobreestad\u00eda | Maison Law Immigration Lawyers","robots":{"index":"index","follow":"follow","max-snippet":"max-snippet:-1","max-image-preview":"max-image-preview:large","max-video-preview":"max-video-preview:-1"},"canonical":"https:\/\/maisonimmigration.com\/es\/renuncias\/presencia-ilegal-o-sobreestadia\/","og_locale":"es_ES","og_type":"article","og_title":"Presencia ilegal o sobreestad\u00eda | Maison Law Immigration Lawyers","og_description":"La presencia ilegal en Estados Unidos se produce cuando una persona se encuentra en el pa\u00eds sin haber sido admitida legalmente o con libertad condicional en Estados Unidos por razones humanitarias urgentes o autorizadas de otro modo por el Secretario de Estado. Tambi\u00e9n se produce si una persona entra legalmente en el pa\u00eds y se [&hellip;]","og_url":"https:\/\/maisonimmigration.com\/es\/renuncias\/presencia-ilegal-o-sobreestadia\/","og_site_name":"Maison Law Immigration Lawyers","twitter_card":"summary_large_image","twitter_misc":{"Tiempo de lectura":"3 minutos"},"schema":{"@context":"https:\/\/schema.org","@graph":[{"@type":"WebPage","@id":"https:\/\/maisonimmigration.com\/es\/renuncias\/presencia-ilegal-o-sobreestadia\/","url":"https:\/\/maisonimmigration.com\/es\/renuncias\/presencia-ilegal-o-sobreestadia\/","name":"Presencia ilegal o sobreestad\u00eda | Maison Law Immigration Lawyers","isPartOf":{"@id":"https:\/\/maisonimmigration.com\/es\/#website"},"datePublished":"2021-12-10T06:01:45+00:00","breadcrumb":{"@id":"https:\/\/maisonimmigration.com\/es\/renuncias\/presencia-ilegal-o-sobreestadia\/#breadcrumb"},"inLanguage":"es","potentialAction":[{"@type":"ReadAction","target":["https:\/\/maisonimmigration.com\/es\/renuncias\/presencia-ilegal-o-sobreestadia\/"]}]},{"@type":"BreadcrumbList","@id":"https:\/\/maisonimmigration.com\/es\/renuncias\/presencia-ilegal-o-sobreestadia\/#breadcrumb","itemListElement":[{"@type":"ListItem","position":1,"name":"Home","item":"https:\/\/maisonimmigration.com\/es\/"},{"@type":"ListItem","position":2,"name":"Renuncias","item":"https:\/\/maisonimmigration.com\/es\/renuncias\/"},{"@type":"ListItem","position":3,"name":"Presencia ilegal o sobreestad\u00eda"}]},{"@type":"WebSite","@id":"https:\/\/maisonimmigration.com\/es\/#website","url":"https:\/\/maisonimmigration.com\/es\/","name":"Maison Law Immigration Lawyers","description":"","publisher":{"@id":"https:\/\/maisonimmigration.com\/es\/#organization"},"potentialAction":[{"@type":"SearchAction","target":{"@type":"EntryPoint","urlTemplate":"https:\/\/maisonimmigration.com\/es\/?s={search_term_string}"},"query-input":{"@type":"PropertyValueSpecification","valueRequired":true,"valueName":"search_term_string"}}],"inLanguage":"es"},{"@type":"Organization","@id":"https:\/\/maisonimmigration.com\/es\/#organization","name":"Maison Law Immigration Lawyers","url":"https:\/\/maisonimmigration.com\/es\/","logo":{"@type":"ImageObject","inLanguage":"es","@id":"https:\/\/maisonimmigration.com\/es\/#\/schema\/logo\/image\/","url":"https:\/\/maisonimmigration.com\/wp-content\/uploads\/2025\/12\/maison-law-immigration-lawyers-new-logo.png","contentUrl":"https:\/\/maisonimmigration.com\/wp-content\/uploads\/2025\/12\/maison-law-immigration-lawyers-new-logo.png","width":925,"height":211,"caption":"Maison Law Immigration Lawyers"},"image":{"@id":"https:\/\/maisonimmigration.com\/es\/#\/schema\/logo\/image\/"}}]}},"_links":{"self":[{"href":"https:\/\/maisonimmigration.com\/es\/wp-json\/wp\/v2\/pages\/518","targetHints":{"allow":["GET"]}}],"collection":[{"href":"https:\/\/maisonimmigration.com\/es\/wp-json\/wp\/v2\/pages"}],"about":[{"href":"https:\/\/maisonimmigration.com\/es\/wp-json\/wp\/v2\/types\/page"}],"author":[{"embeddable":true,"href":"https:\/\/maisonimmigration.com\/es\/wp-json\/wp\/v2\/users\/1"}],"replies":[{"embeddable":true,"href":"https:\/\/maisonimmigration.com\/es\/wp-json\/wp\/v2\/comments?post=518"}],"version-history":[{"count":1,"href":"https:\/\/maisonimmigration.com\/es\/wp-json\/wp\/v2\/pages\/518\/revisions"}],"predecessor-version":[{"id":519,"href":"https:\/\/maisonimmigration.com\/es\/wp-json\/wp\/v2\/pages\/518\/revisions\/519"}],"up":[{"embeddable":true,"href":"https:\/\/maisonimmigration.com\/es\/wp-json\/wp\/v2\/pages\/510"}],"wp:attachment":[{"href":"https:\/\/maisonimmigration.com\/es\/wp-json\/wp\/v2\/media?parent=518"}],"curies":[{"name":"wp","href":"https:\/\/api.w.org\/{rel}","templated":true}]}}