{"id":516,"date":"2021-12-10T06:00:52","date_gmt":"2021-12-10T06:00:52","guid":{"rendered":"https:\/\/maisonimmigration.com\/?page_id=516"},"modified":"2021-12-10T06:00:52","modified_gmt":"2021-12-10T06:00:52","slug":"fraude-o-tergiversacion","status":"publish","type":"page","link":"https:\/\/maisonimmigration.com\/es\/renuncias\/fraude-o-tergiversacion\/","title":{"rendered":"Fraude o tergiversaci\u00f3n"},"content":{"rendered":"<p>Las tergiversaciones intencionadas y materiales o una o varias declaraciones francamente fraudulentas en las solicitudes de visado u otros documentos relacionados son motivos habituales para denegar la admisi\u00f3n de ciudadanos extranjeros en Estados Unidos.\u00a0 Una tergiversaci\u00f3n intencionada es una declaraci\u00f3n que no se ajusta a la verdad.\u00a0 Las declaraciones veraces son fundamentales para la admisibilidad o inadmisibilidad de un extranjero en Estados Unidos. Algunos ejemplos comunes de tergiversaciones que podr\u00edan encontrarse son los siguientes:<\/p>\n<ul>\n<li>Que un solicitante de visado no diga la verdad sobre su estado civil.<\/li>\n<li>Omitir el hecho de que un solicitante de visado ha estado en los Estados Unidos en el pasado.<\/li>\n<li>No revelar la condena de un crimen que implique un delito grave o de vileza moral.<\/li>\n<\/ul>\n<h2>La exenci\u00f3n de inadmisibilidad<\/h2>\n<p>Si se determina que una persona ha cometido un fraude o ha hecho una declaraci\u00f3n falsa en el proceso de visado, es probable que se determine que es inadmisible en EE.UU. de por vida. Sin embargo, esa persona podr\u00eda ser elegible para una exenci\u00f3n de inadmisibilidad, pero deben cumplirse los dos requisitos siguientes:<\/p>\n<ul>\n<li>La denegaci\u00f3n de la exenci\u00f3n supondr\u00eda una dificultad extrema para su familiar calificado como residente legal permanente o ciudadano estadounidense. Si la persona que solicita la exenci\u00f3n se auto solicita en virtud de la VAWA, la dificultad extrema ser\u00eda para ella misma.<\/li>\n<li>Debe demostrarse que se trata de un ejercicio favorable de la discrecionalidad. Se debe tener en cuenta especialmente si el alivio humanitario para el familiar que re\u00fane los requisitos y la unidad familiar anulan los factores negativos que surgen del fraude y la tergiversaci\u00f3n intencionada.<\/li>\n<\/ul>\n<h2>\u00bfQui\u00e9n es un familiar calificado?<\/h2>\n<p>En la mayor\u00eda de los casos, un familiar que re\u00fane los requisitos es un residente legal permanente o un ciudadano de los Estados Unidos, su c\u00f3nyuge o sus padres. Un peticionario de visado de prometido ciudadano de EE.UU. para un visado K-1 o K-2.\u00a0 Los peticionarios de la VAWA no necesitan necesariamente parientes que re\u00fanan los requisitos, ya que la dificultad extrema ser\u00eda para ese peticionario. Ese peticionario de la VAWA tambi\u00e9n puede alegar dificultades extremas para un ciudadano estadounidense, un residente permanente legal o una persona cualificada que sea padre o hijo no ciudadano.<\/p>\n<h2>\u00bfQu\u00e9 es la dificultad extrema?<\/h2>\n<p>Como el USCIS no tiene una definici\u00f3n de lo que son las dificultades extremas, tendr\u00e1 en cuenta una serie de factores relevantes y la totalidad de las circunstancias. Algunos ejemplos de algunos de esos factores pueden ser los siguientes:<\/p>\n<ul>\n<li>La disponibilidad de cuidados y tratamientos m\u00e9dicos adecuados para el familiar que re\u00fane los requisitos en su pa\u00eds de origen.<\/li>\n<li>Los beneficios y perjuicios econ\u00f3micos de la persona que re\u00fane los requisitos.<\/li>\n<li>La separaci\u00f3n de la familia.<\/li>\n<li>La dependencia econ\u00f3mica de la persona que re\u00fane los requisitos con respecto al solicitante.<\/li>\n<li>La presencia de otros miembros de la familia del pariente calificado en los Estados Unidos.<\/li>\n<\/ul>\n<p>Las exenciones de inadmisibilidad pueden aplicarse a quienes se ha determinado que han cometido fraude o tergiversaciones materiales al solicitar la admisi\u00f3n en los Estados Unidos y a quienes est\u00e1n en los Estados Unidos ahora, pero est\u00e1n en proceso de expulsi\u00f3n.\u00a0 Un abogado de inmigraci\u00f3n del Central Valley de California de Maison Law Immigration Lawyers puede ser muy valioso para armar un caso s\u00f3lido de exenci\u00f3n de inadmisibilidad en su nombre. P\u00f3ngase en contacto con nosotros para una consulta, y le asesoraremos sobre las exenciones de inadmisibilidad y c\u00f3mo una de ellas podr\u00eda aplicarse a su conjunto individual de hechos.<\/p>\n","protected":false},"excerpt":{"rendered":"<p>Las tergiversaciones intencionadas y materiales o una o varias declaraciones francamente fraudulentas en las solicitudes de visado u otros documentos relacionados son motivos habituales para denegar la admisi\u00f3n de ciudadanos extranjeros en Estados Unidos.\u00a0 Una tergiversaci\u00f3n intencionada es una declaraci\u00f3n que no se ajusta a la verdad.\u00a0 Las declaraciones veraces son fundamentales para la admisibilidad [&hellip;]<\/p>\n","protected":false},"author":1,"featured_media":0,"parent":510,"menu_order":0,"comment_status":"closed","ping_status":"closed","template":"","meta":{"footnotes":""},"class_list":["post-516","page","type-page","status-publish","hentry"],"yoast_head":"<!-- This site is optimized with the Yoast SEO plugin v27.3 - https:\/\/yoast.com\/product\/yoast-seo-wordpress\/ -->\n<title>Fraude o tergiversaci\u00f3n | Maison Law Immigration Lawyers<\/title>\n<meta name=\"robots\" content=\"index, follow, max-snippet:-1, max-image-preview:large, max-video-preview:-1\" \/>\n<link rel=\"canonical\" href=\"https:\/\/maisonimmigration.com\/es\/renuncias\/fraude-o-tergiversacion\/\" \/>\n<meta property=\"og:locale\" content=\"es_ES\" \/>\n<meta property=\"og:type\" content=\"article\" \/>\n<meta property=\"og:title\" content=\"Fraude o tergiversaci\u00f3n | Maison Law Immigration Lawyers\" \/>\n<meta property=\"og:description\" content=\"Las tergiversaciones intencionadas y materiales o una o varias declaraciones francamente fraudulentas en las solicitudes de visado u otros documentos relacionados son motivos habituales para denegar la admisi\u00f3n de ciudadanos extranjeros en Estados Unidos.\u00a0 Una tergiversaci\u00f3n intencionada es una declaraci\u00f3n que no se ajusta a la verdad.\u00a0 Las declaraciones veraces son fundamentales para la admisibilidad [&hellip;]\" \/>\n<meta property=\"og:url\" content=\"https:\/\/maisonimmigration.com\/es\/renuncias\/fraude-o-tergiversacion\/\" \/>\n<meta property=\"og:site_name\" content=\"Maison Law Immigration Lawyers\" \/>\n<meta name=\"twitter:card\" content=\"summary_large_image\" \/>\n<meta name=\"twitter:label1\" content=\"Tiempo de lectura\" \/>\n\t<meta name=\"twitter:data1\" content=\"3 minutos\" \/>\n<script type=\"application\/ld+json\" class=\"yoast-schema-graph\">{\"@context\":\"https:\\\/\\\/schema.org\",\"@graph\":[{\"@type\":\"WebPage\",\"@id\":\"https:\\\/\\\/maisonimmigration.com\\\/es\\\/renuncias\\\/fraude-o-tergiversacion\\\/\",\"url\":\"https:\\\/\\\/maisonimmigration.com\\\/es\\\/renuncias\\\/fraude-o-tergiversacion\\\/\",\"name\":\"Fraude o tergiversaci\u00f3n | Maison Law Immigration Lawyers\",\"isPartOf\":{\"@id\":\"https:\\\/\\\/maisonimmigration.com\\\/es\\\/#website\"},\"datePublished\":\"2021-12-10T06:00:52+00:00\",\"breadcrumb\":{\"@id\":\"https:\\\/\\\/maisonimmigration.com\\\/es\\\/renuncias\\\/fraude-o-tergiversacion\\\/#breadcrumb\"},\"inLanguage\":\"es\",\"potentialAction\":[{\"@type\":\"ReadAction\",\"target\":[\"https:\\\/\\\/maisonimmigration.com\\\/es\\\/renuncias\\\/fraude-o-tergiversacion\\\/\"]}]},{\"@type\":\"BreadcrumbList\",\"@id\":\"https:\\\/\\\/maisonimmigration.com\\\/es\\\/renuncias\\\/fraude-o-tergiversacion\\\/#breadcrumb\",\"itemListElement\":[{\"@type\":\"ListItem\",\"position\":1,\"name\":\"Home\",\"item\":\"https:\\\/\\\/maisonimmigration.com\\\/es\\\/\"},{\"@type\":\"ListItem\",\"position\":2,\"name\":\"Renuncias\",\"item\":\"https:\\\/\\\/maisonimmigration.com\\\/es\\\/renuncias\\\/\"},{\"@type\":\"ListItem\",\"position\":3,\"name\":\"Fraude o tergiversaci\u00f3n\"}]},{\"@type\":\"WebSite\",\"@id\":\"https:\\\/\\\/maisonimmigration.com\\\/es\\\/#website\",\"url\":\"https:\\\/\\\/maisonimmigration.com\\\/es\\\/\",\"name\":\"Maison Law Immigration Lawyers\",\"description\":\"\",\"publisher\":{\"@id\":\"https:\\\/\\\/maisonimmigration.com\\\/es\\\/#organization\"},\"potentialAction\":[{\"@type\":\"SearchAction\",\"target\":{\"@type\":\"EntryPoint\",\"urlTemplate\":\"https:\\\/\\\/maisonimmigration.com\\\/es\\\/?s={search_term_string}\"},\"query-input\":{\"@type\":\"PropertyValueSpecification\",\"valueRequired\":true,\"valueName\":\"search_term_string\"}}],\"inLanguage\":\"es\"},{\"@type\":\"Organization\",\"@id\":\"https:\\\/\\\/maisonimmigration.com\\\/es\\\/#organization\",\"name\":\"Maison Law Immigration Lawyers\",\"url\":\"https:\\\/\\\/maisonimmigration.com\\\/es\\\/\",\"logo\":{\"@type\":\"ImageObject\",\"inLanguage\":\"es\",\"@id\":\"https:\\\/\\\/maisonimmigration.com\\\/es\\\/#\\\/schema\\\/logo\\\/image\\\/\",\"url\":\"https:\\\/\\\/maisonimmigration.com\\\/wp-content\\\/uploads\\\/2025\\\/12\\\/maison-law-immigration-lawyers-new-logo.png\",\"contentUrl\":\"https:\\\/\\\/maisonimmigration.com\\\/wp-content\\\/uploads\\\/2025\\\/12\\\/maison-law-immigration-lawyers-new-logo.png\",\"width\":925,\"height\":211,\"caption\":\"Maison Law Immigration Lawyers\"},\"image\":{\"@id\":\"https:\\\/\\\/maisonimmigration.com\\\/es\\\/#\\\/schema\\\/logo\\\/image\\\/\"}}]}<\/script>\n<!-- \/ Yoast SEO plugin. -->","yoast_head_json":{"title":"Fraude o tergiversaci\u00f3n | Maison Law Immigration Lawyers","robots":{"index":"index","follow":"follow","max-snippet":"max-snippet:-1","max-image-preview":"max-image-preview:large","max-video-preview":"max-video-preview:-1"},"canonical":"https:\/\/maisonimmigration.com\/es\/renuncias\/fraude-o-tergiversacion\/","og_locale":"es_ES","og_type":"article","og_title":"Fraude o tergiversaci\u00f3n | Maison Law Immigration Lawyers","og_description":"Las tergiversaciones intencionadas y materiales o una o varias declaraciones francamente fraudulentas en las solicitudes de visado u otros documentos relacionados son motivos habituales para denegar la admisi\u00f3n de ciudadanos extranjeros en Estados Unidos.\u00a0 Una tergiversaci\u00f3n intencionada es una declaraci\u00f3n que no se ajusta a la verdad.\u00a0 Las declaraciones veraces son fundamentales para la admisibilidad [&hellip;]","og_url":"https:\/\/maisonimmigration.com\/es\/renuncias\/fraude-o-tergiversacion\/","og_site_name":"Maison Law Immigration Lawyers","twitter_card":"summary_large_image","twitter_misc":{"Tiempo de lectura":"3 minutos"},"schema":{"@context":"https:\/\/schema.org","@graph":[{"@type":"WebPage","@id":"https:\/\/maisonimmigration.com\/es\/renuncias\/fraude-o-tergiversacion\/","url":"https:\/\/maisonimmigration.com\/es\/renuncias\/fraude-o-tergiversacion\/","name":"Fraude o tergiversaci\u00f3n | Maison Law Immigration Lawyers","isPartOf":{"@id":"https:\/\/maisonimmigration.com\/es\/#website"},"datePublished":"2021-12-10T06:00:52+00:00","breadcrumb":{"@id":"https:\/\/maisonimmigration.com\/es\/renuncias\/fraude-o-tergiversacion\/#breadcrumb"},"inLanguage":"es","potentialAction":[{"@type":"ReadAction","target":["https:\/\/maisonimmigration.com\/es\/renuncias\/fraude-o-tergiversacion\/"]}]},{"@type":"BreadcrumbList","@id":"https:\/\/maisonimmigration.com\/es\/renuncias\/fraude-o-tergiversacion\/#breadcrumb","itemListElement":[{"@type":"ListItem","position":1,"name":"Home","item":"https:\/\/maisonimmigration.com\/es\/"},{"@type":"ListItem","position":2,"name":"Renuncias","item":"https:\/\/maisonimmigration.com\/es\/renuncias\/"},{"@type":"ListItem","position":3,"name":"Fraude o tergiversaci\u00f3n"}]},{"@type":"WebSite","@id":"https:\/\/maisonimmigration.com\/es\/#website","url":"https:\/\/maisonimmigration.com\/es\/","name":"Maison Law Immigration Lawyers","description":"","publisher":{"@id":"https:\/\/maisonimmigration.com\/es\/#organization"},"potentialAction":[{"@type":"SearchAction","target":{"@type":"EntryPoint","urlTemplate":"https:\/\/maisonimmigration.com\/es\/?s={search_term_string}"},"query-input":{"@type":"PropertyValueSpecification","valueRequired":true,"valueName":"search_term_string"}}],"inLanguage":"es"},{"@type":"Organization","@id":"https:\/\/maisonimmigration.com\/es\/#organization","name":"Maison Law Immigration Lawyers","url":"https:\/\/maisonimmigration.com\/es\/","logo":{"@type":"ImageObject","inLanguage":"es","@id":"https:\/\/maisonimmigration.com\/es\/#\/schema\/logo\/image\/","url":"https:\/\/maisonimmigration.com\/wp-content\/uploads\/2025\/12\/maison-law-immigration-lawyers-new-logo.png","contentUrl":"https:\/\/maisonimmigration.com\/wp-content\/uploads\/2025\/12\/maison-law-immigration-lawyers-new-logo.png","width":925,"height":211,"caption":"Maison Law Immigration Lawyers"},"image":{"@id":"https:\/\/maisonimmigration.com\/es\/#\/schema\/logo\/image\/"}}]}},"_links":{"self":[{"href":"https:\/\/maisonimmigration.com\/es\/wp-json\/wp\/v2\/pages\/516","targetHints":{"allow":["GET"]}}],"collection":[{"href":"https:\/\/maisonimmigration.com\/es\/wp-json\/wp\/v2\/pages"}],"about":[{"href":"https:\/\/maisonimmigration.com\/es\/wp-json\/wp\/v2\/types\/page"}],"author":[{"embeddable":true,"href":"https:\/\/maisonimmigration.com\/es\/wp-json\/wp\/v2\/users\/1"}],"replies":[{"embeddable":true,"href":"https:\/\/maisonimmigration.com\/es\/wp-json\/wp\/v2\/comments?post=516"}],"version-history":[{"count":1,"href":"https:\/\/maisonimmigration.com\/es\/wp-json\/wp\/v2\/pages\/516\/revisions"}],"predecessor-version":[{"id":517,"href":"https:\/\/maisonimmigration.com\/es\/wp-json\/wp\/v2\/pages\/516\/revisions\/517"}],"up":[{"embeddable":true,"href":"https:\/\/maisonimmigration.com\/es\/wp-json\/wp\/v2\/pages\/510"}],"wp:attachment":[{"href":"https:\/\/maisonimmigration.com\/es\/wp-json\/wp\/v2\/media?parent=516"}],"curies":[{"name":"wp","href":"https:\/\/api.w.org\/{rel}","templated":true}]}}