{"id":512,"date":"2021-12-10T05:58:08","date_gmt":"2021-12-10T05:58:08","guid":{"rendered":"https:\/\/maisonimmigration.com\/?page_id=512"},"modified":"2021-12-10T05:58:08","modified_gmt":"2021-12-10T05:58:08","slug":"solicitud-de-evidencia","status":"publish","type":"page","link":"https:\/\/maisonimmigration.com\/es\/daca\/solicitud-de-evidencia\/","title":{"rendered":"Solicitud de evidencia"},"content":{"rendered":"<p>Para establecer un determinado estatus migratorio, el solicitante debe presentar evidencias que demuestren que tiene derecho a ello por una preponderancia de las evidencias. Esto significa que las evidencias presentadas tienen m\u00e1s probabilidades de ser ciertas que de no serlo. A veces, el solicitante no ha presentado toda la documentaci\u00f3n inicial requerida, o el expediente del caso es de otro modo insuficiente para establecer la elegibilidad, por lo que el Servicio de Aduanas e Inmigraci\u00f3n de EE.UU. (USCIS) emitir\u00e1 una Solicitud de Evidencias (RFE). Normalmente, un RFE consistir\u00e1 en lo siguiente:<\/p>\n<ul>\n<li>Identifica el requisito de elegibilidad que no se ha cumplido y por qu\u00e9 las evidencias que lo apoyan no son suficientes.<\/li>\n<li>Si faltan evidencias espec\u00edficas requeridas, las identificar\u00e1.<\/li>\n<li>Mencionar\u00e1 cualquier otra evidencia que pueda ser satisfactoria.<\/li>\n<li>Entonces, solicitar\u00e1 esas evidencias.<\/li>\n<\/ul>\n<h2>\u00bfSignifica un RFE un futuro rechazo?<\/h2>\n<p>No, en absoluto, a menos que no responda a ella. Su RFE tendr\u00e1 una fecha l\u00edmite, y si no responde a \u00e9l antes de ese plazo, su solicitud podr\u00eda considerarse abandonada. En la alternativa, el USCIS podr\u00eda tomar una determinaci\u00f3n sobre su solicitud con la documentaci\u00f3n que usted present\u00f3 previamente.<\/p>\n<h2>Aviso de cambio de direcci\u00f3n<\/h2>\n<p>Su solicitud original contendr\u00e1 su direcci\u00f3n postal. Si cambia de direcci\u00f3n durante la tramitaci\u00f3n de su solicitud, notif\u00edquelo inmediatamente al USCIS. No querr\u00e1 que ning\u00fan aviso o similar llegue a la direcci\u00f3n equivocada y cause retrasos. El tiempo es un factor cr\u00edtico en cualquier RFE.<\/p>\n<h2>C\u00f3mo responder a una RFE<\/h2>\n<p>No entre en p\u00e1nico si recibe una RFE. Rel\u00e1jese y lea atentamente la solicitud. Responda a la RFE en una sola respuesta que sea lo m\u00e1s clara y comprensible posible. Si se solicitan copias de documentos, incl\u00fayalas y etiqu\u00e9telas como pruebas. Si se solicitan documentos originales, no responda con copias. Los documentos originales le ser\u00e1n devueltos.<\/p>\n<h2>C\u00f3mo evitar una RFE<\/h2>\n<p>Una de las principales razones de una RFE es la omisi\u00f3n de informaci\u00f3n sencilla, as\u00ed que aseg\u00farese de que ha proporcionado todo lo que el USCIS quiere. Revise y vuelva a revisar sus respuestas y documentos antes de enviar su paquete. Si los documentos se presentan en un idioma extranjero, aseg\u00farese de que se proporcionan traducciones certificadas de los mismos. A continuaci\u00f3n, antes de enviarlo por correo, aseg\u00farese de que sus documentos est\u00e1n bien organizados y acompa\u00f1e su respuesta con una carta de presentaci\u00f3n.\u00a0 Incluso puede proporcionar un \u00edndice si cree que su paquete lo necesita. Aseg\u00farese de que una copia del RFE sea la primera p\u00e1gina de su respuesta formal.<\/p>\n<p>Los abogados de inmigraci\u00f3n del Central Valley de California t Maison Law pueden ser de gran ayuda para responder a una notificaci\u00f3n de RFE. Si ha recibido un RFE, p\u00f3ngase en contacto con nosotros para concertar una consulta y revisi\u00f3n del mismo. Una opci\u00f3n a\u00fan mejor es contratarnos para completar y documentar cualquier solicitud o petici\u00f3n de inmigraci\u00f3n que quiera presentar. Eso reducir\u00e1 dr\u00e1sticamente las posibilidades de que se emita un RFE. En cualquier caso, p\u00f3ngase en contacto con nuestros abogados de inmigraci\u00f3n del Central Valley en Maison Law Immigration Lawyers con sus preguntas.<\/p>\n","protected":false},"excerpt":{"rendered":"<p>Para establecer un determinado estatus migratorio, el solicitante debe presentar evidencias que demuestren que tiene derecho a ello por una preponderancia de las evidencias. Esto significa que las evidencias presentadas tienen m\u00e1s probabilidades de ser ciertas que de no serlo. A veces, el solicitante no ha presentado toda la documentaci\u00f3n inicial requerida, o el expediente [&hellip;]<\/p>\n","protected":false},"author":1,"featured_media":0,"parent":504,"menu_order":0,"comment_status":"closed","ping_status":"closed","template":"","meta":{"footnotes":""},"class_list":["post-512","page","type-page","status-publish","hentry"],"yoast_head":"<!-- This site is optimized with the Yoast SEO plugin v27.3 - https:\/\/yoast.com\/product\/yoast-seo-wordpress\/ -->\n<title>Solicitud de evidencia | Maison Law Immigration Lawyers<\/title>\n<meta name=\"robots\" content=\"index, follow, max-snippet:-1, max-image-preview:large, max-video-preview:-1\" \/>\n<link rel=\"canonical\" href=\"https:\/\/maisonimmigration.com\/es\/daca\/solicitud-de-evidencia\/\" \/>\n<meta property=\"og:locale\" content=\"es_ES\" \/>\n<meta property=\"og:type\" content=\"article\" \/>\n<meta property=\"og:title\" content=\"Solicitud de evidencia | Maison Law Immigration Lawyers\" \/>\n<meta property=\"og:description\" content=\"Para establecer un determinado estatus migratorio, el solicitante debe presentar evidencias que demuestren que tiene derecho a ello por una preponderancia de las evidencias. Esto significa que las evidencias presentadas tienen m\u00e1s probabilidades de ser ciertas que de no serlo. A veces, el solicitante no ha presentado toda la documentaci\u00f3n inicial requerida, o el expediente [&hellip;]\" \/>\n<meta property=\"og:url\" content=\"https:\/\/maisonimmigration.com\/es\/daca\/solicitud-de-evidencia\/\" \/>\n<meta property=\"og:site_name\" content=\"Maison Law Immigration Lawyers\" \/>\n<meta name=\"twitter:card\" content=\"summary_large_image\" \/>\n<meta name=\"twitter:label1\" content=\"Tiempo de lectura\" \/>\n\t<meta name=\"twitter:data1\" content=\"3 minutos\" \/>\n<script type=\"application\/ld+json\" class=\"yoast-schema-graph\">{\"@context\":\"https:\\\/\\\/schema.org\",\"@graph\":[{\"@type\":\"WebPage\",\"@id\":\"https:\\\/\\\/maisonimmigration.com\\\/es\\\/daca\\\/solicitud-de-evidencia\\\/\",\"url\":\"https:\\\/\\\/maisonimmigration.com\\\/es\\\/daca\\\/solicitud-de-evidencia\\\/\",\"name\":\"Solicitud de evidencia | Maison Law Immigration Lawyers\",\"isPartOf\":{\"@id\":\"https:\\\/\\\/maisonimmigration.com\\\/es\\\/#website\"},\"datePublished\":\"2021-12-10T05:58:08+00:00\",\"breadcrumb\":{\"@id\":\"https:\\\/\\\/maisonimmigration.com\\\/es\\\/daca\\\/solicitud-de-evidencia\\\/#breadcrumb\"},\"inLanguage\":\"es\",\"potentialAction\":[{\"@type\":\"ReadAction\",\"target\":[\"https:\\\/\\\/maisonimmigration.com\\\/es\\\/daca\\\/solicitud-de-evidencia\\\/\"]}]},{\"@type\":\"BreadcrumbList\",\"@id\":\"https:\\\/\\\/maisonimmigration.com\\\/es\\\/daca\\\/solicitud-de-evidencia\\\/#breadcrumb\",\"itemListElement\":[{\"@type\":\"ListItem\",\"position\":1,\"name\":\"Home\",\"item\":\"https:\\\/\\\/maisonimmigration.com\\\/es\\\/\"},{\"@type\":\"ListItem\",\"position\":2,\"name\":\"DACA\",\"item\":\"https:\\\/\\\/maisonimmigration.com\\\/es\\\/daca\\\/\"},{\"@type\":\"ListItem\",\"position\":3,\"name\":\"Solicitud de evidencia\"}]},{\"@type\":\"WebSite\",\"@id\":\"https:\\\/\\\/maisonimmigration.com\\\/es\\\/#website\",\"url\":\"https:\\\/\\\/maisonimmigration.com\\\/es\\\/\",\"name\":\"Maison Law Immigration Lawyers\",\"description\":\"\",\"publisher\":{\"@id\":\"https:\\\/\\\/maisonimmigration.com\\\/es\\\/#organization\"},\"potentialAction\":[{\"@type\":\"SearchAction\",\"target\":{\"@type\":\"EntryPoint\",\"urlTemplate\":\"https:\\\/\\\/maisonimmigration.com\\\/es\\\/?s={search_term_string}\"},\"query-input\":{\"@type\":\"PropertyValueSpecification\",\"valueRequired\":true,\"valueName\":\"search_term_string\"}}],\"inLanguage\":\"es\"},{\"@type\":\"Organization\",\"@id\":\"https:\\\/\\\/maisonimmigration.com\\\/es\\\/#organization\",\"name\":\"Maison Law Immigration Lawyers\",\"url\":\"https:\\\/\\\/maisonimmigration.com\\\/es\\\/\",\"logo\":{\"@type\":\"ImageObject\",\"inLanguage\":\"es\",\"@id\":\"https:\\\/\\\/maisonimmigration.com\\\/es\\\/#\\\/schema\\\/logo\\\/image\\\/\",\"url\":\"https:\\\/\\\/maisonimmigration.com\\\/wp-content\\\/uploads\\\/2025\\\/12\\\/maison-law-immigration-lawyers-new-logo.png\",\"contentUrl\":\"https:\\\/\\\/maisonimmigration.com\\\/wp-content\\\/uploads\\\/2025\\\/12\\\/maison-law-immigration-lawyers-new-logo.png\",\"width\":925,\"height\":211,\"caption\":\"Maison Law Immigration Lawyers\"},\"image\":{\"@id\":\"https:\\\/\\\/maisonimmigration.com\\\/es\\\/#\\\/schema\\\/logo\\\/image\\\/\"}}]}<\/script>\n<!-- \/ Yoast SEO plugin. -->","yoast_head_json":{"title":"Solicitud de evidencia | Maison Law Immigration Lawyers","robots":{"index":"index","follow":"follow","max-snippet":"max-snippet:-1","max-image-preview":"max-image-preview:large","max-video-preview":"max-video-preview:-1"},"canonical":"https:\/\/maisonimmigration.com\/es\/daca\/solicitud-de-evidencia\/","og_locale":"es_ES","og_type":"article","og_title":"Solicitud de evidencia | Maison Law Immigration Lawyers","og_description":"Para establecer un determinado estatus migratorio, el solicitante debe presentar evidencias que demuestren que tiene derecho a ello por una preponderancia de las evidencias. Esto significa que las evidencias presentadas tienen m\u00e1s probabilidades de ser ciertas que de no serlo. A veces, el solicitante no ha presentado toda la documentaci\u00f3n inicial requerida, o el expediente [&hellip;]","og_url":"https:\/\/maisonimmigration.com\/es\/daca\/solicitud-de-evidencia\/","og_site_name":"Maison Law Immigration Lawyers","twitter_card":"summary_large_image","twitter_misc":{"Tiempo de lectura":"3 minutos"},"schema":{"@context":"https:\/\/schema.org","@graph":[{"@type":"WebPage","@id":"https:\/\/maisonimmigration.com\/es\/daca\/solicitud-de-evidencia\/","url":"https:\/\/maisonimmigration.com\/es\/daca\/solicitud-de-evidencia\/","name":"Solicitud de evidencia | Maison Law Immigration Lawyers","isPartOf":{"@id":"https:\/\/maisonimmigration.com\/es\/#website"},"datePublished":"2021-12-10T05:58:08+00:00","breadcrumb":{"@id":"https:\/\/maisonimmigration.com\/es\/daca\/solicitud-de-evidencia\/#breadcrumb"},"inLanguage":"es","potentialAction":[{"@type":"ReadAction","target":["https:\/\/maisonimmigration.com\/es\/daca\/solicitud-de-evidencia\/"]}]},{"@type":"BreadcrumbList","@id":"https:\/\/maisonimmigration.com\/es\/daca\/solicitud-de-evidencia\/#breadcrumb","itemListElement":[{"@type":"ListItem","position":1,"name":"Home","item":"https:\/\/maisonimmigration.com\/es\/"},{"@type":"ListItem","position":2,"name":"DACA","item":"https:\/\/maisonimmigration.com\/es\/daca\/"},{"@type":"ListItem","position":3,"name":"Solicitud de evidencia"}]},{"@type":"WebSite","@id":"https:\/\/maisonimmigration.com\/es\/#website","url":"https:\/\/maisonimmigration.com\/es\/","name":"Maison Law Immigration Lawyers","description":"","publisher":{"@id":"https:\/\/maisonimmigration.com\/es\/#organization"},"potentialAction":[{"@type":"SearchAction","target":{"@type":"EntryPoint","urlTemplate":"https:\/\/maisonimmigration.com\/es\/?s={search_term_string}"},"query-input":{"@type":"PropertyValueSpecification","valueRequired":true,"valueName":"search_term_string"}}],"inLanguage":"es"},{"@type":"Organization","@id":"https:\/\/maisonimmigration.com\/es\/#organization","name":"Maison Law Immigration Lawyers","url":"https:\/\/maisonimmigration.com\/es\/","logo":{"@type":"ImageObject","inLanguage":"es","@id":"https:\/\/maisonimmigration.com\/es\/#\/schema\/logo\/image\/","url":"https:\/\/maisonimmigration.com\/wp-content\/uploads\/2025\/12\/maison-law-immigration-lawyers-new-logo.png","contentUrl":"https:\/\/maisonimmigration.com\/wp-content\/uploads\/2025\/12\/maison-law-immigration-lawyers-new-logo.png","width":925,"height":211,"caption":"Maison Law Immigration Lawyers"},"image":{"@id":"https:\/\/maisonimmigration.com\/es\/#\/schema\/logo\/image\/"}}]}},"_links":{"self":[{"href":"https:\/\/maisonimmigration.com\/es\/wp-json\/wp\/v2\/pages\/512","targetHints":{"allow":["GET"]}}],"collection":[{"href":"https:\/\/maisonimmigration.com\/es\/wp-json\/wp\/v2\/pages"}],"about":[{"href":"https:\/\/maisonimmigration.com\/es\/wp-json\/wp\/v2\/types\/page"}],"author":[{"embeddable":true,"href":"https:\/\/maisonimmigration.com\/es\/wp-json\/wp\/v2\/users\/1"}],"replies":[{"embeddable":true,"href":"https:\/\/maisonimmigration.com\/es\/wp-json\/wp\/v2\/comments?post=512"}],"version-history":[{"count":1,"href":"https:\/\/maisonimmigration.com\/es\/wp-json\/wp\/v2\/pages\/512\/revisions"}],"predecessor-version":[{"id":513,"href":"https:\/\/maisonimmigration.com\/es\/wp-json\/wp\/v2\/pages\/512\/revisions\/513"}],"up":[{"embeddable":true,"href":"https:\/\/maisonimmigration.com\/es\/wp-json\/wp\/v2\/pages\/504"}],"wp:attachment":[{"href":"https:\/\/maisonimmigration.com\/es\/wp-json\/wp\/v2\/media?parent=512"}],"curies":[{"name":"wp","href":"https:\/\/api.w.org\/{rel}","templated":true}]}}