{"id":508,"date":"2021-12-10T05:55:10","date_gmt":"2021-12-10T05:55:10","guid":{"rendered":"https:\/\/maisonimmigration.com\/?page_id=508"},"modified":"2021-12-10T05:56:25","modified_gmt":"2021-12-10T05:56:25","slug":"convicciones-criminales","status":"publish","type":"page","link":"https:\/\/maisonimmigration.com\/es\/renuncias\/convicciones-criminales\/","title":{"rendered":"Convicciones Criminales"},"content":{"rendered":"<p>Una parte crucial del proceso para obtener la residencia permanente legal, es la investigaci\u00f3n sobre convicciones criminales anteriores que el Servicio de Ciudadan\u00eda e Inmigraci\u00f3n de Estados Unidos (USCIS) realiza sobre usted. Esto se debe a que ciertas convicciones criminales en su naci\u00f3n de ciudadan\u00eda o aqu\u00ed en los Estados Unidos pueden hacer que usted sea inadmisible para entrar en los Estados Unidos y no sea elegible para la residencia permanente. No todos los tipos de convicciones criminales van a ensombrecer su solicitud, pero hay tres tipos de convicciones que le har\u00e1n autom\u00e1ticamente inadmisible. Esas convicciones son por los siguientes delitos:<\/p>\n<ul>\n<li>Delitos graves agravados.<\/li>\n<li>Posesi\u00f3n o distribuci\u00f3n de sustancias controladas.<\/li>\n<li>Cr\u00edmenes de vileza moral.<\/li>\n<\/ul>\n<h2>\u00bfCu\u00e1ndo es convicto de un crimen?<\/h2>\n<p>Si ha sido acusado de un crimen y puesto bajo arresto, tiene derecho a un juicio. Es su elecci\u00f3n si quiere un juicio sin jurado, en el que un juez decide si usted es culpable o inocente, o un juicio con jurado, en el que 12 personas toman esa decisi\u00f3n. En muchos casos criminales, la gente ejerce una tercera opci\u00f3n y se declara culpable a cambio de una sentencia espec\u00edfica. Si un juez o un jurado le declaran culpable, o si se declara culpable de un crimen, se produce una convicci\u00f3n y, a efectos de inmigraci\u00f3n, es probable que le siga de por vida. Un abogado de inmigraci\u00f3n del Central Valley de California de Maison Law Immigration Lawyers est\u00e1 disponible para discutir confidencialmente cualquier convicci\u00f3n criminal que pueda tener junto con cualquier posible soluci\u00f3n a la barrera de entrada que crean.<\/p>\n<h2>\u00bfQu\u00e9 son los delitos con agravantes?<\/h2>\n<p>Lo que viene a colaci\u00f3n con los delitos graves agravados es que, en un tribunal estatal, un crimen como la agresi\u00f3n o la violencia dom\u00e9stica podr\u00eda ser clasificado como un delito menor, pero para la ley federal de inmigraci\u00f3n, se clasifica como un delito grave y proh\u00edbe a una persona la entrada en los Estados Unidos. De acuerdo con la ley federal de inmigraci\u00f3n, he aqu\u00ed algunos ejemplos de delitos graves agravados m\u00e1s evidentes:<\/p>\n<ul>\n<li>Abuso sexual criminal de un menor.<\/li>\n<li>Posesi\u00f3n, entrega o distribuci\u00f3n de una sustancia controlada.<\/li>\n<li>Tr\u00e1fico de personas.<\/li>\n<li>Delitos violentos.<\/li>\n<\/ul>\n<h2>\u00bfQu\u00e9 es un crimen de vileza moral?<\/h2>\n<p>El USCIS describe la vileza moral como la mala intenci\u00f3n cuando se comete un crimen. Es el tipo de crimen que es tan vil y depravado que se dice que sacude la conciencia del p\u00fablico. Los cr\u00edmenes de maltrato dom\u00e9stico o infantil, el incesto, las peleas de gallos o perros o la bigamia podr\u00edan clasificarse como crimen de vileza moral. Para decidir si un crimen es de vileza moral, el USCIS suele basarse en casos anteriores que podr\u00edan indicar si un crimen concreto cumple los requisitos.<\/p>\n<h2>Convicciones por drogas:<\/h2>\n<p>A efectos del USCIS, las convicciones por drogas contemplan la posesi\u00f3n, entrega o distribuci\u00f3n de sustancias controladas. Incluso el consumo de drogas admitido sin una convicci\u00f3n criminal puede operar como un impedimento para entrar en los Estados Unidos y dar lugar a la inadmisibilidad.<\/p>\n<h2>Sentencias diferidas o alternativas<\/h2>\n<p>Este tipo de sentencias est\u00e1n disponibles para una amplia gama de delincuentes. Si una persona completa con \u00e9xito una sentencia, el cargo puede ser desestimado o borrado. Lo que viene a colaci\u00f3n con el USCIS es que implican una constataci\u00f3n o declaraci\u00f3n de culpabilidad de un crimen que es una admisi\u00f3n de que el acusado cometi\u00f3 un crimen. Independientemente del hecho de que no se haya producido ninguna convicci\u00f3n, la admisi\u00f3n de haber cometido un crimen espec\u00edfico funciona como un obst\u00e1culo para la admisibilidad de un inmigrante en potencia. Una convicci\u00f3n por cualquiera de los delitos descritos anteriormente tambi\u00e9n puede ser causa de una acci\u00f3n de expulsi\u00f3n por parte del USCIS si la persona que lo cometi\u00f3 ya se encuentra en los Estados Unidos.<\/p>\n<h2>P\u00f3ngase en contacto con un abogado de inmigraci\u00f3n de California hoy mismo.<\/h2>\n<p>Para aquellos que fueron convictos por un delito agravado, un crimen que implique vileza moral o un delito de drogas mientras estaban fuera de los Estados Unidos, una exenci\u00f3n de inadmisibilidad podr\u00eda ser una soluci\u00f3n para obtener el permiso de entrada al pa\u00eds. Si la convicci\u00f3n se produjo dentro de los Estados Unidos, podr\u00eda solicitarse la cancelaci\u00f3n de la expulsi\u00f3n. En cualquiera de los casos, se recomienda encarecidamente consultar y contratar a un bufete de abogados de inmigraci\u00f3n del Central Valley con experiencia y agresividad para que le represente. Le ser\u00e1 de gran utilidad ponerse en contacto con Maison Law Immigration Lawyers si una convicci\u00f3n criminal es un obst\u00e1culo para entrar o permanecer en los Estados Unidos.<\/p>\n","protected":false},"excerpt":{"rendered":"<p>Una parte crucial del proceso para obtener la residencia permanente legal, es la investigaci\u00f3n sobre convicciones criminales anteriores que el Servicio de Ciudadan\u00eda e Inmigraci\u00f3n de Estados Unidos (USCIS) realiza sobre usted. Esto se debe a que ciertas convicciones criminales en su naci\u00f3n de ciudadan\u00eda o aqu\u00ed en los Estados Unidos pueden hacer que usted [&hellip;]<\/p>\n","protected":false},"author":1,"featured_media":0,"parent":510,"menu_order":0,"comment_status":"closed","ping_status":"closed","template":"","meta":{"footnotes":""},"class_list":["post-508","page","type-page","status-publish","hentry"],"yoast_head":"<!-- This site is optimized with the Yoast SEO plugin v27.3 - https:\/\/yoast.com\/product\/yoast-seo-wordpress\/ -->\n<title>Convicciones Criminales - Bakersfield CA | Maison Law Immigration Lawyers<\/title>\n<meta name=\"robots\" content=\"index, follow, max-snippet:-1, max-image-preview:large, max-video-preview:-1\" \/>\n<link rel=\"canonical\" href=\"https:\/\/maisonimmigration.com\/es\/renuncias\/convicciones-criminales\/\" \/>\n<meta property=\"og:locale\" content=\"es_ES\" \/>\n<meta property=\"og:type\" content=\"article\" \/>\n<meta property=\"og:title\" content=\"Convicciones Criminales - Bakersfield CA | Maison Law Immigration Lawyers\" \/>\n<meta property=\"og:description\" content=\"Una parte crucial del proceso para obtener la residencia permanente legal, es la investigaci\u00f3n sobre convicciones criminales anteriores que el Servicio de Ciudadan\u00eda e Inmigraci\u00f3n de Estados Unidos (USCIS) realiza sobre usted. Esto se debe a que ciertas convicciones criminales en su naci\u00f3n de ciudadan\u00eda o aqu\u00ed en los Estados Unidos pueden hacer que usted [&hellip;]\" \/>\n<meta property=\"og:url\" content=\"https:\/\/maisonimmigration.com\/es\/renuncias\/convicciones-criminales\/\" \/>\n<meta property=\"og:site_name\" content=\"Maison Law Immigration Lawyers\" \/>\n<meta property=\"article:modified_time\" content=\"2021-12-10T05:56:25+00:00\" \/>\n<meta name=\"twitter:card\" content=\"summary_large_image\" \/>\n<meta name=\"twitter:label1\" content=\"Tiempo de lectura\" \/>\n\t<meta name=\"twitter:data1\" content=\"4 minutos\" \/>\n<script type=\"application\/ld+json\" class=\"yoast-schema-graph\">{\"@context\":\"https:\\\/\\\/schema.org\",\"@graph\":[{\"@type\":\"WebPage\",\"@id\":\"https:\\\/\\\/maisonimmigration.com\\\/es\\\/renuncias\\\/convicciones-criminales\\\/\",\"url\":\"https:\\\/\\\/maisonimmigration.com\\\/es\\\/renuncias\\\/convicciones-criminales\\\/\",\"name\":\"Convicciones Criminales - Bakersfield CA | Maison Law Immigration Lawyers\",\"isPartOf\":{\"@id\":\"https:\\\/\\\/maisonimmigration.com\\\/es\\\/#website\"},\"datePublished\":\"2021-12-10T05:55:10+00:00\",\"dateModified\":\"2021-12-10T05:56:25+00:00\",\"breadcrumb\":{\"@id\":\"https:\\\/\\\/maisonimmigration.com\\\/es\\\/renuncias\\\/convicciones-criminales\\\/#breadcrumb\"},\"inLanguage\":\"es\",\"potentialAction\":[{\"@type\":\"ReadAction\",\"target\":[\"https:\\\/\\\/maisonimmigration.com\\\/es\\\/renuncias\\\/convicciones-criminales\\\/\"]}]},{\"@type\":\"BreadcrumbList\",\"@id\":\"https:\\\/\\\/maisonimmigration.com\\\/es\\\/renuncias\\\/convicciones-criminales\\\/#breadcrumb\",\"itemListElement\":[{\"@type\":\"ListItem\",\"position\":1,\"name\":\"Home\",\"item\":\"https:\\\/\\\/maisonimmigration.com\\\/es\\\/\"},{\"@type\":\"ListItem\",\"position\":2,\"name\":\"Renuncias\",\"item\":\"https:\\\/\\\/maisonimmigration.com\\\/es\\\/renuncias\\\/\"},{\"@type\":\"ListItem\",\"position\":3,\"name\":\"Convicciones Criminales\"}]},{\"@type\":\"WebSite\",\"@id\":\"https:\\\/\\\/maisonimmigration.com\\\/es\\\/#website\",\"url\":\"https:\\\/\\\/maisonimmigration.com\\\/es\\\/\",\"name\":\"Maison Law Immigration Lawyers\",\"description\":\"\",\"publisher\":{\"@id\":\"https:\\\/\\\/maisonimmigration.com\\\/es\\\/#organization\"},\"potentialAction\":[{\"@type\":\"SearchAction\",\"target\":{\"@type\":\"EntryPoint\",\"urlTemplate\":\"https:\\\/\\\/maisonimmigration.com\\\/es\\\/?s={search_term_string}\"},\"query-input\":{\"@type\":\"PropertyValueSpecification\",\"valueRequired\":true,\"valueName\":\"search_term_string\"}}],\"inLanguage\":\"es\"},{\"@type\":\"Organization\",\"@id\":\"https:\\\/\\\/maisonimmigration.com\\\/es\\\/#organization\",\"name\":\"Maison Law Immigration Lawyers\",\"url\":\"https:\\\/\\\/maisonimmigration.com\\\/es\\\/\",\"logo\":{\"@type\":\"ImageObject\",\"inLanguage\":\"es\",\"@id\":\"https:\\\/\\\/maisonimmigration.com\\\/es\\\/#\\\/schema\\\/logo\\\/image\\\/\",\"url\":\"https:\\\/\\\/maisonimmigration.com\\\/wp-content\\\/uploads\\\/2025\\\/12\\\/maison-law-immigration-lawyers-new-logo.png\",\"contentUrl\":\"https:\\\/\\\/maisonimmigration.com\\\/wp-content\\\/uploads\\\/2025\\\/12\\\/maison-law-immigration-lawyers-new-logo.png\",\"width\":925,\"height\":211,\"caption\":\"Maison Law Immigration Lawyers\"},\"image\":{\"@id\":\"https:\\\/\\\/maisonimmigration.com\\\/es\\\/#\\\/schema\\\/logo\\\/image\\\/\"}}]}<\/script>\n<!-- \/ Yoast SEO plugin. -->","yoast_head_json":{"title":"Convicciones Criminales - Bakersfield CA | Maison Law Immigration Lawyers","robots":{"index":"index","follow":"follow","max-snippet":"max-snippet:-1","max-image-preview":"max-image-preview:large","max-video-preview":"max-video-preview:-1"},"canonical":"https:\/\/maisonimmigration.com\/es\/renuncias\/convicciones-criminales\/","og_locale":"es_ES","og_type":"article","og_title":"Convicciones Criminales - Bakersfield CA | Maison Law Immigration Lawyers","og_description":"Una parte crucial del proceso para obtener la residencia permanente legal, es la investigaci\u00f3n sobre convicciones criminales anteriores que el Servicio de Ciudadan\u00eda e Inmigraci\u00f3n de Estados Unidos (USCIS) realiza sobre usted. Esto se debe a que ciertas convicciones criminales en su naci\u00f3n de ciudadan\u00eda o aqu\u00ed en los Estados Unidos pueden hacer que usted [&hellip;]","og_url":"https:\/\/maisonimmigration.com\/es\/renuncias\/convicciones-criminales\/","og_site_name":"Maison Law Immigration Lawyers","article_modified_time":"2021-12-10T05:56:25+00:00","twitter_card":"summary_large_image","twitter_misc":{"Tiempo de lectura":"4 minutos"},"schema":{"@context":"https:\/\/schema.org","@graph":[{"@type":"WebPage","@id":"https:\/\/maisonimmigration.com\/es\/renuncias\/convicciones-criminales\/","url":"https:\/\/maisonimmigration.com\/es\/renuncias\/convicciones-criminales\/","name":"Convicciones Criminales - Bakersfield CA | Maison Law Immigration Lawyers","isPartOf":{"@id":"https:\/\/maisonimmigration.com\/es\/#website"},"datePublished":"2021-12-10T05:55:10+00:00","dateModified":"2021-12-10T05:56:25+00:00","breadcrumb":{"@id":"https:\/\/maisonimmigration.com\/es\/renuncias\/convicciones-criminales\/#breadcrumb"},"inLanguage":"es","potentialAction":[{"@type":"ReadAction","target":["https:\/\/maisonimmigration.com\/es\/renuncias\/convicciones-criminales\/"]}]},{"@type":"BreadcrumbList","@id":"https:\/\/maisonimmigration.com\/es\/renuncias\/convicciones-criminales\/#breadcrumb","itemListElement":[{"@type":"ListItem","position":1,"name":"Home","item":"https:\/\/maisonimmigration.com\/es\/"},{"@type":"ListItem","position":2,"name":"Renuncias","item":"https:\/\/maisonimmigration.com\/es\/renuncias\/"},{"@type":"ListItem","position":3,"name":"Convicciones Criminales"}]},{"@type":"WebSite","@id":"https:\/\/maisonimmigration.com\/es\/#website","url":"https:\/\/maisonimmigration.com\/es\/","name":"Maison Law Immigration Lawyers","description":"","publisher":{"@id":"https:\/\/maisonimmigration.com\/es\/#organization"},"potentialAction":[{"@type":"SearchAction","target":{"@type":"EntryPoint","urlTemplate":"https:\/\/maisonimmigration.com\/es\/?s={search_term_string}"},"query-input":{"@type":"PropertyValueSpecification","valueRequired":true,"valueName":"search_term_string"}}],"inLanguage":"es"},{"@type":"Organization","@id":"https:\/\/maisonimmigration.com\/es\/#organization","name":"Maison Law Immigration Lawyers","url":"https:\/\/maisonimmigration.com\/es\/","logo":{"@type":"ImageObject","inLanguage":"es","@id":"https:\/\/maisonimmigration.com\/es\/#\/schema\/logo\/image\/","url":"https:\/\/maisonimmigration.com\/wp-content\/uploads\/2025\/12\/maison-law-immigration-lawyers-new-logo.png","contentUrl":"https:\/\/maisonimmigration.com\/wp-content\/uploads\/2025\/12\/maison-law-immigration-lawyers-new-logo.png","width":925,"height":211,"caption":"Maison Law Immigration Lawyers"},"image":{"@id":"https:\/\/maisonimmigration.com\/es\/#\/schema\/logo\/image\/"}}]}},"_links":{"self":[{"href":"https:\/\/maisonimmigration.com\/es\/wp-json\/wp\/v2\/pages\/508","targetHints":{"allow":["GET"]}}],"collection":[{"href":"https:\/\/maisonimmigration.com\/es\/wp-json\/wp\/v2\/pages"}],"about":[{"href":"https:\/\/maisonimmigration.com\/es\/wp-json\/wp\/v2\/types\/page"}],"author":[{"embeddable":true,"href":"https:\/\/maisonimmigration.com\/es\/wp-json\/wp\/v2\/users\/1"}],"replies":[{"embeddable":true,"href":"https:\/\/maisonimmigration.com\/es\/wp-json\/wp\/v2\/comments?post=508"}],"version-history":[{"count":1,"href":"https:\/\/maisonimmigration.com\/es\/wp-json\/wp\/v2\/pages\/508\/revisions"}],"predecessor-version":[{"id":509,"href":"https:\/\/maisonimmigration.com\/es\/wp-json\/wp\/v2\/pages\/508\/revisions\/509"}],"up":[{"embeddable":true,"href":"https:\/\/maisonimmigration.com\/es\/wp-json\/wp\/v2\/pages\/510"}],"wp:attachment":[{"href":"https:\/\/maisonimmigration.com\/es\/wp-json\/wp\/v2\/media?parent=508"}],"curies":[{"name":"wp","href":"https:\/\/api.w.org\/{rel}","templated":true}]}}