{"id":506,"date":"2021-12-10T05:52:55","date_gmt":"2021-12-10T05:52:55","guid":{"rendered":"https:\/\/maisonimmigration.com\/?page_id=506"},"modified":"2021-12-10T05:52:55","modified_gmt":"2021-12-10T05:52:55","slug":"contrabando-de-extranjeros","status":"publish","type":"page","link":"https:\/\/maisonimmigration.com\/es\/renuncias\/contrabando-de-extranjeros\/","title":{"rendered":"Contrabando de extranjeros"},"content":{"rendered":"<p>Cuando se habla de contrabando de extranjeros, podr\u00edamos pensar en un \u00abcoyote\u00bb guiando a una persona a trav\u00e9s de la frontera al amparo de la oscuridad total y sin luna. Claro que eso ocurre a veces, pero el contrabando de extranjeros seg\u00fan la ley federal es mucho m\u00e1s amplio que eso. Una persona comete el delito de contrabando de extranjeros cuando, a sabiendas, alienta, induce, asiste, ayuda o instiga a otra persona a entrar o intentar entrar ilegalmente en Estados Unidos. Tampoco es necesario demostrar un motivo econ\u00f3mico para probar el contrabando de extranjeros. Un adulto puede mentir sobre la edad de un ni\u00f1o o sobre que el ni\u00f1o es suyo. Incluso un asesor de inmigraci\u00f3n que fomente representaciones falsas o enga\u00f1osas en una solicitud de visado, puede ser procesado y declarado culpable de participar a sabiendas en el contrabando de extranjeros. Tambi\u00e9n lo puede ser una persona que financie el viaje a Estados Unidos de un extranjero ilegal. Incluso la ayuda ilegal a los extranjeros al norte de la frontera es un delito.<\/p>\n<h2>Penas por contrabando de extranjeros<\/h2>\n<p>Las sanciones penales por contrabando de extranjeros dependen de los hechos espec\u00edficos de cada caso. Al ser condenado por el delito, la sentencia m\u00ednima seg\u00fan la ley federal es de cinco a\u00f1os de prisi\u00f3n con un m\u00e1ximo de 20 a\u00f1os. La mayor\u00eda de las condenas por contrabando de extranjeros se consideran delitos graves, a menos que se trate de un primer delito y que implique el transporte del c\u00f3nyuge, los hijos o los padres del acusado.<\/p>\n<h2>Expulsi\u00f3n o inadmisibilidad por contrabando de extranjeros<\/h2>\n<p>Un residente legal permanente de este lado de la frontera puede ser objeto de un procedimiento de expulsi\u00f3n por contrabando de extranjeros en un tribunal de inmigraci\u00f3n, incluso si no se presentan cargos penales y no hay una condena. Si ese individuo se encuentra fuera de Estados Unidos, puede ser clasificado como inadmisible. Sin embargo, una persona condenada por contrabando de extranjeros podr\u00eda ser elegible para la cancelaci\u00f3n de la expulsi\u00f3n o una exenci\u00f3n de inadmisibilidad por contrabando de extranjeros, pero deben cumplirse las tres condiciones siguientes:<\/p>\n<ul>\n<li>La persona que busca la exenci\u00f3n debe ser un residente permanente legal.<\/li>\n<li>La persona que intentaba introducir de forma clandestina en Estados Unidos era su c\u00f3nyuge, padre o hijo.<\/li>\n<li>La exenci\u00f3n est\u00e1 justificada por razones humanitarias, de unidad familiar o por razones imperiosas de inter\u00e9s p\u00fablico.<\/li>\n<\/ul>\n<h2>P\u00f3ngase en contacto con un abogado de inmigraci\u00f3n de California.<\/h2>\n<p>El contrabando de extranjeros es uno de los delitos de inmigraci\u00f3n m\u00e1s comunes que se persiguen en los estados que comparten frontera con M\u00e9xico. Si usted o un miembro de su familia aqu\u00ed en los Estados Unidos ha sido notificado de un proceso de expulsi\u00f3n, o se encuentra fuera de los Estados Unidos y es inadmisible debido al contrabando de extranjeros, va a necesitar ayuda legal de calidad y eficaz para obtener una cancelaci\u00f3n de la expulsi\u00f3n o una exenci\u00f3n de inadmisibilidad como resultado del contrabando de extranjeros. P\u00f3ngase en contacto con los abogados de inmigraci\u00f3n del Central Valley de California en Maison Law Immigration Lawyers para una consulta y revisi\u00f3n del caso sobre los problemas de contrabando de extranjeros que han surgido con sus esfuerzos de inmigraci\u00f3n o su estado. Todav\u00eda queremos inmigrantes honestos y trabajadores en nuestras comunidades que quieran convertirse en americanos.<\/p>\n","protected":false},"excerpt":{"rendered":"<p>Cuando se habla de contrabando de extranjeros, podr\u00edamos pensar en un \u00abcoyote\u00bb guiando a una persona a trav\u00e9s de la frontera al amparo de la oscuridad total y sin luna. Claro que eso ocurre a veces, pero el contrabando de extranjeros seg\u00fan la ley federal es mucho m\u00e1s amplio que eso. Una persona comete el [&hellip;]<\/p>\n","protected":false},"author":1,"featured_media":0,"parent":510,"menu_order":0,"comment_status":"closed","ping_status":"closed","template":"","meta":{"footnotes":""},"class_list":["post-506","page","type-page","status-publish","hentry"],"yoast_head":"<!-- This site is optimized with the Yoast SEO plugin v27.4 - https:\/\/yoast.com\/product\/yoast-seo-wordpress\/ -->\n<title>Contrabando de extranjeros | Maison Law Immigration Lawyers<\/title>\n<meta name=\"robots\" content=\"index, follow, max-snippet:-1, max-image-preview:large, max-video-preview:-1\" \/>\n<link rel=\"canonical\" href=\"https:\/\/maisonimmigration.com\/es\/renuncias\/contrabando-de-extranjeros\/\" \/>\n<meta property=\"og:locale\" content=\"es_ES\" \/>\n<meta property=\"og:type\" content=\"article\" \/>\n<meta property=\"og:title\" content=\"Contrabando de extranjeros | Maison Law Immigration Lawyers\" \/>\n<meta property=\"og:description\" content=\"Cuando se habla de contrabando de extranjeros, podr\u00edamos pensar en un \u00abcoyote\u00bb guiando a una persona a trav\u00e9s de la frontera al amparo de la oscuridad total y sin luna. Claro que eso ocurre a veces, pero el contrabando de extranjeros seg\u00fan la ley federal es mucho m\u00e1s amplio que eso. Una persona comete el [&hellip;]\" \/>\n<meta property=\"og:url\" content=\"https:\/\/maisonimmigration.com\/es\/renuncias\/contrabando-de-extranjeros\/\" \/>\n<meta property=\"og:site_name\" content=\"Maison Law Immigration Lawyers\" \/>\n<meta name=\"twitter:card\" content=\"summary_large_image\" \/>\n<meta name=\"twitter:label1\" content=\"Tiempo de lectura\" \/>\n\t<meta name=\"twitter:data1\" content=\"3 minutos\" \/>\n<script type=\"application\/ld+json\" class=\"yoast-schema-graph\">{\"@context\":\"https:\\\/\\\/schema.org\",\"@graph\":[{\"@type\":\"WebPage\",\"@id\":\"https:\\\/\\\/maisonimmigration.com\\\/es\\\/renuncias\\\/contrabando-de-extranjeros\\\/\",\"url\":\"https:\\\/\\\/maisonimmigration.com\\\/es\\\/renuncias\\\/contrabando-de-extranjeros\\\/\",\"name\":\"Contrabando de extranjeros | Maison Law Immigration Lawyers\",\"isPartOf\":{\"@id\":\"https:\\\/\\\/maisonimmigration.com\\\/es\\\/#website\"},\"datePublished\":\"2021-12-10T05:52:55+00:00\",\"breadcrumb\":{\"@id\":\"https:\\\/\\\/maisonimmigration.com\\\/es\\\/renuncias\\\/contrabando-de-extranjeros\\\/#breadcrumb\"},\"inLanguage\":\"es\",\"potentialAction\":[{\"@type\":\"ReadAction\",\"target\":[\"https:\\\/\\\/maisonimmigration.com\\\/es\\\/renuncias\\\/contrabando-de-extranjeros\\\/\"]}]},{\"@type\":\"BreadcrumbList\",\"@id\":\"https:\\\/\\\/maisonimmigration.com\\\/es\\\/renuncias\\\/contrabando-de-extranjeros\\\/#breadcrumb\",\"itemListElement\":[{\"@type\":\"ListItem\",\"position\":1,\"name\":\"Home\",\"item\":\"https:\\\/\\\/maisonimmigration.com\\\/es\\\/\"},{\"@type\":\"ListItem\",\"position\":2,\"name\":\"Contrabando de extranjeros\"}]},{\"@type\":\"WebSite\",\"@id\":\"https:\\\/\\\/maisonimmigration.com\\\/es\\\/#website\",\"url\":\"https:\\\/\\\/maisonimmigration.com\\\/es\\\/\",\"name\":\"Maison Law Immigration Lawyers\",\"description\":\"\",\"publisher\":{\"@id\":\"https:\\\/\\\/maisonimmigration.com\\\/es\\\/#organization\"},\"potentialAction\":[{\"@type\":\"SearchAction\",\"target\":{\"@type\":\"EntryPoint\",\"urlTemplate\":\"https:\\\/\\\/maisonimmigration.com\\\/es\\\/?s={search_term_string}\"},\"query-input\":{\"@type\":\"PropertyValueSpecification\",\"valueRequired\":true,\"valueName\":\"search_term_string\"}}],\"inLanguage\":\"es\"},{\"@type\":\"Organization\",\"@id\":\"https:\\\/\\\/maisonimmigration.com\\\/es\\\/#organization\",\"name\":\"Maison Law Immigration Lawyers\",\"url\":\"https:\\\/\\\/maisonimmigration.com\\\/es\\\/\",\"logo\":{\"@type\":\"ImageObject\",\"inLanguage\":\"es\",\"@id\":\"https:\\\/\\\/maisonimmigration.com\\\/es\\\/#\\\/schema\\\/logo\\\/image\\\/\",\"url\":\"https:\\\/\\\/maisonimmigration.com\\\/wp-content\\\/uploads\\\/2025\\\/12\\\/maison-law-immigration-lawyers-new-logo.png\",\"contentUrl\":\"https:\\\/\\\/maisonimmigration.com\\\/wp-content\\\/uploads\\\/2025\\\/12\\\/maison-law-immigration-lawyers-new-logo.png\",\"width\":925,\"height\":211,\"caption\":\"Maison Law Immigration Lawyers\"},\"image\":{\"@id\":\"https:\\\/\\\/maisonimmigration.com\\\/es\\\/#\\\/schema\\\/logo\\\/image\\\/\"}}]}<\/script>\n<!-- \/ Yoast SEO plugin. -->","yoast_head_json":{"title":"Contrabando de extranjeros | Maison Law Immigration Lawyers","robots":{"index":"index","follow":"follow","max-snippet":"max-snippet:-1","max-image-preview":"max-image-preview:large","max-video-preview":"max-video-preview:-1"},"canonical":"https:\/\/maisonimmigration.com\/es\/renuncias\/contrabando-de-extranjeros\/","og_locale":"es_ES","og_type":"article","og_title":"Contrabando de extranjeros | Maison Law Immigration Lawyers","og_description":"Cuando se habla de contrabando de extranjeros, podr\u00edamos pensar en un \u00abcoyote\u00bb guiando a una persona a trav\u00e9s de la frontera al amparo de la oscuridad total y sin luna. Claro que eso ocurre a veces, pero el contrabando de extranjeros seg\u00fan la ley federal es mucho m\u00e1s amplio que eso. Una persona comete el [&hellip;]","og_url":"https:\/\/maisonimmigration.com\/es\/renuncias\/contrabando-de-extranjeros\/","og_site_name":"Maison Law Immigration Lawyers","twitter_card":"summary_large_image","twitter_misc":{"Tiempo de lectura":"3 minutos"},"schema":{"@context":"https:\/\/schema.org","@graph":[{"@type":"WebPage","@id":"https:\/\/maisonimmigration.com\/es\/renuncias\/contrabando-de-extranjeros\/","url":"https:\/\/maisonimmigration.com\/es\/renuncias\/contrabando-de-extranjeros\/","name":"Contrabando de extranjeros | Maison Law Immigration Lawyers","isPartOf":{"@id":"https:\/\/maisonimmigration.com\/es\/#website"},"datePublished":"2021-12-10T05:52:55+00:00","breadcrumb":{"@id":"https:\/\/maisonimmigration.com\/es\/renuncias\/contrabando-de-extranjeros\/#breadcrumb"},"inLanguage":"es","potentialAction":[{"@type":"ReadAction","target":["https:\/\/maisonimmigration.com\/es\/renuncias\/contrabando-de-extranjeros\/"]}]},{"@type":"BreadcrumbList","@id":"https:\/\/maisonimmigration.com\/es\/renuncias\/contrabando-de-extranjeros\/#breadcrumb","itemListElement":[{"@type":"ListItem","position":1,"name":"Home","item":"https:\/\/maisonimmigration.com\/es\/"},{"@type":"ListItem","position":2,"name":"Contrabando de extranjeros"}]},{"@type":"WebSite","@id":"https:\/\/maisonimmigration.com\/es\/#website","url":"https:\/\/maisonimmigration.com\/es\/","name":"Maison Law Immigration Lawyers","description":"","publisher":{"@id":"https:\/\/maisonimmigration.com\/es\/#organization"},"potentialAction":[{"@type":"SearchAction","target":{"@type":"EntryPoint","urlTemplate":"https:\/\/maisonimmigration.com\/es\/?s={search_term_string}"},"query-input":{"@type":"PropertyValueSpecification","valueRequired":true,"valueName":"search_term_string"}}],"inLanguage":"es"},{"@type":"Organization","@id":"https:\/\/maisonimmigration.com\/es\/#organization","name":"Maison Law Immigration Lawyers","url":"https:\/\/maisonimmigration.com\/es\/","logo":{"@type":"ImageObject","inLanguage":"es","@id":"https:\/\/maisonimmigration.com\/es\/#\/schema\/logo\/image\/","url":"https:\/\/maisonimmigration.com\/wp-content\/uploads\/2025\/12\/maison-law-immigration-lawyers-new-logo.png","contentUrl":"https:\/\/maisonimmigration.com\/wp-content\/uploads\/2025\/12\/maison-law-immigration-lawyers-new-logo.png","width":925,"height":211,"caption":"Maison Law Immigration Lawyers"},"image":{"@id":"https:\/\/maisonimmigration.com\/es\/#\/schema\/logo\/image\/"}}]}},"_links":{"self":[{"href":"https:\/\/maisonimmigration.com\/es\/wp-json\/wp\/v2\/pages\/506","targetHints":{"allow":["GET"]}}],"collection":[{"href":"https:\/\/maisonimmigration.com\/es\/wp-json\/wp\/v2\/pages"}],"about":[{"href":"https:\/\/maisonimmigration.com\/es\/wp-json\/wp\/v2\/types\/page"}],"author":[{"embeddable":true,"href":"https:\/\/maisonimmigration.com\/es\/wp-json\/wp\/v2\/users\/1"}],"replies":[{"embeddable":true,"href":"https:\/\/maisonimmigration.com\/es\/wp-json\/wp\/v2\/comments?post=506"}],"version-history":[{"count":1,"href":"https:\/\/maisonimmigration.com\/es\/wp-json\/wp\/v2\/pages\/506\/revisions"}],"predecessor-version":[{"id":507,"href":"https:\/\/maisonimmigration.com\/es\/wp-json\/wp\/v2\/pages\/506\/revisions\/507"}],"up":[{"embeddable":true,"href":"https:\/\/maisonimmigration.com\/es\/wp-json\/wp\/v2\/pages\/510"}],"wp:attachment":[{"href":"https:\/\/maisonimmigration.com\/es\/wp-json\/wp\/v2\/media?parent=506"}],"curies":[{"name":"wp","href":"https:\/\/api.w.org\/{rel}","templated":true}]}}