{"id":504,"date":"2021-12-10T05:51:37","date_gmt":"2021-12-10T05:51:37","guid":{"rendered":"https:\/\/maisonimmigration.com\/?page_id=504"},"modified":"2021-12-10T05:51:37","modified_gmt":"2021-12-10T05:51:37","slug":"daca","status":"publish","type":"page","link":"https:\/\/maisonimmigration.com\/es\/daca\/","title":{"rendered":"DACA"},"content":{"rendered":"<p>El programa de Acci\u00f3n Diferida para los Llegados en la Infancia (DACA) fue creado en 2012 por la discreci\u00f3n fiscal ejercida por el Departamento de Seguridad Nacional. Se dirigi\u00f3 a m\u00e1s de 700.000 ni\u00f1os que hab\u00edan sido tra\u00eddos ilegalmente a Estados Unidos y que no tienen residencia legal aqu\u00ed y que pueden ser deportados. Se les conoce como Dreamers, y se les permite vivir, estudiar y trabajar aqu\u00ed, pero DACA no ofrece un estatus legal permanente a los Dreamers. Como resultado, el estatus de un Dreamer debe ser renovado cada dos a\u00f1os con el Servicio de Ciudadan\u00eda e Inmigraci\u00f3n de Estados Unidos (USCIS). La mayor\u00eda de los beneficiarios de DACA ya han alcanzado la mayor\u00eda de edad, y han establecido una base social y econ\u00f3mica firme aqu\u00ed en Estados Unidos.<\/p>\n<h2>Legislaci\u00f3n propuesta<\/h2>\n<p>En septiembre de 2021, el USCIS public\u00f3 su intenci\u00f3n de legislar el programa DACA en una normativa federal. La mayor\u00eda de los so\u00f1adores recuerdan poco de las naciones en las que nacieron. Muchos ni siquiera hablan el idioma. No hay duda de que, a trav\u00e9s de la educaci\u00f3n y el trabajo duro, est\u00e1n ascendiendo en la escala socioecon\u00f3mica aqu\u00ed en los Estados Unidos. Establecer el DACA como ley permitir\u00e1 a estos So\u00f1adores planificar su futuro sin miedo a la deportaci\u00f3n. Actualmente se est\u00e1n tomando nuevas solicitudes de DACA.<\/p>\n<h2>Estatus de protecci\u00f3n temporal (TPS)<\/h2>\n<p>El estatus migratorio de protecci\u00f3n temporal est\u00e1 disponible para los ciudadanos de determinadas naciones que est\u00e1n experimentando profundas dificultades que hacen m\u00e1s dif\u00edcil su regreso a las naciones de ciudadan\u00eda, debido a conflictos armados como la guerra civil, desastres ambientales como los terremotos u otras condiciones extraordinarias. En este momento, m\u00e1s de 325.000 extranjeros de 13 pa\u00edses diferentes est\u00e1n bajo el estatus de protecci\u00f3n temporal dentro de los Estados Unidos.<\/p>\n<h2>Elegibilidad individual para el TPS<\/h2>\n<p>Una persona que sea elegible para el TPS debe presentar una solicitud al USCIS. Si se toma una determinaci\u00f3n favorable, se concede una suspensi\u00f3n temporal de la deportaci\u00f3n y el individuo recibe permiso para vivir y trabajar en Estados Unidos. Cuando el estatus de protecci\u00f3n temporal finaliza, el estatus de inmigraci\u00f3n de la persona previamente protegida vuelve al estatus anterior del individuo. En la mayor\u00eda de los casos, ese ser\u00eda el estatus de un extranjero indocumentado que estar\u00eda sujeto a la expulsi\u00f3n.<\/p>\n<h2>El TPS no conduce a la residencia permanente legal<\/h2>\n<p>En una decisi\u00f3n de junio de 2021, el Tribunal Supremo de Estados Unidos sostuvo que el estatus de protecci\u00f3n temporal no conduce a la residencia permanente legal. El fundamento de esta decisi\u00f3n fue que quienes obtienen la residencia permanente legal la solicitan. Son investigados e inspeccionados en la frontera. Como las personas con estatus de TPS no fueron investigadas ni inspeccionadas, no cumplieron con los requisitos aplicables del USCIS y no son elegibles para la residencia permanente legal.<\/p>\n<h2>P\u00f3ngase en contacto con un abogado de inmigraci\u00f3n de California hoy.<\/h2>\n<p>P\u00f3ngase en contacto con nuestra oficina para obtener ayuda con sus necesidades de inmigraci\u00f3n hoy mismo.<\/p>\n","protected":false},"excerpt":{"rendered":"<p>El programa de Acci\u00f3n Diferida para los Llegados en la Infancia (DACA) fue creado en 2012 por la discreci\u00f3n fiscal ejercida por el Departamento de Seguridad Nacional. Se dirigi\u00f3 a m\u00e1s de 700.000 ni\u00f1os que hab\u00edan sido tra\u00eddos ilegalmente a Estados Unidos y que no tienen residencia legal aqu\u00ed y que pueden ser deportados. Se [&hellip;]<\/p>\n","protected":false},"author":1,"featured_media":0,"parent":0,"menu_order":0,"comment_status":"closed","ping_status":"closed","template":"","meta":{"footnotes":""},"class_list":["post-504","page","type-page","status-publish","hentry"],"yoast_head":"<!-- This site is optimized with the Yoast SEO plugin v27.4 - https:\/\/yoast.com\/product\/yoast-seo-wordpress\/ -->\n<title>DACA | Maison Law Immigration Lawyers<\/title>\n<meta name=\"robots\" content=\"index, follow, max-snippet:-1, max-image-preview:large, max-video-preview:-1\" \/>\n<link rel=\"canonical\" href=\"https:\/\/maisonimmigration.com\/es\/daca\/\" \/>\n<meta property=\"og:locale\" content=\"es_ES\" \/>\n<meta property=\"og:type\" content=\"article\" \/>\n<meta property=\"og:title\" content=\"DACA | Maison Law Immigration Lawyers\" \/>\n<meta property=\"og:description\" content=\"El programa de Acci\u00f3n Diferida para los Llegados en la Infancia (DACA) fue creado en 2012 por la discreci\u00f3n fiscal ejercida por el Departamento de Seguridad Nacional. Se dirigi\u00f3 a m\u00e1s de 700.000 ni\u00f1os que hab\u00edan sido tra\u00eddos ilegalmente a Estados Unidos y que no tienen residencia legal aqu\u00ed y que pueden ser deportados. Se [&hellip;]\" \/>\n<meta property=\"og:url\" content=\"https:\/\/maisonimmigration.com\/es\/daca\/\" \/>\n<meta property=\"og:site_name\" content=\"Maison Law Immigration Lawyers\" \/>\n<meta name=\"twitter:card\" content=\"summary_large_image\" \/>\n<meta name=\"twitter:label1\" content=\"Tiempo de lectura\" \/>\n\t<meta name=\"twitter:data1\" content=\"3 minutos\" \/>\n<script type=\"application\/ld+json\" class=\"yoast-schema-graph\">{\"@context\":\"https:\\\/\\\/schema.org\",\"@graph\":[{\"@type\":\"WebPage\",\"@id\":\"https:\\\/\\\/maisonimmigration.com\\\/es\\\/daca\\\/\",\"url\":\"https:\\\/\\\/maisonimmigration.com\\\/es\\\/daca\\\/\",\"name\":\"DACA | Maison Law Immigration Lawyers\",\"isPartOf\":{\"@id\":\"https:\\\/\\\/maisonimmigration.com\\\/es\\\/#website\"},\"datePublished\":\"2021-12-10T05:51:37+00:00\",\"breadcrumb\":{\"@id\":\"https:\\\/\\\/maisonimmigration.com\\\/es\\\/daca\\\/#breadcrumb\"},\"inLanguage\":\"es\",\"potentialAction\":[{\"@type\":\"ReadAction\",\"target\":[\"https:\\\/\\\/maisonimmigration.com\\\/es\\\/daca\\\/\"]}]},{\"@type\":\"BreadcrumbList\",\"@id\":\"https:\\\/\\\/maisonimmigration.com\\\/es\\\/daca\\\/#breadcrumb\",\"itemListElement\":[{\"@type\":\"ListItem\",\"position\":1,\"name\":\"Home\",\"item\":\"https:\\\/\\\/maisonimmigration.com\\\/es\\\/\"},{\"@type\":\"ListItem\",\"position\":2,\"name\":\"DACA\"}]},{\"@type\":\"WebSite\",\"@id\":\"https:\\\/\\\/maisonimmigration.com\\\/es\\\/#website\",\"url\":\"https:\\\/\\\/maisonimmigration.com\\\/es\\\/\",\"name\":\"Maison Law Immigration Lawyers\",\"description\":\"\",\"publisher\":{\"@id\":\"https:\\\/\\\/maisonimmigration.com\\\/es\\\/#organization\"},\"potentialAction\":[{\"@type\":\"SearchAction\",\"target\":{\"@type\":\"EntryPoint\",\"urlTemplate\":\"https:\\\/\\\/maisonimmigration.com\\\/es\\\/?s={search_term_string}\"},\"query-input\":{\"@type\":\"PropertyValueSpecification\",\"valueRequired\":true,\"valueName\":\"search_term_string\"}}],\"inLanguage\":\"es\"},{\"@type\":\"Organization\",\"@id\":\"https:\\\/\\\/maisonimmigration.com\\\/es\\\/#organization\",\"name\":\"Maison Law Immigration Lawyers\",\"url\":\"https:\\\/\\\/maisonimmigration.com\\\/es\\\/\",\"logo\":{\"@type\":\"ImageObject\",\"inLanguage\":\"es\",\"@id\":\"https:\\\/\\\/maisonimmigration.com\\\/es\\\/#\\\/schema\\\/logo\\\/image\\\/\",\"url\":\"https:\\\/\\\/maisonimmigration.com\\\/wp-content\\\/uploads\\\/2025\\\/12\\\/maison-law-immigration-lawyers-new-logo.png\",\"contentUrl\":\"https:\\\/\\\/maisonimmigration.com\\\/wp-content\\\/uploads\\\/2025\\\/12\\\/maison-law-immigration-lawyers-new-logo.png\",\"width\":925,\"height\":211,\"caption\":\"Maison Law Immigration Lawyers\"},\"image\":{\"@id\":\"https:\\\/\\\/maisonimmigration.com\\\/es\\\/#\\\/schema\\\/logo\\\/image\\\/\"}}]}<\/script>\n<!-- \/ Yoast SEO plugin. -->","yoast_head_json":{"title":"DACA | Maison Law Immigration Lawyers","robots":{"index":"index","follow":"follow","max-snippet":"max-snippet:-1","max-image-preview":"max-image-preview:large","max-video-preview":"max-video-preview:-1"},"canonical":"https:\/\/maisonimmigration.com\/es\/daca\/","og_locale":"es_ES","og_type":"article","og_title":"DACA | Maison Law Immigration Lawyers","og_description":"El programa de Acci\u00f3n Diferida para los Llegados en la Infancia (DACA) fue creado en 2012 por la discreci\u00f3n fiscal ejercida por el Departamento de Seguridad Nacional. Se dirigi\u00f3 a m\u00e1s de 700.000 ni\u00f1os que hab\u00edan sido tra\u00eddos ilegalmente a Estados Unidos y que no tienen residencia legal aqu\u00ed y que pueden ser deportados. Se [&hellip;]","og_url":"https:\/\/maisonimmigration.com\/es\/daca\/","og_site_name":"Maison Law Immigration Lawyers","twitter_card":"summary_large_image","twitter_misc":{"Tiempo de lectura":"3 minutos"},"schema":{"@context":"https:\/\/schema.org","@graph":[{"@type":"WebPage","@id":"https:\/\/maisonimmigration.com\/es\/daca\/","url":"https:\/\/maisonimmigration.com\/es\/daca\/","name":"DACA | Maison Law Immigration Lawyers","isPartOf":{"@id":"https:\/\/maisonimmigration.com\/es\/#website"},"datePublished":"2021-12-10T05:51:37+00:00","breadcrumb":{"@id":"https:\/\/maisonimmigration.com\/es\/daca\/#breadcrumb"},"inLanguage":"es","potentialAction":[{"@type":"ReadAction","target":["https:\/\/maisonimmigration.com\/es\/daca\/"]}]},{"@type":"BreadcrumbList","@id":"https:\/\/maisonimmigration.com\/es\/daca\/#breadcrumb","itemListElement":[{"@type":"ListItem","position":1,"name":"Home","item":"https:\/\/maisonimmigration.com\/es\/"},{"@type":"ListItem","position":2,"name":"DACA"}]},{"@type":"WebSite","@id":"https:\/\/maisonimmigration.com\/es\/#website","url":"https:\/\/maisonimmigration.com\/es\/","name":"Maison Law Immigration Lawyers","description":"","publisher":{"@id":"https:\/\/maisonimmigration.com\/es\/#organization"},"potentialAction":[{"@type":"SearchAction","target":{"@type":"EntryPoint","urlTemplate":"https:\/\/maisonimmigration.com\/es\/?s={search_term_string}"},"query-input":{"@type":"PropertyValueSpecification","valueRequired":true,"valueName":"search_term_string"}}],"inLanguage":"es"},{"@type":"Organization","@id":"https:\/\/maisonimmigration.com\/es\/#organization","name":"Maison Law Immigration Lawyers","url":"https:\/\/maisonimmigration.com\/es\/","logo":{"@type":"ImageObject","inLanguage":"es","@id":"https:\/\/maisonimmigration.com\/es\/#\/schema\/logo\/image\/","url":"https:\/\/maisonimmigration.com\/wp-content\/uploads\/2025\/12\/maison-law-immigration-lawyers-new-logo.png","contentUrl":"https:\/\/maisonimmigration.com\/wp-content\/uploads\/2025\/12\/maison-law-immigration-lawyers-new-logo.png","width":925,"height":211,"caption":"Maison Law Immigration Lawyers"},"image":{"@id":"https:\/\/maisonimmigration.com\/es\/#\/schema\/logo\/image\/"}}]}},"_links":{"self":[{"href":"https:\/\/maisonimmigration.com\/es\/wp-json\/wp\/v2\/pages\/504","targetHints":{"allow":["GET"]}}],"collection":[{"href":"https:\/\/maisonimmigration.com\/es\/wp-json\/wp\/v2\/pages"}],"about":[{"href":"https:\/\/maisonimmigration.com\/es\/wp-json\/wp\/v2\/types\/page"}],"author":[{"embeddable":true,"href":"https:\/\/maisonimmigration.com\/es\/wp-json\/wp\/v2\/users\/1"}],"replies":[{"embeddable":true,"href":"https:\/\/maisonimmigration.com\/es\/wp-json\/wp\/v2\/comments?post=504"}],"version-history":[{"count":1,"href":"https:\/\/maisonimmigration.com\/es\/wp-json\/wp\/v2\/pages\/504\/revisions"}],"predecessor-version":[{"id":505,"href":"https:\/\/maisonimmigration.com\/es\/wp-json\/wp\/v2\/pages\/504\/revisions\/505"}],"wp:attachment":[{"href":"https:\/\/maisonimmigration.com\/es\/wp-json\/wp\/v2\/media?parent=504"}],"curies":[{"name":"wp","href":"https:\/\/api.w.org\/{rel}","templated":true}]}}