{"id":502,"date":"2021-12-10T05:50:00","date_gmt":"2021-12-10T05:50:00","guid":{"rendered":"https:\/\/maisonimmigration.com\/?page_id=502"},"modified":"2021-12-10T05:50:00","modified_gmt":"2021-12-10T05:50:00","slug":"writ-of-mandamus-mandato-judicial","status":"publish","type":"page","link":"https:\/\/maisonimmigration.com\/es\/asilo\/writ-of-mandamus-mandato-judicial\/","title":{"rendered":"Writ of Mandamus &#8211; (Mandato Judicial)"},"content":{"rendered":"<p>Los empleados del gobierno nunca han sido conocidos por su rapidez y eficiencia, especialmente cuanto m\u00e1s abajo en la cadena de mando se encuentre su cargo. La cuesti\u00f3n general es que una agencia administrativa federal tiene el deber de actuar sobre un asunto que se le presenta dentro de un plazo razonable. A veces, los retrasos se vuelven irrazonables, y es entonces cuando la ley federal otorga a una persona que ha estado esperando la acci\u00f3n del gobierno el derecho a presentar una demanda de mandamus. En lat\u00edn, \u00abmandamus\u00bb significa \u00abmandamos\u00bb. Si tiene \u00e9xito, el recurso de mandamus har\u00e1 que un tribunal ordene a una agencia administrativa subordinada, como el Servicio de Ciudadan\u00eda e Inmigraci\u00f3n de EE.UU. (USCIS), que act\u00fae sobre algo cuando ha habido un retraso irrazonable. Un writ of mandamus puede ser una herramienta efectiva en peticiones que involucren lo siguiente:<\/p>\n<ul>\n<li>Residencia temporal.<\/li>\n<li>Residencia permanente.<\/li>\n<li>Ciudadan\u00eda por naturalizaci\u00f3n.<\/li>\n<li>Ajuste de estatus.<\/li>\n<li>Petici\u00f3n de asilo.<\/li>\n<\/ul>\n<h2>Los dos tipos de mandatos judiciales<\/h2>\n<p>Hay dos tipos de estos writs. Son los writs preventivos y los writs alternativos. Un writ preemptory le dir\u00eda al USCIS que debe actuar dentro de su deber legal. Un writ alternativo le dice que debe tomar cierta acci\u00f3n o en la alternativa, mostrar una buena causa por la que no tiene que hacerlo. Cualquiera de los dos tipos de mandatos puede operar para obligar a actuar a una persona en el caso del USCIS.<\/p>\n<h2>La autoridad del tribunal en materia de mandamus<\/h2>\n<p>Para presentar una acci\u00f3n de mandamus contra el USCIS, el caso debe ser presentado en el Tribunal de Distrito de los Estados Unidos. La persona que interponga una acci\u00f3n de mandamus s\u00f3lo tiene que demostrar lo siguiente:<\/p>\n<ul>\n<li>Que tiene un claro derecho a la reparaci\u00f3n solicitada.<\/li>\n<li>Esa persona ha hecho todo lo que se requiere que haga la agencia.<\/li>\n<li>La agencia contra la que se solicita el mandamiento tiene un claro deber no discrecional de realizar el acto en cuesti\u00f3n.<\/li>\n<li>La persona no tiene ning\u00fan otro recurso legal adecuado.<\/li>\n<\/ul>\n<h2>\u00bfEs una buena idea solicitar un mandamiento judicial?<\/h2>\n<p>Los tribunales tienen una amplia discreci\u00f3n a la hora de decidir un caso de mandamus. Si el tribunal falla a favor de la persona que solicita el mandamiento, se ordenar\u00e1 a una agencia que emita una decisi\u00f3n sobre el asunto pendiente. Sin embargo, eso no significa que la reparaci\u00f3n solicitada ser\u00e1 favorable, y los casos de mandamus son notoriamente complejos. Un abogado experimentado del bufete de abogados de Central Valley de California, Maison Law Immigration Lawyers, puede darle a usted o a su familiar una idea sobre si solicitar un mandamus es una buena idea o no.<\/p>\n<h2>P\u00f3ngase en contacto con un abogado de inmigraci\u00f3n de California hoy mismo.<\/h2>\n<p>Usted est\u00e1 justificadamente preocupado. La situaci\u00f3n migratoria de usted o de su familiar es de suma importancia para usted, y no quiere sentirse como si estuviera en una especie de purgatorio. Por eso, solicitar una orden judicial podr\u00eda ser la mejor opci\u00f3n que puede tomar. P\u00f3ngase en contacto con los abogados de inmigraci\u00f3n de Bakersfield, California, de Maison Law Immigration Lawyers para obtener un asesoramiento s\u00f3lido y una representaci\u00f3n legal cualificada sobre la presentaci\u00f3n de la orden judicial. Podemos asegurarle que sus derechos ser\u00e1n respetados.<\/p>\n","protected":false},"excerpt":{"rendered":"<p>Los empleados del gobierno nunca han sido conocidos por su rapidez y eficiencia, especialmente cuanto m\u00e1s abajo en la cadena de mando se encuentre su cargo. La cuesti\u00f3n general es que una agencia administrativa federal tiene el deber de actuar sobre un asunto que se le presenta dentro de un plazo razonable. A veces, los [&hellip;]<\/p>\n","protected":false},"author":1,"featured_media":0,"parent":433,"menu_order":0,"comment_status":"closed","ping_status":"closed","template":"","meta":{"footnotes":""},"class_list":["post-502","page","type-page","status-publish","hentry"],"yoast_head":"<!-- This site is optimized with the Yoast SEO plugin v27.3 - https:\/\/yoast.com\/product\/yoast-seo-wordpress\/ -->\n<title>Writ of Mandamus - (Mandato Judicial) | Maison Law Immigration Lawyers<\/title>\n<meta name=\"robots\" content=\"index, follow, max-snippet:-1, max-image-preview:large, max-video-preview:-1\" \/>\n<link rel=\"canonical\" href=\"https:\/\/maisonimmigration.com\/es\/asilo\/writ-of-mandamus-mandato-judicial\/\" \/>\n<meta property=\"og:locale\" content=\"es_ES\" \/>\n<meta property=\"og:type\" content=\"article\" \/>\n<meta property=\"og:title\" content=\"Writ of Mandamus - (Mandato Judicial) | Maison Law Immigration Lawyers\" \/>\n<meta property=\"og:description\" content=\"Los empleados del gobierno nunca han sido conocidos por su rapidez y eficiencia, especialmente cuanto m\u00e1s abajo en la cadena de mando se encuentre su cargo. La cuesti\u00f3n general es que una agencia administrativa federal tiene el deber de actuar sobre un asunto que se le presenta dentro de un plazo razonable. A veces, los [&hellip;]\" \/>\n<meta property=\"og:url\" content=\"https:\/\/maisonimmigration.com\/es\/asilo\/writ-of-mandamus-mandato-judicial\/\" \/>\n<meta property=\"og:site_name\" content=\"Maison Law Immigration Lawyers\" \/>\n<meta name=\"twitter:card\" content=\"summary_large_image\" \/>\n<meta name=\"twitter:label1\" content=\"Tiempo de lectura\" \/>\n\t<meta name=\"twitter:data1\" content=\"3 minutos\" \/>\n<script type=\"application\/ld+json\" class=\"yoast-schema-graph\">{\"@context\":\"https:\\\/\\\/schema.org\",\"@graph\":[{\"@type\":\"WebPage\",\"@id\":\"https:\\\/\\\/maisonimmigration.com\\\/es\\\/asilo\\\/writ-of-mandamus-mandato-judicial\\\/\",\"url\":\"https:\\\/\\\/maisonimmigration.com\\\/es\\\/asilo\\\/writ-of-mandamus-mandato-judicial\\\/\",\"name\":\"Writ of Mandamus - (Mandato Judicial) | Maison Law Immigration Lawyers\",\"isPartOf\":{\"@id\":\"https:\\\/\\\/maisonimmigration.com\\\/es\\\/#website\"},\"datePublished\":\"2021-12-10T05:50:00+00:00\",\"breadcrumb\":{\"@id\":\"https:\\\/\\\/maisonimmigration.com\\\/es\\\/asilo\\\/writ-of-mandamus-mandato-judicial\\\/#breadcrumb\"},\"inLanguage\":\"es\",\"potentialAction\":[{\"@type\":\"ReadAction\",\"target\":[\"https:\\\/\\\/maisonimmigration.com\\\/es\\\/asilo\\\/writ-of-mandamus-mandato-judicial\\\/\"]}]},{\"@type\":\"BreadcrumbList\",\"@id\":\"https:\\\/\\\/maisonimmigration.com\\\/es\\\/asilo\\\/writ-of-mandamus-mandato-judicial\\\/#breadcrumb\",\"itemListElement\":[{\"@type\":\"ListItem\",\"position\":1,\"name\":\"Home\",\"item\":\"https:\\\/\\\/maisonimmigration.com\\\/es\\\/\"},{\"@type\":\"ListItem\",\"position\":2,\"name\":\"Asilo\",\"item\":\"https:\\\/\\\/maisonimmigration.com\\\/es\\\/asilo\\\/\"},{\"@type\":\"ListItem\",\"position\":3,\"name\":\"Writ of Mandamus &#8211; (Mandato Judicial)\"}]},{\"@type\":\"WebSite\",\"@id\":\"https:\\\/\\\/maisonimmigration.com\\\/es\\\/#website\",\"url\":\"https:\\\/\\\/maisonimmigration.com\\\/es\\\/\",\"name\":\"Maison Law Immigration Lawyers\",\"description\":\"\",\"publisher\":{\"@id\":\"https:\\\/\\\/maisonimmigration.com\\\/es\\\/#organization\"},\"potentialAction\":[{\"@type\":\"SearchAction\",\"target\":{\"@type\":\"EntryPoint\",\"urlTemplate\":\"https:\\\/\\\/maisonimmigration.com\\\/es\\\/?s={search_term_string}\"},\"query-input\":{\"@type\":\"PropertyValueSpecification\",\"valueRequired\":true,\"valueName\":\"search_term_string\"}}],\"inLanguage\":\"es\"},{\"@type\":\"Organization\",\"@id\":\"https:\\\/\\\/maisonimmigration.com\\\/es\\\/#organization\",\"name\":\"Maison Law Immigration Lawyers\",\"url\":\"https:\\\/\\\/maisonimmigration.com\\\/es\\\/\",\"logo\":{\"@type\":\"ImageObject\",\"inLanguage\":\"es\",\"@id\":\"https:\\\/\\\/maisonimmigration.com\\\/es\\\/#\\\/schema\\\/logo\\\/image\\\/\",\"url\":\"https:\\\/\\\/maisonimmigration.com\\\/wp-content\\\/uploads\\\/2025\\\/12\\\/maison-law-immigration-lawyers-new-logo.png\",\"contentUrl\":\"https:\\\/\\\/maisonimmigration.com\\\/wp-content\\\/uploads\\\/2025\\\/12\\\/maison-law-immigration-lawyers-new-logo.png\",\"width\":925,\"height\":211,\"caption\":\"Maison Law Immigration Lawyers\"},\"image\":{\"@id\":\"https:\\\/\\\/maisonimmigration.com\\\/es\\\/#\\\/schema\\\/logo\\\/image\\\/\"}}]}<\/script>\n<!-- \/ Yoast SEO plugin. -->","yoast_head_json":{"title":"Writ of Mandamus - (Mandato Judicial) | Maison Law Immigration Lawyers","robots":{"index":"index","follow":"follow","max-snippet":"max-snippet:-1","max-image-preview":"max-image-preview:large","max-video-preview":"max-video-preview:-1"},"canonical":"https:\/\/maisonimmigration.com\/es\/asilo\/writ-of-mandamus-mandato-judicial\/","og_locale":"es_ES","og_type":"article","og_title":"Writ of Mandamus - (Mandato Judicial) | Maison Law Immigration Lawyers","og_description":"Los empleados del gobierno nunca han sido conocidos por su rapidez y eficiencia, especialmente cuanto m\u00e1s abajo en la cadena de mando se encuentre su cargo. La cuesti\u00f3n general es que una agencia administrativa federal tiene el deber de actuar sobre un asunto que se le presenta dentro de un plazo razonable. A veces, los [&hellip;]","og_url":"https:\/\/maisonimmigration.com\/es\/asilo\/writ-of-mandamus-mandato-judicial\/","og_site_name":"Maison Law Immigration Lawyers","twitter_card":"summary_large_image","twitter_misc":{"Tiempo de lectura":"3 minutos"},"schema":{"@context":"https:\/\/schema.org","@graph":[{"@type":"WebPage","@id":"https:\/\/maisonimmigration.com\/es\/asilo\/writ-of-mandamus-mandato-judicial\/","url":"https:\/\/maisonimmigration.com\/es\/asilo\/writ-of-mandamus-mandato-judicial\/","name":"Writ of Mandamus - (Mandato Judicial) | Maison Law Immigration Lawyers","isPartOf":{"@id":"https:\/\/maisonimmigration.com\/es\/#website"},"datePublished":"2021-12-10T05:50:00+00:00","breadcrumb":{"@id":"https:\/\/maisonimmigration.com\/es\/asilo\/writ-of-mandamus-mandato-judicial\/#breadcrumb"},"inLanguage":"es","potentialAction":[{"@type":"ReadAction","target":["https:\/\/maisonimmigration.com\/es\/asilo\/writ-of-mandamus-mandato-judicial\/"]}]},{"@type":"BreadcrumbList","@id":"https:\/\/maisonimmigration.com\/es\/asilo\/writ-of-mandamus-mandato-judicial\/#breadcrumb","itemListElement":[{"@type":"ListItem","position":1,"name":"Home","item":"https:\/\/maisonimmigration.com\/es\/"},{"@type":"ListItem","position":2,"name":"Asilo","item":"https:\/\/maisonimmigration.com\/es\/asilo\/"},{"@type":"ListItem","position":3,"name":"Writ of Mandamus &#8211; (Mandato Judicial)"}]},{"@type":"WebSite","@id":"https:\/\/maisonimmigration.com\/es\/#website","url":"https:\/\/maisonimmigration.com\/es\/","name":"Maison Law Immigration Lawyers","description":"","publisher":{"@id":"https:\/\/maisonimmigration.com\/es\/#organization"},"potentialAction":[{"@type":"SearchAction","target":{"@type":"EntryPoint","urlTemplate":"https:\/\/maisonimmigration.com\/es\/?s={search_term_string}"},"query-input":{"@type":"PropertyValueSpecification","valueRequired":true,"valueName":"search_term_string"}}],"inLanguage":"es"},{"@type":"Organization","@id":"https:\/\/maisonimmigration.com\/es\/#organization","name":"Maison Law Immigration Lawyers","url":"https:\/\/maisonimmigration.com\/es\/","logo":{"@type":"ImageObject","inLanguage":"es","@id":"https:\/\/maisonimmigration.com\/es\/#\/schema\/logo\/image\/","url":"https:\/\/maisonimmigration.com\/wp-content\/uploads\/2025\/12\/maison-law-immigration-lawyers-new-logo.png","contentUrl":"https:\/\/maisonimmigration.com\/wp-content\/uploads\/2025\/12\/maison-law-immigration-lawyers-new-logo.png","width":925,"height":211,"caption":"Maison Law Immigration Lawyers"},"image":{"@id":"https:\/\/maisonimmigration.com\/es\/#\/schema\/logo\/image\/"}}]}},"_links":{"self":[{"href":"https:\/\/maisonimmigration.com\/es\/wp-json\/wp\/v2\/pages\/502","targetHints":{"allow":["GET"]}}],"collection":[{"href":"https:\/\/maisonimmigration.com\/es\/wp-json\/wp\/v2\/pages"}],"about":[{"href":"https:\/\/maisonimmigration.com\/es\/wp-json\/wp\/v2\/types\/page"}],"author":[{"embeddable":true,"href":"https:\/\/maisonimmigration.com\/es\/wp-json\/wp\/v2\/users\/1"}],"replies":[{"embeddable":true,"href":"https:\/\/maisonimmigration.com\/es\/wp-json\/wp\/v2\/comments?post=502"}],"version-history":[{"count":1,"href":"https:\/\/maisonimmigration.com\/es\/wp-json\/wp\/v2\/pages\/502\/revisions"}],"predecessor-version":[{"id":503,"href":"https:\/\/maisonimmigration.com\/es\/wp-json\/wp\/v2\/pages\/502\/revisions\/503"}],"up":[{"embeddable":true,"href":"https:\/\/maisonimmigration.com\/es\/wp-json\/wp\/v2\/pages\/433"}],"wp:attachment":[{"href":"https:\/\/maisonimmigration.com\/es\/wp-json\/wp\/v2\/media?parent=502"}],"curies":[{"name":"wp","href":"https:\/\/api.w.org\/{rel}","templated":true}]}}