{"id":500,"date":"2021-12-10T05:48:01","date_gmt":"2021-12-10T05:48:01","guid":{"rendered":"https:\/\/maisonimmigration.com\/?page_id=500"},"modified":"2021-12-10T05:48:01","modified_gmt":"2021-12-10T05:48:01","slug":"apelaciones-de-la-aao","status":"publish","type":"page","link":"https:\/\/maisonimmigration.com\/es\/asilo\/apelaciones-de-la-aao\/","title":{"rendered":"Apelaciones de la AAO"},"content":{"rendered":"<p>La AAO es la Oficina de Apelaciones Administrativas del Servicio de Ciudadan\u00eda e Inmigraci\u00f3n de los Estados Unidos (USCIS). La oficina decide las apelaciones de una amplia gama de decisiones desfavorables que han sido tomadas por los funcionarios de adjudicaci\u00f3n de la USCIS. Las decisiones que dicta la AAO no suelen tener precedentes, ya que aplica la ley y la pol\u00edtica existentes a los hechos y circunstancias que rodean un caso que se le presenta. Independientemente del hecho de que las decisiones de la AAO no son precedentes, esas decisiones son vinculantes para las partes que las toman.<\/p>\n<h2>Diferentes ramas conocen diferentes apelaciones<\/h2>\n<p>La AAO tiene varias ramas que conocen de tipos espec\u00edficos de apelaciones. Se debe presentar una notificaci\u00f3n de apelaci\u00f3n a tiempo, junto con la propia apelaci\u00f3n. La AAO no establece calendarios de presentaci\u00f3n de informes.<\/p>\n<p>A continuaci\u00f3n, algunos ejemplos de los tipos de apelaciones que conoce la AAO:<\/p>\n<ul>\n<li>Peticiones de visado de inmigrante y no inmigrante basadas en el empleo.<\/li>\n<li>Apelaciones por incumplimiento de las fianzas de seguridad del ICE.<\/li>\n<li>Apelaciones de peticiones de prometidos.<\/li>\n<li>Apelaciones de visados T y U.<\/li>\n<li>Solicitudes de readmisi\u00f3n tras la expulsi\u00f3n.<\/li>\n<li>Solicitudes de exenci\u00f3n de motivos de admisibilidad.<\/li>\n<\/ul>\n<h2>\u00bfExiste un l\u00edmite de tiempo para presentar una apelaci\u00f3n?<\/h2>\n<p>S\u00ed, hay un l\u00edmite de tiempo. La regla general es que la apelaci\u00f3n debe presentarse dentro de los 30 d\u00edas siguientes a la fecha de la notificaci\u00f3n personal de la decisi\u00f3n. Si dicha notificaci\u00f3n fue por correo, la apelaci\u00f3n debe presentarse dentro de los 33 d\u00edas siguientes a la fecha de env\u00edo. Tenga en cuenta que se trata de d\u00edas naturales, por lo que los d\u00edas de fin de semana cuentan. Si el d\u00eda 30 cae en s\u00e1bado, domingo o d\u00eda festivo legal, el plazo de presentaci\u00f3n se prolonga hasta el final del d\u00eda siguiente. El recurso debe ir acompa\u00f1ado de una tasa de presentaci\u00f3n de 675 d\u00f3lares. Se puede solicitar una exenci\u00f3n de la tasa presentando un formulario I-912.<\/p>\n<h2>\u00bfCu\u00e1nto tiempo tarda una apelaci\u00f3n ante la AAO?<\/h2>\n<p>La AAO generalmente tarda 180 d\u00edas desde la fecha de recepci\u00f3n del expediente del caso para decidir una apelaci\u00f3n. Algunas apelaciones pueden llevar m\u00e1s tiempo, especialmente si la AAO tiene un gran n\u00famero de casos o las cuestiones implicadas en una apelaci\u00f3n concreta son muy complejas. La tramitaci\u00f3n acelerada est\u00e1 disponible en determinadas circunstancias.<\/p>\n<h2>P\u00f3ngase en contacto con un abogado de inmigraci\u00f3n de California hoy mismo.<\/h2>\n<p>Los requisitos para redactar, presentar e interponer recursos efectivos y exitosos son complejos y confusos. Aunque la ley lo permite, no intente presentar una apelaci\u00f3n de la AAO por su cuenta. P\u00f3ngase en contacto con Maison Law Immigration Lawyers para una consulta y as\u00ed discutir el mejor curso de acci\u00f3n para usted. Estamos en Bakersfield y manejamos casos en todo Central Valley. Como existen plazos estrictos para presentar las apelaciones, es fundamental que tome medidas para presentar su apelaci\u00f3n de inmediato. Queremos ayudarle con su sue\u00f1o de vivir y trabajar en los Estados Unidos.<\/p>\n","protected":false},"excerpt":{"rendered":"<p>La AAO es la Oficina de Apelaciones Administrativas del Servicio de Ciudadan\u00eda e Inmigraci\u00f3n de los Estados Unidos (USCIS). La oficina decide las apelaciones de una amplia gama de decisiones desfavorables que han sido tomadas por los funcionarios de adjudicaci\u00f3n de la USCIS. Las decisiones que dicta la AAO no suelen tener precedentes, ya que [&hellip;]<\/p>\n","protected":false},"author":1,"featured_media":0,"parent":433,"menu_order":0,"comment_status":"closed","ping_status":"closed","template":"","meta":{"footnotes":""},"class_list":["post-500","page","type-page","status-publish","hentry"],"yoast_head":"<!-- This site is optimized with the Yoast SEO plugin v27.4 - https:\/\/yoast.com\/product\/yoast-seo-wordpress\/ -->\n<title>Apelaciones de la AAO - Bakersfield CA | Maison Law Immigration Lawyers<\/title>\n<meta name=\"robots\" content=\"index, follow, max-snippet:-1, max-image-preview:large, max-video-preview:-1\" \/>\n<link rel=\"canonical\" href=\"https:\/\/maisonimmigration.com\/es\/asilo\/apelaciones-de-la-aao\/\" \/>\n<meta property=\"og:locale\" content=\"es_ES\" \/>\n<meta property=\"og:type\" content=\"article\" \/>\n<meta property=\"og:title\" content=\"Apelaciones de la AAO - Bakersfield CA | Maison Law Immigration Lawyers\" \/>\n<meta property=\"og:description\" content=\"La AAO es la Oficina de Apelaciones Administrativas del Servicio de Ciudadan\u00eda e Inmigraci\u00f3n de los Estados Unidos (USCIS). La oficina decide las apelaciones de una amplia gama de decisiones desfavorables que han sido tomadas por los funcionarios de adjudicaci\u00f3n de la USCIS. Las decisiones que dicta la AAO no suelen tener precedentes, ya que [&hellip;]\" \/>\n<meta property=\"og:url\" content=\"https:\/\/maisonimmigration.com\/es\/asilo\/apelaciones-de-la-aao\/\" \/>\n<meta property=\"og:site_name\" content=\"Maison Law Immigration Lawyers\" \/>\n<meta name=\"twitter:card\" content=\"summary_large_image\" \/>\n<meta name=\"twitter:label1\" content=\"Tiempo de lectura\" \/>\n\t<meta name=\"twitter:data1\" content=\"3 minutos\" \/>\n<script type=\"application\/ld+json\" class=\"yoast-schema-graph\">{\"@context\":\"https:\\\/\\\/schema.org\",\"@graph\":[{\"@type\":\"WebPage\",\"@id\":\"https:\\\/\\\/maisonimmigration.com\\\/es\\\/asilo\\\/apelaciones-de-la-aao\\\/\",\"url\":\"https:\\\/\\\/maisonimmigration.com\\\/es\\\/asilo\\\/apelaciones-de-la-aao\\\/\",\"name\":\"Apelaciones de la AAO - Bakersfield CA | Maison Law Immigration Lawyers\",\"isPartOf\":{\"@id\":\"https:\\\/\\\/maisonimmigration.com\\\/es\\\/#website\"},\"datePublished\":\"2021-12-10T05:48:01+00:00\",\"breadcrumb\":{\"@id\":\"https:\\\/\\\/maisonimmigration.com\\\/es\\\/asilo\\\/apelaciones-de-la-aao\\\/#breadcrumb\"},\"inLanguage\":\"es\",\"potentialAction\":[{\"@type\":\"ReadAction\",\"target\":[\"https:\\\/\\\/maisonimmigration.com\\\/es\\\/asilo\\\/apelaciones-de-la-aao\\\/\"]}]},{\"@type\":\"BreadcrumbList\",\"@id\":\"https:\\\/\\\/maisonimmigration.com\\\/es\\\/asilo\\\/apelaciones-de-la-aao\\\/#breadcrumb\",\"itemListElement\":[{\"@type\":\"ListItem\",\"position\":1,\"name\":\"Home\",\"item\":\"https:\\\/\\\/maisonimmigration.com\\\/es\\\/\"},{\"@type\":\"ListItem\",\"position\":2,\"name\":\"Asilo\",\"item\":\"https:\\\/\\\/maisonimmigration.com\\\/es\\\/asilo\\\/\"},{\"@type\":\"ListItem\",\"position\":3,\"name\":\"Apelaciones de la AAO\"}]},{\"@type\":\"WebSite\",\"@id\":\"https:\\\/\\\/maisonimmigration.com\\\/es\\\/#website\",\"url\":\"https:\\\/\\\/maisonimmigration.com\\\/es\\\/\",\"name\":\"Maison Law Immigration Lawyers\",\"description\":\"\",\"publisher\":{\"@id\":\"https:\\\/\\\/maisonimmigration.com\\\/es\\\/#organization\"},\"potentialAction\":[{\"@type\":\"SearchAction\",\"target\":{\"@type\":\"EntryPoint\",\"urlTemplate\":\"https:\\\/\\\/maisonimmigration.com\\\/es\\\/?s={search_term_string}\"},\"query-input\":{\"@type\":\"PropertyValueSpecification\",\"valueRequired\":true,\"valueName\":\"search_term_string\"}}],\"inLanguage\":\"es\"},{\"@type\":\"Organization\",\"@id\":\"https:\\\/\\\/maisonimmigration.com\\\/es\\\/#organization\",\"name\":\"Maison Law Immigration Lawyers\",\"url\":\"https:\\\/\\\/maisonimmigration.com\\\/es\\\/\",\"logo\":{\"@type\":\"ImageObject\",\"inLanguage\":\"es\",\"@id\":\"https:\\\/\\\/maisonimmigration.com\\\/es\\\/#\\\/schema\\\/logo\\\/image\\\/\",\"url\":\"https:\\\/\\\/maisonimmigration.com\\\/wp-content\\\/uploads\\\/2025\\\/12\\\/maison-law-immigration-lawyers-new-logo.png\",\"contentUrl\":\"https:\\\/\\\/maisonimmigration.com\\\/wp-content\\\/uploads\\\/2025\\\/12\\\/maison-law-immigration-lawyers-new-logo.png\",\"width\":925,\"height\":211,\"caption\":\"Maison Law Immigration Lawyers\"},\"image\":{\"@id\":\"https:\\\/\\\/maisonimmigration.com\\\/es\\\/#\\\/schema\\\/logo\\\/image\\\/\"}}]}<\/script>\n<!-- \/ Yoast SEO plugin. -->","yoast_head_json":{"title":"Apelaciones de la AAO - Bakersfield CA | Maison Law Immigration Lawyers","robots":{"index":"index","follow":"follow","max-snippet":"max-snippet:-1","max-image-preview":"max-image-preview:large","max-video-preview":"max-video-preview:-1"},"canonical":"https:\/\/maisonimmigration.com\/es\/asilo\/apelaciones-de-la-aao\/","og_locale":"es_ES","og_type":"article","og_title":"Apelaciones de la AAO - Bakersfield CA | Maison Law Immigration Lawyers","og_description":"La AAO es la Oficina de Apelaciones Administrativas del Servicio de Ciudadan\u00eda e Inmigraci\u00f3n de los Estados Unidos (USCIS). La oficina decide las apelaciones de una amplia gama de decisiones desfavorables que han sido tomadas por los funcionarios de adjudicaci\u00f3n de la USCIS. Las decisiones que dicta la AAO no suelen tener precedentes, ya que [&hellip;]","og_url":"https:\/\/maisonimmigration.com\/es\/asilo\/apelaciones-de-la-aao\/","og_site_name":"Maison Law Immigration Lawyers","twitter_card":"summary_large_image","twitter_misc":{"Tiempo de lectura":"3 minutos"},"schema":{"@context":"https:\/\/schema.org","@graph":[{"@type":"WebPage","@id":"https:\/\/maisonimmigration.com\/es\/asilo\/apelaciones-de-la-aao\/","url":"https:\/\/maisonimmigration.com\/es\/asilo\/apelaciones-de-la-aao\/","name":"Apelaciones de la AAO - Bakersfield CA | Maison Law Immigration Lawyers","isPartOf":{"@id":"https:\/\/maisonimmigration.com\/es\/#website"},"datePublished":"2021-12-10T05:48:01+00:00","breadcrumb":{"@id":"https:\/\/maisonimmigration.com\/es\/asilo\/apelaciones-de-la-aao\/#breadcrumb"},"inLanguage":"es","potentialAction":[{"@type":"ReadAction","target":["https:\/\/maisonimmigration.com\/es\/asilo\/apelaciones-de-la-aao\/"]}]},{"@type":"BreadcrumbList","@id":"https:\/\/maisonimmigration.com\/es\/asilo\/apelaciones-de-la-aao\/#breadcrumb","itemListElement":[{"@type":"ListItem","position":1,"name":"Home","item":"https:\/\/maisonimmigration.com\/es\/"},{"@type":"ListItem","position":2,"name":"Asilo","item":"https:\/\/maisonimmigration.com\/es\/asilo\/"},{"@type":"ListItem","position":3,"name":"Apelaciones de la AAO"}]},{"@type":"WebSite","@id":"https:\/\/maisonimmigration.com\/es\/#website","url":"https:\/\/maisonimmigration.com\/es\/","name":"Maison Law Immigration Lawyers","description":"","publisher":{"@id":"https:\/\/maisonimmigration.com\/es\/#organization"},"potentialAction":[{"@type":"SearchAction","target":{"@type":"EntryPoint","urlTemplate":"https:\/\/maisonimmigration.com\/es\/?s={search_term_string}"},"query-input":{"@type":"PropertyValueSpecification","valueRequired":true,"valueName":"search_term_string"}}],"inLanguage":"es"},{"@type":"Organization","@id":"https:\/\/maisonimmigration.com\/es\/#organization","name":"Maison Law Immigration Lawyers","url":"https:\/\/maisonimmigration.com\/es\/","logo":{"@type":"ImageObject","inLanguage":"es","@id":"https:\/\/maisonimmigration.com\/es\/#\/schema\/logo\/image\/","url":"https:\/\/maisonimmigration.com\/wp-content\/uploads\/2025\/12\/maison-law-immigration-lawyers-new-logo.png","contentUrl":"https:\/\/maisonimmigration.com\/wp-content\/uploads\/2025\/12\/maison-law-immigration-lawyers-new-logo.png","width":925,"height":211,"caption":"Maison Law Immigration Lawyers"},"image":{"@id":"https:\/\/maisonimmigration.com\/es\/#\/schema\/logo\/image\/"}}]}},"_links":{"self":[{"href":"https:\/\/maisonimmigration.com\/es\/wp-json\/wp\/v2\/pages\/500","targetHints":{"allow":["GET"]}}],"collection":[{"href":"https:\/\/maisonimmigration.com\/es\/wp-json\/wp\/v2\/pages"}],"about":[{"href":"https:\/\/maisonimmigration.com\/es\/wp-json\/wp\/v2\/types\/page"}],"author":[{"embeddable":true,"href":"https:\/\/maisonimmigration.com\/es\/wp-json\/wp\/v2\/users\/1"}],"replies":[{"embeddable":true,"href":"https:\/\/maisonimmigration.com\/es\/wp-json\/wp\/v2\/comments?post=500"}],"version-history":[{"count":1,"href":"https:\/\/maisonimmigration.com\/es\/wp-json\/wp\/v2\/pages\/500\/revisions"}],"predecessor-version":[{"id":501,"href":"https:\/\/maisonimmigration.com\/es\/wp-json\/wp\/v2\/pages\/500\/revisions\/501"}],"up":[{"embeddable":true,"href":"https:\/\/maisonimmigration.com\/es\/wp-json\/wp\/v2\/pages\/433"}],"wp:attachment":[{"href":"https:\/\/maisonimmigration.com\/es\/wp-json\/wp\/v2\/media?parent=500"}],"curies":[{"name":"wp","href":"https:\/\/api.w.org\/{rel}","templated":true}]}}