{"id":452,"date":"2021-11-20T06:21:16","date_gmt":"2021-11-20T06:21:16","guid":{"rendered":"https:\/\/maisonimmigration.com\/?page_id=452"},"modified":"2021-11-20T06:21:16","modified_gmt":"2021-11-20T06:21:16","slug":"cancelacion-de-la-remocion","status":"publish","type":"page","link":"https:\/\/maisonimmigration.com\/es\/asilo\/cancelacion-de-la-remocion\/","title":{"rendered":"Cancelaci\u00f3n de la remoci\u00f3n"},"content":{"rendered":"<p>Cuando un ciudadano extranjero se enfrenta a la posibilidad de ser deportado, se enfrenta a posibles consecuencias graves. Una orden de deportaci\u00f3n puede impedir que esa persona vuelva a entrar legalmente en los Estados Unidos. Por eso hay que preparar una defensa agresiva y eficaz. Usted querr\u00e1 consultar con un abogado de inmigraci\u00f3n de Central Valley de California en Maison Law Immigration Lawyers. Usted podr\u00eda ser elegible para la cancelaci\u00f3n de la remoci\u00f3n.<\/p>\n<h2>\u00bfQu\u00e9 es la cancelaci\u00f3n de la remoci\u00f3n?<\/h2>\n<p>El alivio concedido por la cancelaci\u00f3n de la remoci\u00f3n es puramente dentro de la sana discreci\u00f3n de un juez de inmigraci\u00f3n. Debe solicitarse en alg\u00fan momento entre la emisi\u00f3n de un Aviso de Comparecencia y la entrada de una Orden de Remoci\u00f3n. Si se ordena la cancelaci\u00f3n de la remoci\u00f3n, se ajusta el estatus de inmigraci\u00f3n de una persona de deportable a uno de residente permanente legal.<\/p>\n<h2>Requisitos para la cancelaci\u00f3n de la remoci\u00f3n<\/h2>\n<p>Hay dos normas distintas para poder optar a la cancelaci\u00f3n de la remoci\u00f3n. Dependen de si una persona es un residente permanente legal. Si es residente permanente, el alivio podr\u00eda concederse si cumple los siguientes requisitos:<\/p>\n<ul>\n<li>Ha sido residente permanente legal durante al menos 5 a\u00f1os.<\/li>\n<li>Ha entrado legalmente y ha vivido de forma continuada en los Estados Unidos hace m\u00e1s de 7 a\u00f1os.<\/li>\n<li>No ha sido condenado por un delito grave.<\/li>\n<\/ul>\n<p>Si no es residente legal permanente, los criterios de elegibilidad son m\u00e1s complejos. Es posible que se le conceda la cancelaci\u00f3n de la remoci\u00f3n si cumple con lo siguiente:<\/p>\n<ul>\n<li>Haber mantenido una presencia f\u00edsica continua en los Estados Unidos durante al menos 10 a\u00f1os.<\/li>\n<li>Es una persona de buen car\u00e1cter moral.<\/li>\n<li>No haber sido condenado por un delito grave despu\u00e9s del 29 de noviembre de 1990.<\/li>\n<li>No haber sido condenado por un delito de drogas, a menos que se trate de un \u00fanico delito de posesi\u00f3n de marihuana de menos de 30 gramos.<\/li>\n<li>No haber sido enviado a prisi\u00f3n por m\u00e1s de 6 meses.<\/li>\n<li>No haber sido condenado por otros delitos diversos.<\/li>\n<\/ul>\n<h2>V\u00edctimas de la violencia dom\u00e9stica<\/h2>\n<p>Una v\u00edctima de violencia dom\u00e9stica tambi\u00e9n podr\u00eda ser puesta en proceso de remoci\u00f3n, pero podr\u00eda ser elegible para la cancelaci\u00f3n de la remoci\u00f3n si se cumplen las siguientes condiciones:<\/p>\n<ul>\n<li>El individuo ha mantenido una presencia f\u00edsica continua en los Estados Unidos durante un m\u00ednimo de 3 a\u00f1os.<\/li>\n<li>Es de buen car\u00e1cter moral.<\/li>\n<li>No ha sido condenado por fraude matrimonial o por un delito grave.<\/li>\n<li>El individuo o su hijo, que es hijo de un residente permanente legal o de un ciudadano estadounidense, sufrir\u00eda dificultades extremas.<\/li>\n<\/ul>\n<p>Las pruebas en apoyo de su caso pueden ser fundamentales. Para maximizar sus posibilidades de obtener la cancelaci\u00f3n de la remoci\u00f3n, se necesita la representaci\u00f3n de un abogado bien preparado, protector y eficaz. Si usted o un miembro de su familia han sido colocados en procedimientos de remoci\u00f3n, usted podr\u00eda calificar para la cancelaci\u00f3n de la remoci\u00f3n. P\u00f3ngase en contacto con los abogados de inmigraci\u00f3n de Central Valley de California en Maison Law Immigration Lawyers para una consulta tan pronto como usted recibe un aviso de comparecencia. Vamos a escucharlo cuidadosamente y aconsejarle sobre todas sus opciones.<\/p>\n","protected":false},"excerpt":{"rendered":"<p>Cuando un ciudadano extranjero se enfrenta a la posibilidad de ser deportado, se enfrenta a posibles consecuencias graves. Una orden de deportaci\u00f3n puede impedir que esa persona vuelva a entrar legalmente en los Estados Unidos. Por eso hay que preparar una defensa agresiva y eficaz. Usted querr\u00e1 consultar con un abogado de inmigraci\u00f3n de Central [&hellip;]<\/p>\n","protected":false},"author":1,"featured_media":0,"parent":433,"menu_order":0,"comment_status":"closed","ping_status":"closed","template":"","meta":{"footnotes":""},"class_list":["post-452","page","type-page","status-publish","hentry"],"yoast_head":"<!-- This site is optimized with the Yoast SEO plugin v27.3 - https:\/\/yoast.com\/product\/yoast-seo-wordpress\/ -->\n<title>Cancelaci\u00f3n de la remoci\u00f3n | Maison Law Immigration Lawyers<\/title>\n<meta name=\"robots\" content=\"index, follow, max-snippet:-1, max-image-preview:large, max-video-preview:-1\" \/>\n<link rel=\"canonical\" href=\"https:\/\/maisonimmigration.com\/es\/asilo\/cancelacion-de-la-remocion\/\" \/>\n<meta property=\"og:locale\" content=\"es_ES\" \/>\n<meta property=\"og:type\" content=\"article\" \/>\n<meta property=\"og:title\" content=\"Cancelaci\u00f3n de la remoci\u00f3n | Maison Law Immigration Lawyers\" \/>\n<meta property=\"og:description\" content=\"Cuando un ciudadano extranjero se enfrenta a la posibilidad de ser deportado, se enfrenta a posibles consecuencias graves. Una orden de deportaci\u00f3n puede impedir que esa persona vuelva a entrar legalmente en los Estados Unidos. Por eso hay que preparar una defensa agresiva y eficaz. Usted querr\u00e1 consultar con un abogado de inmigraci\u00f3n de Central [&hellip;]\" \/>\n<meta property=\"og:url\" content=\"https:\/\/maisonimmigration.com\/es\/asilo\/cancelacion-de-la-remocion\/\" \/>\n<meta property=\"og:site_name\" content=\"Maison Law Immigration Lawyers\" \/>\n<meta name=\"twitter:card\" content=\"summary_large_image\" \/>\n<meta name=\"twitter:label1\" content=\"Tiempo de lectura\" \/>\n\t<meta name=\"twitter:data1\" content=\"3 minutos\" \/>\n<script type=\"application\/ld+json\" class=\"yoast-schema-graph\">{\"@context\":\"https:\\\/\\\/schema.org\",\"@graph\":[{\"@type\":\"WebPage\",\"@id\":\"https:\\\/\\\/maisonimmigration.com\\\/es\\\/asilo\\\/cancelacion-de-la-remocion\\\/\",\"url\":\"https:\\\/\\\/maisonimmigration.com\\\/es\\\/asilo\\\/cancelacion-de-la-remocion\\\/\",\"name\":\"Cancelaci\u00f3n de la remoci\u00f3n | Maison Law Immigration Lawyers\",\"isPartOf\":{\"@id\":\"https:\\\/\\\/maisonimmigration.com\\\/es\\\/#website\"},\"datePublished\":\"2021-11-20T06:21:16+00:00\",\"breadcrumb\":{\"@id\":\"https:\\\/\\\/maisonimmigration.com\\\/es\\\/asilo\\\/cancelacion-de-la-remocion\\\/#breadcrumb\"},\"inLanguage\":\"es\",\"potentialAction\":[{\"@type\":\"ReadAction\",\"target\":[\"https:\\\/\\\/maisonimmigration.com\\\/es\\\/asilo\\\/cancelacion-de-la-remocion\\\/\"]}]},{\"@type\":\"BreadcrumbList\",\"@id\":\"https:\\\/\\\/maisonimmigration.com\\\/es\\\/asilo\\\/cancelacion-de-la-remocion\\\/#breadcrumb\",\"itemListElement\":[{\"@type\":\"ListItem\",\"position\":1,\"name\":\"Home\",\"item\":\"https:\\\/\\\/maisonimmigration.com\\\/es\\\/\"},{\"@type\":\"ListItem\",\"position\":2,\"name\":\"Asilo\",\"item\":\"https:\\\/\\\/maisonimmigration.com\\\/es\\\/asilo\\\/\"},{\"@type\":\"ListItem\",\"position\":3,\"name\":\"Cancelaci\u00f3n de la remoci\u00f3n\"}]},{\"@type\":\"WebSite\",\"@id\":\"https:\\\/\\\/maisonimmigration.com\\\/es\\\/#website\",\"url\":\"https:\\\/\\\/maisonimmigration.com\\\/es\\\/\",\"name\":\"Maison Law Immigration Lawyers\",\"description\":\"\",\"publisher\":{\"@id\":\"https:\\\/\\\/maisonimmigration.com\\\/es\\\/#organization\"},\"potentialAction\":[{\"@type\":\"SearchAction\",\"target\":{\"@type\":\"EntryPoint\",\"urlTemplate\":\"https:\\\/\\\/maisonimmigration.com\\\/es\\\/?s={search_term_string}\"},\"query-input\":{\"@type\":\"PropertyValueSpecification\",\"valueRequired\":true,\"valueName\":\"search_term_string\"}}],\"inLanguage\":\"es\"},{\"@type\":\"Organization\",\"@id\":\"https:\\\/\\\/maisonimmigration.com\\\/es\\\/#organization\",\"name\":\"Maison Law Immigration Lawyers\",\"url\":\"https:\\\/\\\/maisonimmigration.com\\\/es\\\/\",\"logo\":{\"@type\":\"ImageObject\",\"inLanguage\":\"es\",\"@id\":\"https:\\\/\\\/maisonimmigration.com\\\/es\\\/#\\\/schema\\\/logo\\\/image\\\/\",\"url\":\"https:\\\/\\\/maisonimmigration.com\\\/wp-content\\\/uploads\\\/2025\\\/12\\\/maison-law-immigration-lawyers-new-logo.png\",\"contentUrl\":\"https:\\\/\\\/maisonimmigration.com\\\/wp-content\\\/uploads\\\/2025\\\/12\\\/maison-law-immigration-lawyers-new-logo.png\",\"width\":925,\"height\":211,\"caption\":\"Maison Law Immigration Lawyers\"},\"image\":{\"@id\":\"https:\\\/\\\/maisonimmigration.com\\\/es\\\/#\\\/schema\\\/logo\\\/image\\\/\"}}]}<\/script>\n<!-- \/ Yoast SEO plugin. -->","yoast_head_json":{"title":"Cancelaci\u00f3n de la remoci\u00f3n | Maison Law Immigration Lawyers","robots":{"index":"index","follow":"follow","max-snippet":"max-snippet:-1","max-image-preview":"max-image-preview:large","max-video-preview":"max-video-preview:-1"},"canonical":"https:\/\/maisonimmigration.com\/es\/asilo\/cancelacion-de-la-remocion\/","og_locale":"es_ES","og_type":"article","og_title":"Cancelaci\u00f3n de la remoci\u00f3n | Maison Law Immigration Lawyers","og_description":"Cuando un ciudadano extranjero se enfrenta a la posibilidad de ser deportado, se enfrenta a posibles consecuencias graves. Una orden de deportaci\u00f3n puede impedir que esa persona vuelva a entrar legalmente en los Estados Unidos. Por eso hay que preparar una defensa agresiva y eficaz. Usted querr\u00e1 consultar con un abogado de inmigraci\u00f3n de Central [&hellip;]","og_url":"https:\/\/maisonimmigration.com\/es\/asilo\/cancelacion-de-la-remocion\/","og_site_name":"Maison Law Immigration Lawyers","twitter_card":"summary_large_image","twitter_misc":{"Tiempo de lectura":"3 minutos"},"schema":{"@context":"https:\/\/schema.org","@graph":[{"@type":"WebPage","@id":"https:\/\/maisonimmigration.com\/es\/asilo\/cancelacion-de-la-remocion\/","url":"https:\/\/maisonimmigration.com\/es\/asilo\/cancelacion-de-la-remocion\/","name":"Cancelaci\u00f3n de la remoci\u00f3n | Maison Law Immigration Lawyers","isPartOf":{"@id":"https:\/\/maisonimmigration.com\/es\/#website"},"datePublished":"2021-11-20T06:21:16+00:00","breadcrumb":{"@id":"https:\/\/maisonimmigration.com\/es\/asilo\/cancelacion-de-la-remocion\/#breadcrumb"},"inLanguage":"es","potentialAction":[{"@type":"ReadAction","target":["https:\/\/maisonimmigration.com\/es\/asilo\/cancelacion-de-la-remocion\/"]}]},{"@type":"BreadcrumbList","@id":"https:\/\/maisonimmigration.com\/es\/asilo\/cancelacion-de-la-remocion\/#breadcrumb","itemListElement":[{"@type":"ListItem","position":1,"name":"Home","item":"https:\/\/maisonimmigration.com\/es\/"},{"@type":"ListItem","position":2,"name":"Asilo","item":"https:\/\/maisonimmigration.com\/es\/asilo\/"},{"@type":"ListItem","position":3,"name":"Cancelaci\u00f3n de la remoci\u00f3n"}]},{"@type":"WebSite","@id":"https:\/\/maisonimmigration.com\/es\/#website","url":"https:\/\/maisonimmigration.com\/es\/","name":"Maison Law Immigration Lawyers","description":"","publisher":{"@id":"https:\/\/maisonimmigration.com\/es\/#organization"},"potentialAction":[{"@type":"SearchAction","target":{"@type":"EntryPoint","urlTemplate":"https:\/\/maisonimmigration.com\/es\/?s={search_term_string}"},"query-input":{"@type":"PropertyValueSpecification","valueRequired":true,"valueName":"search_term_string"}}],"inLanguage":"es"},{"@type":"Organization","@id":"https:\/\/maisonimmigration.com\/es\/#organization","name":"Maison Law Immigration Lawyers","url":"https:\/\/maisonimmigration.com\/es\/","logo":{"@type":"ImageObject","inLanguage":"es","@id":"https:\/\/maisonimmigration.com\/es\/#\/schema\/logo\/image\/","url":"https:\/\/maisonimmigration.com\/wp-content\/uploads\/2025\/12\/maison-law-immigration-lawyers-new-logo.png","contentUrl":"https:\/\/maisonimmigration.com\/wp-content\/uploads\/2025\/12\/maison-law-immigration-lawyers-new-logo.png","width":925,"height":211,"caption":"Maison Law Immigration Lawyers"},"image":{"@id":"https:\/\/maisonimmigration.com\/es\/#\/schema\/logo\/image\/"}}]}},"_links":{"self":[{"href":"https:\/\/maisonimmigration.com\/es\/wp-json\/wp\/v2\/pages\/452","targetHints":{"allow":["GET"]}}],"collection":[{"href":"https:\/\/maisonimmigration.com\/es\/wp-json\/wp\/v2\/pages"}],"about":[{"href":"https:\/\/maisonimmigration.com\/es\/wp-json\/wp\/v2\/types\/page"}],"author":[{"embeddable":true,"href":"https:\/\/maisonimmigration.com\/es\/wp-json\/wp\/v2\/users\/1"}],"replies":[{"embeddable":true,"href":"https:\/\/maisonimmigration.com\/es\/wp-json\/wp\/v2\/comments?post=452"}],"version-history":[{"count":1,"href":"https:\/\/maisonimmigration.com\/es\/wp-json\/wp\/v2\/pages\/452\/revisions"}],"predecessor-version":[{"id":453,"href":"https:\/\/maisonimmigration.com\/es\/wp-json\/wp\/v2\/pages\/452\/revisions\/453"}],"up":[{"embeddable":true,"href":"https:\/\/maisonimmigration.com\/es\/wp-json\/wp\/v2\/pages\/433"}],"wp:attachment":[{"href":"https:\/\/maisonimmigration.com\/es\/wp-json\/wp\/v2\/media?parent=452"}],"curies":[{"name":"wp","href":"https:\/\/api.w.org\/{rel}","templated":true}]}}