{"id":449,"date":"2021-11-20T06:19:45","date_gmt":"2021-11-20T06:19:45","guid":{"rendered":"https:\/\/maisonimmigration.com\/?page_id=449"},"modified":"2021-11-20T06:19:45","modified_gmt":"2021-11-20T06:19:45","slug":"apelaciones-de-la-bia","status":"publish","type":"page","link":"https:\/\/maisonimmigration.com\/es\/asilo\/apelaciones-de-la-bia\/","title":{"rendered":"Apelaciones de la BIA"},"content":{"rendered":"<p>La Junta de Apelaciones de Inmigraci\u00f3n (BIA) es el \u00f3rgano administrativo de revisi\u00f3n de apelaciones que se ocupa principalmente de las apelaciones de los casos que ya han sido decididos por los jueces en el tribunal de inmigraci\u00f3n. Forma parte de la Oficina Ejecutiva de Revisi\u00f3n Administrativa que se encuentra en Falls Church, VA. En la BIA no hay procedimientos judiciales propiamente dichos. Los casos se deciden casi siempre sobre la base de la documentaci\u00f3n presentada previamente por las partes de un caso. Los escritos de apelaci\u00f3n de las partes pueden ser presentados y considerados. Las partes suelen ser los Estados Unidos, un ciudadano o un extranjero.<\/p>\n<h2>Tipos de casos de la BIA<\/h2>\n<p>Cuando se toman la mayor\u00eda de las decisiones de la BIA, est\u00e1n sujetas a revisi\u00f3n por el Tribunal de Distrito de EE.UU. que tiene jurisdicci\u00f3n sobre esa zona geogr\u00e1fica. Seg\u00fan el Departamento de Justicia de EE.UU., la mayor\u00eda de estos casos tienen que ver con la remoci\u00f3n, el alivio de la remoci\u00f3n, la exclusi\u00f3n de la admisi\u00f3n en EE.UU. o la clasificaci\u00f3n del estatus de los familiares extranjeros. Tanto usted como el gobierno de EE.UU. tienen derecho a presentar un caso de BAI, as\u00ed que no se sorprenda si se encuentra en la posici\u00f3n de defenderse contra la apelaci\u00f3n del gobierno si un fallo o parte de un fallo opera en contra de sus intereses.<\/p>\n<h2>Presentar un recurso a la BIA<\/h2>\n<p>La presentaci\u00f3n de una apelaci\u00f3n ante la BIA requiere una determinada notificaci\u00f3n que se env\u00eda por correo a la BIA. Se conoce como Aviso de apelaci\u00f3n de una decisi\u00f3n de un juez de inmigraci\u00f3n (formulario EOIR-26). La notificaci\u00f3n debe ir acompa\u00f1ada de una tasa de presentaci\u00f3n de 110 d\u00f3lares. Si no puede pagar la tasa, puede pedir una exenci\u00f3n de la misma. Cualquier material que apoye su apelaci\u00f3n puede acompa\u00f1ar a su notificaci\u00f3n. No le animamos a que se detenga ah\u00ed. Le recomendamos encarecidamente que consulte y contrate a los abogados de inmigraci\u00f3n de Central Valley de California de Maison Law Immigration Lawyers para que usted o su familiar tengan la mejor oportunidad posible de prevalecer en la apelaci\u00f3n. Presentar\u00edamos un informe legal que detalla todos los argumentos legales a favor de su posici\u00f3n junto con los estatutos, reglamentos y casos que los apoyan.<\/p>\n<h2>La regla de los 30 d\u00edas<\/h2>\n<p>No malinterprete la regla de los 30 d\u00edas que tiene para presentar una apelaci\u00f3n ante la BIA. Su Aviso de Apelaci\u00f3n, la tasa de presentaci\u00f3n y cualquier documento de apoyo deben ser recibidos por la Junta de Apelaciones de Inmigraci\u00f3n dentro de los 30 d\u00edas siguientes a la fecha en que el juez de inmigraci\u00f3n emiti\u00f3 su decisi\u00f3n. Si recibe la decisi\u00f3n por correo, el Aviso de Apelaci\u00f3n debe ser recibido por la Junta de Apelaciones de Inmigraci\u00f3n dentro de los 30 d\u00edas siguientes a la fecha en que la decisi\u00f3n le fue enviada por correo. La regla de los 30 d\u00edas es estricta. Las apelaciones tard\u00edas ser\u00e1n desestimadas. Si el d\u00eda 30 para la presentaci\u00f3n cae en s\u00e1bado, domingo o un d\u00eda festivo federal, tiene un d\u00eda h\u00e1bil m\u00e1s para presentarla. Si tiene la intenci\u00f3n de apelar una decisi\u00f3n de la BAI, aseg\u00farese de hacerlo con suficiente antelaci\u00f3n con el franqueo adecuado y la prueba de notificaci\u00f3n. Por unos pocos d\u00f3lares m\u00e1s, el env\u00edo de Federal Express o USPS al d\u00eda siguiente puede ser una opci\u00f3n inteligente.<\/p>\n<h2>El programa de la sesi\u00f3n informativa<\/h2>\n<p>Si nuestro bufete presenta la notificaci\u00f3n de apelaci\u00f3n en su nombre, recibiremos un recibo de la BAI en unas dos semanas. A continuaci\u00f3n, se enviar\u00e1 a todos los abogados un calendario de presentaci\u00f3n de informes. Tendremos 30 d\u00edas para presentar nuestro escrito y los documentos de apoyo adicionales, y el gobierno tendr\u00e1 30 d\u00edas para presentar su respuesta. La BAI tomar\u00e1 una decisi\u00f3n sobre la apelaci\u00f3n en alg\u00fan momento en el futuro. Podr\u00eda tardar m\u00e1s de un a\u00f1o. Es muy probable que se le permita permanecer en los EE.UU. durante la pendencia de su apelaci\u00f3n si el suyo es un caso de deportaci\u00f3n. Si sale de EE.UU. antes de que se decida su apelaci\u00f3n, \u00e9sta se considerar\u00e1 abandonada y ser\u00e1 desestimada.<\/p>\n<p>Considere cualquier apelaci\u00f3n como urgente debido a la regla de los 30 d\u00edas. P\u00f3ngase en contacto con los abogados de inmigraci\u00f3n de Central Valley de California de Maison Law inmediatamente ante cualquier decisi\u00f3n suya o del gobierno de apelar su caso. Recuerde que la regla de los 30 d\u00edas se interpreta estrictamente.<\/p>\n","protected":false},"excerpt":{"rendered":"<p>La Junta de Apelaciones de Inmigraci\u00f3n (BIA) es el \u00f3rgano administrativo de revisi\u00f3n de apelaciones que se ocupa principalmente de las apelaciones de los casos que ya han sido decididos por los jueces en el tribunal de inmigraci\u00f3n. Forma parte de la Oficina Ejecutiva de Revisi\u00f3n Administrativa que se encuentra en Falls Church, VA. En [&hellip;]<\/p>\n","protected":false},"author":1,"featured_media":0,"parent":433,"menu_order":0,"comment_status":"closed","ping_status":"closed","template":"","meta":{"footnotes":""},"class_list":["post-449","page","type-page","status-publish","hentry"],"yoast_head":"<!-- This site is optimized with the Yoast SEO plugin v27.4 - https:\/\/yoast.com\/product\/yoast-seo-wordpress\/ -->\n<title>Apelaciones de la BIA | Maison Law Immigration Lawyers<\/title>\n<meta name=\"robots\" content=\"index, follow, max-snippet:-1, max-image-preview:large, max-video-preview:-1\" \/>\n<link rel=\"canonical\" href=\"https:\/\/maisonimmigration.com\/es\/asilo\/apelaciones-de-la-bia\/\" \/>\n<meta property=\"og:locale\" content=\"es_ES\" \/>\n<meta property=\"og:type\" content=\"article\" \/>\n<meta property=\"og:title\" content=\"Apelaciones de la BIA | Maison Law Immigration Lawyers\" \/>\n<meta property=\"og:description\" content=\"La Junta de Apelaciones de Inmigraci\u00f3n (BIA) es el \u00f3rgano administrativo de revisi\u00f3n de apelaciones que se ocupa principalmente de las apelaciones de los casos que ya han sido decididos por los jueces en el tribunal de inmigraci\u00f3n. Forma parte de la Oficina Ejecutiva de Revisi\u00f3n Administrativa que se encuentra en Falls Church, VA. En [&hellip;]\" \/>\n<meta property=\"og:url\" content=\"https:\/\/maisonimmigration.com\/es\/asilo\/apelaciones-de-la-bia\/\" \/>\n<meta property=\"og:site_name\" content=\"Maison Law Immigration Lawyers\" \/>\n<meta name=\"twitter:card\" content=\"summary_large_image\" \/>\n<meta name=\"twitter:label1\" content=\"Tiempo de lectura\" \/>\n\t<meta name=\"twitter:data1\" content=\"4 minutos\" \/>\n<script type=\"application\/ld+json\" class=\"yoast-schema-graph\">{\"@context\":\"https:\\\/\\\/schema.org\",\"@graph\":[{\"@type\":\"WebPage\",\"@id\":\"https:\\\/\\\/maisonimmigration.com\\\/es\\\/asilo\\\/apelaciones-de-la-bia\\\/\",\"url\":\"https:\\\/\\\/maisonimmigration.com\\\/es\\\/asilo\\\/apelaciones-de-la-bia\\\/\",\"name\":\"Apelaciones de la BIA | Maison Law Immigration Lawyers\",\"isPartOf\":{\"@id\":\"https:\\\/\\\/maisonimmigration.com\\\/es\\\/#website\"},\"datePublished\":\"2021-11-20T06:19:45+00:00\",\"breadcrumb\":{\"@id\":\"https:\\\/\\\/maisonimmigration.com\\\/es\\\/asilo\\\/apelaciones-de-la-bia\\\/#breadcrumb\"},\"inLanguage\":\"es\",\"potentialAction\":[{\"@type\":\"ReadAction\",\"target\":[\"https:\\\/\\\/maisonimmigration.com\\\/es\\\/asilo\\\/apelaciones-de-la-bia\\\/\"]}]},{\"@type\":\"BreadcrumbList\",\"@id\":\"https:\\\/\\\/maisonimmigration.com\\\/es\\\/asilo\\\/apelaciones-de-la-bia\\\/#breadcrumb\",\"itemListElement\":[{\"@type\":\"ListItem\",\"position\":1,\"name\":\"Home\",\"item\":\"https:\\\/\\\/maisonimmigration.com\\\/es\\\/\"},{\"@type\":\"ListItem\",\"position\":2,\"name\":\"Asilo\",\"item\":\"https:\\\/\\\/maisonimmigration.com\\\/es\\\/asilo\\\/\"},{\"@type\":\"ListItem\",\"position\":3,\"name\":\"Apelaciones de la BIA\"}]},{\"@type\":\"WebSite\",\"@id\":\"https:\\\/\\\/maisonimmigration.com\\\/es\\\/#website\",\"url\":\"https:\\\/\\\/maisonimmigration.com\\\/es\\\/\",\"name\":\"Maison Law Immigration Lawyers\",\"description\":\"\",\"publisher\":{\"@id\":\"https:\\\/\\\/maisonimmigration.com\\\/es\\\/#organization\"},\"potentialAction\":[{\"@type\":\"SearchAction\",\"target\":{\"@type\":\"EntryPoint\",\"urlTemplate\":\"https:\\\/\\\/maisonimmigration.com\\\/es\\\/?s={search_term_string}\"},\"query-input\":{\"@type\":\"PropertyValueSpecification\",\"valueRequired\":true,\"valueName\":\"search_term_string\"}}],\"inLanguage\":\"es\"},{\"@type\":\"Organization\",\"@id\":\"https:\\\/\\\/maisonimmigration.com\\\/es\\\/#organization\",\"name\":\"Maison Law Immigration Lawyers\",\"url\":\"https:\\\/\\\/maisonimmigration.com\\\/es\\\/\",\"logo\":{\"@type\":\"ImageObject\",\"inLanguage\":\"es\",\"@id\":\"https:\\\/\\\/maisonimmigration.com\\\/es\\\/#\\\/schema\\\/logo\\\/image\\\/\",\"url\":\"https:\\\/\\\/maisonimmigration.com\\\/wp-content\\\/uploads\\\/2025\\\/12\\\/maison-law-immigration-lawyers-new-logo.png\",\"contentUrl\":\"https:\\\/\\\/maisonimmigration.com\\\/wp-content\\\/uploads\\\/2025\\\/12\\\/maison-law-immigration-lawyers-new-logo.png\",\"width\":925,\"height\":211,\"caption\":\"Maison Law Immigration Lawyers\"},\"image\":{\"@id\":\"https:\\\/\\\/maisonimmigration.com\\\/es\\\/#\\\/schema\\\/logo\\\/image\\\/\"}}]}<\/script>\n<!-- \/ Yoast SEO plugin. -->","yoast_head_json":{"title":"Apelaciones de la BIA | Maison Law Immigration Lawyers","robots":{"index":"index","follow":"follow","max-snippet":"max-snippet:-1","max-image-preview":"max-image-preview:large","max-video-preview":"max-video-preview:-1"},"canonical":"https:\/\/maisonimmigration.com\/es\/asilo\/apelaciones-de-la-bia\/","og_locale":"es_ES","og_type":"article","og_title":"Apelaciones de la BIA | Maison Law Immigration Lawyers","og_description":"La Junta de Apelaciones de Inmigraci\u00f3n (BIA) es el \u00f3rgano administrativo de revisi\u00f3n de apelaciones que se ocupa principalmente de las apelaciones de los casos que ya han sido decididos por los jueces en el tribunal de inmigraci\u00f3n. Forma parte de la Oficina Ejecutiva de Revisi\u00f3n Administrativa que se encuentra en Falls Church, VA. En [&hellip;]","og_url":"https:\/\/maisonimmigration.com\/es\/asilo\/apelaciones-de-la-bia\/","og_site_name":"Maison Law Immigration Lawyers","twitter_card":"summary_large_image","twitter_misc":{"Tiempo de lectura":"4 minutos"},"schema":{"@context":"https:\/\/schema.org","@graph":[{"@type":"WebPage","@id":"https:\/\/maisonimmigration.com\/es\/asilo\/apelaciones-de-la-bia\/","url":"https:\/\/maisonimmigration.com\/es\/asilo\/apelaciones-de-la-bia\/","name":"Apelaciones de la BIA | Maison Law Immigration Lawyers","isPartOf":{"@id":"https:\/\/maisonimmigration.com\/es\/#website"},"datePublished":"2021-11-20T06:19:45+00:00","breadcrumb":{"@id":"https:\/\/maisonimmigration.com\/es\/asilo\/apelaciones-de-la-bia\/#breadcrumb"},"inLanguage":"es","potentialAction":[{"@type":"ReadAction","target":["https:\/\/maisonimmigration.com\/es\/asilo\/apelaciones-de-la-bia\/"]}]},{"@type":"BreadcrumbList","@id":"https:\/\/maisonimmigration.com\/es\/asilo\/apelaciones-de-la-bia\/#breadcrumb","itemListElement":[{"@type":"ListItem","position":1,"name":"Home","item":"https:\/\/maisonimmigration.com\/es\/"},{"@type":"ListItem","position":2,"name":"Asilo","item":"https:\/\/maisonimmigration.com\/es\/asilo\/"},{"@type":"ListItem","position":3,"name":"Apelaciones de la BIA"}]},{"@type":"WebSite","@id":"https:\/\/maisonimmigration.com\/es\/#website","url":"https:\/\/maisonimmigration.com\/es\/","name":"Maison Law Immigration Lawyers","description":"","publisher":{"@id":"https:\/\/maisonimmigration.com\/es\/#organization"},"potentialAction":[{"@type":"SearchAction","target":{"@type":"EntryPoint","urlTemplate":"https:\/\/maisonimmigration.com\/es\/?s={search_term_string}"},"query-input":{"@type":"PropertyValueSpecification","valueRequired":true,"valueName":"search_term_string"}}],"inLanguage":"es"},{"@type":"Organization","@id":"https:\/\/maisonimmigration.com\/es\/#organization","name":"Maison Law Immigration Lawyers","url":"https:\/\/maisonimmigration.com\/es\/","logo":{"@type":"ImageObject","inLanguage":"es","@id":"https:\/\/maisonimmigration.com\/es\/#\/schema\/logo\/image\/","url":"https:\/\/maisonimmigration.com\/wp-content\/uploads\/2025\/12\/maison-law-immigration-lawyers-new-logo.png","contentUrl":"https:\/\/maisonimmigration.com\/wp-content\/uploads\/2025\/12\/maison-law-immigration-lawyers-new-logo.png","width":925,"height":211,"caption":"Maison Law Immigration Lawyers"},"image":{"@id":"https:\/\/maisonimmigration.com\/es\/#\/schema\/logo\/image\/"}}]}},"_links":{"self":[{"href":"https:\/\/maisonimmigration.com\/es\/wp-json\/wp\/v2\/pages\/449","targetHints":{"allow":["GET"]}}],"collection":[{"href":"https:\/\/maisonimmigration.com\/es\/wp-json\/wp\/v2\/pages"}],"about":[{"href":"https:\/\/maisonimmigration.com\/es\/wp-json\/wp\/v2\/types\/page"}],"author":[{"embeddable":true,"href":"https:\/\/maisonimmigration.com\/es\/wp-json\/wp\/v2\/users\/1"}],"replies":[{"embeddable":true,"href":"https:\/\/maisonimmigration.com\/es\/wp-json\/wp\/v2\/comments?post=449"}],"version-history":[{"count":1,"href":"https:\/\/maisonimmigration.com\/es\/wp-json\/wp\/v2\/pages\/449\/revisions"}],"predecessor-version":[{"id":450,"href":"https:\/\/maisonimmigration.com\/es\/wp-json\/wp\/v2\/pages\/449\/revisions\/450"}],"up":[{"embeddable":true,"href":"https:\/\/maisonimmigration.com\/es\/wp-json\/wp\/v2\/pages\/433"}],"wp:attachment":[{"href":"https:\/\/maisonimmigration.com\/es\/wp-json\/wp\/v2\/media?parent=449"}],"curies":[{"name":"wp","href":"https:\/\/api.w.org\/{rel}","templated":true}]}}