{"id":447,"date":"2021-11-20T06:17:46","date_gmt":"2021-11-20T06:17:46","guid":{"rendered":"https:\/\/maisonimmigration.com\/?page_id=447"},"modified":"2021-11-20T06:17:46","modified_gmt":"2021-11-20T06:17:46","slug":"una-mocion-de-reapertura","status":"publish","type":"page","link":"https:\/\/maisonimmigration.com\/es\/asilo\/una-mocion-de-reapertura\/","title":{"rendered":"Una moci\u00f3n de reapertura"},"content":{"rendered":"<p>Una moci\u00f3n de reapertura puede ser una forma de alivio fundamental para los extranjeros a los que se les ha ordenado la expulsi\u00f3n de Estados Unidos. Dicha moci\u00f3n puede presentarse ante el juez de inmigraci\u00f3n que presidi\u00f3 la audiencia de remoci\u00f3n del extranjero o ante la Junta de Apelaciones de Inmigraci\u00f3n (BIA) para revisar y sopesar pruebas que antes no estaban disponibles y anular una orden de remoci\u00f3n y dar a la persona a la que se le orden\u00f3 la expulsi\u00f3n una oportunidad de que su caso sea escuchado de nuevo. A una persona s\u00f3lo se le permite una moci\u00f3n de reapertura a menos que se haya dictado una orden en ausencia. Si est\u00e1 considerando una moci\u00f3n de reapertura, dese la mejor oportunidad de prevalecer en su moci\u00f3n haciendo que los abogados de inmigraci\u00f3n de Central Valley de California de Maison Law Immigration Lawyers le representen.<\/p>\n<h2>La regla de los 90 d\u00edas<\/h2>\n<p>La regla general es que el juez de inmigraci\u00f3n o la BIA deben recibir la notificaci\u00f3n de una moci\u00f3n de reapertura dentro de los 90 d\u00edas siguientes a la fecha en que se dict\u00f3 la orden de remoci\u00f3n definitiva. Si la notificaci\u00f3n de la moci\u00f3n se recibe m\u00e1s de 90 d\u00edas despu\u00e9s de su entrada, el juez de inmigraci\u00f3n que preside o la BIA podr\u00eda a\u00fan considerarla si el solicitante demuestra que el plazo de 90 d\u00edas se justifica por una pausa equitativa.<\/p>\n<h2>\u00d3rdenes de remoci\u00f3n en ausencia<\/h2>\n<p>Un extranjero al que se le haya dictado una orden de remoci\u00f3n sin estar presente en la audiencia de remoci\u00f3n puede reabrir el caso en su contra en dos situaciones. En primer lugar, si el gobierno no notific\u00f3 debidamente la audiencia, el extranjero puede solicitar la reapertura del caso de remoci\u00f3n. El segundo caso podr\u00eda ser si circunstancias excepcionales ajenas a la voluntad de la persona le impidieran estar presente. Una moci\u00f3n de reapertura basada en la falta de notificaci\u00f3n adecuada puede presentarse en cualquier momento, incluso despu\u00e9s de 90 d\u00edas o despu\u00e9s de que la persona haya sido expulsada de los Estados Unidos.<\/p>\n<h2>Suspensi\u00f3n de la remoci\u00f3n tras la presentaci\u00f3n<\/h2>\n<p>Cuando se presenta una moci\u00f3n para reabrir un caso de remoci\u00f3n en ausencia, se activa autom\u00e1ticamente una suspensi\u00f3n de la remoci\u00f3n hasta el momento en que la moci\u00f3n sea o\u00edda y decidida por el juez de inmigraci\u00f3n. Si se presenta una moci\u00f3n de reapertura en el BIA, no se efect\u00faa dicha suspensi\u00f3n.<\/p>\n<h2>Si se concede la moci\u00f3n<\/h2>\n<p>Al solicitante se le permitir\u00e1 introducir cualquier prueba nueva si se le concede la moci\u00f3n. S\u00f3lo se permitir\u00e1n cuestiones dentro del \u00e1mbito de esa nueva prueba. Si la moci\u00f3n es denegada, se puede presentar una apelaci\u00f3n ante el BIA.<\/p>\n<p>Si cree que tiene una buena raz\u00f3n para presentar una moci\u00f3n para reabrir un caso, recuerde la regla de los 90 d\u00edas. El tiempo es limitado, as\u00ed que querr\u00e1 consultar y contratar a los eficaces y agresivos abogados de inmigraci\u00f3n Central Valley de Maison Law Immigration Lawyers lo antes posible para este fin. P\u00f3ngase en contacto con nosotros para concertar una cita lo antes posible.<\/p>\n<p>&nbsp;<\/p>\n","protected":false},"excerpt":{"rendered":"<p>Una moci\u00f3n de reapertura puede ser una forma de alivio fundamental para los extranjeros a los que se les ha ordenado la expulsi\u00f3n de Estados Unidos. Dicha moci\u00f3n puede presentarse ante el juez de inmigraci\u00f3n que presidi\u00f3 la audiencia de remoci\u00f3n del extranjero o ante la Junta de Apelaciones de Inmigraci\u00f3n (BIA) para revisar y [&hellip;]<\/p>\n","protected":false},"author":1,"featured_media":0,"parent":433,"menu_order":0,"comment_status":"closed","ping_status":"closed","template":"","meta":{"footnotes":""},"class_list":["post-447","page","type-page","status-publish","hentry"],"yoast_head":"<!-- This site is optimized with the Yoast SEO plugin v27.4 - https:\/\/yoast.com\/product\/yoast-seo-wordpress\/ -->\n<title>Una moci\u00f3n de reapertura | Maison Law Immigration Lawyers<\/title>\n<meta name=\"robots\" content=\"index, follow, max-snippet:-1, max-image-preview:large, max-video-preview:-1\" \/>\n<link rel=\"canonical\" href=\"https:\/\/maisonimmigration.com\/es\/asilo\/una-mocion-de-reapertura\/\" \/>\n<meta property=\"og:locale\" content=\"es_ES\" \/>\n<meta property=\"og:type\" content=\"article\" \/>\n<meta property=\"og:title\" content=\"Una moci\u00f3n de reapertura | Maison Law Immigration Lawyers\" \/>\n<meta property=\"og:description\" content=\"Una moci\u00f3n de reapertura puede ser una forma de alivio fundamental para los extranjeros a los que se les ha ordenado la expulsi\u00f3n de Estados Unidos. Dicha moci\u00f3n puede presentarse ante el juez de inmigraci\u00f3n que presidi\u00f3 la audiencia de remoci\u00f3n del extranjero o ante la Junta de Apelaciones de Inmigraci\u00f3n (BIA) para revisar y [&hellip;]\" \/>\n<meta property=\"og:url\" content=\"https:\/\/maisonimmigration.com\/es\/asilo\/una-mocion-de-reapertura\/\" \/>\n<meta property=\"og:site_name\" content=\"Maison Law Immigration Lawyers\" \/>\n<meta name=\"twitter:card\" content=\"summary_large_image\" \/>\n<meta name=\"twitter:label1\" content=\"Tiempo de lectura\" \/>\n\t<meta name=\"twitter:data1\" content=\"3 minutos\" \/>\n<script type=\"application\/ld+json\" class=\"yoast-schema-graph\">{\"@context\":\"https:\\\/\\\/schema.org\",\"@graph\":[{\"@type\":\"WebPage\",\"@id\":\"https:\\\/\\\/maisonimmigration.com\\\/es\\\/asilo\\\/una-mocion-de-reapertura\\\/\",\"url\":\"https:\\\/\\\/maisonimmigration.com\\\/es\\\/asilo\\\/una-mocion-de-reapertura\\\/\",\"name\":\"Una moci\u00f3n de reapertura | Maison Law Immigration Lawyers\",\"isPartOf\":{\"@id\":\"https:\\\/\\\/maisonimmigration.com\\\/es\\\/#website\"},\"datePublished\":\"2021-11-20T06:17:46+00:00\",\"breadcrumb\":{\"@id\":\"https:\\\/\\\/maisonimmigration.com\\\/es\\\/asilo\\\/una-mocion-de-reapertura\\\/#breadcrumb\"},\"inLanguage\":\"es\",\"potentialAction\":[{\"@type\":\"ReadAction\",\"target\":[\"https:\\\/\\\/maisonimmigration.com\\\/es\\\/asilo\\\/una-mocion-de-reapertura\\\/\"]}]},{\"@type\":\"BreadcrumbList\",\"@id\":\"https:\\\/\\\/maisonimmigration.com\\\/es\\\/asilo\\\/una-mocion-de-reapertura\\\/#breadcrumb\",\"itemListElement\":[{\"@type\":\"ListItem\",\"position\":1,\"name\":\"Home\",\"item\":\"https:\\\/\\\/maisonimmigration.com\\\/es\\\/\"},{\"@type\":\"ListItem\",\"position\":2,\"name\":\"Asilo\",\"item\":\"https:\\\/\\\/maisonimmigration.com\\\/es\\\/asilo\\\/\"},{\"@type\":\"ListItem\",\"position\":3,\"name\":\"Una moci\u00f3n de reapertura\"}]},{\"@type\":\"WebSite\",\"@id\":\"https:\\\/\\\/maisonimmigration.com\\\/es\\\/#website\",\"url\":\"https:\\\/\\\/maisonimmigration.com\\\/es\\\/\",\"name\":\"Maison Law Immigration Lawyers\",\"description\":\"\",\"publisher\":{\"@id\":\"https:\\\/\\\/maisonimmigration.com\\\/es\\\/#organization\"},\"potentialAction\":[{\"@type\":\"SearchAction\",\"target\":{\"@type\":\"EntryPoint\",\"urlTemplate\":\"https:\\\/\\\/maisonimmigration.com\\\/es\\\/?s={search_term_string}\"},\"query-input\":{\"@type\":\"PropertyValueSpecification\",\"valueRequired\":true,\"valueName\":\"search_term_string\"}}],\"inLanguage\":\"es\"},{\"@type\":\"Organization\",\"@id\":\"https:\\\/\\\/maisonimmigration.com\\\/es\\\/#organization\",\"name\":\"Maison Law Immigration Lawyers\",\"url\":\"https:\\\/\\\/maisonimmigration.com\\\/es\\\/\",\"logo\":{\"@type\":\"ImageObject\",\"inLanguage\":\"es\",\"@id\":\"https:\\\/\\\/maisonimmigration.com\\\/es\\\/#\\\/schema\\\/logo\\\/image\\\/\",\"url\":\"https:\\\/\\\/maisonimmigration.com\\\/wp-content\\\/uploads\\\/2025\\\/12\\\/maison-law-immigration-lawyers-new-logo.png\",\"contentUrl\":\"https:\\\/\\\/maisonimmigration.com\\\/wp-content\\\/uploads\\\/2025\\\/12\\\/maison-law-immigration-lawyers-new-logo.png\",\"width\":925,\"height\":211,\"caption\":\"Maison Law Immigration Lawyers\"},\"image\":{\"@id\":\"https:\\\/\\\/maisonimmigration.com\\\/es\\\/#\\\/schema\\\/logo\\\/image\\\/\"}}]}<\/script>\n<!-- \/ Yoast SEO plugin. -->","yoast_head_json":{"title":"Una moci\u00f3n de reapertura | Maison Law Immigration Lawyers","robots":{"index":"index","follow":"follow","max-snippet":"max-snippet:-1","max-image-preview":"max-image-preview:large","max-video-preview":"max-video-preview:-1"},"canonical":"https:\/\/maisonimmigration.com\/es\/asilo\/una-mocion-de-reapertura\/","og_locale":"es_ES","og_type":"article","og_title":"Una moci\u00f3n de reapertura | Maison Law Immigration Lawyers","og_description":"Una moci\u00f3n de reapertura puede ser una forma de alivio fundamental para los extranjeros a los que se les ha ordenado la expulsi\u00f3n de Estados Unidos. Dicha moci\u00f3n puede presentarse ante el juez de inmigraci\u00f3n que presidi\u00f3 la audiencia de remoci\u00f3n del extranjero o ante la Junta de Apelaciones de Inmigraci\u00f3n (BIA) para revisar y [&hellip;]","og_url":"https:\/\/maisonimmigration.com\/es\/asilo\/una-mocion-de-reapertura\/","og_site_name":"Maison Law Immigration Lawyers","twitter_card":"summary_large_image","twitter_misc":{"Tiempo de lectura":"3 minutos"},"schema":{"@context":"https:\/\/schema.org","@graph":[{"@type":"WebPage","@id":"https:\/\/maisonimmigration.com\/es\/asilo\/una-mocion-de-reapertura\/","url":"https:\/\/maisonimmigration.com\/es\/asilo\/una-mocion-de-reapertura\/","name":"Una moci\u00f3n de reapertura | Maison Law Immigration Lawyers","isPartOf":{"@id":"https:\/\/maisonimmigration.com\/es\/#website"},"datePublished":"2021-11-20T06:17:46+00:00","breadcrumb":{"@id":"https:\/\/maisonimmigration.com\/es\/asilo\/una-mocion-de-reapertura\/#breadcrumb"},"inLanguage":"es","potentialAction":[{"@type":"ReadAction","target":["https:\/\/maisonimmigration.com\/es\/asilo\/una-mocion-de-reapertura\/"]}]},{"@type":"BreadcrumbList","@id":"https:\/\/maisonimmigration.com\/es\/asilo\/una-mocion-de-reapertura\/#breadcrumb","itemListElement":[{"@type":"ListItem","position":1,"name":"Home","item":"https:\/\/maisonimmigration.com\/es\/"},{"@type":"ListItem","position":2,"name":"Asilo","item":"https:\/\/maisonimmigration.com\/es\/asilo\/"},{"@type":"ListItem","position":3,"name":"Una moci\u00f3n de reapertura"}]},{"@type":"WebSite","@id":"https:\/\/maisonimmigration.com\/es\/#website","url":"https:\/\/maisonimmigration.com\/es\/","name":"Maison Law Immigration Lawyers","description":"","publisher":{"@id":"https:\/\/maisonimmigration.com\/es\/#organization"},"potentialAction":[{"@type":"SearchAction","target":{"@type":"EntryPoint","urlTemplate":"https:\/\/maisonimmigration.com\/es\/?s={search_term_string}"},"query-input":{"@type":"PropertyValueSpecification","valueRequired":true,"valueName":"search_term_string"}}],"inLanguage":"es"},{"@type":"Organization","@id":"https:\/\/maisonimmigration.com\/es\/#organization","name":"Maison Law Immigration Lawyers","url":"https:\/\/maisonimmigration.com\/es\/","logo":{"@type":"ImageObject","inLanguage":"es","@id":"https:\/\/maisonimmigration.com\/es\/#\/schema\/logo\/image\/","url":"https:\/\/maisonimmigration.com\/wp-content\/uploads\/2025\/12\/maison-law-immigration-lawyers-new-logo.png","contentUrl":"https:\/\/maisonimmigration.com\/wp-content\/uploads\/2025\/12\/maison-law-immigration-lawyers-new-logo.png","width":925,"height":211,"caption":"Maison Law Immigration Lawyers"},"image":{"@id":"https:\/\/maisonimmigration.com\/es\/#\/schema\/logo\/image\/"}}]}},"_links":{"self":[{"href":"https:\/\/maisonimmigration.com\/es\/wp-json\/wp\/v2\/pages\/447","targetHints":{"allow":["GET"]}}],"collection":[{"href":"https:\/\/maisonimmigration.com\/es\/wp-json\/wp\/v2\/pages"}],"about":[{"href":"https:\/\/maisonimmigration.com\/es\/wp-json\/wp\/v2\/types\/page"}],"author":[{"embeddable":true,"href":"https:\/\/maisonimmigration.com\/es\/wp-json\/wp\/v2\/users\/1"}],"replies":[{"embeddable":true,"href":"https:\/\/maisonimmigration.com\/es\/wp-json\/wp\/v2\/comments?post=447"}],"version-history":[{"count":1,"href":"https:\/\/maisonimmigration.com\/es\/wp-json\/wp\/v2\/pages\/447\/revisions"}],"predecessor-version":[{"id":448,"href":"https:\/\/maisonimmigration.com\/es\/wp-json\/wp\/v2\/pages\/447\/revisions\/448"}],"up":[{"embeddable":true,"href":"https:\/\/maisonimmigration.com\/es\/wp-json\/wp\/v2\/pages\/433"}],"wp:attachment":[{"href":"https:\/\/maisonimmigration.com\/es\/wp-json\/wp\/v2\/media?parent=447"}],"curies":[{"name":"wp","href":"https:\/\/api.w.org\/{rel}","templated":true}]}}