{"id":445,"date":"2021-11-20T06:15:21","date_gmt":"2021-11-20T06:15:21","guid":{"rendered":"https:\/\/maisonimmigration.com\/?page_id=445"},"modified":"2021-11-20T06:15:21","modified_gmt":"2021-11-20T06:15:21","slug":"ley-de-libertad-de-informacion","status":"publish","type":"page","link":"https:\/\/maisonimmigration.com\/es\/asilo\/ley-de-libertad-de-informacion\/","title":{"rendered":"Ley de Libertad de Informaci\u00f3n"},"content":{"rendered":"<p>Si quiere saber qu\u00e9 informaci\u00f3n sobre inmigraci\u00f3n tiene el gobierno de EE.UU. en relaci\u00f3n con usted o con otra persona, puede acceder a la informaci\u00f3n que desea mediante una solicitud de la Ley de Libertad de Informaci\u00f3n (FOIA), enviando el correspondiente formulario G639 a la agencia o subdivisi\u00f3n correspondiente.\u00a0 Si la informaci\u00f3n es sobre otra persona, necesitar\u00e1 su permiso. Los expedientes y la informaci\u00f3n relativos a la inmigraci\u00f3n entran en el \u00e1mbito de la FOIA.<\/p>\n<h2>Procedimiento de tramitaci\u00f3n<\/h2>\n<p>El Servicio de Ciudadan\u00eda e Inmigraci\u00f3n de los Estados Unidos utiliza un sistema de tres niveles para procesar las solicitudes de documentos de la FOIA. Las solicitudes de copias de s\u00f3lo una o dos p\u00e1ginas de documentos espec\u00edficos se responden m\u00e1s r\u00e1pidamente que otras. Si una solicitud implica m\u00e1s de lo que figura en un expediente A -o no-, se necesitar\u00e1 m\u00e1s tiempo para responder. Si solicita una copia de un expediente A para fines de una audiencia programada, debe notificar a USCIS acompa\u00f1ando su FOIA con uno de los siguientes formularios:<\/p>\n<ul>\n<li>I-862 Aviso de comparecencia que muestra la fecha de su audiencia con un juez de inmigraci\u00f3n.<\/li>\n<li>I-122 Orden para mostrar la causa que muestra la fecha de su audiencia con un juez de inmigraci\u00f3n.<\/li>\n<li>I-863 Aviso de remisi\u00f3n al juez de inmigraci\u00f3n.<\/li>\n<li>Una copia de la notificaci\u00f3n escrita de la continuaci\u00f3n de una audiencia programada ante el juez de inmigraci\u00f3n.<\/li>\n<\/ul>\n<h2>Solicitudes en l\u00ednea<\/h2>\n<p>Si realiza su solicitud de registros de inmigraci\u00f3n conforme a la FOIA en l\u00ednea, es probable que elimine los retrasos significativos. Incluso puede comprobar el estado de su solicitud en l\u00ednea e imprimir los registros solicitados cuando se acceda a ellos. Es posible que no pueda ver partes de ciertos registros, como los nombres de ciertos funcionarios o agentes, pero la suma y la sustancia de la solicitud solicitada se seguir\u00e1n proporcionando.<\/p>\n<h2>Sea espec\u00edfico<\/h2>\n<p>Es posible que el USCIS ni siquiera tenga una copia o copias de lo que est\u00e1 buscando. Por ejemplo, cualquier registro de condenas podr\u00eda estar bajo la custodia y el control de la Oficina Federal de Investigaci\u00f3n. Tendr\u00e1 que saber a qu\u00e9 agencia federal tendr\u00e1 que presentar la solicitud de la FOIA y ser capaz de articular el motivo por el que la realiza. Por ejemplo, podr\u00eda estar haciendo una solicitud de asilo, as\u00ed que ind\u00edquelo claramente. A continuaci\u00f3n, siga adelante y presente su solicitud de la FOIA.<\/p>\n<p>Somos plenamente conscientes de lo importante que es para usted su situaci\u00f3n migratoria. Es probable que podamos obtener el cumplimiento de la FOIA de forma mucho m\u00e1s eficiente y eficaz que usted. No dude en ponerse en contacto con nuestros abogados de inmigraci\u00f3n de Central Valley de California aqu\u00ed en Maison Law Immigration Lawyers sobre la realizaci\u00f3n de una solicitud FOIA en su nombre. Sabemos c\u00f3mo hacer la solicitud y a qu\u00e9 agencia dirigirla.<\/p>\n","protected":false},"excerpt":{"rendered":"<p>Si quiere saber qu\u00e9 informaci\u00f3n sobre inmigraci\u00f3n tiene el gobierno de EE.UU. en relaci\u00f3n con usted o con otra persona, puede acceder a la informaci\u00f3n que desea mediante una solicitud de la Ley de Libertad de Informaci\u00f3n (FOIA), enviando el correspondiente formulario G639 a la agencia o subdivisi\u00f3n correspondiente.\u00a0 Si la informaci\u00f3n es sobre otra [&hellip;]<\/p>\n","protected":false},"author":1,"featured_media":0,"parent":433,"menu_order":0,"comment_status":"closed","ping_status":"closed","template":"","meta":{"footnotes":""},"class_list":["post-445","page","type-page","status-publish","hentry"],"yoast_head":"<!-- This site is optimized with the Yoast SEO plugin v27.3 - https:\/\/yoast.com\/product\/yoast-seo-wordpress\/ -->\n<title>Ley de Libertad de Informaci\u00f3n | Maison Law Immigration Lawyers<\/title>\n<meta name=\"robots\" content=\"index, follow, max-snippet:-1, max-image-preview:large, max-video-preview:-1\" \/>\n<link rel=\"canonical\" href=\"https:\/\/maisonimmigration.com\/es\/asilo\/ley-de-libertad-de-informacion\/\" \/>\n<meta property=\"og:locale\" content=\"es_ES\" \/>\n<meta property=\"og:type\" content=\"article\" \/>\n<meta property=\"og:title\" content=\"Ley de Libertad de Informaci\u00f3n | Maison Law Immigration Lawyers\" \/>\n<meta property=\"og:description\" content=\"Si quiere saber qu\u00e9 informaci\u00f3n sobre inmigraci\u00f3n tiene el gobierno de EE.UU. en relaci\u00f3n con usted o con otra persona, puede acceder a la informaci\u00f3n que desea mediante una solicitud de la Ley de Libertad de Informaci\u00f3n (FOIA), enviando el correspondiente formulario G639 a la agencia o subdivisi\u00f3n correspondiente.\u00a0 Si la informaci\u00f3n es sobre otra [&hellip;]\" \/>\n<meta property=\"og:url\" content=\"https:\/\/maisonimmigration.com\/es\/asilo\/ley-de-libertad-de-informacion\/\" \/>\n<meta property=\"og:site_name\" content=\"Maison Law Immigration Lawyers\" \/>\n<meta name=\"twitter:card\" content=\"summary_large_image\" \/>\n<meta name=\"twitter:label1\" content=\"Tiempo de lectura\" \/>\n\t<meta name=\"twitter:data1\" content=\"3 minutos\" \/>\n<script type=\"application\/ld+json\" class=\"yoast-schema-graph\">{\"@context\":\"https:\\\/\\\/schema.org\",\"@graph\":[{\"@type\":\"WebPage\",\"@id\":\"https:\\\/\\\/maisonimmigration.com\\\/es\\\/asilo\\\/ley-de-libertad-de-informacion\\\/\",\"url\":\"https:\\\/\\\/maisonimmigration.com\\\/es\\\/asilo\\\/ley-de-libertad-de-informacion\\\/\",\"name\":\"Ley de Libertad de Informaci\u00f3n | Maison Law Immigration Lawyers\",\"isPartOf\":{\"@id\":\"https:\\\/\\\/maisonimmigration.com\\\/es\\\/#website\"},\"datePublished\":\"2021-11-20T06:15:21+00:00\",\"breadcrumb\":{\"@id\":\"https:\\\/\\\/maisonimmigration.com\\\/es\\\/asilo\\\/ley-de-libertad-de-informacion\\\/#breadcrumb\"},\"inLanguage\":\"es\",\"potentialAction\":[{\"@type\":\"ReadAction\",\"target\":[\"https:\\\/\\\/maisonimmigration.com\\\/es\\\/asilo\\\/ley-de-libertad-de-informacion\\\/\"]}]},{\"@type\":\"BreadcrumbList\",\"@id\":\"https:\\\/\\\/maisonimmigration.com\\\/es\\\/asilo\\\/ley-de-libertad-de-informacion\\\/#breadcrumb\",\"itemListElement\":[{\"@type\":\"ListItem\",\"position\":1,\"name\":\"Home\",\"item\":\"https:\\\/\\\/maisonimmigration.com\\\/es\\\/\"},{\"@type\":\"ListItem\",\"position\":2,\"name\":\"Asilo\",\"item\":\"https:\\\/\\\/maisonimmigration.com\\\/es\\\/asilo\\\/\"},{\"@type\":\"ListItem\",\"position\":3,\"name\":\"Ley de Libertad de Informaci\u00f3n\"}]},{\"@type\":\"WebSite\",\"@id\":\"https:\\\/\\\/maisonimmigration.com\\\/es\\\/#website\",\"url\":\"https:\\\/\\\/maisonimmigration.com\\\/es\\\/\",\"name\":\"Maison Law Immigration Lawyers\",\"description\":\"\",\"publisher\":{\"@id\":\"https:\\\/\\\/maisonimmigration.com\\\/es\\\/#organization\"},\"potentialAction\":[{\"@type\":\"SearchAction\",\"target\":{\"@type\":\"EntryPoint\",\"urlTemplate\":\"https:\\\/\\\/maisonimmigration.com\\\/es\\\/?s={search_term_string}\"},\"query-input\":{\"@type\":\"PropertyValueSpecification\",\"valueRequired\":true,\"valueName\":\"search_term_string\"}}],\"inLanguage\":\"es\"},{\"@type\":\"Organization\",\"@id\":\"https:\\\/\\\/maisonimmigration.com\\\/es\\\/#organization\",\"name\":\"Maison Law Immigration Lawyers\",\"url\":\"https:\\\/\\\/maisonimmigration.com\\\/es\\\/\",\"logo\":{\"@type\":\"ImageObject\",\"inLanguage\":\"es\",\"@id\":\"https:\\\/\\\/maisonimmigration.com\\\/es\\\/#\\\/schema\\\/logo\\\/image\\\/\",\"url\":\"https:\\\/\\\/maisonimmigration.com\\\/wp-content\\\/uploads\\\/2025\\\/12\\\/maison-law-immigration-lawyers-new-logo.png\",\"contentUrl\":\"https:\\\/\\\/maisonimmigration.com\\\/wp-content\\\/uploads\\\/2025\\\/12\\\/maison-law-immigration-lawyers-new-logo.png\",\"width\":925,\"height\":211,\"caption\":\"Maison Law Immigration Lawyers\"},\"image\":{\"@id\":\"https:\\\/\\\/maisonimmigration.com\\\/es\\\/#\\\/schema\\\/logo\\\/image\\\/\"}}]}<\/script>\n<!-- \/ Yoast SEO plugin. -->","yoast_head_json":{"title":"Ley de Libertad de Informaci\u00f3n | Maison Law Immigration Lawyers","robots":{"index":"index","follow":"follow","max-snippet":"max-snippet:-1","max-image-preview":"max-image-preview:large","max-video-preview":"max-video-preview:-1"},"canonical":"https:\/\/maisonimmigration.com\/es\/asilo\/ley-de-libertad-de-informacion\/","og_locale":"es_ES","og_type":"article","og_title":"Ley de Libertad de Informaci\u00f3n | Maison Law Immigration Lawyers","og_description":"Si quiere saber qu\u00e9 informaci\u00f3n sobre inmigraci\u00f3n tiene el gobierno de EE.UU. en relaci\u00f3n con usted o con otra persona, puede acceder a la informaci\u00f3n que desea mediante una solicitud de la Ley de Libertad de Informaci\u00f3n (FOIA), enviando el correspondiente formulario G639 a la agencia o subdivisi\u00f3n correspondiente.\u00a0 Si la informaci\u00f3n es sobre otra [&hellip;]","og_url":"https:\/\/maisonimmigration.com\/es\/asilo\/ley-de-libertad-de-informacion\/","og_site_name":"Maison Law Immigration Lawyers","twitter_card":"summary_large_image","twitter_misc":{"Tiempo de lectura":"3 minutos"},"schema":{"@context":"https:\/\/schema.org","@graph":[{"@type":"WebPage","@id":"https:\/\/maisonimmigration.com\/es\/asilo\/ley-de-libertad-de-informacion\/","url":"https:\/\/maisonimmigration.com\/es\/asilo\/ley-de-libertad-de-informacion\/","name":"Ley de Libertad de Informaci\u00f3n | Maison Law Immigration Lawyers","isPartOf":{"@id":"https:\/\/maisonimmigration.com\/es\/#website"},"datePublished":"2021-11-20T06:15:21+00:00","breadcrumb":{"@id":"https:\/\/maisonimmigration.com\/es\/asilo\/ley-de-libertad-de-informacion\/#breadcrumb"},"inLanguage":"es","potentialAction":[{"@type":"ReadAction","target":["https:\/\/maisonimmigration.com\/es\/asilo\/ley-de-libertad-de-informacion\/"]}]},{"@type":"BreadcrumbList","@id":"https:\/\/maisonimmigration.com\/es\/asilo\/ley-de-libertad-de-informacion\/#breadcrumb","itemListElement":[{"@type":"ListItem","position":1,"name":"Home","item":"https:\/\/maisonimmigration.com\/es\/"},{"@type":"ListItem","position":2,"name":"Asilo","item":"https:\/\/maisonimmigration.com\/es\/asilo\/"},{"@type":"ListItem","position":3,"name":"Ley de Libertad de Informaci\u00f3n"}]},{"@type":"WebSite","@id":"https:\/\/maisonimmigration.com\/es\/#website","url":"https:\/\/maisonimmigration.com\/es\/","name":"Maison Law Immigration Lawyers","description":"","publisher":{"@id":"https:\/\/maisonimmigration.com\/es\/#organization"},"potentialAction":[{"@type":"SearchAction","target":{"@type":"EntryPoint","urlTemplate":"https:\/\/maisonimmigration.com\/es\/?s={search_term_string}"},"query-input":{"@type":"PropertyValueSpecification","valueRequired":true,"valueName":"search_term_string"}}],"inLanguage":"es"},{"@type":"Organization","@id":"https:\/\/maisonimmigration.com\/es\/#organization","name":"Maison Law Immigration Lawyers","url":"https:\/\/maisonimmigration.com\/es\/","logo":{"@type":"ImageObject","inLanguage":"es","@id":"https:\/\/maisonimmigration.com\/es\/#\/schema\/logo\/image\/","url":"https:\/\/maisonimmigration.com\/wp-content\/uploads\/2025\/12\/maison-law-immigration-lawyers-new-logo.png","contentUrl":"https:\/\/maisonimmigration.com\/wp-content\/uploads\/2025\/12\/maison-law-immigration-lawyers-new-logo.png","width":925,"height":211,"caption":"Maison Law Immigration Lawyers"},"image":{"@id":"https:\/\/maisonimmigration.com\/es\/#\/schema\/logo\/image\/"}}]}},"_links":{"self":[{"href":"https:\/\/maisonimmigration.com\/es\/wp-json\/wp\/v2\/pages\/445","targetHints":{"allow":["GET"]}}],"collection":[{"href":"https:\/\/maisonimmigration.com\/es\/wp-json\/wp\/v2\/pages"}],"about":[{"href":"https:\/\/maisonimmigration.com\/es\/wp-json\/wp\/v2\/types\/page"}],"author":[{"embeddable":true,"href":"https:\/\/maisonimmigration.com\/es\/wp-json\/wp\/v2\/users\/1"}],"replies":[{"embeddable":true,"href":"https:\/\/maisonimmigration.com\/es\/wp-json\/wp\/v2\/comments?post=445"}],"version-history":[{"count":1,"href":"https:\/\/maisonimmigration.com\/es\/wp-json\/wp\/v2\/pages\/445\/revisions"}],"predecessor-version":[{"id":446,"href":"https:\/\/maisonimmigration.com\/es\/wp-json\/wp\/v2\/pages\/445\/revisions\/446"}],"up":[{"embeddable":true,"href":"https:\/\/maisonimmigration.com\/es\/wp-json\/wp\/v2\/pages\/433"}],"wp:attachment":[{"href":"https:\/\/maisonimmigration.com\/es\/wp-json\/wp\/v2\/media?parent=445"}],"curies":[{"name":"wp","href":"https:\/\/api.w.org\/{rel}","templated":true}]}}