{"id":443,"date":"2021-11-20T06:13:28","date_gmt":"2021-11-20T06:13:28","guid":{"rendered":"https:\/\/maisonimmigration.com\/?page_id=443"},"modified":"2021-11-20T06:13:28","modified_gmt":"2021-11-20T06:13:28","slug":"deportacion","status":"publish","type":"page","link":"https:\/\/maisonimmigration.com\/es\/deportacion\/","title":{"rendered":"Deportaci\u00f3n"},"content":{"rendered":"<p>Si los funcionarios de inmigraci\u00f3n de los Estados Unidos descubren pruebas de que un extranjero ha entrado en el pa\u00eds de forma ilegal, ha violado las condiciones de su visado o ha sido condenado por determinados delitos, se puede iniciar un procedimiento formal de deportaci\u00f3n contra esa persona. La agencia que lleva la mayor\u00eda de los casos de deportaci\u00f3n es el Servicio de Inmigraci\u00f3n y Control de Aduanas (ICE). La agencia tambi\u00e9n puede enviar a los extranjeros a un procedimiento de deportaci\u00f3n acelerado con la Oficina Ejecutiva de Revisi\u00f3n Administrativa. Si se ordena la deportaci\u00f3n, el extranjero es devuelto a la naci\u00f3n de su ciudadan\u00eda. Si esa naci\u00f3n no lo acoge, el individuo es devuelto a su \u00faltimo puerto antes de entrar en Estados Unidos.<\/p>\n<h2>Defensa de remoci\u00f3n<\/h2>\n<p>La remoci\u00f3n es otro t\u00e9rmino que se utiliza para la deportaci\u00f3n, pero el resultado es el mismo. Si el extranjero no tiene \u00e9xito en el proceso de deportaci\u00f3n, se le expulsa de Estados Unidos y probablemente se le proh\u00edbe volver a entrar en el pa\u00eds durante varios a\u00f1os, si es que lo hace. A la mayor\u00eda de los extranjeros que los funcionarios de inmigraci\u00f3n consideran expulsables se les permite una audiencia ante un juez de inmigraci\u00f3n. A otros se les aplica la remoci\u00f3n acelerada sin derecho a una audiencia. Eso no significa que no existan excepciones a la remoci\u00f3n acelerada, por lo que el extranjero puede ponerse en contacto con un abogado de inmigraci\u00f3n para discutir las excepciones y defensas a la remoci\u00f3n acelerada. Los detenidos en espera de una remoci\u00f3n acelerada deben pedir hablar con un abogado y ser persistentes en sus peticiones. Es posible que sean deportados sin hablar nunca con un abogado para que les asesore sobre su situaci\u00f3n.<\/p>\n<h2>Procedimientos de remoci\u00f3n<\/h2>\n<p>Cuando se ha iniciado un procedimiento de remoci\u00f3n contra una persona, \u00e9sta se encuentra en una situaci\u00f3n complicada y dif\u00edcil. Vivir y trabajar en los Estados Unidos se pone en peligro. Contratar a los expertos y agresivos abogados de inmigraci\u00f3n de Central Valley de Maison Law Immigration Lawyers para que representen los mejores intereses de esa persona es de suma importancia. A continuaci\u00f3n, algunos ejemplos de las circunstancias que pueden hacer que una persona sea remitida a la deportaci\u00f3n:<\/p>\n<ul>\n<li>Incumplimiento de los t\u00e9rminos y condiciones de un visado.<\/li>\n<li>No mantener el estatus de su visado.<\/li>\n<li>Condena por un delito grave, un delito que implique vileza moral, delitos de drogas, tr\u00e1fico de personas, estar en los Estados Unidos ilegalmente o condena por otros delitos estatales o federales.<\/li>\n<\/ul>\n<h2>El aviso de comparecencia<\/h2>\n<p>Los procedimientos de remoci\u00f3n comienzan con la emisi\u00f3n de un Aviso de Comparecencia que enumera las alegaciones que sustentan la deportaci\u00f3n. A menudo, el individuo ya es puesto bajo custodia y mantenido en detenci\u00f3n. En algunos casos se puede solicitar una audiencia de fianza. En otros, puede concederse la libertad supervisada.<\/p>\n<h2>La audiencia del calendario maestro<\/h2>\n<p>Esta es la primera etapa del procedimiento de remoci\u00f3n, en la que el acusado admite o niega las alegaciones contenidas en el Aviso de Comparecencia y avisa al juez y al gobierno de cualquier medida que se solicite para evitar la deportaci\u00f3n. Si se solicita una reparaci\u00f3n, se fijar\u00e1 una audiencia individual sobre el fondo de la cuesti\u00f3n para que se puedan presentar pruebas y argumentos sobre la reparaci\u00f3n solicitada. El gobierno tendr\u00e1 la oportunidad de responder a esas pruebas y argumentos. A continuaci\u00f3n, el juez de inmigraci\u00f3n tomar\u00e1 una decisi\u00f3n sobre si la persona puede ser deportada.<\/p>\n<h2>Alivio de la remoci\u00f3n<\/h2>\n<p>La ley federal prev\u00e9 diversas formas de alivio de la deportaci\u00f3n. Si se ha determinado que una persona puede ser deportada, a\u00fan podemos plantearlas en su nombre. Dicho alivio consiste en lo siguiente:<\/p>\n<ul>\n<li>Anulaci\u00f3n de la remoci\u00f3n para los residentes permanentes legales.<\/li>\n<li>El reconocimiento de la condici\u00f3n de refugiado y la concesi\u00f3n del asilo.<\/li>\n<li>Retenci\u00f3n de la remoci\u00f3n.<\/li>\n<li>Ajuste del estatus al de residente permanente legal.<\/li>\n<li>Suspensi\u00f3n de la deportaci\u00f3n por dificultades extremas.<\/li>\n<li>Renuncia a la deportaci\u00f3n por dificultades extremas.<\/li>\n<li>Legalizaci\u00f3n o registro, que son formas de alivio distintas y poco frecuentes.<\/li>\n<\/ul>\n<p>Si usted est\u00e1 enfrentando la deportaci\u00f3n, p\u00f3ngase en contacto con los abogados de inmigraci\u00f3n de Central Valley de California en Maison Law Immigration Lawyers. Representamos a las personas en todas las etapas del proceso de deportaci\u00f3n, desde el Aviso de Comparecencia, la Audiencia del Calendario Maestro, la Audiencia de M\u00e9ritos Individual y el Alivio de la Deportaci\u00f3n. Siempre tenga en cuenta el hecho de que un abogado de deportaci\u00f3n de calidad le proporciona a usted o a su familiar la mejor oportunidad de \u00e9xito en un procedimiento de remoci\u00f3n.<\/p>\n","protected":false},"excerpt":{"rendered":"<p>Si los funcionarios de inmigraci\u00f3n de los Estados Unidos descubren pruebas de que un extranjero ha entrado en el pa\u00eds de forma ilegal, ha violado las condiciones de su visado o ha sido condenado por determinados delitos, se puede iniciar un procedimiento formal de deportaci\u00f3n contra esa persona. La agencia que lleva la mayor\u00eda de [&hellip;]<\/p>\n","protected":false},"author":1,"featured_media":0,"parent":0,"menu_order":0,"comment_status":"closed","ping_status":"closed","template":"","meta":{"footnotes":""},"class_list":["post-443","page","type-page","status-publish","hentry"],"yoast_head":"<!-- This site is optimized with the Yoast SEO plugin v27.3 - https:\/\/yoast.com\/product\/yoast-seo-wordpress\/ -->\n<title>Deportaci\u00f3n | Maison Law Immigration Lawyers<\/title>\n<meta name=\"robots\" content=\"index, follow, max-snippet:-1, max-image-preview:large, max-video-preview:-1\" \/>\n<link rel=\"canonical\" href=\"https:\/\/maisonimmigration.com\/es\/deportacion\/\" \/>\n<meta property=\"og:locale\" content=\"es_ES\" \/>\n<meta property=\"og:type\" content=\"article\" \/>\n<meta property=\"og:title\" content=\"Deportaci\u00f3n | Maison Law Immigration Lawyers\" \/>\n<meta property=\"og:description\" content=\"Si los funcionarios de inmigraci\u00f3n de los Estados Unidos descubren pruebas de que un extranjero ha entrado en el pa\u00eds de forma ilegal, ha violado las condiciones de su visado o ha sido condenado por determinados delitos, se puede iniciar un procedimiento formal de deportaci\u00f3n contra esa persona. La agencia que lleva la mayor\u00eda de [&hellip;]\" \/>\n<meta property=\"og:url\" content=\"https:\/\/maisonimmigration.com\/es\/deportacion\/\" \/>\n<meta property=\"og:site_name\" content=\"Maison Law Immigration Lawyers\" \/>\n<meta name=\"twitter:card\" content=\"summary_large_image\" \/>\n<meta name=\"twitter:label1\" content=\"Tiempo de lectura\" \/>\n\t<meta name=\"twitter:data1\" content=\"4 minutos\" \/>\n<script type=\"application\/ld+json\" class=\"yoast-schema-graph\">{\"@context\":\"https:\\\/\\\/schema.org\",\"@graph\":[{\"@type\":\"WebPage\",\"@id\":\"https:\\\/\\\/maisonimmigration.com\\\/es\\\/deportacion\\\/\",\"url\":\"https:\\\/\\\/maisonimmigration.com\\\/es\\\/deportacion\\\/\",\"name\":\"Deportaci\u00f3n | Maison Law Immigration Lawyers\",\"isPartOf\":{\"@id\":\"https:\\\/\\\/maisonimmigration.com\\\/es\\\/#website\"},\"datePublished\":\"2021-11-20T06:13:28+00:00\",\"breadcrumb\":{\"@id\":\"https:\\\/\\\/maisonimmigration.com\\\/es\\\/deportacion\\\/#breadcrumb\"},\"inLanguage\":\"es\",\"potentialAction\":[{\"@type\":\"ReadAction\",\"target\":[\"https:\\\/\\\/maisonimmigration.com\\\/es\\\/deportacion\\\/\"]}]},{\"@type\":\"BreadcrumbList\",\"@id\":\"https:\\\/\\\/maisonimmigration.com\\\/es\\\/deportacion\\\/#breadcrumb\",\"itemListElement\":[{\"@type\":\"ListItem\",\"position\":1,\"name\":\"Home\",\"item\":\"https:\\\/\\\/maisonimmigration.com\\\/es\\\/\"},{\"@type\":\"ListItem\",\"position\":2,\"name\":\"Deportaci\u00f3n\"}]},{\"@type\":\"WebSite\",\"@id\":\"https:\\\/\\\/maisonimmigration.com\\\/es\\\/#website\",\"url\":\"https:\\\/\\\/maisonimmigration.com\\\/es\\\/\",\"name\":\"Maison Law Immigration Lawyers\",\"description\":\"\",\"publisher\":{\"@id\":\"https:\\\/\\\/maisonimmigration.com\\\/es\\\/#organization\"},\"potentialAction\":[{\"@type\":\"SearchAction\",\"target\":{\"@type\":\"EntryPoint\",\"urlTemplate\":\"https:\\\/\\\/maisonimmigration.com\\\/es\\\/?s={search_term_string}\"},\"query-input\":{\"@type\":\"PropertyValueSpecification\",\"valueRequired\":true,\"valueName\":\"search_term_string\"}}],\"inLanguage\":\"es\"},{\"@type\":\"Organization\",\"@id\":\"https:\\\/\\\/maisonimmigration.com\\\/es\\\/#organization\",\"name\":\"Maison Law Immigration Lawyers\",\"url\":\"https:\\\/\\\/maisonimmigration.com\\\/es\\\/\",\"logo\":{\"@type\":\"ImageObject\",\"inLanguage\":\"es\",\"@id\":\"https:\\\/\\\/maisonimmigration.com\\\/es\\\/#\\\/schema\\\/logo\\\/image\\\/\",\"url\":\"https:\\\/\\\/maisonimmigration.com\\\/wp-content\\\/uploads\\\/2025\\\/12\\\/maison-law-immigration-lawyers-new-logo.png\",\"contentUrl\":\"https:\\\/\\\/maisonimmigration.com\\\/wp-content\\\/uploads\\\/2025\\\/12\\\/maison-law-immigration-lawyers-new-logo.png\",\"width\":925,\"height\":211,\"caption\":\"Maison Law Immigration Lawyers\"},\"image\":{\"@id\":\"https:\\\/\\\/maisonimmigration.com\\\/es\\\/#\\\/schema\\\/logo\\\/image\\\/\"}}]}<\/script>\n<!-- \/ Yoast SEO plugin. -->","yoast_head_json":{"title":"Deportaci\u00f3n | Maison Law Immigration Lawyers","robots":{"index":"index","follow":"follow","max-snippet":"max-snippet:-1","max-image-preview":"max-image-preview:large","max-video-preview":"max-video-preview:-1"},"canonical":"https:\/\/maisonimmigration.com\/es\/deportacion\/","og_locale":"es_ES","og_type":"article","og_title":"Deportaci\u00f3n | Maison Law Immigration Lawyers","og_description":"Si los funcionarios de inmigraci\u00f3n de los Estados Unidos descubren pruebas de que un extranjero ha entrado en el pa\u00eds de forma ilegal, ha violado las condiciones de su visado o ha sido condenado por determinados delitos, se puede iniciar un procedimiento formal de deportaci\u00f3n contra esa persona. La agencia que lleva la mayor\u00eda de [&hellip;]","og_url":"https:\/\/maisonimmigration.com\/es\/deportacion\/","og_site_name":"Maison Law Immigration Lawyers","twitter_card":"summary_large_image","twitter_misc":{"Tiempo de lectura":"4 minutos"},"schema":{"@context":"https:\/\/schema.org","@graph":[{"@type":"WebPage","@id":"https:\/\/maisonimmigration.com\/es\/deportacion\/","url":"https:\/\/maisonimmigration.com\/es\/deportacion\/","name":"Deportaci\u00f3n | Maison Law Immigration Lawyers","isPartOf":{"@id":"https:\/\/maisonimmigration.com\/es\/#website"},"datePublished":"2021-11-20T06:13:28+00:00","breadcrumb":{"@id":"https:\/\/maisonimmigration.com\/es\/deportacion\/#breadcrumb"},"inLanguage":"es","potentialAction":[{"@type":"ReadAction","target":["https:\/\/maisonimmigration.com\/es\/deportacion\/"]}]},{"@type":"BreadcrumbList","@id":"https:\/\/maisonimmigration.com\/es\/deportacion\/#breadcrumb","itemListElement":[{"@type":"ListItem","position":1,"name":"Home","item":"https:\/\/maisonimmigration.com\/es\/"},{"@type":"ListItem","position":2,"name":"Deportaci\u00f3n"}]},{"@type":"WebSite","@id":"https:\/\/maisonimmigration.com\/es\/#website","url":"https:\/\/maisonimmigration.com\/es\/","name":"Maison Law Immigration Lawyers","description":"","publisher":{"@id":"https:\/\/maisonimmigration.com\/es\/#organization"},"potentialAction":[{"@type":"SearchAction","target":{"@type":"EntryPoint","urlTemplate":"https:\/\/maisonimmigration.com\/es\/?s={search_term_string}"},"query-input":{"@type":"PropertyValueSpecification","valueRequired":true,"valueName":"search_term_string"}}],"inLanguage":"es"},{"@type":"Organization","@id":"https:\/\/maisonimmigration.com\/es\/#organization","name":"Maison Law Immigration Lawyers","url":"https:\/\/maisonimmigration.com\/es\/","logo":{"@type":"ImageObject","inLanguage":"es","@id":"https:\/\/maisonimmigration.com\/es\/#\/schema\/logo\/image\/","url":"https:\/\/maisonimmigration.com\/wp-content\/uploads\/2025\/12\/maison-law-immigration-lawyers-new-logo.png","contentUrl":"https:\/\/maisonimmigration.com\/wp-content\/uploads\/2025\/12\/maison-law-immigration-lawyers-new-logo.png","width":925,"height":211,"caption":"Maison Law Immigration Lawyers"},"image":{"@id":"https:\/\/maisonimmigration.com\/es\/#\/schema\/logo\/image\/"}}]}},"_links":{"self":[{"href":"https:\/\/maisonimmigration.com\/es\/wp-json\/wp\/v2\/pages\/443","targetHints":{"allow":["GET"]}}],"collection":[{"href":"https:\/\/maisonimmigration.com\/es\/wp-json\/wp\/v2\/pages"}],"about":[{"href":"https:\/\/maisonimmigration.com\/es\/wp-json\/wp\/v2\/types\/page"}],"author":[{"embeddable":true,"href":"https:\/\/maisonimmigration.com\/es\/wp-json\/wp\/v2\/users\/1"}],"replies":[{"embeddable":true,"href":"https:\/\/maisonimmigration.com\/es\/wp-json\/wp\/v2\/comments?post=443"}],"version-history":[{"count":1,"href":"https:\/\/maisonimmigration.com\/es\/wp-json\/wp\/v2\/pages\/443\/revisions"}],"predecessor-version":[{"id":444,"href":"https:\/\/maisonimmigration.com\/es\/wp-json\/wp\/v2\/pages\/443\/revisions\/444"}],"wp:attachment":[{"href":"https:\/\/maisonimmigration.com\/es\/wp-json\/wp\/v2\/media?parent=443"}],"curies":[{"name":"wp","href":"https:\/\/api.w.org\/{rel}","templated":true}]}}