{"id":439,"date":"2021-11-20T06:09:40","date_gmt":"2021-11-20T06:09:40","guid":{"rendered":"https:\/\/maisonimmigration.com\/?page_id=439"},"modified":"2026-01-08T23:07:31","modified_gmt":"2026-01-08T23:07:31","slug":"ciudadania","status":"publish","type":"page","link":"https:\/\/maisonimmigration.com\/es\/ciudadania\/","title":{"rendered":"Ciudadan\u00eda"},"content":{"rendered":"\t\t<div data-elementor-type=\"wp-page\" data-elementor-id=\"439\" class=\"elementor elementor-439 elementor-380\" data-elementor-post-type=\"page\">\n\t\t\t\t<div class=\"elementor-element elementor-element-0e9dab3 e-con-full e-flex e-con e-parent\" data-id=\"0e9dab3\" data-element_type=\"container\" data-e-type=\"container\">\n\t\t<div class=\"elementor-element elementor-element-fa41523 e-con-full e-flex e-con e-child\" data-id=\"fa41523\" data-element_type=\"container\" data-e-type=\"container\" data-settings=\"{&quot;background_background&quot;:&quot;gradient&quot;}\">\n\t\t<div class=\"elementor-element elementor-element-31c5ad8 e-con-full m-w-hundred e-flex e-con e-child\" data-id=\"31c5ad8\" data-element_type=\"container\" data-e-type=\"container\">\n\t\t<div class=\"elementor-element elementor-element-9b5752a e-con-full e-flex e-con e-child\" data-id=\"9b5752a\" data-element_type=\"container\" data-e-type=\"container\">\n\t\t\t\t<div class=\"elementor-element elementor-element-2121f71 elementor-widget elementor-widget-breadcrumbs\" data-id=\"2121f71\" data-element_type=\"widget\" data-e-type=\"widget\" data-widget_type=\"breadcrumbs.default\">\n\t\t\t\t<div class=\"elementor-widget-container\">\n\t\t\t\t\t<p id=\"breadcrumbs\"><span><span><a href=\"https:\/\/maisonimmigration.com\/es\/\">Home<\/a><\/span><\/span><\/p>\t\t\t\t<\/div>\n\t\t\t\t<\/div>\n\t\t\t\t<\/div>\n\t\t\t\t<\/div>\n\t\t\t\t<\/div>\n\t\t<div class=\"elementor-element elementor-element-d535643 e-con-full e-flex e-con e-child\" data-id=\"d535643\" data-element_type=\"container\" data-e-type=\"container\" data-settings=\"{&quot;background_background&quot;:&quot;classic&quot;}\">\n\t\t\t\t<\/div>\n\t\t\t\t<\/div>\n\t\t<div class=\"elementor-element elementor-element-47aa4067 e-flex e-con-boxed e-con e-parent\" data-id=\"47aa4067\" data-element_type=\"container\" data-e-type=\"container\">\n\t\t\t\t\t<div class=\"e-con-inner\">\n\t\t\t\t<div class=\"elementor-element elementor-element-6dd364f4 blog-post-container elementor-widget elementor-widget-text-editor\" data-id=\"6dd364f4\" data-element_type=\"widget\" data-e-type=\"widget\" data-widget_type=\"text-editor.default\">\n\t\t\t\t<div class=\"elementor-widget-container\">\n\t\t\t\t\t\t\t\t\t<p>Hay una variedad de formas en las que una persona puede adquirir la ciudadan\u00eda estadounidense. Por supuesto, una persona se convierte en ciudadana estadounidense por nacimiento si nace en este pa\u00eds, aunque sea ciudadano de otro pa\u00eds. Se tiene la doble ciudadan\u00eda, y la ley de Estados Unidos no le exige que elija la ciudadan\u00eda de un pa\u00eds o del otro.<\/p><h2>Cuando se nace en el extranjero o en un territorio estadounidense<\/h2><p>Si ha nacido en un territorio de Estados Unidos, como Puerto Rico o Guam, y tiene un certificado de nacimiento, es ciudadano estadounidense por nacimiento. Si naci\u00f3 fuera de Estados Unidos o de uno de sus territorios, y al menos uno de sus padres es ciudadano estadounidense, su certificado de nacimiento puede ser registrado en la embajada de Estados Unidos en la naci\u00f3n en la que naci\u00f3. Suponiendo que el registro haya sido antes de su 18\u00ba cumplea\u00f1os, sus padres pueden solicitar y obtener un Informe Consular de Nacimiento en el Extranjero. Este documento sirve para confirmar su ciudadan\u00eda estadounidense.<\/p><h2>Naturalizaci\u00f3n<\/h2><p>Cuando se invoca el proceso de naturalizaci\u00f3n, una persona que no es ciudadana estadounidense se convierte voluntariamente en ciudadana a trav\u00e9s de un proceso legal. Los requisitos b\u00e1sicos de ese proceso son tener la residencia permanente legal (Green Card, tarjeta verde en Espa\u00f1ol) en Estados Unidos durante al menos cinco a\u00f1os o al menos tres a\u00f1os si est\u00e1 casado con un ciudadano estadounidense. La naturalizaci\u00f3n debe solicitarse al menos seis meses antes de que expire su Tarjeta Verde. Si ha caducado, a\u00fan puede solicitar la naturalizaci\u00f3n siempre que presente una fotocopia del recibo de pago de su solicitud de sustituci\u00f3n de la tarjeta de residente permanente. Hay un proceso espec\u00edfico por el que una persona debe pasar para convertirse en ciudadano estadounidense naturalizado. Nuestros abogados de inmigraci\u00f3n de Central Valley en Maison Law Immigration Lawyers pueden explic\u00e1rselo.<\/p><h2>La ciudadan\u00eda a trav\u00e9s del asilo<\/h2><p>El asilo puede concederse a un ciudadano extranjero que llega a la frontera de Estados Unidos o que ya se encuentra en este pa\u00eds y es un refugiado. Un refugiado se define como una persona que no puede o no est\u00e1 dispuesta a regresar a su pa\u00eds de origen y no puede obtener protecci\u00f3n en ese pa\u00eds debido a una persecuci\u00f3n pasada o a un temor fundado de ser perseguido en el futuro por motivos de raza, religi\u00f3n, nacionalidad o pertenencia a un determinado grupo social u opini\u00f3n pol\u00edtica. Dicho temor debe ser cre\u00edble y razonable. De acuerdo con la ley de inmigraci\u00f3n estadounidense, Estados Unidos debe proteger a las personas que re\u00fanen los requisitos para ser refugiados o que solicitan asilo.<\/p><h2>El proceso de ciudadan\u00eda para los asilados<\/h2><p>El primer paso para que un asilado adquiera la ciudadan\u00eda estadounidense es obtener la residencia permanente legal en Estados Unidos mediante la expedici\u00f3n de una Tarjeta Verde. Un asilado puede solicitar la tarjeta verde despu\u00e9s de un a\u00f1o de haber recibido el asilo si ha mantenido una residencia ininterrumpida en Estados Unidos. El solicitante debe estar f\u00edsicamente presente en Estados Unidos en el momento de presentar su petici\u00f3n de residencia permanente legal. Suponiendo que se conceda el asilo, el asilado puede solicitar la ciudadan\u00eda estadounidense 5 a\u00f1os despu\u00e9s de que se apruebe la residencia permanente legal.<\/p><p>Obtener el estatus de asilado, la residencia permanente legal y la ciudadan\u00eda estadounidense son tareas confusas y complicadas. Usted querr\u00e1 tener a su lado un abogado de inmigraci\u00f3n de Central Valley que est\u00e9 bien informado y sea eficaz desde el principio. Si usted tiene la intenci\u00f3n de buscar la ciudadan\u00eda estadounidense a trav\u00e9s de asilo, p\u00f3ngase en contacto con Maison Law Immigration Lawyers para una consulta. Queremos verle cosechar los beneficios, las protecciones y el futuro que la ciudadan\u00eda estadounidense tiene para ofrecer.<\/p>\t\t\t\t\t\t\t\t<\/div>\n\t\t\t\t<\/div>\n\t\t\t\t\t<\/div>\n\t\t\t\t<\/div>\n\t\t\t\t<\/div>\n\t\t","protected":false},"excerpt":{"rendered":"<p>Hay una variedad de formas en las que una persona puede adquirir la ciudadan\u00eda estadounidense. Por supuesto, una persona se convierte en ciudadana estadounidense por nacimiento si nace en este pa\u00eds, aunque sea ciudadano de otro pa\u00eds. Se tiene la doble ciudadan\u00eda, y la ley de Estados Unidos no le exige que elija la ciudadan\u00eda [&hellip;]<\/p>\n","protected":false},"author":1,"featured_media":0,"parent":0,"menu_order":0,"comment_status":"closed","ping_status":"closed","template":"elementor_header_footer","meta":{"footnotes":""},"class_list":["post-439","page","type-page","status-publish","hentry"],"yoast_head":"<!-- This site is optimized with the Yoast SEO plugin v27.3 - https:\/\/yoast.com\/product\/yoast-seo-wordpress\/ -->\n<title>Ciudadan\u00eda | Maison Law Immigration Lawyers<\/title>\n<meta name=\"robots\" content=\"index, follow, max-snippet:-1, max-image-preview:large, max-video-preview:-1\" \/>\n<link rel=\"canonical\" href=\"https:\/\/maisonimmigration.com\/es\/ciudadania\/\" \/>\n<meta property=\"og:locale\" content=\"es_ES\" \/>\n<meta property=\"og:type\" content=\"article\" \/>\n<meta property=\"og:title\" content=\"Ciudadan\u00eda | Maison Law Immigration Lawyers\" \/>\n<meta property=\"og:description\" content=\"Hay una variedad de formas en las que una persona puede adquirir la ciudadan\u00eda estadounidense. Por supuesto, una persona se convierte en ciudadana estadounidense por nacimiento si nace en este pa\u00eds, aunque sea ciudadano de otro pa\u00eds. Se tiene la doble ciudadan\u00eda, y la ley de Estados Unidos no le exige que elija la ciudadan\u00eda [&hellip;]\" \/>\n<meta property=\"og:url\" content=\"https:\/\/maisonimmigration.com\/es\/ciudadania\/\" \/>\n<meta property=\"og:site_name\" content=\"Maison Law Immigration Lawyers\" \/>\n<meta property=\"article:modified_time\" content=\"2026-01-08T23:07:31+00:00\" \/>\n<meta name=\"twitter:card\" content=\"summary_large_image\" \/>\n<meta name=\"twitter:label1\" content=\"Tiempo de lectura\" \/>\n\t<meta name=\"twitter:data1\" content=\"3 minutos\" \/>\n<script type=\"application\/ld+json\" class=\"yoast-schema-graph\">{\"@context\":\"https:\\\/\\\/schema.org\",\"@graph\":[{\"@type\":\"WebPage\",\"@id\":\"https:\\\/\\\/maisonimmigration.com\\\/es\\\/ciudadania\\\/\",\"url\":\"https:\\\/\\\/maisonimmigration.com\\\/es\\\/ciudadania\\\/\",\"name\":\"Ciudadan\u00eda | Maison Law Immigration Lawyers\",\"isPartOf\":{\"@id\":\"https:\\\/\\\/maisonimmigration.com\\\/es\\\/#website\"},\"datePublished\":\"2021-11-20T06:09:40+00:00\",\"dateModified\":\"2026-01-08T23:07:31+00:00\",\"breadcrumb\":{\"@id\":\"https:\\\/\\\/maisonimmigration.com\\\/es\\\/ciudadania\\\/#breadcrumb\"},\"inLanguage\":\"es\",\"potentialAction\":[{\"@type\":\"ReadAction\",\"target\":[\"https:\\\/\\\/maisonimmigration.com\\\/es\\\/ciudadania\\\/\"]}]},{\"@type\":\"BreadcrumbList\",\"@id\":\"https:\\\/\\\/maisonimmigration.com\\\/es\\\/ciudadania\\\/#breadcrumb\",\"itemListElement\":[{\"@type\":\"ListItem\",\"position\":1,\"name\":\"Home\",\"item\":\"https:\\\/\\\/maisonimmigration.com\\\/es\\\/\"},{\"@type\":\"ListItem\",\"position\":2,\"name\":\"Ciudadan\u00eda\"}]},{\"@type\":\"WebSite\",\"@id\":\"https:\\\/\\\/maisonimmigration.com\\\/es\\\/#website\",\"url\":\"https:\\\/\\\/maisonimmigration.com\\\/es\\\/\",\"name\":\"Maison Law Immigration Lawyers\",\"description\":\"\",\"publisher\":{\"@id\":\"https:\\\/\\\/maisonimmigration.com\\\/es\\\/#organization\"},\"potentialAction\":[{\"@type\":\"SearchAction\",\"target\":{\"@type\":\"EntryPoint\",\"urlTemplate\":\"https:\\\/\\\/maisonimmigration.com\\\/es\\\/?s={search_term_string}\"},\"query-input\":{\"@type\":\"PropertyValueSpecification\",\"valueRequired\":true,\"valueName\":\"search_term_string\"}}],\"inLanguage\":\"es\"},{\"@type\":\"Organization\",\"@id\":\"https:\\\/\\\/maisonimmigration.com\\\/es\\\/#organization\",\"name\":\"Maison Law Immigration Lawyers\",\"url\":\"https:\\\/\\\/maisonimmigration.com\\\/es\\\/\",\"logo\":{\"@type\":\"ImageObject\",\"inLanguage\":\"es\",\"@id\":\"https:\\\/\\\/maisonimmigration.com\\\/es\\\/#\\\/schema\\\/logo\\\/image\\\/\",\"url\":\"https:\\\/\\\/maisonimmigration.com\\\/wp-content\\\/uploads\\\/2025\\\/12\\\/maison-law-immigration-lawyers-new-logo.png\",\"contentUrl\":\"https:\\\/\\\/maisonimmigration.com\\\/wp-content\\\/uploads\\\/2025\\\/12\\\/maison-law-immigration-lawyers-new-logo.png\",\"width\":925,\"height\":211,\"caption\":\"Maison Law Immigration Lawyers\"},\"image\":{\"@id\":\"https:\\\/\\\/maisonimmigration.com\\\/es\\\/#\\\/schema\\\/logo\\\/image\\\/\"}}]}<\/script>\n<!-- \/ Yoast SEO plugin. -->","yoast_head_json":{"title":"Ciudadan\u00eda | Maison Law Immigration Lawyers","robots":{"index":"index","follow":"follow","max-snippet":"max-snippet:-1","max-image-preview":"max-image-preview:large","max-video-preview":"max-video-preview:-1"},"canonical":"https:\/\/maisonimmigration.com\/es\/ciudadania\/","og_locale":"es_ES","og_type":"article","og_title":"Ciudadan\u00eda | Maison Law Immigration Lawyers","og_description":"Hay una variedad de formas en las que una persona puede adquirir la ciudadan\u00eda estadounidense. Por supuesto, una persona se convierte en ciudadana estadounidense por nacimiento si nace en este pa\u00eds, aunque sea ciudadano de otro pa\u00eds. Se tiene la doble ciudadan\u00eda, y la ley de Estados Unidos no le exige que elija la ciudadan\u00eda [&hellip;]","og_url":"https:\/\/maisonimmigration.com\/es\/ciudadania\/","og_site_name":"Maison Law Immigration Lawyers","article_modified_time":"2026-01-08T23:07:31+00:00","twitter_card":"summary_large_image","twitter_misc":{"Tiempo de lectura":"3 minutos"},"schema":{"@context":"https:\/\/schema.org","@graph":[{"@type":"WebPage","@id":"https:\/\/maisonimmigration.com\/es\/ciudadania\/","url":"https:\/\/maisonimmigration.com\/es\/ciudadania\/","name":"Ciudadan\u00eda | Maison Law Immigration Lawyers","isPartOf":{"@id":"https:\/\/maisonimmigration.com\/es\/#website"},"datePublished":"2021-11-20T06:09:40+00:00","dateModified":"2026-01-08T23:07:31+00:00","breadcrumb":{"@id":"https:\/\/maisonimmigration.com\/es\/ciudadania\/#breadcrumb"},"inLanguage":"es","potentialAction":[{"@type":"ReadAction","target":["https:\/\/maisonimmigration.com\/es\/ciudadania\/"]}]},{"@type":"BreadcrumbList","@id":"https:\/\/maisonimmigration.com\/es\/ciudadania\/#breadcrumb","itemListElement":[{"@type":"ListItem","position":1,"name":"Home","item":"https:\/\/maisonimmigration.com\/es\/"},{"@type":"ListItem","position":2,"name":"Ciudadan\u00eda"}]},{"@type":"WebSite","@id":"https:\/\/maisonimmigration.com\/es\/#website","url":"https:\/\/maisonimmigration.com\/es\/","name":"Maison Law Immigration Lawyers","description":"","publisher":{"@id":"https:\/\/maisonimmigration.com\/es\/#organization"},"potentialAction":[{"@type":"SearchAction","target":{"@type":"EntryPoint","urlTemplate":"https:\/\/maisonimmigration.com\/es\/?s={search_term_string}"},"query-input":{"@type":"PropertyValueSpecification","valueRequired":true,"valueName":"search_term_string"}}],"inLanguage":"es"},{"@type":"Organization","@id":"https:\/\/maisonimmigration.com\/es\/#organization","name":"Maison Law Immigration Lawyers","url":"https:\/\/maisonimmigration.com\/es\/","logo":{"@type":"ImageObject","inLanguage":"es","@id":"https:\/\/maisonimmigration.com\/es\/#\/schema\/logo\/image\/","url":"https:\/\/maisonimmigration.com\/wp-content\/uploads\/2025\/12\/maison-law-immigration-lawyers-new-logo.png","contentUrl":"https:\/\/maisonimmigration.com\/wp-content\/uploads\/2025\/12\/maison-law-immigration-lawyers-new-logo.png","width":925,"height":211,"caption":"Maison Law Immigration Lawyers"},"image":{"@id":"https:\/\/maisonimmigration.com\/es\/#\/schema\/logo\/image\/"}}]}},"_links":{"self":[{"href":"https:\/\/maisonimmigration.com\/es\/wp-json\/wp\/v2\/pages\/439","targetHints":{"allow":["GET"]}}],"collection":[{"href":"https:\/\/maisonimmigration.com\/es\/wp-json\/wp\/v2\/pages"}],"about":[{"href":"https:\/\/maisonimmigration.com\/es\/wp-json\/wp\/v2\/types\/page"}],"author":[{"embeddable":true,"href":"https:\/\/maisonimmigration.com\/es\/wp-json\/wp\/v2\/users\/1"}],"replies":[{"embeddable":true,"href":"https:\/\/maisonimmigration.com\/es\/wp-json\/wp\/v2\/comments?post=439"}],"version-history":[{"count":16,"href":"https:\/\/maisonimmigration.com\/es\/wp-json\/wp\/v2\/pages\/439\/revisions"}],"predecessor-version":[{"id":3500,"href":"https:\/\/maisonimmigration.com\/es\/wp-json\/wp\/v2\/pages\/439\/revisions\/3500"}],"wp:attachment":[{"href":"https:\/\/maisonimmigration.com\/es\/wp-json\/wp\/v2\/media?parent=439"}],"curies":[{"name":"wp","href":"https:\/\/api.w.org\/{rel}","templated":true}]}}