{"id":433,"date":"2021-11-20T06:03:13","date_gmt":"2021-11-20T06:03:13","guid":{"rendered":"https:\/\/maisonimmigration.com\/?page_id=433"},"modified":"2024-05-16T04:54:10","modified_gmt":"2024-05-16T04:54:10","slug":"asilo","status":"publish","type":"page","link":"https:\/\/maisonimmigration.com\/es\/asilo\/","title":{"rendered":"Asilo"},"content":{"rendered":"\t\t<div data-elementor-type=\"wp-page\" data-elementor-id=\"433\" class=\"elementor elementor-433 elementor-61\" data-elementor-post-type=\"page\">\n\t\t\t\t\t\t<section class=\"elementor-section elementor-top-section elementor-element elementor-element-112df9c2 elementor-section-boxed elementor-section-height-default elementor-section-height-default\" data-id=\"112df9c2\" data-element_type=\"section\" data-e-type=\"section\">\n\t\t\t\t\t\t<div class=\"elementor-container elementor-column-gap-default\">\n\t\t\t\t\t<div class=\"elementor-column elementor-col-100 elementor-top-column elementor-element elementor-element-3ee6b791\" data-id=\"3ee6b791\" data-element_type=\"column\" data-e-type=\"column\">\n\t\t\t<div class=\"elementor-widget-wrap elementor-element-populated\">\n\t\t\t\t\t\t<div class=\"elementor-element elementor-element-2e5e0da elementor-widget elementor-widget-text-editor\" data-id=\"2e5e0da\" data-element_type=\"widget\" data-e-type=\"widget\" data-widget_type=\"text-editor.default\">\n\t\t\t\t<div class=\"elementor-widget-container\">\n\t\t\t\t\t\t\t\t\t<p>El proceso de solicitud de asilo en Estados Unidos es dif\u00edcil, largo y complicado, sobre todo porque suele intervenir m\u00e1s de una agencia federal. Las Naciones Unidas definen a un refugiado como alguien que no puede o no quiere regresar a su pa\u00eds de origen porque no puede obtener protecci\u00f3n all\u00ed debido a la persecuci\u00f3n o a un temor bien fundado de persecuci\u00f3n futura como resultado de \u00abraza, religi\u00f3n, nacionalidad, pertenencia a un grupo social particular u opini\u00f3n pol\u00edtica\u00bb. Estados Unidos sigue esa definici\u00f3n. Una persona que solicita asilo pretende ser un refugiado, pero a\u00fan no se le ha concedido tal estatus.<\/p><p>\u00a0<\/p><p><strong>\u00bfDesde d\u00f3nde se puede solicitar asilo?<\/strong><\/p><p>Seg\u00fan la legislaci\u00f3n estadounidense, una persona puede solicitar asilo en un puerto fronterizo de entrada a Estados Unidos o desde cualquier otro lugar dentro del pa\u00eds. El asilo debe solicitarse en el plazo de un a\u00f1o desde la obtenci\u00f3n de la entrada en el pa\u00eds. Una persona que solicite asilo en Estados Unidos puede permanecer en el pa\u00eds durante el tiempo en que se tome una decisi\u00f3n sobre su petici\u00f3n.<\/p><p>\u00a0<\/p><p><strong>Solicitud de asilo<\/strong><\/p><p>Utilizar\u00e1 el formulario I-589 para solicitar asilo. Es un formulario largo en el que se le pide informaci\u00f3n detallada sobre usted y su familia y por qu\u00e9 tiene miedo de regresar a su pa\u00eds de origen. Como el formulario est\u00e1 en ingl\u00e9s, todo lo que diga en \u00e9l puede y probablemente ser\u00e1 utilizado en su contra. Es por eso que su Formulario I-589 debe ser preparado cuidadosa y profesionalmente por un abogado de inmigraci\u00f3n del Valle Central aqu\u00ed en Maison Law Abogados de Inmigraci\u00f3n.<\/p><p>\u00a0<\/p><p><strong>Asilo Afirmativo y Defensivo<\/strong><\/p><p>Una persona puede solicitar asilo en los Estados Unidos de dos maneras. Estas son a trav\u00e9s del proceso afirmativo y el proceso defensivo. No se puede solicitar asilo si el solicitante se encuentra en otro pa\u00eds. El solicitante de asilo no tiene derecho a un abogado designado por el tribunal. \u00c9l o ella debe contratar a su propio abogado. A continuaci\u00f3n, encontrar\u00e1 breves res\u00famenes de los procesos afirmativo y defensivo:<\/p><ul><li><strong>Asilo afirmativo<\/strong>: Una persona puede solicitar asilo a trav\u00e9s del Servicio de Ciudadan\u00eda e Inmigraci\u00f3n de EE.UU. si no se encuentra en proceso de expulsi\u00f3n. En caso de que la persona no tenga un estatus migratorio v\u00e1lido, la denegaci\u00f3n de una petici\u00f3n de asilo operar\u00e1 para que el individuo sea remitido a un procedimiento de expulsi\u00f3n.<\/li><li><strong>Asilo defensivo<\/strong>: Una persona que se encuentre en proceso de expulsi\u00f3n a\u00fan puede solicitar asilo, pero esa petici\u00f3n debe presentarse ante un juez de inmigraci\u00f3n de la Oficina Ejecutiva de Revisi\u00f3n de Inmigraci\u00f3n del Departamento de Justicia de EE.UU. La regla general es que los solicitantes de asilo que se encuentran en un puerto de entrada a EE.UU. o que entraron en EE.UU. sin inspecci\u00f3n deben solicitar asilo defensivo.<\/li><\/ul><p><strong>La entrevista en la Oficina de Asilo<\/strong><\/p><p>Su entrevista es su oportunidad de explicar al gobierno estadounidense por qu\u00e9 solicita asilo y por qu\u00e9 deber\u00edan conced\u00e9rselo. Contar con un abogado especializado en asilo en su entrevista es extremadamente importante. Su abogado no s\u00f3lo puede prepararle para muchas de las preguntas que le har\u00e1n en la entrevista, sino que tambi\u00e9n puede ayudarle a reunir pruebas adicionales que puedan ayudar al gobierno a tomar una decisi\u00f3n positiva en su favor. Si cree que necesita un traductor, tendr\u00e1 que llevar a su propio int\u00e9rprete adulto. La exactitud de sus servicios de traducci\u00f3n ser\u00e1 supervisada de forma independiente durante la entrevista. Una vez concluida su entrevista, su petici\u00f3n ser\u00e1 concedida o ser\u00e1 remitida. Si es remitida, se le ha denegado, pero tendr\u00e1 la oportunidad de volver a presentar su caso ante el tribunal de inmigraci\u00f3n. La mayor\u00eda de las peticiones de inmigraci\u00f3n son referidas all\u00ed. Tenga en cuenta que los casos referidos son procedimientos de expulsi\u00f3n. Si no prevalece en su caso referido, ser\u00e1 deportado. Querr\u00e1 un abogado de inmigraci\u00f3n experto y agresivo que proteja e invoque todos sus derechos en cualquier procedimiento de expulsi\u00f3n.<\/p><p>\u00a0<\/p><p><strong>Protecci\u00f3n similar al asilo<\/strong><\/p><p>Aparte del asilo, existe protecci\u00f3n disponible para los extranjeros a los que de otro modo no se les permitir\u00eda acogerse a los beneficios y protecciones ofrecidos por los tribunales y agencias administrativas de los Estados Unidos. He aqu\u00ed algunas de ellas:<\/p><ul><li><strong>Ley de Violencia contra la Mujer (VAWA)<\/strong>: La esposa o el esposo de un ciudadano estadounidense o de un residente legal permanente en EE.UU. que podr\u00eda no tener derecho a prestaciones de inmigraci\u00f3n puede solicitar la residencia permanente para s\u00ed mismo y para sus hijos menores de 21 a\u00f1os. El motivo en virtud de la VAWA ser\u00eda que el c\u00f3nyuge ha sido v\u00edctima de malos tratos. Dicha petici\u00f3n tambi\u00e9n podr\u00eda ser presentada por un hijo supuestamente maltratado o por un progenitor en su nombre. Un progenitor que haya sido maltratado por un hijo mayor de 21 a\u00f1os que sea ciudadano estadounidense tambi\u00e9n puede presentar una petici\u00f3n VAWA.<\/li><li><strong>Visado U<\/strong>: Aunque se trata de un visado de no inmigrante, puede conducir a la residencia permanente legal en Estados Unidos. La intenci\u00f3n de la creaci\u00f3n de este visado es animar a las v\u00edctimas de violencia dom\u00e9stica, tr\u00e1fico de personas que no son ciudadanas estadounidenses u otros delitos a cooperar con las autoridades en Estados Unidos sin miedo a ser deportadas. El visado U s\u00f3lo se concede por cuatro a\u00f1os, y si se solicita el ajuste a una residencia permanente legal, la v\u00edctima debe estar en Estados Unidos durante tres a\u00f1os ininterrumpidos. Sobre esa base, la ventana para renovar o ajustar un visado U es corta. Los familiares que re\u00fanan los requisitos tambi\u00e9n ser\u00e1n tenidos en cuenta para los visados U.<\/li><li><strong>Visado T<\/strong>: Se trata tambi\u00e9n de visados de no inmigrante que permiten a sus titulares permanecer en Estados Unidos hasta cuatro a\u00f1os como v\u00edctimas de tr\u00e1fico de seres humanos grave. Seg\u00fan la ley federal, tanto el tr\u00e1fico sexual como el tr\u00e1fico laboral se consideran formas graves de tr\u00e1fico de seres humanos. Los familiares que cumplan los requisitos tambi\u00e9n ser\u00e1n tenidos en cuenta para estos visados. Aquellos a los que se les expida un visado T podr\u00edan optar a ajustar su visado al de residente legal permanente. El requisito de residencia y el plazo para solicitar la renovaci\u00f3n o el ajuste del estatus de este visado al de residente permanente legal son los mismos que para un visado U.<\/li><\/ul><p>Ya sea que est\u00e9 considerando asilo, VAWA, una Visa U o una Visa T, es poco probable que su petici\u00f3n sea concedida sin la representaci\u00f3n de un abogado de inmigraci\u00f3n calificado y dedicado del Valle Central de Maison Law Immigration Lawyers. Trabajamos duro para que nuestros clientes reciban la mejor representaci\u00f3n legal de inmigraci\u00f3n posible, independientemente de cu\u00e1l sea su problema de inmigraci\u00f3n. Ya que el gobierno de los Estados Unidos ha establecido ventanas de oportunidad cortas, no espere. P\u00f3ngase en contacto con nosotros lo antes posible para una consulta sobre la solicitud de asilo, VAWA, visado U o visado T. Nuestro objetivo es obtener el alivio total que usted busca.<\/p><p>\u00a0<\/p><p><strong>P\u00f3ngase en contacto con un abogado de inmigraci\u00f3n de Bakersfield hoy:<\/strong><\/p><p>Maison Law Abogados de Inmigraci\u00f3n tiene oficinas desde Los \u00c1ngeles a Stockton y tambi\u00e9n se re\u00fane con los clientes a trav\u00e9s de Zoom. Nuestra oficina principal se encuentra en Bakersfield California. Somos un bufete de abogados de inmigraci\u00f3n de servicio completo que sirve el valle central de California. Manejamos asuntos de ciudadan\u00eda, visas, defensa de deportaci\u00f3n y m\u00e1s.<\/p><p><span style=\"font-weight: 400;\">\u00a0<\/span><\/p>\t\t\t\t\t\t\t\t<\/div>\n\t\t\t\t<\/div>\n\t\t\t\t\t<\/div>\n\t\t<\/div>\n\t\t\t\t\t<\/div>\n\t\t<\/section>\n\t\t\t\t<\/div>\n\t\t","protected":false},"excerpt":{"rendered":"<p>El proceso de solicitud de asilo en Estados Unidos es dif\u00edcil, largo y complicado, sobre todo porque suele intervenir m\u00e1s de una agencia federal. Las Naciones Unidas definen a un refugiado como alguien que no puede o no quiere regresar a su pa\u00eds de origen porque no puede obtener protecci\u00f3n all\u00ed debido a la persecuci\u00f3n [&hellip;]<\/p>\n","protected":false},"author":1,"featured_media":0,"parent":0,"menu_order":0,"comment_status":"closed","ping_status":"closed","template":"","meta":{"footnotes":""},"class_list":["post-433","page","type-page","status-publish","hentry"],"yoast_head":"<!-- This site is optimized with the Yoast SEO plugin v27.3 - https:\/\/yoast.com\/product\/yoast-seo-wordpress\/ -->\n<title>Asilo | Maison Law Immigration Lawyers<\/title>\n<meta name=\"robots\" content=\"index, follow, max-snippet:-1, max-image-preview:large, max-video-preview:-1\" \/>\n<link rel=\"canonical\" href=\"https:\/\/maisonimmigration.com\/es\/asilo\/\" \/>\n<meta property=\"og:locale\" content=\"es_ES\" \/>\n<meta property=\"og:type\" content=\"article\" \/>\n<meta property=\"og:title\" content=\"Asilo | Maison Law Immigration Lawyers\" \/>\n<meta property=\"og:description\" content=\"El proceso de solicitud de asilo en Estados Unidos es dif\u00edcil, largo y complicado, sobre todo porque suele intervenir m\u00e1s de una agencia federal. Las Naciones Unidas definen a un refugiado como alguien que no puede o no quiere regresar a su pa\u00eds de origen porque no puede obtener protecci\u00f3n all\u00ed debido a la persecuci\u00f3n [&hellip;]\" \/>\n<meta property=\"og:url\" content=\"https:\/\/maisonimmigration.com\/es\/asilo\/\" \/>\n<meta property=\"og:site_name\" content=\"Maison Law Immigration Lawyers\" \/>\n<meta property=\"article:modified_time\" content=\"2024-05-16T04:54:10+00:00\" \/>\n<meta name=\"twitter:card\" content=\"summary_large_image\" \/>\n<meta name=\"twitter:label1\" content=\"Tiempo de lectura\" \/>\n\t<meta name=\"twitter:data1\" content=\"6 minutos\" \/>\n<script type=\"application\/ld+json\" class=\"yoast-schema-graph\">{\"@context\":\"https:\\\/\\\/schema.org\",\"@graph\":[{\"@type\":\"WebPage\",\"@id\":\"https:\\\/\\\/maisonimmigration.com\\\/es\\\/asilo\\\/\",\"url\":\"https:\\\/\\\/maisonimmigration.com\\\/es\\\/asilo\\\/\",\"name\":\"Asilo | Maison Law Immigration Lawyers\",\"isPartOf\":{\"@id\":\"https:\\\/\\\/maisonimmigration.com\\\/es\\\/#website\"},\"datePublished\":\"2021-11-20T06:03:13+00:00\",\"dateModified\":\"2024-05-16T04:54:10+00:00\",\"breadcrumb\":{\"@id\":\"https:\\\/\\\/maisonimmigration.com\\\/es\\\/asilo\\\/#breadcrumb\"},\"inLanguage\":\"es\",\"potentialAction\":[{\"@type\":\"ReadAction\",\"target\":[\"https:\\\/\\\/maisonimmigration.com\\\/es\\\/asilo\\\/\"]}]},{\"@type\":\"BreadcrumbList\",\"@id\":\"https:\\\/\\\/maisonimmigration.com\\\/es\\\/asilo\\\/#breadcrumb\",\"itemListElement\":[{\"@type\":\"ListItem\",\"position\":1,\"name\":\"Home\",\"item\":\"https:\\\/\\\/maisonimmigration.com\\\/es\\\/\"},{\"@type\":\"ListItem\",\"position\":2,\"name\":\"Asilo\"}]},{\"@type\":\"WebSite\",\"@id\":\"https:\\\/\\\/maisonimmigration.com\\\/es\\\/#website\",\"url\":\"https:\\\/\\\/maisonimmigration.com\\\/es\\\/\",\"name\":\"Maison Law Immigration Lawyers\",\"description\":\"\",\"publisher\":{\"@id\":\"https:\\\/\\\/maisonimmigration.com\\\/es\\\/#organization\"},\"potentialAction\":[{\"@type\":\"SearchAction\",\"target\":{\"@type\":\"EntryPoint\",\"urlTemplate\":\"https:\\\/\\\/maisonimmigration.com\\\/es\\\/?s={search_term_string}\"},\"query-input\":{\"@type\":\"PropertyValueSpecification\",\"valueRequired\":true,\"valueName\":\"search_term_string\"}}],\"inLanguage\":\"es\"},{\"@type\":\"Organization\",\"@id\":\"https:\\\/\\\/maisonimmigration.com\\\/es\\\/#organization\",\"name\":\"Maison Law Immigration Lawyers\",\"url\":\"https:\\\/\\\/maisonimmigration.com\\\/es\\\/\",\"logo\":{\"@type\":\"ImageObject\",\"inLanguage\":\"es\",\"@id\":\"https:\\\/\\\/maisonimmigration.com\\\/es\\\/#\\\/schema\\\/logo\\\/image\\\/\",\"url\":\"https:\\\/\\\/maisonimmigration.com\\\/wp-content\\\/uploads\\\/2025\\\/12\\\/maison-law-immigration-lawyers-new-logo.png\",\"contentUrl\":\"https:\\\/\\\/maisonimmigration.com\\\/wp-content\\\/uploads\\\/2025\\\/12\\\/maison-law-immigration-lawyers-new-logo.png\",\"width\":925,\"height\":211,\"caption\":\"Maison Law Immigration Lawyers\"},\"image\":{\"@id\":\"https:\\\/\\\/maisonimmigration.com\\\/es\\\/#\\\/schema\\\/logo\\\/image\\\/\"}}]}<\/script>\n<!-- \/ Yoast SEO plugin. -->","yoast_head_json":{"title":"Asilo | Maison Law Immigration Lawyers","robots":{"index":"index","follow":"follow","max-snippet":"max-snippet:-1","max-image-preview":"max-image-preview:large","max-video-preview":"max-video-preview:-1"},"canonical":"https:\/\/maisonimmigration.com\/es\/asilo\/","og_locale":"es_ES","og_type":"article","og_title":"Asilo | Maison Law Immigration Lawyers","og_description":"El proceso de solicitud de asilo en Estados Unidos es dif\u00edcil, largo y complicado, sobre todo porque suele intervenir m\u00e1s de una agencia federal. Las Naciones Unidas definen a un refugiado como alguien que no puede o no quiere regresar a su pa\u00eds de origen porque no puede obtener protecci\u00f3n all\u00ed debido a la persecuci\u00f3n [&hellip;]","og_url":"https:\/\/maisonimmigration.com\/es\/asilo\/","og_site_name":"Maison Law Immigration Lawyers","article_modified_time":"2024-05-16T04:54:10+00:00","twitter_card":"summary_large_image","twitter_misc":{"Tiempo de lectura":"6 minutos"},"schema":{"@context":"https:\/\/schema.org","@graph":[{"@type":"WebPage","@id":"https:\/\/maisonimmigration.com\/es\/asilo\/","url":"https:\/\/maisonimmigration.com\/es\/asilo\/","name":"Asilo | Maison Law Immigration Lawyers","isPartOf":{"@id":"https:\/\/maisonimmigration.com\/es\/#website"},"datePublished":"2021-11-20T06:03:13+00:00","dateModified":"2024-05-16T04:54:10+00:00","breadcrumb":{"@id":"https:\/\/maisonimmigration.com\/es\/asilo\/#breadcrumb"},"inLanguage":"es","potentialAction":[{"@type":"ReadAction","target":["https:\/\/maisonimmigration.com\/es\/asilo\/"]}]},{"@type":"BreadcrumbList","@id":"https:\/\/maisonimmigration.com\/es\/asilo\/#breadcrumb","itemListElement":[{"@type":"ListItem","position":1,"name":"Home","item":"https:\/\/maisonimmigration.com\/es\/"},{"@type":"ListItem","position":2,"name":"Asilo"}]},{"@type":"WebSite","@id":"https:\/\/maisonimmigration.com\/es\/#website","url":"https:\/\/maisonimmigration.com\/es\/","name":"Maison Law Immigration Lawyers","description":"","publisher":{"@id":"https:\/\/maisonimmigration.com\/es\/#organization"},"potentialAction":[{"@type":"SearchAction","target":{"@type":"EntryPoint","urlTemplate":"https:\/\/maisonimmigration.com\/es\/?s={search_term_string}"},"query-input":{"@type":"PropertyValueSpecification","valueRequired":true,"valueName":"search_term_string"}}],"inLanguage":"es"},{"@type":"Organization","@id":"https:\/\/maisonimmigration.com\/es\/#organization","name":"Maison Law Immigration Lawyers","url":"https:\/\/maisonimmigration.com\/es\/","logo":{"@type":"ImageObject","inLanguage":"es","@id":"https:\/\/maisonimmigration.com\/es\/#\/schema\/logo\/image\/","url":"https:\/\/maisonimmigration.com\/wp-content\/uploads\/2025\/12\/maison-law-immigration-lawyers-new-logo.png","contentUrl":"https:\/\/maisonimmigration.com\/wp-content\/uploads\/2025\/12\/maison-law-immigration-lawyers-new-logo.png","width":925,"height":211,"caption":"Maison Law Immigration Lawyers"},"image":{"@id":"https:\/\/maisonimmigration.com\/es\/#\/schema\/logo\/image\/"}}]}},"_links":{"self":[{"href":"https:\/\/maisonimmigration.com\/es\/wp-json\/wp\/v2\/pages\/433","targetHints":{"allow":["GET"]}}],"collection":[{"href":"https:\/\/maisonimmigration.com\/es\/wp-json\/wp\/v2\/pages"}],"about":[{"href":"https:\/\/maisonimmigration.com\/es\/wp-json\/wp\/v2\/types\/page"}],"author":[{"embeddable":true,"href":"https:\/\/maisonimmigration.com\/es\/wp-json\/wp\/v2\/users\/1"}],"replies":[{"embeddable":true,"href":"https:\/\/maisonimmigration.com\/es\/wp-json\/wp\/v2\/comments?post=433"}],"version-history":[{"count":5,"href":"https:\/\/maisonimmigration.com\/es\/wp-json\/wp\/v2\/pages\/433\/revisions"}],"predecessor-version":[{"id":1360,"href":"https:\/\/maisonimmigration.com\/es\/wp-json\/wp\/v2\/pages\/433\/revisions\/1360"}],"wp:attachment":[{"href":"https:\/\/maisonimmigration.com\/es\/wp-json\/wp\/v2\/media?parent=433"}],"curies":[{"name":"wp","href":"https:\/\/api.w.org\/{rel}","templated":true}]}}