{"id":431,"date":"2021-11-20T05:54:17","date_gmt":"2021-11-20T05:54:17","guid":{"rendered":"https:\/\/maisonimmigration.com\/?page_id=431"},"modified":"2021-11-20T05:54:17","modified_gmt":"2021-11-20T05:54:17","slug":"libertad-condicional-en-el-lugar-para-familias-militares","status":"publish","type":"page","link":"https:\/\/maisonimmigration.com\/es\/residency\/libertad-condicional-en-el-lugar-para-familias-militares\/","title":{"rendered":"Libertad condicional en el lugar para familias militares"},"content":{"rendered":"<p>La libertad condicional militar en el lugar, tambi\u00e9n conocida como PIP, es un privilegio discrecional y temporal de un a\u00f1o que permite a los c\u00f3nyuges indocumentados, a los hijos solteros menores de 21 a\u00f1os y a los padres de ciudadanos estadounidenses que est\u00e1n o han estado en las fuerzas armadas, permanecer en los Estados Unidos despu\u00e9s de su entrada ilegal. Tenga en cuenta que s\u00f3lo se concede por incrementos de un a\u00f1o. La libertad condicional militar vigente tiene en cuenta las circunstancias de las personas con una relaci\u00f3n familiar estrecha con un ciudadano estadounidense que ya pueden solicitar la residencia permanente en Estados Unidos. No se les exige que abandonen Estados Unidos para regresar a su pa\u00eds de origen para el proceso consular, y su entrada y residencia ilegal aqu\u00ed no es un problema. De hecho, una persona puede tener ya una orden de expulsi\u00f3n en su contra, pero a\u00fan es posible que se le conceda la PIP.<\/p>\n<h2>Requisitos para el familiar de un ciudadano estadounidense<\/h2>\n<p>Como muchas otras \u00e1reas de la ley de inmigraci\u00f3n, el proceso de PIP es complicado y confuso. La representaci\u00f3n de los abogados de inmigraci\u00f3n de Central Valley en Abogados de Inmigraci\u00f3n de Maison Law puede ser de incre\u00edble ayuda. Se requiere que el familiar ciudadano de los Estados Unidos sea o haya sido uno de los siguientes:<\/p>\n<ul>\n<li>En servicio activo con las Fuerzas Armadas de los Estados Unidos.<\/li>\n<li>Un miembro actual de las Reservas o de la Guardia Nacional.<\/li>\n<li>Haber servido anteriormente en las Fuerzas Armadas de EE.UU. o en las reservas.<\/li>\n<\/ul>\n<h2>\u00bfC\u00f3mo se inicia el proceso de PIP?<\/h2>\n<p>Suponiendo que el familiar ciudadano estadounidense tenga 21 a\u00f1os, comienza el proceso de PIP con un Formulario I-130 de Petici\u00f3n de Familiar Extranjero que debe ser completado por \u00e9l o ella y presentado antes de solicitar el PIP. Hay una tasa de 535 d\u00f3lares por presentar el Formulario I-130. Lo bueno del PIP es que despu\u00e9s de presentar el Formulario I-130, los miembros de la familia que re\u00fanan los requisitos pueden solicitar el ajuste de estatus para convertirse en residentes permanentes legales. Como esto puede llevar m\u00e1s de un a\u00f1o, deben asegurarse de mantener su estatus PIP intacto.<\/p>\n<h2>Solicitar la libertad condicional en el lugar<\/h2>\n<p>La libertad condicional en el lugar es discrecional con el Servicio de Ciudadan\u00eda e Inmigraci\u00f3n de los Estados Unidos (USCIS). En este momento, no existe un formulario designado para solicitar la PIP. Despu\u00e9s de presentar el Formulario I-130, un familiar elegible necesita enviar una carta de dificultad al USCIS junto con un Formulario I-131 completado, independientemente del hecho de que el familiar ya est\u00e9 en los EE.UU. y no necesite viajar. No hay una casilla designada para el PIP, as\u00ed que cuando se pregunte el prop\u00f3sito de la visita, el familiar deber\u00e1 escribir a mano \u00bb Libertad condicional en el lugar\u00bb. Todos los documentos deben remitirse a la oficina del USCIS que tenga jurisdicci\u00f3n sobre la residencia del militar. Aseg\u00farese de que la carta advierte claramente en su inicio que el familiar solicita la libertad condicional en el lugar.<\/p>\n<ul>\n<li>Copias de las mejores pruebas posibles de la relaci\u00f3n familiar entre el miembro de la familia y el individuo que est\u00e1 o estuvo en el ej\u00e9rcito.<\/li>\n<li>Pruebas de la condici\u00f3n de militar actual o anterior del miembro de la familia.<\/li>\n<li>Dos fotos id\u00e9nticas de tama\u00f1o pasaporte.<\/li>\n<li>Cualquier otra evidencia relevante que pueda provocar una decisi\u00f3n discrecional favorable, como certificados de nacimiento o de bautismo, o cualquier otro documento que pruebe una relaci\u00f3n familiar.<\/li>\n<\/ul>\n<h2>P\u00f3ngase en contacto con un abogado de inmigraci\u00f3n de California hoy mismo.<\/h2>\n<p>El USCIS tiene el derecho de requerir una entrevista para aquellos que est\u00e1n buscando el estatus PIP. La persona que busca el estatus PIP debe obtener la aprobaci\u00f3n apropiada antes de que pueda buscar el ajuste solicitando la residencia permanente. La b\u00fasqueda del estatus PIP debe hacerse con cuidado, especialmente porque la aprobaci\u00f3n es discrecional con el USCIS. No ponga en peligro su elegibilidad para esta extraordinaria oportunidad. P\u00f3ngase en contacto con los abogados de inmigraci\u00f3n de Central Valley en Abogados de Inmigraci\u00f3n de Maison Law para discutir su situaci\u00f3n. Nuestro objetivo es ayudar a su familia a permanecer junta de forma permanente en los Estados Unidos.<\/p>\n","protected":false},"excerpt":{"rendered":"<p>La libertad condicional militar en el lugar, tambi\u00e9n conocida como PIP, es un privilegio discrecional y temporal de un a\u00f1o que permite a los c\u00f3nyuges indocumentados, a los hijos solteros menores de 21 a\u00f1os y a los padres de ciudadanos estadounidenses que est\u00e1n o han estado en las fuerzas armadas, permanecer en los Estados Unidos [&hellip;]<\/p>\n","protected":false},"author":1,"featured_media":0,"parent":356,"menu_order":0,"comment_status":"closed","ping_status":"closed","template":"","meta":{"footnotes":""},"class_list":["post-431","page","type-page","status-publish","hentry"],"yoast_head":"<!-- This site is optimized with the Yoast SEO plugin v27.3 - https:\/\/yoast.com\/product\/yoast-seo-wordpress\/ -->\n<title>Libertad condicional en el lugar para familias militares | Maison Law Immigration Lawyers<\/title>\n<meta name=\"robots\" content=\"index, follow, max-snippet:-1, max-image-preview:large, max-video-preview:-1\" \/>\n<link rel=\"canonical\" href=\"https:\/\/maisonimmigration.com\/es\/residency\/libertad-condicional-en-el-lugar-para-familias-militares\/\" \/>\n<meta property=\"og:locale\" content=\"es_ES\" \/>\n<meta property=\"og:type\" content=\"article\" \/>\n<meta property=\"og:title\" content=\"Libertad condicional en el lugar para familias militares | Maison Law Immigration Lawyers\" \/>\n<meta property=\"og:description\" content=\"La libertad condicional militar en el lugar, tambi\u00e9n conocida como PIP, es un privilegio discrecional y temporal de un a\u00f1o que permite a los c\u00f3nyuges indocumentados, a los hijos solteros menores de 21 a\u00f1os y a los padres de ciudadanos estadounidenses que est\u00e1n o han estado en las fuerzas armadas, permanecer en los Estados Unidos [&hellip;]\" \/>\n<meta property=\"og:url\" content=\"https:\/\/maisonimmigration.com\/es\/residency\/libertad-condicional-en-el-lugar-para-familias-militares\/\" \/>\n<meta property=\"og:site_name\" content=\"Maison Law Immigration Lawyers\" \/>\n<meta name=\"twitter:card\" content=\"summary_large_image\" \/>\n<meta name=\"twitter:label1\" content=\"Tiempo de lectura\" \/>\n\t<meta name=\"twitter:data1\" content=\"4 minutos\" \/>\n<script type=\"application\/ld+json\" class=\"yoast-schema-graph\">{\"@context\":\"https:\\\/\\\/schema.org\",\"@graph\":[{\"@type\":\"WebPage\",\"@id\":\"https:\\\/\\\/maisonimmigration.com\\\/es\\\/residency\\\/libertad-condicional-en-el-lugar-para-familias-militares\\\/\",\"url\":\"https:\\\/\\\/maisonimmigration.com\\\/es\\\/residency\\\/libertad-condicional-en-el-lugar-para-familias-militares\\\/\",\"name\":\"Libertad condicional en el lugar para familias militares | Maison Law Immigration Lawyers\",\"isPartOf\":{\"@id\":\"https:\\\/\\\/maisonimmigration.com\\\/es\\\/#website\"},\"datePublished\":\"2021-11-20T05:54:17+00:00\",\"breadcrumb\":{\"@id\":\"https:\\\/\\\/maisonimmigration.com\\\/es\\\/residency\\\/libertad-condicional-en-el-lugar-para-familias-militares\\\/#breadcrumb\"},\"inLanguage\":\"es\",\"potentialAction\":[{\"@type\":\"ReadAction\",\"target\":[\"https:\\\/\\\/maisonimmigration.com\\\/es\\\/residency\\\/libertad-condicional-en-el-lugar-para-familias-militares\\\/\"]}]},{\"@type\":\"BreadcrumbList\",\"@id\":\"https:\\\/\\\/maisonimmigration.com\\\/es\\\/residency\\\/libertad-condicional-en-el-lugar-para-familias-militares\\\/#breadcrumb\",\"itemListElement\":[{\"@type\":\"ListItem\",\"position\":1,\"name\":\"Home\",\"item\":\"https:\\\/\\\/maisonimmigration.com\\\/es\\\/\"},{\"@type\":\"ListItem\",\"position\":2,\"name\":\"Residencia\",\"item\":\"https:\\\/\\\/maisonimmigration.com\\\/es\\\/residency\\\/\"},{\"@type\":\"ListItem\",\"position\":3,\"name\":\"Libertad condicional en el lugar para familias militares\"}]},{\"@type\":\"WebSite\",\"@id\":\"https:\\\/\\\/maisonimmigration.com\\\/es\\\/#website\",\"url\":\"https:\\\/\\\/maisonimmigration.com\\\/es\\\/\",\"name\":\"Maison Law Immigration Lawyers\",\"description\":\"\",\"publisher\":{\"@id\":\"https:\\\/\\\/maisonimmigration.com\\\/es\\\/#organization\"},\"potentialAction\":[{\"@type\":\"SearchAction\",\"target\":{\"@type\":\"EntryPoint\",\"urlTemplate\":\"https:\\\/\\\/maisonimmigration.com\\\/es\\\/?s={search_term_string}\"},\"query-input\":{\"@type\":\"PropertyValueSpecification\",\"valueRequired\":true,\"valueName\":\"search_term_string\"}}],\"inLanguage\":\"es\"},{\"@type\":\"Organization\",\"@id\":\"https:\\\/\\\/maisonimmigration.com\\\/es\\\/#organization\",\"name\":\"Maison Law Immigration Lawyers\",\"url\":\"https:\\\/\\\/maisonimmigration.com\\\/es\\\/\",\"logo\":{\"@type\":\"ImageObject\",\"inLanguage\":\"es\",\"@id\":\"https:\\\/\\\/maisonimmigration.com\\\/es\\\/#\\\/schema\\\/logo\\\/image\\\/\",\"url\":\"https:\\\/\\\/maisonimmigration.com\\\/wp-content\\\/uploads\\\/2025\\\/12\\\/maison-law-immigration-lawyers-new-logo.png\",\"contentUrl\":\"https:\\\/\\\/maisonimmigration.com\\\/wp-content\\\/uploads\\\/2025\\\/12\\\/maison-law-immigration-lawyers-new-logo.png\",\"width\":925,\"height\":211,\"caption\":\"Maison Law Immigration Lawyers\"},\"image\":{\"@id\":\"https:\\\/\\\/maisonimmigration.com\\\/es\\\/#\\\/schema\\\/logo\\\/image\\\/\"}}]}<\/script>\n<!-- \/ Yoast SEO plugin. -->","yoast_head_json":{"title":"Libertad condicional en el lugar para familias militares | Maison Law Immigration Lawyers","robots":{"index":"index","follow":"follow","max-snippet":"max-snippet:-1","max-image-preview":"max-image-preview:large","max-video-preview":"max-video-preview:-1"},"canonical":"https:\/\/maisonimmigration.com\/es\/residency\/libertad-condicional-en-el-lugar-para-familias-militares\/","og_locale":"es_ES","og_type":"article","og_title":"Libertad condicional en el lugar para familias militares | Maison Law Immigration Lawyers","og_description":"La libertad condicional militar en el lugar, tambi\u00e9n conocida como PIP, es un privilegio discrecional y temporal de un a\u00f1o que permite a los c\u00f3nyuges indocumentados, a los hijos solteros menores de 21 a\u00f1os y a los padres de ciudadanos estadounidenses que est\u00e1n o han estado en las fuerzas armadas, permanecer en los Estados Unidos [&hellip;]","og_url":"https:\/\/maisonimmigration.com\/es\/residency\/libertad-condicional-en-el-lugar-para-familias-militares\/","og_site_name":"Maison Law Immigration Lawyers","twitter_card":"summary_large_image","twitter_misc":{"Tiempo de lectura":"4 minutos"},"schema":{"@context":"https:\/\/schema.org","@graph":[{"@type":"WebPage","@id":"https:\/\/maisonimmigration.com\/es\/residency\/libertad-condicional-en-el-lugar-para-familias-militares\/","url":"https:\/\/maisonimmigration.com\/es\/residency\/libertad-condicional-en-el-lugar-para-familias-militares\/","name":"Libertad condicional en el lugar para familias militares | Maison Law Immigration Lawyers","isPartOf":{"@id":"https:\/\/maisonimmigration.com\/es\/#website"},"datePublished":"2021-11-20T05:54:17+00:00","breadcrumb":{"@id":"https:\/\/maisonimmigration.com\/es\/residency\/libertad-condicional-en-el-lugar-para-familias-militares\/#breadcrumb"},"inLanguage":"es","potentialAction":[{"@type":"ReadAction","target":["https:\/\/maisonimmigration.com\/es\/residency\/libertad-condicional-en-el-lugar-para-familias-militares\/"]}]},{"@type":"BreadcrumbList","@id":"https:\/\/maisonimmigration.com\/es\/residency\/libertad-condicional-en-el-lugar-para-familias-militares\/#breadcrumb","itemListElement":[{"@type":"ListItem","position":1,"name":"Home","item":"https:\/\/maisonimmigration.com\/es\/"},{"@type":"ListItem","position":2,"name":"Residencia","item":"https:\/\/maisonimmigration.com\/es\/residency\/"},{"@type":"ListItem","position":3,"name":"Libertad condicional en el lugar para familias militares"}]},{"@type":"WebSite","@id":"https:\/\/maisonimmigration.com\/es\/#website","url":"https:\/\/maisonimmigration.com\/es\/","name":"Maison Law Immigration Lawyers","description":"","publisher":{"@id":"https:\/\/maisonimmigration.com\/es\/#organization"},"potentialAction":[{"@type":"SearchAction","target":{"@type":"EntryPoint","urlTemplate":"https:\/\/maisonimmigration.com\/es\/?s={search_term_string}"},"query-input":{"@type":"PropertyValueSpecification","valueRequired":true,"valueName":"search_term_string"}}],"inLanguage":"es"},{"@type":"Organization","@id":"https:\/\/maisonimmigration.com\/es\/#organization","name":"Maison Law Immigration Lawyers","url":"https:\/\/maisonimmigration.com\/es\/","logo":{"@type":"ImageObject","inLanguage":"es","@id":"https:\/\/maisonimmigration.com\/es\/#\/schema\/logo\/image\/","url":"https:\/\/maisonimmigration.com\/wp-content\/uploads\/2025\/12\/maison-law-immigration-lawyers-new-logo.png","contentUrl":"https:\/\/maisonimmigration.com\/wp-content\/uploads\/2025\/12\/maison-law-immigration-lawyers-new-logo.png","width":925,"height":211,"caption":"Maison Law Immigration Lawyers"},"image":{"@id":"https:\/\/maisonimmigration.com\/es\/#\/schema\/logo\/image\/"}}]}},"_links":{"self":[{"href":"https:\/\/maisonimmigration.com\/es\/wp-json\/wp\/v2\/pages\/431","targetHints":{"allow":["GET"]}}],"collection":[{"href":"https:\/\/maisonimmigration.com\/es\/wp-json\/wp\/v2\/pages"}],"about":[{"href":"https:\/\/maisonimmigration.com\/es\/wp-json\/wp\/v2\/types\/page"}],"author":[{"embeddable":true,"href":"https:\/\/maisonimmigration.com\/es\/wp-json\/wp\/v2\/users\/1"}],"replies":[{"embeddable":true,"href":"https:\/\/maisonimmigration.com\/es\/wp-json\/wp\/v2\/comments?post=431"}],"version-history":[{"count":1,"href":"https:\/\/maisonimmigration.com\/es\/wp-json\/wp\/v2\/pages\/431\/revisions"}],"predecessor-version":[{"id":432,"href":"https:\/\/maisonimmigration.com\/es\/wp-json\/wp\/v2\/pages\/431\/revisions\/432"}],"up":[{"embeddable":true,"href":"https:\/\/maisonimmigration.com\/es\/wp-json\/wp\/v2\/pages\/356"}],"wp:attachment":[{"href":"https:\/\/maisonimmigration.com\/es\/wp-json\/wp\/v2\/media?parent=431"}],"curies":[{"name":"wp","href":"https:\/\/api.w.org\/{rel}","templated":true}]}}