{"id":429,"date":"2021-11-20T05:52:34","date_gmt":"2021-11-20T05:52:34","guid":{"rendered":"https:\/\/maisonimmigration.com\/?page_id=429"},"modified":"2021-11-20T05:52:34","modified_gmt":"2021-11-20T05:52:34","slug":"eliminacion-de-las-condiciones-de-la-residencia-permanente","status":"publish","type":"page","link":"https:\/\/maisonimmigration.com\/es\/residency\/eliminacion-de-las-condiciones-de-la-residencia-permanente\/","title":{"rendered":"Eliminaci\u00f3n de las condiciones de la residencia permanente"},"content":{"rendered":"<p>Toda persona que sea titular de una tarjeta verde basada en el matrimonio y que haya estado casada durante menos de dos a\u00f1os recibe la residencia permanente condicional en Estados Unidos. El objetivo de condicionar la residencia fue el supuesto alto \u00edndice de matrimonios fraudulentos en el pasado para conseguir la entrada al pa\u00eds. El Servicio de Ciudadan\u00eda e Inmigraci\u00f3n de los Estados Unidos (USCIS) quiere estar lo m\u00e1s seguro posible de que el matrimonio no se celebr\u00f3 con el fin de acogerse a los beneficios de la inmigraci\u00f3n.<\/p>\n<h2>La petici\u00f3n para eliminar las condiciones<\/h2>\n<p>La Petici\u00f3n para Eliminar las Condiciones se conoce como Formulario I-751. Para eliminar el estatus de residencia condicional, tanto el residente permanente condicional como su c\u00f3nyuge deben presentar ese Formulario I-751 dentro de los 90 d\u00edas del segundo aniversario de la fecha en que se emiti\u00f3 su Tarjeta Verde. No se confunda con la palabra \u00abaniversario\u00bb. El USCIS se refiere al segundo aniversario del estatus de residencia condicional y no al aniversario de su matrimonio. Suponiendo que se conceda la petici\u00f3n, se dan 10 a\u00f1os adicionales de residencia permanente legal.<\/p>\n<h2>\u00bfQui\u00e9n puede presentar el formulario I-751?<\/h2>\n<p>Un residente permanente condicional puede solicitar la eliminaci\u00f3n de las condiciones de residencia permanente si ese individuo<\/p>\n<ul>\n<li>Ha permanecido casado con su c\u00f3nyuge durante los \u00faltimos dos a\u00f1os.<\/li>\n<li>Su c\u00f3nyuge ha fallecido y el residente condicional contrajo matrimonio de buena fe.<\/li>\n<li>Est\u00e1 ahora divorciado, pero el residente condicional contrajo el matrimonio de buena fe.<\/li>\n<li>Se cas\u00f3 de buena fe, pero el residente condicional o sus hijos sufrieron abusos f\u00edsicos o sexuales por parte del c\u00f3nyuge.<\/li>\n<li>Otras circunstancias raras que involucran a los ni\u00f1os.<\/li>\n<\/ul>\n<h2>\u00bfQu\u00e9 pasa con la retirada de la residencia condicional para mis hijos?<\/h2>\n<p>Si su hijo o hijos obtuvieron la residencia condicional al mismo tiempo que usted la obtuvo o dentro de los 90 d\u00edas siguientes a la fecha en que la obtuvo, puede incluirlos en su Formulario I-751. Se requerir\u00e1n tasas biom\u00e9tricas y documentos de apoyo adicionales. Si ellos obtuvieron la residencia condicional m\u00e1s de 90 d\u00edas despu\u00e9s de usted, se requerir\u00e1 un Formulario I-751 adicional para cada hijo.<\/p>\n<h2>\u00bfQu\u00e9 debo enviar al USCIS para eliminar las condiciones de residencia?<\/h2>\n<p>El Formulario I-751 debe ser completado y firmado tanto por el residente permanente condicional como por su c\u00f3nyuge. Aseg\u00farese de ponerle la fecha. La tasa biom\u00e9trica debe acompa\u00f1ar a la petici\u00f3n. A continuaci\u00f3n, deber\u00e1 adjuntar a la petici\u00f3n copias de los siguientes documentos:<\/p>\n<ul>\n<li>El anverso y el reverso de la tarjeta verde condicional.<\/li>\n<li>Dos fotos actuales de tama\u00f1o pasaporte del residente permanente condicional y de cualquiera de sus hijos que puedan incluirse en la petici\u00f3n.<\/li>\n<li>Pruebas de un matrimonio de buena fe que se celebr\u00f3 de buena fe. Esas pruebas pueden consistir en copias de escrituras conjuntas, arrendamientos, cuentas bancarias, facturas, t\u00edtulos de propiedad de veh\u00edculos, declaraciones de impuestos conjuntas u otros documentos que evidencien el hecho de que el marido y la mujer residen en la misma direcci\u00f3n.<\/li>\n<\/ul>\n<h2>Requisitos complementarios<\/h2>\n<p>Tras la revisi\u00f3n de su petici\u00f3n, el USCIS puede querer m\u00e1s informaci\u00f3n o pruebas que la respalden, incluyendo los originales de cualquier copia que ya haya presentado. Incluso podr\u00eda ser necesaria una entrevista, dependiendo de la suficiencia de las pruebas. Los tiempos de tramitaci\u00f3n oscilan entre un a\u00f1o y m\u00e1s de dos a\u00f1os, dependiendo del centro de servicios que se utilice.<\/p>\n<h2>P\u00f3ngase en contacto con un abogado de inmigraci\u00f3n de California.<\/h2>\n<p>Los abogados de la inmigraci\u00f3n de Maison Law son abogados astutos y dedicados que pueden ayudarle a solicitar la eliminaci\u00f3n del estatus de residencia condicional. Es un proceso tedioso y confuso, y usted no quiere poner en peligro su residencia por errores u omisiones. Usted se servir\u00e1 mejor a s\u00ed mismo y a su familia consultando y reteniendo a un asesor legal. Los abogados de la inmigraci\u00f3n de Maison Law sirven a Central Valley de California y m\u00e1s all\u00e1. Estaremos encantados de revisar su situaci\u00f3n en cuanto se ponga en contacto con nosotros para concertar una consulta confidencial. Al igual que usted, queremos que disfrute de los beneficios de la residencia permanente legal lo antes posible.<\/p>\n","protected":false},"excerpt":{"rendered":"<p>Toda persona que sea titular de una tarjeta verde basada en el matrimonio y que haya estado casada durante menos de dos a\u00f1os recibe la residencia permanente condicional en Estados Unidos. El objetivo de condicionar la residencia fue el supuesto alto \u00edndice de matrimonios fraudulentos en el pasado para conseguir la entrada al pa\u00eds. El [&hellip;]<\/p>\n","protected":false},"author":1,"featured_media":0,"parent":356,"menu_order":0,"comment_status":"closed","ping_status":"closed","template":"","meta":{"footnotes":""},"class_list":["post-429","page","type-page","status-publish","hentry"],"yoast_head":"<!-- This site is optimized with the Yoast SEO plugin v27.4 - https:\/\/yoast.com\/product\/yoast-seo-wordpress\/ -->\n<title>Eliminaci\u00f3n de las condiciones de la residencia permanente | Maison Law Immigration Lawyers<\/title>\n<meta name=\"robots\" content=\"index, follow, max-snippet:-1, max-image-preview:large, max-video-preview:-1\" \/>\n<link rel=\"canonical\" href=\"https:\/\/maisonimmigration.com\/es\/residency\/eliminacion-de-las-condiciones-de-la-residencia-permanente\/\" \/>\n<meta property=\"og:locale\" content=\"es_ES\" \/>\n<meta property=\"og:type\" content=\"article\" \/>\n<meta property=\"og:title\" content=\"Eliminaci\u00f3n de las condiciones de la residencia permanente | Maison Law Immigration Lawyers\" \/>\n<meta property=\"og:description\" content=\"Toda persona que sea titular de una tarjeta verde basada en el matrimonio y que haya estado casada durante menos de dos a\u00f1os recibe la residencia permanente condicional en Estados Unidos. El objetivo de condicionar la residencia fue el supuesto alto \u00edndice de matrimonios fraudulentos en el pasado para conseguir la entrada al pa\u00eds. El [&hellip;]\" \/>\n<meta property=\"og:url\" content=\"https:\/\/maisonimmigration.com\/es\/residency\/eliminacion-de-las-condiciones-de-la-residencia-permanente\/\" \/>\n<meta property=\"og:site_name\" content=\"Maison Law Immigration Lawyers\" \/>\n<meta name=\"twitter:card\" content=\"summary_large_image\" \/>\n<meta name=\"twitter:label1\" content=\"Tiempo de lectura\" \/>\n\t<meta name=\"twitter:data1\" content=\"3 minutos\" \/>\n<script type=\"application\/ld+json\" class=\"yoast-schema-graph\">{\"@context\":\"https:\\\/\\\/schema.org\",\"@graph\":[{\"@type\":\"WebPage\",\"@id\":\"https:\\\/\\\/maisonimmigration.com\\\/es\\\/residency\\\/eliminacion-de-las-condiciones-de-la-residencia-permanente\\\/\",\"url\":\"https:\\\/\\\/maisonimmigration.com\\\/es\\\/residency\\\/eliminacion-de-las-condiciones-de-la-residencia-permanente\\\/\",\"name\":\"Eliminaci\u00f3n de las condiciones de la residencia permanente | Maison Law Immigration Lawyers\",\"isPartOf\":{\"@id\":\"https:\\\/\\\/maisonimmigration.com\\\/es\\\/#website\"},\"datePublished\":\"2021-11-20T05:52:34+00:00\",\"breadcrumb\":{\"@id\":\"https:\\\/\\\/maisonimmigration.com\\\/es\\\/residency\\\/eliminacion-de-las-condiciones-de-la-residencia-permanente\\\/#breadcrumb\"},\"inLanguage\":\"es\",\"potentialAction\":[{\"@type\":\"ReadAction\",\"target\":[\"https:\\\/\\\/maisonimmigration.com\\\/es\\\/residency\\\/eliminacion-de-las-condiciones-de-la-residencia-permanente\\\/\"]}]},{\"@type\":\"BreadcrumbList\",\"@id\":\"https:\\\/\\\/maisonimmigration.com\\\/es\\\/residency\\\/eliminacion-de-las-condiciones-de-la-residencia-permanente\\\/#breadcrumb\",\"itemListElement\":[{\"@type\":\"ListItem\",\"position\":1,\"name\":\"Home\",\"item\":\"https:\\\/\\\/maisonimmigration.com\\\/es\\\/\"},{\"@type\":\"ListItem\",\"position\":2,\"name\":\"Residencia\",\"item\":\"https:\\\/\\\/maisonimmigration.com\\\/es\\\/residency\\\/\"},{\"@type\":\"ListItem\",\"position\":3,\"name\":\"Eliminaci\u00f3n de las condiciones de la residencia permanente\"}]},{\"@type\":\"WebSite\",\"@id\":\"https:\\\/\\\/maisonimmigration.com\\\/es\\\/#website\",\"url\":\"https:\\\/\\\/maisonimmigration.com\\\/es\\\/\",\"name\":\"Maison Law Immigration Lawyers\",\"description\":\"\",\"publisher\":{\"@id\":\"https:\\\/\\\/maisonimmigration.com\\\/es\\\/#organization\"},\"potentialAction\":[{\"@type\":\"SearchAction\",\"target\":{\"@type\":\"EntryPoint\",\"urlTemplate\":\"https:\\\/\\\/maisonimmigration.com\\\/es\\\/?s={search_term_string}\"},\"query-input\":{\"@type\":\"PropertyValueSpecification\",\"valueRequired\":true,\"valueName\":\"search_term_string\"}}],\"inLanguage\":\"es\"},{\"@type\":\"Organization\",\"@id\":\"https:\\\/\\\/maisonimmigration.com\\\/es\\\/#organization\",\"name\":\"Maison Law Immigration Lawyers\",\"url\":\"https:\\\/\\\/maisonimmigration.com\\\/es\\\/\",\"logo\":{\"@type\":\"ImageObject\",\"inLanguage\":\"es\",\"@id\":\"https:\\\/\\\/maisonimmigration.com\\\/es\\\/#\\\/schema\\\/logo\\\/image\\\/\",\"url\":\"https:\\\/\\\/maisonimmigration.com\\\/wp-content\\\/uploads\\\/2025\\\/12\\\/maison-law-immigration-lawyers-new-logo.png\",\"contentUrl\":\"https:\\\/\\\/maisonimmigration.com\\\/wp-content\\\/uploads\\\/2025\\\/12\\\/maison-law-immigration-lawyers-new-logo.png\",\"width\":925,\"height\":211,\"caption\":\"Maison Law Immigration Lawyers\"},\"image\":{\"@id\":\"https:\\\/\\\/maisonimmigration.com\\\/es\\\/#\\\/schema\\\/logo\\\/image\\\/\"}}]}<\/script>\n<!-- \/ Yoast SEO plugin. -->","yoast_head_json":{"title":"Eliminaci\u00f3n de las condiciones de la residencia permanente | Maison Law Immigration Lawyers","robots":{"index":"index","follow":"follow","max-snippet":"max-snippet:-1","max-image-preview":"max-image-preview:large","max-video-preview":"max-video-preview:-1"},"canonical":"https:\/\/maisonimmigration.com\/es\/residency\/eliminacion-de-las-condiciones-de-la-residencia-permanente\/","og_locale":"es_ES","og_type":"article","og_title":"Eliminaci\u00f3n de las condiciones de la residencia permanente | Maison Law Immigration Lawyers","og_description":"Toda persona que sea titular de una tarjeta verde basada en el matrimonio y que haya estado casada durante menos de dos a\u00f1os recibe la residencia permanente condicional en Estados Unidos. El objetivo de condicionar la residencia fue el supuesto alto \u00edndice de matrimonios fraudulentos en el pasado para conseguir la entrada al pa\u00eds. El [&hellip;]","og_url":"https:\/\/maisonimmigration.com\/es\/residency\/eliminacion-de-las-condiciones-de-la-residencia-permanente\/","og_site_name":"Maison Law Immigration Lawyers","twitter_card":"summary_large_image","twitter_misc":{"Tiempo de lectura":"3 minutos"},"schema":{"@context":"https:\/\/schema.org","@graph":[{"@type":"WebPage","@id":"https:\/\/maisonimmigration.com\/es\/residency\/eliminacion-de-las-condiciones-de-la-residencia-permanente\/","url":"https:\/\/maisonimmigration.com\/es\/residency\/eliminacion-de-las-condiciones-de-la-residencia-permanente\/","name":"Eliminaci\u00f3n de las condiciones de la residencia permanente | Maison Law Immigration Lawyers","isPartOf":{"@id":"https:\/\/maisonimmigration.com\/es\/#website"},"datePublished":"2021-11-20T05:52:34+00:00","breadcrumb":{"@id":"https:\/\/maisonimmigration.com\/es\/residency\/eliminacion-de-las-condiciones-de-la-residencia-permanente\/#breadcrumb"},"inLanguage":"es","potentialAction":[{"@type":"ReadAction","target":["https:\/\/maisonimmigration.com\/es\/residency\/eliminacion-de-las-condiciones-de-la-residencia-permanente\/"]}]},{"@type":"BreadcrumbList","@id":"https:\/\/maisonimmigration.com\/es\/residency\/eliminacion-de-las-condiciones-de-la-residencia-permanente\/#breadcrumb","itemListElement":[{"@type":"ListItem","position":1,"name":"Home","item":"https:\/\/maisonimmigration.com\/es\/"},{"@type":"ListItem","position":2,"name":"Residencia","item":"https:\/\/maisonimmigration.com\/es\/residency\/"},{"@type":"ListItem","position":3,"name":"Eliminaci\u00f3n de las condiciones de la residencia permanente"}]},{"@type":"WebSite","@id":"https:\/\/maisonimmigration.com\/es\/#website","url":"https:\/\/maisonimmigration.com\/es\/","name":"Maison Law Immigration Lawyers","description":"","publisher":{"@id":"https:\/\/maisonimmigration.com\/es\/#organization"},"potentialAction":[{"@type":"SearchAction","target":{"@type":"EntryPoint","urlTemplate":"https:\/\/maisonimmigration.com\/es\/?s={search_term_string}"},"query-input":{"@type":"PropertyValueSpecification","valueRequired":true,"valueName":"search_term_string"}}],"inLanguage":"es"},{"@type":"Organization","@id":"https:\/\/maisonimmigration.com\/es\/#organization","name":"Maison Law Immigration Lawyers","url":"https:\/\/maisonimmigration.com\/es\/","logo":{"@type":"ImageObject","inLanguage":"es","@id":"https:\/\/maisonimmigration.com\/es\/#\/schema\/logo\/image\/","url":"https:\/\/maisonimmigration.com\/wp-content\/uploads\/2025\/12\/maison-law-immigration-lawyers-new-logo.png","contentUrl":"https:\/\/maisonimmigration.com\/wp-content\/uploads\/2025\/12\/maison-law-immigration-lawyers-new-logo.png","width":925,"height":211,"caption":"Maison Law Immigration Lawyers"},"image":{"@id":"https:\/\/maisonimmigration.com\/es\/#\/schema\/logo\/image\/"}}]}},"_links":{"self":[{"href":"https:\/\/maisonimmigration.com\/es\/wp-json\/wp\/v2\/pages\/429","targetHints":{"allow":["GET"]}}],"collection":[{"href":"https:\/\/maisonimmigration.com\/es\/wp-json\/wp\/v2\/pages"}],"about":[{"href":"https:\/\/maisonimmigration.com\/es\/wp-json\/wp\/v2\/types\/page"}],"author":[{"embeddable":true,"href":"https:\/\/maisonimmigration.com\/es\/wp-json\/wp\/v2\/users\/1"}],"replies":[{"embeddable":true,"href":"https:\/\/maisonimmigration.com\/es\/wp-json\/wp\/v2\/comments?post=429"}],"version-history":[{"count":1,"href":"https:\/\/maisonimmigration.com\/es\/wp-json\/wp\/v2\/pages\/429\/revisions"}],"predecessor-version":[{"id":430,"href":"https:\/\/maisonimmigration.com\/es\/wp-json\/wp\/v2\/pages\/429\/revisions\/430"}],"up":[{"embeddable":true,"href":"https:\/\/maisonimmigration.com\/es\/wp-json\/wp\/v2\/pages\/356"}],"wp:attachment":[{"href":"https:\/\/maisonimmigration.com\/es\/wp-json\/wp\/v2\/media?parent=429"}],"curies":[{"name":"wp","href":"https:\/\/api.w.org\/{rel}","templated":true}]}}