{"id":426,"date":"2021-11-20T05:49:43","date_gmt":"2021-11-20T05:49:43","guid":{"rendered":"https:\/\/maisonimmigration.com\/?page_id=426"},"modified":"2021-11-20T05:50:44","modified_gmt":"2021-11-20T05:50:44","slug":"tramitacion-consular","status":"publish","type":"page","link":"https:\/\/maisonimmigration.com\/es\/residency\/tramitacion-consular\/","title":{"rendered":"Tramitaci\u00f3n consular"},"content":{"rendered":"<p>La tramitaci\u00f3n consular se produce cuando un extranjero desea inmigrar a Estados Unidos y comienza el proceso en una embajada o consulado estadounidense en su pa\u00eds de origen. El procedimiento es diferente para los que ya est\u00e1n en Estados Unidos. Las peticiones y los documentos de apoyo se presentan en la embajada o consulado del pa\u00eds de origen del extranjero. All\u00ed tambi\u00e9n se realiza una entrevista y un examen m\u00e9dico. Si la entrevista y el examen m\u00e9dico son satisfactorios, se aprueba el visado del aspirante a inmigrante y, tras su llegada e inspecci\u00f3n, se le permite la entrada. Despu\u00e9s, la persona deber\u00eda recibir su tarjeta verde en unas tres semanas.<\/p>\n<h2>Casos dif\u00edciles<\/h2>\n<p>Casi todos los aspirantes a inmigrantes que no residen en Estados Unidos deben pasar por el tr\u00e1mite consular en su propio pa\u00eds. Muchos de los que ya viven aqu\u00ed no pueden acogerse al procedimiento de ajuste de estatus debido a visados caducados, entrada ilegal u otras razones. Casi todos ellos deben regresar a sus pa\u00edses de origen y comenzar el proceso de tramitaci\u00f3n consular. Sin embargo, es un proceso muy complicado y se recomienda encarecidamente la representaci\u00f3n de un abogado cualificado y h\u00e1bil si se encuentra en alguna de las siguientes situaciones<\/p>\n<ul>\n<li>Ha sido deportado.<\/li>\n<li>Ha sido condenado previamente por un delito grave.<\/li>\n<li>Ha entrado ilegalmente en los Estados Unidos.<\/li>\n<li>Su pasaporte est\u00e1 caducado.<\/li>\n<li>Ya se le ha concedido el estatus de asilado.<\/li>\n<\/ul>\n<h2>La regla de los 180 d\u00edas<\/h2>\n<p>Si ha vivido en Estados Unidos durante 180 d\u00edas o m\u00e1s, es posible que no pueda obtener la tarjeta verde, pero s\u00ed que se le proh\u00edba regresar a Estados Unidos durante un per\u00edodo de entre un a\u00f1o y 10 a\u00f1os. Hay exenciones disponibles, pero obtenerlas es dif\u00edcil. Querr\u00e1 que un abogado de inmigraci\u00f3n de calidad de Central Valley le represente.<\/p>\n<h2>El costo de la tramitaci\u00f3n consular<\/h2>\n<p>La tramitaci\u00f3n consular no s\u00f3lo es un proceso confuso y complicado, sino que tambi\u00e9n es caro. La cuota de presentaci\u00f3n para un visado basado en la familia es de 535 d\u00f3lares. A eso hay que a\u00f1adir una tasa de solicitud de 325 d\u00f3lares, lo que supone un total de 860 d\u00f3lares. Habr\u00e1 una tasa de examen m\u00e9dico en el consulado junto con una tasa de antecedentes policiales en el pa\u00eds de origen. Si dos o tres personas de la misma familia pretenden inmigrar, espere que los cargos se dupliquen o tripliquen.<\/p>\n<h2>La entrevista<\/h2>\n<p>La entrevista con un funcionario del consulado estadounidense es el \u00faltimo paso del proceso de visado. El prop\u00f3sito de la entrevista es confirmar la informaci\u00f3n de su solicitud y revisar su informaci\u00f3n m\u00e9dica y financiera junto con cualquier informaci\u00f3n sobre arrestos y condenas. Suponiendo que su entrevista sea satisfactoria, no espere que le digan que vaya a la siguiente ventanilla para su visado. Es probable que reciba una llamada o una carta dici\u00e9ndole cu\u00e1ndo puede volver a recoger su visado junto con un paquete de visado sellado. No abra el paquete. S\u00f3lo el funcionario consular que le inspecciona a su llegada puede abrirlo. Prep\u00e1rese para viajar. Habr\u00e1 un l\u00edmite de tiempo para venir a los Estados Unidos.<\/p>\n<h2>P\u00f3ngase en contacto con un abogado de inmigraci\u00f3n de California hoy mismo.<\/h2>\n<p>Incluso sin ning\u00fan problema intermedio, la tramitaci\u00f3n consular puede ser abrumadora. Un abogado de inmigraci\u00f3n calificado y con experiencia en Central Valley de Abogados de Inmigraci\u00f3n Maison Law puede realizar todo el trabajo legal necesario para asegurar que no habr\u00e1 confusi\u00f3n o retrasos innecesarios en el complicado proceso legal. Al ser contratados, tomaremos el control del proceso de solicitud desde el principio hasta el final. Cuando el USCIS nos vea represent\u00e1ndole, su personal sabr\u00e1 que usted es serio y tiene buenas intenciones de venir a los Estados Unidos. P\u00f3ngase en contacto con los abogados de inmigraci\u00f3n de Central Valley en Abogados de Inmigraci\u00f3n Maison Law para una consulta tan pronto como pueda, especialmente si parece que puede tener un caso particularmente dif\u00edcil.<\/p>\n","protected":false},"excerpt":{"rendered":"<p>La tramitaci\u00f3n consular se produce cuando un extranjero desea inmigrar a Estados Unidos y comienza el proceso en una embajada o consulado estadounidense en su pa\u00eds de origen. El procedimiento es diferente para los que ya est\u00e1n en Estados Unidos. Las peticiones y los documentos de apoyo se presentan en la embajada o consulado del [&hellip;]<\/p>\n","protected":false},"author":1,"featured_media":0,"parent":356,"menu_order":0,"comment_status":"closed","ping_status":"closed","template":"","meta":{"footnotes":""},"class_list":["post-426","page","type-page","status-publish","hentry"],"yoast_head":"<!-- This site is optimized with the Yoast SEO plugin v27.3 - https:\/\/yoast.com\/product\/yoast-seo-wordpress\/ -->\n<title>Tramitaci\u00f3n consular | Maison Law Immigration Lawyers<\/title>\n<meta name=\"robots\" content=\"index, follow, max-snippet:-1, max-image-preview:large, max-video-preview:-1\" \/>\n<link rel=\"canonical\" href=\"https:\/\/maisonimmigration.com\/es\/residency\/tramitacion-consular\/\" \/>\n<meta property=\"og:locale\" content=\"es_ES\" \/>\n<meta property=\"og:type\" content=\"article\" \/>\n<meta property=\"og:title\" content=\"Tramitaci\u00f3n consular | Maison Law Immigration Lawyers\" \/>\n<meta property=\"og:description\" content=\"La tramitaci\u00f3n consular se produce cuando un extranjero desea inmigrar a Estados Unidos y comienza el proceso en una embajada o consulado estadounidense en su pa\u00eds de origen. El procedimiento es diferente para los que ya est\u00e1n en Estados Unidos. Las peticiones y los documentos de apoyo se presentan en la embajada o consulado del [&hellip;]\" \/>\n<meta property=\"og:url\" content=\"https:\/\/maisonimmigration.com\/es\/residency\/tramitacion-consular\/\" \/>\n<meta property=\"og:site_name\" content=\"Maison Law Immigration Lawyers\" \/>\n<meta property=\"article:modified_time\" content=\"2021-11-20T05:50:44+00:00\" \/>\n<meta name=\"twitter:card\" content=\"summary_large_image\" \/>\n<meta name=\"twitter:label1\" content=\"Tiempo de lectura\" \/>\n\t<meta name=\"twitter:data1\" content=\"3 minutos\" \/>\n<script type=\"application\/ld+json\" class=\"yoast-schema-graph\">{\"@context\":\"https:\\\/\\\/schema.org\",\"@graph\":[{\"@type\":\"WebPage\",\"@id\":\"https:\\\/\\\/maisonimmigration.com\\\/es\\\/residency\\\/tramitacion-consular\\\/\",\"url\":\"https:\\\/\\\/maisonimmigration.com\\\/es\\\/residency\\\/tramitacion-consular\\\/\",\"name\":\"Tramitaci\u00f3n consular | Maison Law Immigration Lawyers\",\"isPartOf\":{\"@id\":\"https:\\\/\\\/maisonimmigration.com\\\/es\\\/#website\"},\"datePublished\":\"2021-11-20T05:49:43+00:00\",\"dateModified\":\"2021-11-20T05:50:44+00:00\",\"breadcrumb\":{\"@id\":\"https:\\\/\\\/maisonimmigration.com\\\/es\\\/residency\\\/tramitacion-consular\\\/#breadcrumb\"},\"inLanguage\":\"es\",\"potentialAction\":[{\"@type\":\"ReadAction\",\"target\":[\"https:\\\/\\\/maisonimmigration.com\\\/es\\\/residency\\\/tramitacion-consular\\\/\"]}]},{\"@type\":\"BreadcrumbList\",\"@id\":\"https:\\\/\\\/maisonimmigration.com\\\/es\\\/residency\\\/tramitacion-consular\\\/#breadcrumb\",\"itemListElement\":[{\"@type\":\"ListItem\",\"position\":1,\"name\":\"Home\",\"item\":\"https:\\\/\\\/maisonimmigration.com\\\/es\\\/\"},{\"@type\":\"ListItem\",\"position\":2,\"name\":\"Residencia\",\"item\":\"https:\\\/\\\/maisonimmigration.com\\\/es\\\/residency\\\/\"},{\"@type\":\"ListItem\",\"position\":3,\"name\":\"Tramitaci\u00f3n consular\"}]},{\"@type\":\"WebSite\",\"@id\":\"https:\\\/\\\/maisonimmigration.com\\\/es\\\/#website\",\"url\":\"https:\\\/\\\/maisonimmigration.com\\\/es\\\/\",\"name\":\"Maison Law Immigration Lawyers\",\"description\":\"\",\"publisher\":{\"@id\":\"https:\\\/\\\/maisonimmigration.com\\\/es\\\/#organization\"},\"potentialAction\":[{\"@type\":\"SearchAction\",\"target\":{\"@type\":\"EntryPoint\",\"urlTemplate\":\"https:\\\/\\\/maisonimmigration.com\\\/es\\\/?s={search_term_string}\"},\"query-input\":{\"@type\":\"PropertyValueSpecification\",\"valueRequired\":true,\"valueName\":\"search_term_string\"}}],\"inLanguage\":\"es\"},{\"@type\":\"Organization\",\"@id\":\"https:\\\/\\\/maisonimmigration.com\\\/es\\\/#organization\",\"name\":\"Maison Law Immigration Lawyers\",\"url\":\"https:\\\/\\\/maisonimmigration.com\\\/es\\\/\",\"logo\":{\"@type\":\"ImageObject\",\"inLanguage\":\"es\",\"@id\":\"https:\\\/\\\/maisonimmigration.com\\\/es\\\/#\\\/schema\\\/logo\\\/image\\\/\",\"url\":\"https:\\\/\\\/maisonimmigration.com\\\/wp-content\\\/uploads\\\/2025\\\/12\\\/maison-law-immigration-lawyers-new-logo.png\",\"contentUrl\":\"https:\\\/\\\/maisonimmigration.com\\\/wp-content\\\/uploads\\\/2025\\\/12\\\/maison-law-immigration-lawyers-new-logo.png\",\"width\":925,\"height\":211,\"caption\":\"Maison Law Immigration Lawyers\"},\"image\":{\"@id\":\"https:\\\/\\\/maisonimmigration.com\\\/es\\\/#\\\/schema\\\/logo\\\/image\\\/\"}}]}<\/script>\n<!-- \/ Yoast SEO plugin. -->","yoast_head_json":{"title":"Tramitaci\u00f3n consular | Maison Law Immigration Lawyers","robots":{"index":"index","follow":"follow","max-snippet":"max-snippet:-1","max-image-preview":"max-image-preview:large","max-video-preview":"max-video-preview:-1"},"canonical":"https:\/\/maisonimmigration.com\/es\/residency\/tramitacion-consular\/","og_locale":"es_ES","og_type":"article","og_title":"Tramitaci\u00f3n consular | Maison Law Immigration Lawyers","og_description":"La tramitaci\u00f3n consular se produce cuando un extranjero desea inmigrar a Estados Unidos y comienza el proceso en una embajada o consulado estadounidense en su pa\u00eds de origen. El procedimiento es diferente para los que ya est\u00e1n en Estados Unidos. Las peticiones y los documentos de apoyo se presentan en la embajada o consulado del [&hellip;]","og_url":"https:\/\/maisonimmigration.com\/es\/residency\/tramitacion-consular\/","og_site_name":"Maison Law Immigration Lawyers","article_modified_time":"2021-11-20T05:50:44+00:00","twitter_card":"summary_large_image","twitter_misc":{"Tiempo de lectura":"3 minutos"},"schema":{"@context":"https:\/\/schema.org","@graph":[{"@type":"WebPage","@id":"https:\/\/maisonimmigration.com\/es\/residency\/tramitacion-consular\/","url":"https:\/\/maisonimmigration.com\/es\/residency\/tramitacion-consular\/","name":"Tramitaci\u00f3n consular | Maison Law Immigration Lawyers","isPartOf":{"@id":"https:\/\/maisonimmigration.com\/es\/#website"},"datePublished":"2021-11-20T05:49:43+00:00","dateModified":"2021-11-20T05:50:44+00:00","breadcrumb":{"@id":"https:\/\/maisonimmigration.com\/es\/residency\/tramitacion-consular\/#breadcrumb"},"inLanguage":"es","potentialAction":[{"@type":"ReadAction","target":["https:\/\/maisonimmigration.com\/es\/residency\/tramitacion-consular\/"]}]},{"@type":"BreadcrumbList","@id":"https:\/\/maisonimmigration.com\/es\/residency\/tramitacion-consular\/#breadcrumb","itemListElement":[{"@type":"ListItem","position":1,"name":"Home","item":"https:\/\/maisonimmigration.com\/es\/"},{"@type":"ListItem","position":2,"name":"Residencia","item":"https:\/\/maisonimmigration.com\/es\/residency\/"},{"@type":"ListItem","position":3,"name":"Tramitaci\u00f3n consular"}]},{"@type":"WebSite","@id":"https:\/\/maisonimmigration.com\/es\/#website","url":"https:\/\/maisonimmigration.com\/es\/","name":"Maison Law Immigration Lawyers","description":"","publisher":{"@id":"https:\/\/maisonimmigration.com\/es\/#organization"},"potentialAction":[{"@type":"SearchAction","target":{"@type":"EntryPoint","urlTemplate":"https:\/\/maisonimmigration.com\/es\/?s={search_term_string}"},"query-input":{"@type":"PropertyValueSpecification","valueRequired":true,"valueName":"search_term_string"}}],"inLanguage":"es"},{"@type":"Organization","@id":"https:\/\/maisonimmigration.com\/es\/#organization","name":"Maison Law Immigration Lawyers","url":"https:\/\/maisonimmigration.com\/es\/","logo":{"@type":"ImageObject","inLanguage":"es","@id":"https:\/\/maisonimmigration.com\/es\/#\/schema\/logo\/image\/","url":"https:\/\/maisonimmigration.com\/wp-content\/uploads\/2025\/12\/maison-law-immigration-lawyers-new-logo.png","contentUrl":"https:\/\/maisonimmigration.com\/wp-content\/uploads\/2025\/12\/maison-law-immigration-lawyers-new-logo.png","width":925,"height":211,"caption":"Maison Law Immigration Lawyers"},"image":{"@id":"https:\/\/maisonimmigration.com\/es\/#\/schema\/logo\/image\/"}}]}},"_links":{"self":[{"href":"https:\/\/maisonimmigration.com\/es\/wp-json\/wp\/v2\/pages\/426","targetHints":{"allow":["GET"]}}],"collection":[{"href":"https:\/\/maisonimmigration.com\/es\/wp-json\/wp\/v2\/pages"}],"about":[{"href":"https:\/\/maisonimmigration.com\/es\/wp-json\/wp\/v2\/types\/page"}],"author":[{"embeddable":true,"href":"https:\/\/maisonimmigration.com\/es\/wp-json\/wp\/v2\/users\/1"}],"replies":[{"embeddable":true,"href":"https:\/\/maisonimmigration.com\/es\/wp-json\/wp\/v2\/comments?post=426"}],"version-history":[{"count":2,"href":"https:\/\/maisonimmigration.com\/es\/wp-json\/wp\/v2\/pages\/426\/revisions"}],"predecessor-version":[{"id":428,"href":"https:\/\/maisonimmigration.com\/es\/wp-json\/wp\/v2\/pages\/426\/revisions\/428"}],"up":[{"embeddable":true,"href":"https:\/\/maisonimmigration.com\/es\/wp-json\/wp\/v2\/pages\/356"}],"wp:attachment":[{"href":"https:\/\/maisonimmigration.com\/es\/wp-json\/wp\/v2\/media?parent=426"}],"curies":[{"name":"wp","href":"https:\/\/api.w.org\/{rel}","templated":true}]}}