{"id":424,"date":"2021-11-20T05:48:17","date_gmt":"2021-11-20T05:48:17","guid":{"rendered":"https:\/\/maisonimmigration.com\/?page_id=424"},"modified":"2021-11-20T05:48:17","modified_gmt":"2021-11-20T05:48:17","slug":"ajuste-de-estatus","status":"publish","type":"page","link":"https:\/\/maisonimmigration.com\/es\/residency\/ajuste-de-estatus\/","title":{"rendered":"Ajuste de estatus"},"content":{"rendered":"<p>El ajuste de estatus puede permitir a una persona que ya est\u00e1 en Estados Unidos convertirse en residente permanente legal y obtener una tarjeta verde. El ajuste de estatus evita que la persona tenga que viajar a su pa\u00eds de origen y solicitar el ajuste en una embajada o consulado estadounidense. El proceso de solicitud de ajuste de estatus comienza con la presentaci\u00f3n de un formulario I-485 completado y firmado. Si la persona entr\u00f3 en los Estados Unidos de forma ilegal, entr\u00f3 en el pa\u00eds con un visado de no inmigrante o no mantuvo su estatus legal en los Estados Unidos, es probable que no sea elegible para el ajuste de estatus. Una solicitud de ajuste de estatus presentada de forma inadecuada podr\u00eda incluso levantar una bandera roja y dar lugar a un procedimiento de expulsi\u00f3n contra un extranjero y a la prohibici\u00f3n de entrar de nuevo en Estados Unidos durante 10 a\u00f1os.<\/p>\n<h2>\u00bfQui\u00e9n es elegible para un ajuste de estatus?<\/h2>\n<p>Si el solicitante ya est\u00e1 en Estados Unidos, la elegibilidad de un inmigrante para convertirse en residente permanente legal de este pa\u00eds depende de las categor\u00edas establecidas por la ley. Muchas de esas categor\u00edas son las siguientes<\/p>\n<ul>\n<li>Un inmigrante previsto basado en la familia.<\/li>\n<li>Un visado basado en el empleo.<\/li>\n<li>Inmigrantes especiales.<\/li>\n<li>Individuos que son refugiados o est\u00e1n buscando asilo.<\/li>\n<li>V\u00edctimas del maltrato de seres humanos u otros delitos.<\/li>\n<li>V\u00edctimas de abusos f\u00edsicos o sexuales.<\/li>\n<\/ul>\n<h2>La regla de los 90 d\u00edas<\/h2>\n<p>Un extranjero puede estar legalmente en los Estados Unidos y ser elegible para la residencia permanente, pero desencadenar lo que se conoce como la regla de los 90 d\u00edas. Esa regla es utilizada por el Servicio de Ciudadan\u00eda e Inmigraci\u00f3n de los Estados Unidos para cuestionar si la persona tergivers\u00f3 sus intenciones a su llegada a los Estados Unidos con ciertos tipos de visados. El ajuste de estatus puede ser denegado si el USCIS cree que un ciudadano extranjero false\u00f3 sus intenciones al venir a los Estados Unidos, especialmente si busca el ajuste de estatus en ciertos tipos de visados dentro de los 90 d\u00edas de su fecha de llegada a este pa\u00eds.<\/p>\n<h2>El proceso de ajuste de estatus<\/h2>\n<p>A menos que est\u00e9 en los Estados Unidos con una inmigraci\u00f3n basada en la familia, una persona que busque ajustar su estatus debe primero asegurarse de que hay una Tarjeta Verde disponible para \u00e9l o ella. De lo contrario, la persona debe esperar hasta que llegue su fecha de prioridad. Esa espera puede ser en su pa\u00eds de origen despu\u00e9s de que su visado expire. Entonces, deber\u00e1 obtener un nuevo visado. Para la inmigraci\u00f3n basada en la familia, el patrocinador debe presentar una petici\u00f3n I-130, y para los ajustes basados en el empleo, el formulario I-140 ser\u00eda el adecuado. Una vez que se ha presentado todo, puede tardar m\u00e1s de un a\u00f1o en tramitarse. Si se concede la petici\u00f3n de patrocinio, el futuro inmigrante recibir\u00e1 un formulario I-485 que deber\u00e1 presentar. Despu\u00e9s de presentarlo, se enviar\u00e1n m\u00e1s instrucciones. Al cumplir con esas instrucciones, se tomar\u00e1 una decisi\u00f3n ya sea otorgando o negando el ajuste de estatus.<\/p>\n<h2>P\u00f3ngase en contacto con un abogado de inmigraci\u00f3n hoy.<\/h2>\n<p>El proceso de ajuste de estatus es complicado. Los errores, las omisiones o las declaraciones falsas pueden dar lugar a la denegaci\u00f3n o incluso a la expulsi\u00f3n. Usted querr\u00e1 hablar con los abogados de inmigraci\u00f3n de Central Valley en Abogados de Inmigraci\u00f3n Maison Law para asegurarse de que usted est\u00e1 en pie de igualdad. Podemos confirmar su elegibilidad para el ajuste de estatus y discutir la documentaci\u00f3n requerida. Entonces, podemos responder a sus preguntas sobre el proceso y cu\u00e1nto tiempo se espera que tome. Usted puede trabajar directamente con un abogado de inmigraci\u00f3n con conocimientos y experiencia en Central Valley, y ser\u00e1 informado sobre el estado de su caso a medida que avanza a trav\u00e9s del sistema de inmigraci\u00f3n. No se arriesgue. Consulte con nosotros antes de solicitar el ajuste de estatus.<\/p>\n","protected":false},"excerpt":{"rendered":"<p>El ajuste de estatus puede permitir a una persona que ya est\u00e1 en Estados Unidos convertirse en residente permanente legal y obtener una tarjeta verde. El ajuste de estatus evita que la persona tenga que viajar a su pa\u00eds de origen y solicitar el ajuste en una embajada o consulado estadounidense. El proceso de solicitud [&hellip;]<\/p>\n","protected":false},"author":1,"featured_media":0,"parent":356,"menu_order":0,"comment_status":"closed","ping_status":"closed","template":"","meta":{"footnotes":""},"class_list":["post-424","page","type-page","status-publish","hentry"],"yoast_head":"<!-- This site is optimized with the Yoast SEO plugin v27.4 - https:\/\/yoast.com\/product\/yoast-seo-wordpress\/ -->\n<title>Ajuste de estatus | Maison Law Immigration Lawyers<\/title>\n<meta name=\"robots\" content=\"index, follow, max-snippet:-1, max-image-preview:large, max-video-preview:-1\" \/>\n<link rel=\"canonical\" href=\"https:\/\/maisonimmigration.com\/es\/residency\/ajuste-de-estatus\/\" \/>\n<meta property=\"og:locale\" content=\"es_ES\" \/>\n<meta property=\"og:type\" content=\"article\" \/>\n<meta property=\"og:title\" content=\"Ajuste de estatus | Maison Law Immigration Lawyers\" \/>\n<meta property=\"og:description\" content=\"El ajuste de estatus puede permitir a una persona que ya est\u00e1 en Estados Unidos convertirse en residente permanente legal y obtener una tarjeta verde. El ajuste de estatus evita que la persona tenga que viajar a su pa\u00eds de origen y solicitar el ajuste en una embajada o consulado estadounidense. El proceso de solicitud [&hellip;]\" \/>\n<meta property=\"og:url\" content=\"https:\/\/maisonimmigration.com\/es\/residency\/ajuste-de-estatus\/\" \/>\n<meta property=\"og:site_name\" content=\"Maison Law Immigration Lawyers\" \/>\n<meta name=\"twitter:card\" content=\"summary_large_image\" \/>\n<meta name=\"twitter:label1\" content=\"Tiempo de lectura\" \/>\n\t<meta name=\"twitter:data1\" content=\"3 minutos\" \/>\n<script type=\"application\/ld+json\" class=\"yoast-schema-graph\">{\"@context\":\"https:\\\/\\\/schema.org\",\"@graph\":[{\"@type\":\"WebPage\",\"@id\":\"https:\\\/\\\/maisonimmigration.com\\\/es\\\/residency\\\/ajuste-de-estatus\\\/\",\"url\":\"https:\\\/\\\/maisonimmigration.com\\\/es\\\/residency\\\/ajuste-de-estatus\\\/\",\"name\":\"Ajuste de estatus | Maison Law Immigration Lawyers\",\"isPartOf\":{\"@id\":\"https:\\\/\\\/maisonimmigration.com\\\/es\\\/#website\"},\"datePublished\":\"2021-11-20T05:48:17+00:00\",\"breadcrumb\":{\"@id\":\"https:\\\/\\\/maisonimmigration.com\\\/es\\\/residency\\\/ajuste-de-estatus\\\/#breadcrumb\"},\"inLanguage\":\"es\",\"potentialAction\":[{\"@type\":\"ReadAction\",\"target\":[\"https:\\\/\\\/maisonimmigration.com\\\/es\\\/residency\\\/ajuste-de-estatus\\\/\"]}]},{\"@type\":\"BreadcrumbList\",\"@id\":\"https:\\\/\\\/maisonimmigration.com\\\/es\\\/residency\\\/ajuste-de-estatus\\\/#breadcrumb\",\"itemListElement\":[{\"@type\":\"ListItem\",\"position\":1,\"name\":\"Home\",\"item\":\"https:\\\/\\\/maisonimmigration.com\\\/es\\\/\"},{\"@type\":\"ListItem\",\"position\":2,\"name\":\"Residencia\",\"item\":\"https:\\\/\\\/maisonimmigration.com\\\/es\\\/residency\\\/\"},{\"@type\":\"ListItem\",\"position\":3,\"name\":\"Ajuste de estatus\"}]},{\"@type\":\"WebSite\",\"@id\":\"https:\\\/\\\/maisonimmigration.com\\\/es\\\/#website\",\"url\":\"https:\\\/\\\/maisonimmigration.com\\\/es\\\/\",\"name\":\"Maison Law Immigration Lawyers\",\"description\":\"\",\"publisher\":{\"@id\":\"https:\\\/\\\/maisonimmigration.com\\\/es\\\/#organization\"},\"potentialAction\":[{\"@type\":\"SearchAction\",\"target\":{\"@type\":\"EntryPoint\",\"urlTemplate\":\"https:\\\/\\\/maisonimmigration.com\\\/es\\\/?s={search_term_string}\"},\"query-input\":{\"@type\":\"PropertyValueSpecification\",\"valueRequired\":true,\"valueName\":\"search_term_string\"}}],\"inLanguage\":\"es\"},{\"@type\":\"Organization\",\"@id\":\"https:\\\/\\\/maisonimmigration.com\\\/es\\\/#organization\",\"name\":\"Maison Law Immigration Lawyers\",\"url\":\"https:\\\/\\\/maisonimmigration.com\\\/es\\\/\",\"logo\":{\"@type\":\"ImageObject\",\"inLanguage\":\"es\",\"@id\":\"https:\\\/\\\/maisonimmigration.com\\\/es\\\/#\\\/schema\\\/logo\\\/image\\\/\",\"url\":\"https:\\\/\\\/maisonimmigration.com\\\/wp-content\\\/uploads\\\/2025\\\/12\\\/maison-law-immigration-lawyers-new-logo.png\",\"contentUrl\":\"https:\\\/\\\/maisonimmigration.com\\\/wp-content\\\/uploads\\\/2025\\\/12\\\/maison-law-immigration-lawyers-new-logo.png\",\"width\":925,\"height\":211,\"caption\":\"Maison Law Immigration Lawyers\"},\"image\":{\"@id\":\"https:\\\/\\\/maisonimmigration.com\\\/es\\\/#\\\/schema\\\/logo\\\/image\\\/\"}}]}<\/script>\n<!-- \/ Yoast SEO plugin. -->","yoast_head_json":{"title":"Ajuste de estatus | Maison Law Immigration Lawyers","robots":{"index":"index","follow":"follow","max-snippet":"max-snippet:-1","max-image-preview":"max-image-preview:large","max-video-preview":"max-video-preview:-1"},"canonical":"https:\/\/maisonimmigration.com\/es\/residency\/ajuste-de-estatus\/","og_locale":"es_ES","og_type":"article","og_title":"Ajuste de estatus | Maison Law Immigration Lawyers","og_description":"El ajuste de estatus puede permitir a una persona que ya est\u00e1 en Estados Unidos convertirse en residente permanente legal y obtener una tarjeta verde. El ajuste de estatus evita que la persona tenga que viajar a su pa\u00eds de origen y solicitar el ajuste en una embajada o consulado estadounidense. El proceso de solicitud [&hellip;]","og_url":"https:\/\/maisonimmigration.com\/es\/residency\/ajuste-de-estatus\/","og_site_name":"Maison Law Immigration Lawyers","twitter_card":"summary_large_image","twitter_misc":{"Tiempo de lectura":"3 minutos"},"schema":{"@context":"https:\/\/schema.org","@graph":[{"@type":"WebPage","@id":"https:\/\/maisonimmigration.com\/es\/residency\/ajuste-de-estatus\/","url":"https:\/\/maisonimmigration.com\/es\/residency\/ajuste-de-estatus\/","name":"Ajuste de estatus | Maison Law Immigration Lawyers","isPartOf":{"@id":"https:\/\/maisonimmigration.com\/es\/#website"},"datePublished":"2021-11-20T05:48:17+00:00","breadcrumb":{"@id":"https:\/\/maisonimmigration.com\/es\/residency\/ajuste-de-estatus\/#breadcrumb"},"inLanguage":"es","potentialAction":[{"@type":"ReadAction","target":["https:\/\/maisonimmigration.com\/es\/residency\/ajuste-de-estatus\/"]}]},{"@type":"BreadcrumbList","@id":"https:\/\/maisonimmigration.com\/es\/residency\/ajuste-de-estatus\/#breadcrumb","itemListElement":[{"@type":"ListItem","position":1,"name":"Home","item":"https:\/\/maisonimmigration.com\/es\/"},{"@type":"ListItem","position":2,"name":"Residencia","item":"https:\/\/maisonimmigration.com\/es\/residency\/"},{"@type":"ListItem","position":3,"name":"Ajuste de estatus"}]},{"@type":"WebSite","@id":"https:\/\/maisonimmigration.com\/es\/#website","url":"https:\/\/maisonimmigration.com\/es\/","name":"Maison Law Immigration Lawyers","description":"","publisher":{"@id":"https:\/\/maisonimmigration.com\/es\/#organization"},"potentialAction":[{"@type":"SearchAction","target":{"@type":"EntryPoint","urlTemplate":"https:\/\/maisonimmigration.com\/es\/?s={search_term_string}"},"query-input":{"@type":"PropertyValueSpecification","valueRequired":true,"valueName":"search_term_string"}}],"inLanguage":"es"},{"@type":"Organization","@id":"https:\/\/maisonimmigration.com\/es\/#organization","name":"Maison Law Immigration Lawyers","url":"https:\/\/maisonimmigration.com\/es\/","logo":{"@type":"ImageObject","inLanguage":"es","@id":"https:\/\/maisonimmigration.com\/es\/#\/schema\/logo\/image\/","url":"https:\/\/maisonimmigration.com\/wp-content\/uploads\/2025\/12\/maison-law-immigration-lawyers-new-logo.png","contentUrl":"https:\/\/maisonimmigration.com\/wp-content\/uploads\/2025\/12\/maison-law-immigration-lawyers-new-logo.png","width":925,"height":211,"caption":"Maison Law Immigration Lawyers"},"image":{"@id":"https:\/\/maisonimmigration.com\/es\/#\/schema\/logo\/image\/"}}]}},"_links":{"self":[{"href":"https:\/\/maisonimmigration.com\/es\/wp-json\/wp\/v2\/pages\/424","targetHints":{"allow":["GET"]}}],"collection":[{"href":"https:\/\/maisonimmigration.com\/es\/wp-json\/wp\/v2\/pages"}],"about":[{"href":"https:\/\/maisonimmigration.com\/es\/wp-json\/wp\/v2\/types\/page"}],"author":[{"embeddable":true,"href":"https:\/\/maisonimmigration.com\/es\/wp-json\/wp\/v2\/users\/1"}],"replies":[{"embeddable":true,"href":"https:\/\/maisonimmigration.com\/es\/wp-json\/wp\/v2\/comments?post=424"}],"version-history":[{"count":1,"href":"https:\/\/maisonimmigration.com\/es\/wp-json\/wp\/v2\/pages\/424\/revisions"}],"predecessor-version":[{"id":425,"href":"https:\/\/maisonimmigration.com\/es\/wp-json\/wp\/v2\/pages\/424\/revisions\/425"}],"up":[{"embeddable":true,"href":"https:\/\/maisonimmigration.com\/es\/wp-json\/wp\/v2\/pages\/356"}],"wp:attachment":[{"href":"https:\/\/maisonimmigration.com\/es\/wp-json\/wp\/v2\/media?parent=424"}],"curies":[{"name":"wp","href":"https:\/\/api.w.org\/{rel}","templated":true}]}}