{"id":422,"date":"2021-11-20T05:46:09","date_gmt":"2021-11-20T05:46:09","guid":{"rendered":"https:\/\/maisonimmigration.com\/?page_id=422"},"modified":"2021-11-20T05:46:09","modified_gmt":"2021-11-20T05:46:09","slug":"peticiones-familiares","status":"publish","type":"page","link":"https:\/\/maisonimmigration.com\/es\/residency\/peticiones-familiares\/","title":{"rendered":"Peticiones familiares"},"content":{"rendered":"<p>El Formulario-130 del Servicio de Ciudadan\u00eda e Inmigraci\u00f3n de los Estados Unidos (USCIS) es el primer paso para que un extranjero se convierta en residente permanente legal de los Estados Unidos y obtenga la Tarjeta Verde. El formulario se utiliza para que el patrocinador demuestre su relaci\u00f3n con un familiar extranjero que tiene intenci\u00f3n de inmigrar a los Estados Unidos. Si el inmigrante pretendido es un c\u00f3nyuge de nacionalidad extranjera, se utiliza el formulario I-130A. Como otros formularios de inmigraci\u00f3n, el I-130 es complicado y confuso. Debe ser rellenado y firmado por un ciudadano estadounidense o un residente legal permanente que act\u00fae en nombre del familiar del inmigrante que pretende entrar.<\/p>\n<h2>\u00bfEstoy obligado a contratar a un abogado para un I-130?<\/h2>\n<p>Contratar a un abogado de inmigraci\u00f3n para completar un formulario I-130 no es obligatorio, pero opera en el mejor inter\u00e9s de todos los involucrados. Los errores u omisiones causar\u00e1n retrasos o el rechazo total de una solicitud I-130, especialmente si hay problemas potenciales con la elegibilidad o su relaci\u00f3n con su familiar. Al contratar a un abogado de inmigraci\u00f3n de Central Valley de Abogados de Inmigraci\u00f3n Maison Law, usted se asegurar\u00e1 mejor de presentar una solicitud I-130 comprensible y precisa. Por eso se aconseja encarecidamente la participaci\u00f3n de los abogados de inmigraci\u00f3n de Maison Law.<\/p>\n<h2>\u00bfQu\u00e9 familiares son elegibles para la residencia permanente?<\/h2>\n<p>Si una persona tiene la intenci\u00f3n de patrocinar a m\u00e1s de un pariente, deber\u00e1 presentar una petici\u00f3n I-130 y una cuota por separado para cada uno de ellos. Para los patrocinadores que son ciudadanos estadounidenses, los familiares elegibles incluyen los siguientes parientes:<\/p>\n<ul>\n<li>Tanto los hijos solteros como los casados.<\/li>\n<li>Hermanos y hermanas cuando el patrocinador tiene m\u00e1s de 21 a\u00f1os de edad.<\/li>\n<li>La madre o el padre cuando el patrocinador tiene m\u00e1s de 21 a\u00f1os.<\/li>\n<li>El c\u00f3nyuge del patrocinador.<\/li>\n<\/ul>\n<p>Si el patrocinador no es ciudadano estadounidense, pero posee una tarjeta verde, la petici\u00f3n del formulario I-130 puede utilizarse en nombre del c\u00f3nyuge o del hijo soltero del patrocinador. No existen cuotas sobre el n\u00famero de visados de inmigrante para familiares directos que pueden expedirse en un a\u00f1o determinado. La revisi\u00f3n de una petici\u00f3n I-130 comenzar\u00e1 en el plazo de un mes desde su recepci\u00f3n por parte del USCIS. Tenga en cuenta que hay cuotas en el n\u00famero de familiares m\u00e1s lejanos. Un familiar directo de un ciudadano estadounidense puede esperar su visado de inmigrante en un plazo de seis meses a un a\u00f1o tras la presentaci\u00f3n de la petici\u00f3n I-130, pero un hijo o hija casado de ese mismo ciudadano estadounidense puede esperar unos seis a\u00f1os. Para un familiar m\u00e1s lejano que est\u00e9 patrocinado por un residente permanente en EE.UU., el proceso de visado puede tardar a\u00fan m\u00e1s debido a las cuotas.<\/p>\n<h2>Documentos que deben acompa\u00f1ar a una petici\u00f3n I-130<\/h2>\n<p>El patrocinador debe demostrar que es ciudadano estadounidense o titular de una tarjeta verde. Los ciudadanos estadounidenses pueden aportar copias de su certificado de nacimiento, de su pasaporte estadounidense actual o de su documento de naturalizaci\u00f3n. Los titulares de la tarjeta verde deben aportar una copia de su tarjeta de residente permanente. Tanto los ciudadanos estadounidenses como los titulares de la tarjeta verde deben aportar pruebas satisfactorias de una relaci\u00f3n familiar con la persona que desean patrocinar.<\/p>\n<h2>\u00bfQu\u00e9 ocurre despu\u00e9s de que se apruebe una solicitud I-130?<\/h2>\n<p>Cuando el familiar extranjero se encuentra fuera de los Estados Unidos, puede viajar a un consulado del Departamento de Estado de los Estados Unidos y solicitar un visado de inmigrante. Una vez aprobado ese visado, \u00e9l o ella recibir\u00e1 un paquete de visado en un sobre que no debe abrirse. Cuando el familiar extranjero llegue a Estados Unidos, lo presentar\u00e1 al funcionario del USCIS para que lo inspeccione. Al pasar la inspecci\u00f3n, se aprueba la residencia permanente. La tarjeta verde del residente permanente llegar\u00e1 a su domicilio por correo unas semanas despu\u00e9s.<\/p>\n<h2>P\u00f3ngase en contacto con un abogado de inmigraci\u00f3n hoy mismo.<\/h2>\n<p>Maison Law Abogados de Inmigraci\u00f3n representa a clientes de Central Valley de California y m\u00e1s all\u00e1. Creemos firmemente que el trabajo duro y los sacrificios de las familias inmigrantes construyeron los Estados Unidos. Queremos que contin\u00faen construyendo los Estados Unidos a\u00fan m\u00e1s fuerte tambi\u00e9n. P\u00f3ngase en contacto con nosotros con sus preguntas sobre el Formulario I-130 o cualquier otro asunto de inmigraci\u00f3n. Estaremos encantados de dedicar tiempo para hablar con usted.<\/p>\n","protected":false},"excerpt":{"rendered":"<p>El Formulario-130 del Servicio de Ciudadan\u00eda e Inmigraci\u00f3n de los Estados Unidos (USCIS) es el primer paso para que un extranjero se convierta en residente permanente legal de los Estados Unidos y obtenga la Tarjeta Verde. El formulario se utiliza para que el patrocinador demuestre su relaci\u00f3n con un familiar extranjero que tiene intenci\u00f3n de [&hellip;]<\/p>\n","protected":false},"author":1,"featured_media":0,"parent":356,"menu_order":0,"comment_status":"closed","ping_status":"closed","template":"","meta":{"footnotes":""},"class_list":["post-422","page","type-page","status-publish","hentry"],"yoast_head":"<!-- This site is optimized with the Yoast SEO plugin v27.3 - https:\/\/yoast.com\/product\/yoast-seo-wordpress\/ -->\n<title>Peticiones familiares | Maison Law Immigration Lawyers<\/title>\n<meta name=\"robots\" content=\"index, follow, max-snippet:-1, max-image-preview:large, max-video-preview:-1\" \/>\n<link rel=\"canonical\" href=\"https:\/\/maisonimmigration.com\/es\/residency\/peticiones-familiares\/\" \/>\n<meta property=\"og:locale\" content=\"es_ES\" \/>\n<meta property=\"og:type\" content=\"article\" \/>\n<meta property=\"og:title\" content=\"Peticiones familiares | Maison Law Immigration Lawyers\" \/>\n<meta property=\"og:description\" content=\"El Formulario-130 del Servicio de Ciudadan\u00eda e Inmigraci\u00f3n de los Estados Unidos (USCIS) es el primer paso para que un extranjero se convierta en residente permanente legal de los Estados Unidos y obtenga la Tarjeta Verde. El formulario se utiliza para que el patrocinador demuestre su relaci\u00f3n con un familiar extranjero que tiene intenci\u00f3n de [&hellip;]\" \/>\n<meta property=\"og:url\" content=\"https:\/\/maisonimmigration.com\/es\/residency\/peticiones-familiares\/\" \/>\n<meta property=\"og:site_name\" content=\"Maison Law Immigration Lawyers\" \/>\n<meta name=\"twitter:card\" content=\"summary_large_image\" \/>\n<meta name=\"twitter:label1\" content=\"Tiempo de lectura\" \/>\n\t<meta name=\"twitter:data1\" content=\"4 minutos\" \/>\n<script type=\"application\/ld+json\" class=\"yoast-schema-graph\">{\"@context\":\"https:\\\/\\\/schema.org\",\"@graph\":[{\"@type\":\"WebPage\",\"@id\":\"https:\\\/\\\/maisonimmigration.com\\\/es\\\/residency\\\/peticiones-familiares\\\/\",\"url\":\"https:\\\/\\\/maisonimmigration.com\\\/es\\\/residency\\\/peticiones-familiares\\\/\",\"name\":\"Peticiones familiares | Maison Law Immigration Lawyers\",\"isPartOf\":{\"@id\":\"https:\\\/\\\/maisonimmigration.com\\\/es\\\/#website\"},\"datePublished\":\"2021-11-20T05:46:09+00:00\",\"breadcrumb\":{\"@id\":\"https:\\\/\\\/maisonimmigration.com\\\/es\\\/residency\\\/peticiones-familiares\\\/#breadcrumb\"},\"inLanguage\":\"es\",\"potentialAction\":[{\"@type\":\"ReadAction\",\"target\":[\"https:\\\/\\\/maisonimmigration.com\\\/es\\\/residency\\\/peticiones-familiares\\\/\"]}]},{\"@type\":\"BreadcrumbList\",\"@id\":\"https:\\\/\\\/maisonimmigration.com\\\/es\\\/residency\\\/peticiones-familiares\\\/#breadcrumb\",\"itemListElement\":[{\"@type\":\"ListItem\",\"position\":1,\"name\":\"Home\",\"item\":\"https:\\\/\\\/maisonimmigration.com\\\/es\\\/\"},{\"@type\":\"ListItem\",\"position\":2,\"name\":\"Residencia\",\"item\":\"https:\\\/\\\/maisonimmigration.com\\\/es\\\/residency\\\/\"},{\"@type\":\"ListItem\",\"position\":3,\"name\":\"Peticiones familiares\"}]},{\"@type\":\"WebSite\",\"@id\":\"https:\\\/\\\/maisonimmigration.com\\\/es\\\/#website\",\"url\":\"https:\\\/\\\/maisonimmigration.com\\\/es\\\/\",\"name\":\"Maison Law Immigration Lawyers\",\"description\":\"\",\"publisher\":{\"@id\":\"https:\\\/\\\/maisonimmigration.com\\\/es\\\/#organization\"},\"potentialAction\":[{\"@type\":\"SearchAction\",\"target\":{\"@type\":\"EntryPoint\",\"urlTemplate\":\"https:\\\/\\\/maisonimmigration.com\\\/es\\\/?s={search_term_string}\"},\"query-input\":{\"@type\":\"PropertyValueSpecification\",\"valueRequired\":true,\"valueName\":\"search_term_string\"}}],\"inLanguage\":\"es\"},{\"@type\":\"Organization\",\"@id\":\"https:\\\/\\\/maisonimmigration.com\\\/es\\\/#organization\",\"name\":\"Maison Law Immigration Lawyers\",\"url\":\"https:\\\/\\\/maisonimmigration.com\\\/es\\\/\",\"logo\":{\"@type\":\"ImageObject\",\"inLanguage\":\"es\",\"@id\":\"https:\\\/\\\/maisonimmigration.com\\\/es\\\/#\\\/schema\\\/logo\\\/image\\\/\",\"url\":\"https:\\\/\\\/maisonimmigration.com\\\/wp-content\\\/uploads\\\/2025\\\/12\\\/maison-law-immigration-lawyers-new-logo.png\",\"contentUrl\":\"https:\\\/\\\/maisonimmigration.com\\\/wp-content\\\/uploads\\\/2025\\\/12\\\/maison-law-immigration-lawyers-new-logo.png\",\"width\":925,\"height\":211,\"caption\":\"Maison Law Immigration Lawyers\"},\"image\":{\"@id\":\"https:\\\/\\\/maisonimmigration.com\\\/es\\\/#\\\/schema\\\/logo\\\/image\\\/\"}}]}<\/script>\n<!-- \/ Yoast SEO plugin. -->","yoast_head_json":{"title":"Peticiones familiares | Maison Law Immigration Lawyers","robots":{"index":"index","follow":"follow","max-snippet":"max-snippet:-1","max-image-preview":"max-image-preview:large","max-video-preview":"max-video-preview:-1"},"canonical":"https:\/\/maisonimmigration.com\/es\/residency\/peticiones-familiares\/","og_locale":"es_ES","og_type":"article","og_title":"Peticiones familiares | Maison Law Immigration Lawyers","og_description":"El Formulario-130 del Servicio de Ciudadan\u00eda e Inmigraci\u00f3n de los Estados Unidos (USCIS) es el primer paso para que un extranjero se convierta en residente permanente legal de los Estados Unidos y obtenga la Tarjeta Verde. El formulario se utiliza para que el patrocinador demuestre su relaci\u00f3n con un familiar extranjero que tiene intenci\u00f3n de [&hellip;]","og_url":"https:\/\/maisonimmigration.com\/es\/residency\/peticiones-familiares\/","og_site_name":"Maison Law Immigration Lawyers","twitter_card":"summary_large_image","twitter_misc":{"Tiempo de lectura":"4 minutos"},"schema":{"@context":"https:\/\/schema.org","@graph":[{"@type":"WebPage","@id":"https:\/\/maisonimmigration.com\/es\/residency\/peticiones-familiares\/","url":"https:\/\/maisonimmigration.com\/es\/residency\/peticiones-familiares\/","name":"Peticiones familiares | Maison Law Immigration Lawyers","isPartOf":{"@id":"https:\/\/maisonimmigration.com\/es\/#website"},"datePublished":"2021-11-20T05:46:09+00:00","breadcrumb":{"@id":"https:\/\/maisonimmigration.com\/es\/residency\/peticiones-familiares\/#breadcrumb"},"inLanguage":"es","potentialAction":[{"@type":"ReadAction","target":["https:\/\/maisonimmigration.com\/es\/residency\/peticiones-familiares\/"]}]},{"@type":"BreadcrumbList","@id":"https:\/\/maisonimmigration.com\/es\/residency\/peticiones-familiares\/#breadcrumb","itemListElement":[{"@type":"ListItem","position":1,"name":"Home","item":"https:\/\/maisonimmigration.com\/es\/"},{"@type":"ListItem","position":2,"name":"Residencia","item":"https:\/\/maisonimmigration.com\/es\/residency\/"},{"@type":"ListItem","position":3,"name":"Peticiones familiares"}]},{"@type":"WebSite","@id":"https:\/\/maisonimmigration.com\/es\/#website","url":"https:\/\/maisonimmigration.com\/es\/","name":"Maison Law Immigration Lawyers","description":"","publisher":{"@id":"https:\/\/maisonimmigration.com\/es\/#organization"},"potentialAction":[{"@type":"SearchAction","target":{"@type":"EntryPoint","urlTemplate":"https:\/\/maisonimmigration.com\/es\/?s={search_term_string}"},"query-input":{"@type":"PropertyValueSpecification","valueRequired":true,"valueName":"search_term_string"}}],"inLanguage":"es"},{"@type":"Organization","@id":"https:\/\/maisonimmigration.com\/es\/#organization","name":"Maison Law Immigration Lawyers","url":"https:\/\/maisonimmigration.com\/es\/","logo":{"@type":"ImageObject","inLanguage":"es","@id":"https:\/\/maisonimmigration.com\/es\/#\/schema\/logo\/image\/","url":"https:\/\/maisonimmigration.com\/wp-content\/uploads\/2025\/12\/maison-law-immigration-lawyers-new-logo.png","contentUrl":"https:\/\/maisonimmigration.com\/wp-content\/uploads\/2025\/12\/maison-law-immigration-lawyers-new-logo.png","width":925,"height":211,"caption":"Maison Law Immigration Lawyers"},"image":{"@id":"https:\/\/maisonimmigration.com\/es\/#\/schema\/logo\/image\/"}}]}},"_links":{"self":[{"href":"https:\/\/maisonimmigration.com\/es\/wp-json\/wp\/v2\/pages\/422","targetHints":{"allow":["GET"]}}],"collection":[{"href":"https:\/\/maisonimmigration.com\/es\/wp-json\/wp\/v2\/pages"}],"about":[{"href":"https:\/\/maisonimmigration.com\/es\/wp-json\/wp\/v2\/types\/page"}],"author":[{"embeddable":true,"href":"https:\/\/maisonimmigration.com\/es\/wp-json\/wp\/v2\/users\/1"}],"replies":[{"embeddable":true,"href":"https:\/\/maisonimmigration.com\/es\/wp-json\/wp\/v2\/comments?post=422"}],"version-history":[{"count":1,"href":"https:\/\/maisonimmigration.com\/es\/wp-json\/wp\/v2\/pages\/422\/revisions"}],"predecessor-version":[{"id":423,"href":"https:\/\/maisonimmigration.com\/es\/wp-json\/wp\/v2\/pages\/422\/revisions\/423"}],"up":[{"embeddable":true,"href":"https:\/\/maisonimmigration.com\/es\/wp-json\/wp\/v2\/pages\/356"}],"wp:attachment":[{"href":"https:\/\/maisonimmigration.com\/es\/wp-json\/wp\/v2\/media?parent=422"}],"curies":[{"name":"wp","href":"https:\/\/api.w.org\/{rel}","templated":true}]}}