{"id":418,"date":"2021-11-20T05:43:54","date_gmt":"2021-11-20T05:43:54","guid":{"rendered":"https:\/\/maisonimmigration.com\/?page_id=418"},"modified":"2021-11-20T05:43:54","modified_gmt":"2021-11-20T05:43:54","slug":"sustitucion-y-renovacion-de-la-tarjeta-verde","status":"publish","type":"page","link":"https:\/\/maisonimmigration.com\/es\/residency\/tarjetas-verdes\/sustitucion-y-renovacion-de-la-tarjeta-verde\/","title":{"rendered":"Sustituci\u00f3n y renovaci\u00f3n de la tarjeta verde"},"content":{"rendered":"<p>Cuando un extranjero se encuentra en Estados Unidos y est\u00e1 en posesi\u00f3n de una Tarjeta Verde, \u00e9sta le identifica como residente permanente legal que puede vivir y trabajar en Estados Unidos. Despu\u00e9s de cinco a\u00f1os de vivir continuamente en Estados Unidos y del cumplimiento de otras condiciones, el titular de esa tarjeta se convierte en elegible para solicitar la ciudadan\u00eda. Sin embargo, no es obligatorio. Ese titular puede vivir hasta una edad avanzada en Estados Unidos, morir e incluso ser enterrado con los miembros de su familia que le hayan precedido aqu\u00ed.<\/p>\n<h2>Obtenci\u00f3n de la tarjeta verde<\/h2>\n<p>Una Tarjeta Verde y la residencia permanente pueden ser obtenidas por un extranjero a trav\u00e9s del patrocinio de un familiar directo o de un empleador. Tambi\u00e9n puede obtenerse a trav\u00e9s de la aprobaci\u00f3n del estatus de refugiado, asilado o inmigrante especial, como v\u00edctima del tr\u00e1fico de personas o del crimen o por ser v\u00edctima de abusos. Existen otras categor\u00edas de tarjetas verdes en circunstancias especiales. Independientemente de la categor\u00eda de visado que busque un inmigrante, todas las solicitudes se tramitan a trav\u00e9s del Servicio de Ciudadan\u00eda e Inmigraci\u00f3n de Estados Unidos.<\/p>\n<h2>\u00bfNecesito un abogado como patrocinador de la tarjeta verde?<\/h2>\n<p>La ley de inmigraci\u00f3n de EE.UU. puede ser incre\u00edblemente complicada. Se recomienda encarecidamente que se contrate a un abogado desde el principio en cualquier petici\u00f3n de residencia permanente. Las solicitudes y la documentaci\u00f3n de apoyo pueden volverse r\u00e1pidamente confusas. Los errores u omisiones en el proceso de solicitud y documentaci\u00f3n pueden causar largos retrasos o incluso la denegaci\u00f3n de una petici\u00f3n de residencia permanente. Contratar a un abogado puede ahorrar mucho tiempo, dinero y desgaste de los nervios, tanto de los patrocinadores como de los beneficiarios. Abogados de Inmigraci\u00f3n Maison Law est\u00e1 disponible para ese prop\u00f3sito para los residentes de Central Valley y m\u00e1s all\u00e1.<\/p>\n<h2>Renovaci\u00f3n o sustituci\u00f3n de su tarjeta verde<\/h2>\n<p>Una vez que obtenga su Tarjeta Verde, pueden surgir circunstancias en las que se le exija renovarla o reemplazarla. Estas son algunas de las situaciones m\u00e1s comunes:<\/p>\n<ul>\n<li>Ha perdido su Tarjeta Verde, o se la han robado o extraviado.<\/li>\n<li>Su Tarjeta Verde ha caducado o caducar\u00e1 en los pr\u00f3ximos seis meses.<\/li>\n<li>Recibi\u00f3 su Tarjeta Verde antes de cumplir los 14 a\u00f1os, y ahora, ya los tiene. Tenga en cuenta que si su tarjeta caduca antes de cumplir los 16 a\u00f1os, puede esperar hasta que caduque.<\/li>\n<li>Su estatus ha sido cambiado autom\u00e1ticamente al de residente permanente legal.<\/li>\n<li>Hay informaci\u00f3n incorrecta en su tarjeta.<\/li>\n<li>Ha cambiado su nombre u otra informaci\u00f3n biogr\u00e1fica en su tarjeta.<\/li>\n<li>Usted tuvo en el pasado una versi\u00f3n anterior de la Tarjeta Verde que ya no es v\u00e1lida.<\/li>\n<li>Usted nunca recibi\u00f3 la Tarjeta Verde que el USCIS le envi\u00f3.<\/li>\n<\/ul>\n<h2>P\u00f3ngase en contacto con un abogado de inmigraci\u00f3n de California.<\/h2>\n<p>Siempre es bueno para usted y su familia tener una relaci\u00f3n profesional s\u00f3lida con un abogado de inmigraci\u00f3n de Central Valley calificado y con conocimientos. Podemos empezar a construir esa relaci\u00f3n cuando usted se ponga en contacto con Abogados de Inmigraci\u00f3n Maison Law para una consulta sobre cualquier pregunta que tenga sobre la obtenci\u00f3n, renovaci\u00f3n o sustituci\u00f3n de una Tarjeta Verde. Los Estados Unidos se construyeron sobre la base de la inmigraci\u00f3n, y queremos que usted y su familia nos ayuden a construirlo a\u00fan m\u00e1s fuerte de lo que es ahora. P\u00f3ngase en contacto con nosotros sobre sus asuntos de inmigraci\u00f3n a la mayor brevedad posible, y estaremos encantados de discutirlos con usted.<\/p>\n","protected":false},"excerpt":{"rendered":"<p>Cuando un extranjero se encuentra en Estados Unidos y est\u00e1 en posesi\u00f3n de una Tarjeta Verde, \u00e9sta le identifica como residente permanente legal que puede vivir y trabajar en Estados Unidos. Despu\u00e9s de cinco a\u00f1os de vivir continuamente en Estados Unidos y del cumplimiento de otras condiciones, el titular de esa tarjeta se convierte en [&hellip;]<\/p>\n","protected":false},"author":1,"featured_media":0,"parent":415,"menu_order":0,"comment_status":"closed","ping_status":"closed","template":"","meta":{"footnotes":""},"class_list":["post-418","page","type-page","status-publish","hentry"],"yoast_head":"<!-- This site is optimized with the Yoast SEO plugin v27.3 - https:\/\/yoast.com\/product\/yoast-seo-wordpress\/ -->\n<title>Sustituci\u00f3n y renovaci\u00f3n de la tarjeta verde | Maison Law Immigration Lawyers<\/title>\n<meta name=\"robots\" content=\"index, follow, max-snippet:-1, max-image-preview:large, max-video-preview:-1\" \/>\n<link rel=\"canonical\" href=\"https:\/\/maisonimmigration.com\/es\/residency\/tarjetas-verdes\/sustitucion-y-renovacion-de-la-tarjeta-verde\/\" \/>\n<meta property=\"og:locale\" content=\"es_ES\" \/>\n<meta property=\"og:type\" content=\"article\" \/>\n<meta property=\"og:title\" content=\"Sustituci\u00f3n y renovaci\u00f3n de la tarjeta verde | Maison Law Immigration Lawyers\" \/>\n<meta property=\"og:description\" content=\"Cuando un extranjero se encuentra en Estados Unidos y est\u00e1 en posesi\u00f3n de una Tarjeta Verde, \u00e9sta le identifica como residente permanente legal que puede vivir y trabajar en Estados Unidos. Despu\u00e9s de cinco a\u00f1os de vivir continuamente en Estados Unidos y del cumplimiento de otras condiciones, el titular de esa tarjeta se convierte en [&hellip;]\" \/>\n<meta property=\"og:url\" content=\"https:\/\/maisonimmigration.com\/es\/residency\/tarjetas-verdes\/sustitucion-y-renovacion-de-la-tarjeta-verde\/\" \/>\n<meta property=\"og:site_name\" content=\"Maison Law Immigration Lawyers\" \/>\n<meta name=\"twitter:card\" content=\"summary_large_image\" \/>\n<meta name=\"twitter:label1\" content=\"Tiempo de lectura\" \/>\n\t<meta name=\"twitter:data1\" content=\"3 minutos\" \/>\n<script type=\"application\/ld+json\" class=\"yoast-schema-graph\">{\"@context\":\"https:\\\/\\\/schema.org\",\"@graph\":[{\"@type\":\"WebPage\",\"@id\":\"https:\\\/\\\/maisonimmigration.com\\\/es\\\/residency\\\/tarjetas-verdes\\\/sustitucion-y-renovacion-de-la-tarjeta-verde\\\/\",\"url\":\"https:\\\/\\\/maisonimmigration.com\\\/es\\\/residency\\\/tarjetas-verdes\\\/sustitucion-y-renovacion-de-la-tarjeta-verde\\\/\",\"name\":\"Sustituci\u00f3n y renovaci\u00f3n de la tarjeta verde | Maison Law Immigration Lawyers\",\"isPartOf\":{\"@id\":\"https:\\\/\\\/maisonimmigration.com\\\/es\\\/#website\"},\"datePublished\":\"2021-11-20T05:43:54+00:00\",\"breadcrumb\":{\"@id\":\"https:\\\/\\\/maisonimmigration.com\\\/es\\\/residency\\\/tarjetas-verdes\\\/sustitucion-y-renovacion-de-la-tarjeta-verde\\\/#breadcrumb\"},\"inLanguage\":\"es\",\"potentialAction\":[{\"@type\":\"ReadAction\",\"target\":[\"https:\\\/\\\/maisonimmigration.com\\\/es\\\/residency\\\/tarjetas-verdes\\\/sustitucion-y-renovacion-de-la-tarjeta-verde\\\/\"]}]},{\"@type\":\"BreadcrumbList\",\"@id\":\"https:\\\/\\\/maisonimmigration.com\\\/es\\\/residency\\\/tarjetas-verdes\\\/sustitucion-y-renovacion-de-la-tarjeta-verde\\\/#breadcrumb\",\"itemListElement\":[{\"@type\":\"ListItem\",\"position\":1,\"name\":\"Home\",\"item\":\"https:\\\/\\\/maisonimmigration.com\\\/es\\\/\"},{\"@type\":\"ListItem\",\"position\":2,\"name\":\"Residencia\",\"item\":\"https:\\\/\\\/maisonimmigration.com\\\/es\\\/residency\\\/\"},{\"@type\":\"ListItem\",\"position\":3,\"name\":\"Tarjetas verdes\",\"item\":\"https:\\\/\\\/maisonimmigration.com\\\/es\\\/residency\\\/tarjetas-verdes\\\/\"},{\"@type\":\"ListItem\",\"position\":4,\"name\":\"Sustituci\u00f3n y renovaci\u00f3n de la tarjeta verde\"}]},{\"@type\":\"WebSite\",\"@id\":\"https:\\\/\\\/maisonimmigration.com\\\/es\\\/#website\",\"url\":\"https:\\\/\\\/maisonimmigration.com\\\/es\\\/\",\"name\":\"Maison Law Immigration Lawyers\",\"description\":\"\",\"publisher\":{\"@id\":\"https:\\\/\\\/maisonimmigration.com\\\/es\\\/#organization\"},\"potentialAction\":[{\"@type\":\"SearchAction\",\"target\":{\"@type\":\"EntryPoint\",\"urlTemplate\":\"https:\\\/\\\/maisonimmigration.com\\\/es\\\/?s={search_term_string}\"},\"query-input\":{\"@type\":\"PropertyValueSpecification\",\"valueRequired\":true,\"valueName\":\"search_term_string\"}}],\"inLanguage\":\"es\"},{\"@type\":\"Organization\",\"@id\":\"https:\\\/\\\/maisonimmigration.com\\\/es\\\/#organization\",\"name\":\"Maison Law Immigration Lawyers\",\"url\":\"https:\\\/\\\/maisonimmigration.com\\\/es\\\/\",\"logo\":{\"@type\":\"ImageObject\",\"inLanguage\":\"es\",\"@id\":\"https:\\\/\\\/maisonimmigration.com\\\/es\\\/#\\\/schema\\\/logo\\\/image\\\/\",\"url\":\"https:\\\/\\\/maisonimmigration.com\\\/wp-content\\\/uploads\\\/2025\\\/12\\\/maison-law-immigration-lawyers-new-logo.png\",\"contentUrl\":\"https:\\\/\\\/maisonimmigration.com\\\/wp-content\\\/uploads\\\/2025\\\/12\\\/maison-law-immigration-lawyers-new-logo.png\",\"width\":925,\"height\":211,\"caption\":\"Maison Law Immigration Lawyers\"},\"image\":{\"@id\":\"https:\\\/\\\/maisonimmigration.com\\\/es\\\/#\\\/schema\\\/logo\\\/image\\\/\"}}]}<\/script>\n<!-- \/ Yoast SEO plugin. -->","yoast_head_json":{"title":"Sustituci\u00f3n y renovaci\u00f3n de la tarjeta verde | Maison Law Immigration Lawyers","robots":{"index":"index","follow":"follow","max-snippet":"max-snippet:-1","max-image-preview":"max-image-preview:large","max-video-preview":"max-video-preview:-1"},"canonical":"https:\/\/maisonimmigration.com\/es\/residency\/tarjetas-verdes\/sustitucion-y-renovacion-de-la-tarjeta-verde\/","og_locale":"es_ES","og_type":"article","og_title":"Sustituci\u00f3n y renovaci\u00f3n de la tarjeta verde | Maison Law Immigration Lawyers","og_description":"Cuando un extranjero se encuentra en Estados Unidos y est\u00e1 en posesi\u00f3n de una Tarjeta Verde, \u00e9sta le identifica como residente permanente legal que puede vivir y trabajar en Estados Unidos. Despu\u00e9s de cinco a\u00f1os de vivir continuamente en Estados Unidos y del cumplimiento de otras condiciones, el titular de esa tarjeta se convierte en [&hellip;]","og_url":"https:\/\/maisonimmigration.com\/es\/residency\/tarjetas-verdes\/sustitucion-y-renovacion-de-la-tarjeta-verde\/","og_site_name":"Maison Law Immigration Lawyers","twitter_card":"summary_large_image","twitter_misc":{"Tiempo de lectura":"3 minutos"},"schema":{"@context":"https:\/\/schema.org","@graph":[{"@type":"WebPage","@id":"https:\/\/maisonimmigration.com\/es\/residency\/tarjetas-verdes\/sustitucion-y-renovacion-de-la-tarjeta-verde\/","url":"https:\/\/maisonimmigration.com\/es\/residency\/tarjetas-verdes\/sustitucion-y-renovacion-de-la-tarjeta-verde\/","name":"Sustituci\u00f3n y renovaci\u00f3n de la tarjeta verde | Maison Law Immigration Lawyers","isPartOf":{"@id":"https:\/\/maisonimmigration.com\/es\/#website"},"datePublished":"2021-11-20T05:43:54+00:00","breadcrumb":{"@id":"https:\/\/maisonimmigration.com\/es\/residency\/tarjetas-verdes\/sustitucion-y-renovacion-de-la-tarjeta-verde\/#breadcrumb"},"inLanguage":"es","potentialAction":[{"@type":"ReadAction","target":["https:\/\/maisonimmigration.com\/es\/residency\/tarjetas-verdes\/sustitucion-y-renovacion-de-la-tarjeta-verde\/"]}]},{"@type":"BreadcrumbList","@id":"https:\/\/maisonimmigration.com\/es\/residency\/tarjetas-verdes\/sustitucion-y-renovacion-de-la-tarjeta-verde\/#breadcrumb","itemListElement":[{"@type":"ListItem","position":1,"name":"Home","item":"https:\/\/maisonimmigration.com\/es\/"},{"@type":"ListItem","position":2,"name":"Residencia","item":"https:\/\/maisonimmigration.com\/es\/residency\/"},{"@type":"ListItem","position":3,"name":"Tarjetas verdes","item":"https:\/\/maisonimmigration.com\/es\/residency\/tarjetas-verdes\/"},{"@type":"ListItem","position":4,"name":"Sustituci\u00f3n y renovaci\u00f3n de la tarjeta verde"}]},{"@type":"WebSite","@id":"https:\/\/maisonimmigration.com\/es\/#website","url":"https:\/\/maisonimmigration.com\/es\/","name":"Maison Law Immigration Lawyers","description":"","publisher":{"@id":"https:\/\/maisonimmigration.com\/es\/#organization"},"potentialAction":[{"@type":"SearchAction","target":{"@type":"EntryPoint","urlTemplate":"https:\/\/maisonimmigration.com\/es\/?s={search_term_string}"},"query-input":{"@type":"PropertyValueSpecification","valueRequired":true,"valueName":"search_term_string"}}],"inLanguage":"es"},{"@type":"Organization","@id":"https:\/\/maisonimmigration.com\/es\/#organization","name":"Maison Law Immigration Lawyers","url":"https:\/\/maisonimmigration.com\/es\/","logo":{"@type":"ImageObject","inLanguage":"es","@id":"https:\/\/maisonimmigration.com\/es\/#\/schema\/logo\/image\/","url":"https:\/\/maisonimmigration.com\/wp-content\/uploads\/2025\/12\/maison-law-immigration-lawyers-new-logo.png","contentUrl":"https:\/\/maisonimmigration.com\/wp-content\/uploads\/2025\/12\/maison-law-immigration-lawyers-new-logo.png","width":925,"height":211,"caption":"Maison Law Immigration Lawyers"},"image":{"@id":"https:\/\/maisonimmigration.com\/es\/#\/schema\/logo\/image\/"}}]}},"_links":{"self":[{"href":"https:\/\/maisonimmigration.com\/es\/wp-json\/wp\/v2\/pages\/418","targetHints":{"allow":["GET"]}}],"collection":[{"href":"https:\/\/maisonimmigration.com\/es\/wp-json\/wp\/v2\/pages"}],"about":[{"href":"https:\/\/maisonimmigration.com\/es\/wp-json\/wp\/v2\/types\/page"}],"author":[{"embeddable":true,"href":"https:\/\/maisonimmigration.com\/es\/wp-json\/wp\/v2\/users\/1"}],"replies":[{"embeddable":true,"href":"https:\/\/maisonimmigration.com\/es\/wp-json\/wp\/v2\/comments?post=418"}],"version-history":[{"count":1,"href":"https:\/\/maisonimmigration.com\/es\/wp-json\/wp\/v2\/pages\/418\/revisions"}],"predecessor-version":[{"id":419,"href":"https:\/\/maisonimmigration.com\/es\/wp-json\/wp\/v2\/pages\/418\/revisions\/419"}],"up":[{"embeddable":true,"href":"https:\/\/maisonimmigration.com\/es\/wp-json\/wp\/v2\/pages\/415"}],"wp:attachment":[{"href":"https:\/\/maisonimmigration.com\/es\/wp-json\/wp\/v2\/media?parent=418"}],"curies":[{"name":"wp","href":"https:\/\/api.w.org\/{rel}","templated":true}]}}