{"id":415,"date":"2021-11-20T05:40:57","date_gmt":"2021-11-20T05:40:57","guid":{"rendered":"https:\/\/maisonimmigration.com\/?page_id=415"},"modified":"2021-11-20T05:44:22","modified_gmt":"2021-11-20T05:44:22","slug":"tarjetas-verdes","status":"publish","type":"page","link":"https:\/\/maisonimmigration.com\/es\/residency\/tarjetas-verdes\/","title":{"rendered":"Tarjetas verdes"},"content":{"rendered":"<p>Los inmigrantes hicieron de Estados Unidos la gran naci\u00f3n que es. Fueron nuestros padres, abuelos y bisabuelos quienes cultivaron nuestra tierra, trabajaron en nuestras industrias y construyeron nuestras ciudades. Como abogados de inmigraci\u00f3n, creemos firmemente que la inmigraci\u00f3n beneficia a todos en los Estados Unidos. Trabajamos con generaciones de clientes, y ofrecemos a todos y cada uno de ellos el m\u00e1s alto nivel posible de asesoramiento y consejo legal.<\/p>\n<h2>Asistencia y representaci\u00f3n legal en materia de inmigraci\u00f3n<\/h2>\n<p>Si desea obtener una tarjeta verde para que un miembro de su familia se re\u00fana con usted aqu\u00ed en los Estados Unidos, los abogados de inmigraci\u00f3n de Maison Law pueden ayudarle. Proporcionamos asistencia y representaci\u00f3n legal en materia de inmigraci\u00f3n a los ciudadanos de los Estados Unidos y a los residentes permanentes legales, gui\u00e1ndolos cuidadosa y profesionalmente a trav\u00e9s del complejo y confuso proceso de inmigraci\u00f3n. Aunque los servicios que proporcionamos se centran principalmente en nombre de los residentes del Central Valley de California, tambi\u00e9n trabajamos con ciudadanos estadounidenses y residentes permanentes de todo el pa\u00eds.<\/p>\n<h2>Visados de inmigrante y estatus de residente permanente<\/h2>\n<p>Cuando un inmigrante obtiene la residencia permanente basada en la familia, se le permite trabajar legalmente en cualquier empleo en los Estados Unidos. Su tarjeta verde es expedida por el Servicio de Ciudadan\u00eda e Inmigraci\u00f3n de EE.UU., y se da prioridad a los c\u00f3nyuges, los hijos dependientes y los padres. Otros miembros de la familia pueden tener derecho a inmigrar a Estados Unidos, pero est\u00e1n sujetos a cuotas cada a\u00f1o y pueden pasar muchos a\u00f1os esperando en la cola antes de que le llegue el turno a una persona. Cualquier ciudadano estadounidense puede patrocinar a un familiar directo para que entre en Estados Unidos con una tarjeta verde. Esos parientes inmediatos incluyen a las siguientes personas<\/p>\n<ul>\n<li>El marido o la mujer del patrocinador.<\/li>\n<li>Los padres del patrocinador si \u00e9ste tiene 21 a\u00f1os o m\u00e1s.<\/li>\n<li>Los hijos o hijas solteros del patrocinador.<\/li>\n<li>Los hijos o hijas casados del patrocinador.<\/li>\n<li>Los hermanos o hermanas del padrino, si \u00e9ste tiene 21 a\u00f1os o m\u00e1s.<\/li>\n<\/ul>\n<p>Una persona que no sea ciudadana de los Estados Unidos, pero que ya tenga una tarjeta verde, s\u00f3lo puede patrocinar a su esposo o esposa o a sus hijos solteros.<\/p>\n<h2>Tarjeta verde de residente retornado<\/h2>\n<p>El titular de una tarjeta verde est\u00e1 autorizado a viajar al pa\u00eds o a cualquier otro pa\u00eds, pero no puede permanecer fuera de Estados Unidos durante m\u00e1s de un a\u00f1o natural. Si esa persona no puede regresar a Estados Unidos por razones que no est\u00e1n bajo su control, deber\u00e1 solicitar una tarjeta verde de residente retornado. Las razones que escapan al control de esa persona pueden incluir haber sido detenida en otro pa\u00eds o que no se le permita regresar por razones familiares o culturales<\/p>\n<h2>Tarjeta verde basada en el empleo<\/h2>\n<p>Si un extranjero encuentra un trabajo en Estados Unidos, puede viajar aqu\u00ed en virtud de un contrato y trabajar en Estados Unidos tras la expedici\u00f3n de una tarjeta verde basada en el empleo. Sin embargo, el empleador debe patrocinar al trabajador extranjero. Si se aprueba la solicitud de patrocinio, el trabajador queda vinculado a ese empleador hasta que expire el contrato de trabajo entre las partes. Si el individuo encuentra trabajo con otro empleador, se requieren nuevos documentos de patrocinio.<\/p>\n<h2>Asilo o estatus de refugiado<\/h2>\n<p>Cuando una persona que solicita el estatus de refugiado o asilado ha entrado en Estados Unidos, se le permite solicitar la residencia permanente despu\u00e9s de un a\u00f1o como refugiado, y despu\u00e9s de un a\u00f1o desde la concesi\u00f3n del asilo para los asilados. Dada la actual oleada de entradas ilegales en la frontera sur de Estados Unidos, esperamos ver un n\u00famero sin precedentes de estas solicitudes. Tenga en cuenta que se esperan nuevas normas relativas a los refugiados y asilados. Le asesoraremos en consecuencia tan pronto como se publiquen.<\/p>\n<h2>Tarjetas verdes de diversidad<\/h2>\n<p>Los Estados Unidos celebran cada a\u00f1o una loter\u00eda para que aquellos que de otro modo no son elegibles para una tarjeta verde intenten obtener un visado de diversidad. Cada a\u00f1o se expiden unos 55.000. Tras la emisi\u00f3n de un visado de diversidad, la persona est\u00e1 en camino de convertirse en titular de una tarjeta verde.<\/p>\n<h2>P\u00f3ngase en contacto con un abogado de inmigraci\u00f3n hoy mismo.<\/h2>\n<p>Si usted o un miembro de su familia necesitan ayuda para obtener la residencia permanente en los Estados Unidos, hable con un abogado de inmigraci\u00f3n del Central Valley en Abogados de Inmigraci\u00f3n Maison Law. Sabemos lo que hay que hacer para ayudarle eficazmente. Estamos comprometidos a ayudar a cada persona que tiene la intenci\u00f3n de convertirse en un residente permanente de los Estados Unidos en la obtenci\u00f3n de la asistencia legal profesional que se merece. Son personas como usted las que construyeron este pa\u00eds, y sus familiares pueden seguir construy\u00e9ndolo a\u00fan mejor.<\/p>\n<p>&nbsp;<\/p>\n<p><strong>Relacionado:<\/strong><\/p>\n<ul>\n<li><a href=\"https:\/\/maisonimmigration.com\/es\/residencia\/tarjetas-verdes\/sustitucion-y-renovacion-de-la-tarjeta-verde\/\">Renovar \/ Reemplazar una tarjeta verde<\/a><\/li>\n<\/ul>\n","protected":false},"excerpt":{"rendered":"<p>Los inmigrantes hicieron de Estados Unidos la gran naci\u00f3n que es. Fueron nuestros padres, abuelos y bisabuelos quienes cultivaron nuestra tierra, trabajaron en nuestras industrias y construyeron nuestras ciudades. Como abogados de inmigraci\u00f3n, creemos firmemente que la inmigraci\u00f3n beneficia a todos en los Estados Unidos. Trabajamos con generaciones de clientes, y ofrecemos a todos y [&hellip;]<\/p>\n","protected":false},"author":1,"featured_media":0,"parent":356,"menu_order":0,"comment_status":"closed","ping_status":"closed","template":"","meta":{"footnotes":""},"class_list":["post-415","page","type-page","status-publish","hentry"],"yoast_head":"<!-- This site is optimized with the Yoast SEO plugin v27.3 - https:\/\/yoast.com\/product\/yoast-seo-wordpress\/ -->\n<title>Tarjetas verdes | Maison Law Immigration Lawyers<\/title>\n<meta name=\"robots\" content=\"index, follow, max-snippet:-1, max-image-preview:large, max-video-preview:-1\" \/>\n<link rel=\"canonical\" href=\"https:\/\/maisonimmigration.com\/es\/residency\/tarjetas-verdes\/\" \/>\n<meta property=\"og:locale\" content=\"es_ES\" \/>\n<meta property=\"og:type\" content=\"article\" \/>\n<meta property=\"og:title\" content=\"Tarjetas verdes | Maison Law Immigration Lawyers\" \/>\n<meta property=\"og:description\" content=\"Los inmigrantes hicieron de Estados Unidos la gran naci\u00f3n que es. Fueron nuestros padres, abuelos y bisabuelos quienes cultivaron nuestra tierra, trabajaron en nuestras industrias y construyeron nuestras ciudades. Como abogados de inmigraci\u00f3n, creemos firmemente que la inmigraci\u00f3n beneficia a todos en los Estados Unidos. Trabajamos con generaciones de clientes, y ofrecemos a todos y [&hellip;]\" \/>\n<meta property=\"og:url\" content=\"https:\/\/maisonimmigration.com\/es\/residency\/tarjetas-verdes\/\" \/>\n<meta property=\"og:site_name\" content=\"Maison Law Immigration Lawyers\" \/>\n<meta property=\"article:modified_time\" content=\"2021-11-20T05:44:22+00:00\" \/>\n<meta name=\"twitter:card\" content=\"summary_large_image\" \/>\n<meta name=\"twitter:label1\" content=\"Tiempo de lectura\" \/>\n\t<meta name=\"twitter:data1\" content=\"4 minutos\" \/>\n<script type=\"application\/ld+json\" class=\"yoast-schema-graph\">{\"@context\":\"https:\\\/\\\/schema.org\",\"@graph\":[{\"@type\":\"WebPage\",\"@id\":\"https:\\\/\\\/maisonimmigration.com\\\/es\\\/residency\\\/tarjetas-verdes\\\/\",\"url\":\"https:\\\/\\\/maisonimmigration.com\\\/es\\\/residency\\\/tarjetas-verdes\\\/\",\"name\":\"Tarjetas verdes | Maison Law Immigration Lawyers\",\"isPartOf\":{\"@id\":\"https:\\\/\\\/maisonimmigration.com\\\/es\\\/#website\"},\"datePublished\":\"2021-11-20T05:40:57+00:00\",\"dateModified\":\"2021-11-20T05:44:22+00:00\",\"breadcrumb\":{\"@id\":\"https:\\\/\\\/maisonimmigration.com\\\/es\\\/residency\\\/tarjetas-verdes\\\/#breadcrumb\"},\"inLanguage\":\"es\",\"potentialAction\":[{\"@type\":\"ReadAction\",\"target\":[\"https:\\\/\\\/maisonimmigration.com\\\/es\\\/residency\\\/tarjetas-verdes\\\/\"]}]},{\"@type\":\"BreadcrumbList\",\"@id\":\"https:\\\/\\\/maisonimmigration.com\\\/es\\\/residency\\\/tarjetas-verdes\\\/#breadcrumb\",\"itemListElement\":[{\"@type\":\"ListItem\",\"position\":1,\"name\":\"Home\",\"item\":\"https:\\\/\\\/maisonimmigration.com\\\/es\\\/\"},{\"@type\":\"ListItem\",\"position\":2,\"name\":\"Residencia\",\"item\":\"https:\\\/\\\/maisonimmigration.com\\\/es\\\/residency\\\/\"},{\"@type\":\"ListItem\",\"position\":3,\"name\":\"Tarjetas verdes\"}]},{\"@type\":\"WebSite\",\"@id\":\"https:\\\/\\\/maisonimmigration.com\\\/es\\\/#website\",\"url\":\"https:\\\/\\\/maisonimmigration.com\\\/es\\\/\",\"name\":\"Maison Law Immigration Lawyers\",\"description\":\"\",\"publisher\":{\"@id\":\"https:\\\/\\\/maisonimmigration.com\\\/es\\\/#organization\"},\"potentialAction\":[{\"@type\":\"SearchAction\",\"target\":{\"@type\":\"EntryPoint\",\"urlTemplate\":\"https:\\\/\\\/maisonimmigration.com\\\/es\\\/?s={search_term_string}\"},\"query-input\":{\"@type\":\"PropertyValueSpecification\",\"valueRequired\":true,\"valueName\":\"search_term_string\"}}],\"inLanguage\":\"es\"},{\"@type\":\"Organization\",\"@id\":\"https:\\\/\\\/maisonimmigration.com\\\/es\\\/#organization\",\"name\":\"Maison Law Immigration Lawyers\",\"url\":\"https:\\\/\\\/maisonimmigration.com\\\/es\\\/\",\"logo\":{\"@type\":\"ImageObject\",\"inLanguage\":\"es\",\"@id\":\"https:\\\/\\\/maisonimmigration.com\\\/es\\\/#\\\/schema\\\/logo\\\/image\\\/\",\"url\":\"https:\\\/\\\/maisonimmigration.com\\\/wp-content\\\/uploads\\\/2025\\\/12\\\/maison-law-immigration-lawyers-new-logo.png\",\"contentUrl\":\"https:\\\/\\\/maisonimmigration.com\\\/wp-content\\\/uploads\\\/2025\\\/12\\\/maison-law-immigration-lawyers-new-logo.png\",\"width\":925,\"height\":211,\"caption\":\"Maison Law Immigration Lawyers\"},\"image\":{\"@id\":\"https:\\\/\\\/maisonimmigration.com\\\/es\\\/#\\\/schema\\\/logo\\\/image\\\/\"}}]}<\/script>\n<!-- \/ Yoast SEO plugin. -->","yoast_head_json":{"title":"Tarjetas verdes | Maison Law Immigration Lawyers","robots":{"index":"index","follow":"follow","max-snippet":"max-snippet:-1","max-image-preview":"max-image-preview:large","max-video-preview":"max-video-preview:-1"},"canonical":"https:\/\/maisonimmigration.com\/es\/residency\/tarjetas-verdes\/","og_locale":"es_ES","og_type":"article","og_title":"Tarjetas verdes | Maison Law Immigration Lawyers","og_description":"Los inmigrantes hicieron de Estados Unidos la gran naci\u00f3n que es. Fueron nuestros padres, abuelos y bisabuelos quienes cultivaron nuestra tierra, trabajaron en nuestras industrias y construyeron nuestras ciudades. Como abogados de inmigraci\u00f3n, creemos firmemente que la inmigraci\u00f3n beneficia a todos en los Estados Unidos. Trabajamos con generaciones de clientes, y ofrecemos a todos y [&hellip;]","og_url":"https:\/\/maisonimmigration.com\/es\/residency\/tarjetas-verdes\/","og_site_name":"Maison Law Immigration Lawyers","article_modified_time":"2021-11-20T05:44:22+00:00","twitter_card":"summary_large_image","twitter_misc":{"Tiempo de lectura":"4 minutos"},"schema":{"@context":"https:\/\/schema.org","@graph":[{"@type":"WebPage","@id":"https:\/\/maisonimmigration.com\/es\/residency\/tarjetas-verdes\/","url":"https:\/\/maisonimmigration.com\/es\/residency\/tarjetas-verdes\/","name":"Tarjetas verdes | Maison Law Immigration Lawyers","isPartOf":{"@id":"https:\/\/maisonimmigration.com\/es\/#website"},"datePublished":"2021-11-20T05:40:57+00:00","dateModified":"2021-11-20T05:44:22+00:00","breadcrumb":{"@id":"https:\/\/maisonimmigration.com\/es\/residency\/tarjetas-verdes\/#breadcrumb"},"inLanguage":"es","potentialAction":[{"@type":"ReadAction","target":["https:\/\/maisonimmigration.com\/es\/residency\/tarjetas-verdes\/"]}]},{"@type":"BreadcrumbList","@id":"https:\/\/maisonimmigration.com\/es\/residency\/tarjetas-verdes\/#breadcrumb","itemListElement":[{"@type":"ListItem","position":1,"name":"Home","item":"https:\/\/maisonimmigration.com\/es\/"},{"@type":"ListItem","position":2,"name":"Residencia","item":"https:\/\/maisonimmigration.com\/es\/residency\/"},{"@type":"ListItem","position":3,"name":"Tarjetas verdes"}]},{"@type":"WebSite","@id":"https:\/\/maisonimmigration.com\/es\/#website","url":"https:\/\/maisonimmigration.com\/es\/","name":"Maison Law Immigration Lawyers","description":"","publisher":{"@id":"https:\/\/maisonimmigration.com\/es\/#organization"},"potentialAction":[{"@type":"SearchAction","target":{"@type":"EntryPoint","urlTemplate":"https:\/\/maisonimmigration.com\/es\/?s={search_term_string}"},"query-input":{"@type":"PropertyValueSpecification","valueRequired":true,"valueName":"search_term_string"}}],"inLanguage":"es"},{"@type":"Organization","@id":"https:\/\/maisonimmigration.com\/es\/#organization","name":"Maison Law Immigration Lawyers","url":"https:\/\/maisonimmigration.com\/es\/","logo":{"@type":"ImageObject","inLanguage":"es","@id":"https:\/\/maisonimmigration.com\/es\/#\/schema\/logo\/image\/","url":"https:\/\/maisonimmigration.com\/wp-content\/uploads\/2025\/12\/maison-law-immigration-lawyers-new-logo.png","contentUrl":"https:\/\/maisonimmigration.com\/wp-content\/uploads\/2025\/12\/maison-law-immigration-lawyers-new-logo.png","width":925,"height":211,"caption":"Maison Law Immigration Lawyers"},"image":{"@id":"https:\/\/maisonimmigration.com\/es\/#\/schema\/logo\/image\/"}}]}},"_links":{"self":[{"href":"https:\/\/maisonimmigration.com\/es\/wp-json\/wp\/v2\/pages\/415","targetHints":{"allow":["GET"]}}],"collection":[{"href":"https:\/\/maisonimmigration.com\/es\/wp-json\/wp\/v2\/pages"}],"about":[{"href":"https:\/\/maisonimmigration.com\/es\/wp-json\/wp\/v2\/types\/page"}],"author":[{"embeddable":true,"href":"https:\/\/maisonimmigration.com\/es\/wp-json\/wp\/v2\/users\/1"}],"replies":[{"embeddable":true,"href":"https:\/\/maisonimmigration.com\/es\/wp-json\/wp\/v2\/comments?post=415"}],"version-history":[{"count":3,"href":"https:\/\/maisonimmigration.com\/es\/wp-json\/wp\/v2\/pages\/415\/revisions"}],"predecessor-version":[{"id":421,"href":"https:\/\/maisonimmigration.com\/es\/wp-json\/wp\/v2\/pages\/415\/revisions\/421"}],"up":[{"embeddable":true,"href":"https:\/\/maisonimmigration.com\/es\/wp-json\/wp\/v2\/pages\/356"}],"wp:attachment":[{"href":"https:\/\/maisonimmigration.com\/es\/wp-json\/wp\/v2\/media?parent=415"}],"curies":[{"name":"wp","href":"https:\/\/api.w.org\/{rel}","templated":true}]}}