{"id":358,"date":"2021-11-18T04:18:53","date_gmt":"2021-11-18T04:18:53","guid":{"rendered":"https:\/\/maisonimmigration.com\/?page_id=358"},"modified":"2021-11-18T07:40:08","modified_gmt":"2021-11-18T07:40:08","slug":"abogados-de-inmigracion-maison-law","status":"publish","type":"page","link":"https:\/\/maisonimmigration.com\/es\/","title":{"rendered":"Abogados de Inmigraci\u00f3n Maison Law"},"content":{"rendered":"\t\t<div data-elementor-type=\"wp-page\" data-elementor-id=\"358\" class=\"elementor elementor-358 elementor-15\" data-elementor-post-type=\"page\">\n\t\t\t\t\t\t<section class=\"elementor-section elementor-top-section elementor-element elementor-element-1fe34e9 elementor-section-height-min-height elementor-section-content-middle elementor-section-boxed elementor-section-height-default elementor-section-items-middle\" data-id=\"1fe34e9\" data-element_type=\"section\" data-e-type=\"section\" data-settings=\"{&quot;background_background&quot;:&quot;classic&quot;,&quot;shape_divider_bottom&quot;:&quot;mountains&quot;}\">\n\t\t\t\t\t\t\t<div class=\"elementor-background-overlay\"><\/div>\n\t\t\t\t\t\t<div class=\"elementor-shape elementor-shape-bottom\" aria-hidden=\"true\" data-negative=\"false\">\n\t\t\t<svg xmlns=\"http:\/\/www.w3.org\/2000\/svg\" viewBox=\"0 0 1000 100\" preserveAspectRatio=\"none\">\n\t<path class=\"elementor-shape-fill\" opacity=\"0.33\" d=\"M473,67.3c-203.9,88.3-263.1-34-320.3,0C66,119.1,0,59.7,0,59.7V0h1000v59.7 c0,0-62.1,26.1-94.9,29.3c-32.8,3.3-62.8-12.3-75.8-22.1C806,49.6,745.3,8.7,694.9,4.7S492.4,59,473,67.3z\"\/>\n\t<path class=\"elementor-shape-fill\" opacity=\"0.66\" d=\"M734,67.3c-45.5,0-77.2-23.2-129.1-39.1c-28.6-8.7-150.3-10.1-254,39.1 s-91.7-34.4-149.2,0C115.7,118.3,0,39.8,0,39.8V0h1000v36.5c0,0-28.2-18.5-92.1-18.5C810.2,18.1,775.7,67.3,734,67.3z\"\/>\n\t<path class=\"elementor-shape-fill\" d=\"M766.1,28.9c-200-57.5-266,65.5-395.1,19.5C242,1.8,242,5.4,184.8,20.6C128,35.8,132.3,44.9,89.9,52.5C28.6,63.7,0,0,0,0 h1000c0,0-9.9,40.9-83.6,48.1S829.6,47,766.1,28.9z\"\/>\n<\/svg>\t\t<\/div>\n\t\t\t\t\t<div class=\"elementor-container elementor-column-gap-default\">\n\t\t\t\t\t<div class=\"elementor-column elementor-col-100 elementor-top-column elementor-element elementor-element-015f6cd\" data-id=\"015f6cd\" data-element_type=\"column\" data-e-type=\"column\">\n\t\t\t<div class=\"elementor-widget-wrap elementor-element-populated\">\n\t\t\t\t\t\t<div class=\"elementor-element elementor-element-022e11d elementor-widget elementor-widget-image\" data-id=\"022e11d\" data-element_type=\"widget\" data-e-type=\"widget\" data-widget_type=\"image.default\">\n\t\t\t\t<div class=\"elementor-widget-container\">\n\t\t\t\t\t\t\t\t\t\t\t\t\t\t\t<img fetchpriority=\"high\" decoding=\"async\" width=\"1200\" height=\"300\" src=\"https:\/\/maisonimmigration.com\/wp-content\/uploads\/2021\/11\/maison-law-immigration-espanol.png\" class=\"attachment-full size-full wp-image-364\" alt=\"\" srcset=\"https:\/\/maisonimmigration.com\/wp-content\/uploads\/2021\/11\/maison-law-immigration-espanol.png 1200w, https:\/\/maisonimmigration.com\/wp-content\/uploads\/2021\/11\/maison-law-immigration-espanol-300x75.png 300w, https:\/\/maisonimmigration.com\/wp-content\/uploads\/2021\/11\/maison-law-immigration-espanol-1024x256.png 1024w, https:\/\/maisonimmigration.com\/wp-content\/uploads\/2021\/11\/maison-law-immigration-espanol-768x192.png 768w\" sizes=\"(max-width: 1200px) 100vw, 1200px\" \/>\t\t\t\t\t\t\t\t\t\t\t\t\t\t\t<\/div>\n\t\t\t\t<\/div>\n\t\t\t\t<div class=\"elementor-element elementor-element-574131a elementor-widget elementor-widget-heading\" data-id=\"574131a\" data-element_type=\"widget\" data-e-type=\"widget\" data-widget_type=\"heading.default\">\n\t\t\t\t<div class=\"elementor-widget-container\">\n\t\t\t\t\t<h2 class=\"elementor-heading-title elementor-size-default\">Somos una empresa de abogados de inmigraci\u00f3n de servicio completo que sirve en el Central Valley de California<\/h2>\t\t\t\t<\/div>\n\t\t\t\t<\/div>\n\t\t\t\t<div class=\"elementor-element elementor-element-3592509 elementor-align-center elementor-widget elementor-widget-button\" data-id=\"3592509\" data-element_type=\"widget\" data-e-type=\"widget\" data-widget_type=\"button.default\">\n\t\t\t\t<div class=\"elementor-widget-container\">\n\t\t\t\t\t\t\t\t\t<div class=\"elementor-button-wrapper\">\n\t\t\t\t\t<a class=\"elementor-button elementor-button-link elementor-size-sm\" href=\"https:\/\/maisonimmigration.com\/contact\/\">\n\t\t\t\t\t\t<span class=\"elementor-button-content-wrapper\">\n\t\t\t\t\t\t\t\t\t<span class=\"elementor-button-text\">Contacto<\/span>\n\t\t\t\t\t<\/span>\n\t\t\t\t\t<\/a>\n\t\t\t\t<\/div>\n\t\t\t\t\t\t\t\t<\/div>\n\t\t\t\t<\/div>\n\t\t\t\t\t<\/div>\n\t\t<\/div>\n\t\t\t\t\t<\/div>\n\t\t<\/section>\n\t\t\t\t<section class=\"elementor-section elementor-top-section elementor-element elementor-element-677a011 elementor-section-height-min-height elementor-section-boxed elementor-section-height-default elementor-section-items-middle\" data-id=\"677a011\" data-element_type=\"section\" data-e-type=\"section\" data-settings=\"{&quot;background_background&quot;:&quot;classic&quot;,&quot;shape_divider_bottom&quot;:&quot;mountains&quot;}\">\n\t\t\t\t\t<div class=\"elementor-shape elementor-shape-bottom\" aria-hidden=\"true\" data-negative=\"false\">\n\t\t\t<svg xmlns=\"http:\/\/www.w3.org\/2000\/svg\" viewBox=\"0 0 1000 100\" preserveAspectRatio=\"none\">\n\t<path class=\"elementor-shape-fill\" opacity=\"0.33\" d=\"M473,67.3c-203.9,88.3-263.1-34-320.3,0C66,119.1,0,59.7,0,59.7V0h1000v59.7 c0,0-62.1,26.1-94.9,29.3c-32.8,3.3-62.8-12.3-75.8-22.1C806,49.6,745.3,8.7,694.9,4.7S492.4,59,473,67.3z\"\/>\n\t<path class=\"elementor-shape-fill\" opacity=\"0.66\" d=\"M734,67.3c-45.5,0-77.2-23.2-129.1-39.1c-28.6-8.7-150.3-10.1-254,39.1 s-91.7-34.4-149.2,0C115.7,118.3,0,39.8,0,39.8V0h1000v36.5c0,0-28.2-18.5-92.1-18.5C810.2,18.1,775.7,67.3,734,67.3z\"\/>\n\t<path class=\"elementor-shape-fill\" d=\"M766.1,28.9c-200-57.5-266,65.5-395.1,19.5C242,1.8,242,5.4,184.8,20.6C128,35.8,132.3,44.9,89.9,52.5C28.6,63.7,0,0,0,0 h1000c0,0-9.9,40.9-83.6,48.1S829.6,47,766.1,28.9z\"\/>\n<\/svg>\t\t<\/div>\n\t\t\t\t\t<div class=\"elementor-container elementor-column-gap-default\">\n\t\t\t\t\t<div class=\"elementor-column elementor-col-100 elementor-top-column elementor-element elementor-element-a903f65\" data-id=\"a903f65\" data-element_type=\"column\" data-e-type=\"column\">\n\t\t\t<div class=\"elementor-widget-wrap elementor-element-populated\">\n\t\t\t\t\t\t<div class=\"elementor-element elementor-element-89e79e2 elementor-widget elementor-widget-text-editor\" data-id=\"89e79e2\" data-element_type=\"widget\" data-e-type=\"widget\" data-widget_type=\"text-editor.default\">\n\t\t\t\t<div class=\"elementor-widget-container\">\n\t\t\t\t\t\t\t\t\t<p>En Abogados de Inmigraci\u00f3n Maison Law estamos comprometidos a ayudar a la gente con la defensa de la deportaci\u00f3n, la defensa penal de los inmigrantes, la ciudadan\u00eda, la visa basada en la familia, las apelaciones, los procedimientos de fianza, la inmigraci\u00f3n corporativa y otras necesidades de inmigraci\u00f3n.<\/p>\t\t\t\t\t\t\t\t<\/div>\n\t\t\t\t<\/div>\n\t\t\t\t\t<\/div>\n\t\t<\/div>\n\t\t\t\t\t<\/div>\n\t\t<\/section>\n\t\t\t\t<section class=\"elementor-section elementor-top-section elementor-element elementor-element-39d0d43 elementor-section-height-min-height elementor-reverse-mobile elementor-section-boxed elementor-section-height-default elementor-section-items-middle\" data-id=\"39d0d43\" data-element_type=\"section\" data-e-type=\"section\" data-settings=\"{&quot;background_background&quot;:&quot;classic&quot;}\">\n\t\t\t\t\t\t<div class=\"elementor-container elementor-column-gap-default\">\n\t\t\t\t\t<div class=\"elementor-column elementor-col-50 elementor-top-column elementor-element elementor-element-3a7f697\" data-id=\"3a7f697\" data-element_type=\"column\" data-e-type=\"column\">\n\t\t\t<div class=\"elementor-widget-wrap elementor-element-populated\">\n\t\t\t\t\t\t<div class=\"elementor-element elementor-element-ec148ca elementor-widget elementor-widget-text-editor\" data-id=\"ec148ca\" data-element_type=\"widget\" data-e-type=\"widget\" data-widget_type=\"text-editor.default\">\n\t\t\t\t<div class=\"elementor-widget-container\">\n\t\t\t\t\t\t\t\t\t<p>Abogados de Inmigraci\u00f3n Maison Law es una empresa de abogados de inmigraci\u00f3n de servicio completo que ayuda a la gente en el Central Valley de California con sus complicadas necesidades de inmigraci\u00f3n.<\/p>\t\t\t\t\t\t\t\t<\/div>\n\t\t\t\t<\/div>\n\t\t\t\t<div class=\"elementor-element elementor-element-0f799db elementor-widget elementor-widget-text-editor\" data-id=\"0f799db\" data-element_type=\"widget\" data-e-type=\"widget\" data-widget_type=\"text-editor.default\">\n\t\t\t\t<div class=\"elementor-widget-container\">\n\t\t\t\t\t\t\t\t\t<p>El proceso de inmigraci\u00f3n de los Estados Unidos es complicado y no deja lugar a errores. Un error puede poner en riesgo su estatus migratorio y dejarlo vulnerable a la deportaci\u00f3n.<\/p><p>P\u00f3ngase en contacto con nosotros ahora para obtener ayuda con sus necesidades de inmigraci\u00f3n.<\/p>\t\t\t\t\t\t\t\t<\/div>\n\t\t\t\t<\/div>\n\t\t\t\t<div class=\"elementor-element elementor-element-c363864 elementor-align-left elementor-mobile-align-center elementor-widget elementor-widget-button\" data-id=\"c363864\" data-element_type=\"widget\" data-e-type=\"widget\" data-widget_type=\"button.default\">\n\t\t\t\t<div class=\"elementor-widget-container\">\n\t\t\t\t\t\t\t\t\t<div class=\"elementor-button-wrapper\">\n\t\t\t\t\t<a class=\"elementor-button elementor-button-link elementor-size-sm\" href=\"https:\/\/maisonimmigration.com\/contact\/\">\n\t\t\t\t\t\t<span class=\"elementor-button-content-wrapper\">\n\t\t\t\t\t\t\t\t\t<span class=\"elementor-button-text\">Contacto<\/span>\n\t\t\t\t\t<\/span>\n\t\t\t\t\t<\/a>\n\t\t\t\t<\/div>\n\t\t\t\t\t\t\t\t<\/div>\n\t\t\t\t<\/div>\n\t\t\t\t\t<\/div>\n\t\t<\/div>\n\t\t\t\t<div class=\"elementor-column elementor-col-50 elementor-top-column elementor-element elementor-element-482c73f\" data-id=\"482c73f\" data-element_type=\"column\" data-e-type=\"column\">\n\t\t\t<div class=\"elementor-widget-wrap elementor-element-populated\">\n\t\t\t\t\t\t<div class=\"elementor-element elementor-element-ed529a3 elementor-widget elementor-widget-image\" data-id=\"ed529a3\" data-element_type=\"widget\" data-e-type=\"widget\" data-widget_type=\"image.default\">\n\t\t\t\t<div class=\"elementor-widget-container\">\n\t\t\t\t\t\t\t\t\t\t\t\t\t\t\t<img decoding=\"async\" width=\"800\" height=\"781\" src=\"https:\/\/maisonimmigration.com\/wp-content\/uploads\/2021\/10\/happy-fam-1024x1000.jpg\" class=\"attachment-large size-large wp-image-129\" alt=\"\" srcset=\"https:\/\/maisonimmigration.com\/wp-content\/uploads\/2021\/10\/happy-fam-1024x1000.jpg 1024w, https:\/\/maisonimmigration.com\/wp-content\/uploads\/2021\/10\/happy-fam-300x293.jpg 300w, https:\/\/maisonimmigration.com\/wp-content\/uploads\/2021\/10\/happy-fam-768x750.jpg 768w, https:\/\/maisonimmigration.com\/wp-content\/uploads\/2021\/10\/happy-fam.jpg 1318w\" sizes=\"(max-width: 800px) 100vw, 800px\" \/>\t\t\t\t\t\t\t\t\t\t\t\t\t\t\t<\/div>\n\t\t\t\t<\/div>\n\t\t\t\t\t<\/div>\n\t\t<\/div>\n\t\t\t\t\t<\/div>\n\t\t<\/section>\n\t\t\t\t<\/div>\n\t\t","protected":false},"excerpt":{"rendered":"<p>Somos una empresa de abogados de inmigraci\u00f3n de servicio completo que sirve en el Central Valley de California Contacto En Abogados de Inmigraci\u00f3n Maison Law estamos comprometidos a ayudar a la gente con la defensa de la deportaci\u00f3n, la defensa penal de los inmigrantes, la ciudadan\u00eda, la visa basada en la familia, las apelaciones, los [&hellip;]<\/p>\n","protected":false},"author":1,"featured_media":0,"parent":0,"menu_order":0,"comment_status":"closed","ping_status":"closed","template":"elementor_header_footer","meta":{"footnotes":""},"class_list":["post-358","page","type-page","status-publish","hentry"],"yoast_head":"<!-- This site is optimized with the Yoast SEO plugin v27.3 - https:\/\/yoast.com\/product\/yoast-seo-wordpress\/ -->\n<title>Abogados de Inmigraci\u00f3n Maison Law| Bakersfield California<\/title>\n<meta name=\"robots\" content=\"index, follow, max-snippet:-1, max-image-preview:large, max-video-preview:-1\" \/>\n<link rel=\"canonical\" href=\"https:\/\/maisonimmigration.com\/es\/\" \/>\n<meta property=\"og:locale\" content=\"es_ES\" \/>\n<meta property=\"og:type\" content=\"article\" \/>\n<meta property=\"og:title\" content=\"Abogados de Inmigraci\u00f3n Maison Law| Bakersfield California\" \/>\n<meta property=\"og:description\" content=\"Somos una empresa de abogados de inmigraci\u00f3n de servicio completo que sirve en el Central Valley de California Contacto En Abogados de Inmigraci\u00f3n Maison Law estamos comprometidos a ayudar a la gente con la defensa de la deportaci\u00f3n, la defensa penal de los inmigrantes, la ciudadan\u00eda, la visa basada en la familia, las apelaciones, los [&hellip;]\" \/>\n<meta property=\"og:url\" content=\"https:\/\/maisonimmigration.com\/es\/\" \/>\n<meta property=\"og:site_name\" content=\"Maison Law Immigration Lawyers\" \/>\n<meta property=\"article:modified_time\" content=\"2021-11-18T07:40:08+00:00\" \/>\n<meta property=\"og:image\" content=\"https:\/\/maisonimmigration.com\/wp-content\/uploads\/2021\/11\/maison-law-immigration-espanol.png\" \/>\n<meta name=\"twitter:card\" content=\"summary_large_image\" \/>\n<meta name=\"twitter:label1\" content=\"Tiempo de lectura\" \/>\n\t<meta name=\"twitter:data1\" content=\"2 minutos\" \/>\n<script type=\"application\/ld+json\" class=\"yoast-schema-graph\">{\"@context\":\"https:\\\/\\\/schema.org\",\"@graph\":[{\"@type\":\"WebPage\",\"@id\":\"https:\\\/\\\/maisonimmigration.com\\\/es\\\/\",\"url\":\"https:\\\/\\\/maisonimmigration.com\\\/es\\\/\",\"name\":\"Abogados de Inmigraci\u00f3n Maison Law| Bakersfield California\",\"isPartOf\":{\"@id\":\"https:\\\/\\\/maisonimmigration.com\\\/es\\\/#website\"},\"primaryImageOfPage\":{\"@id\":\"https:\\\/\\\/maisonimmigration.com\\\/es\\\/#primaryimage\"},\"image\":{\"@id\":\"https:\\\/\\\/maisonimmigration.com\\\/es\\\/#primaryimage\"},\"thumbnailUrl\":\"https:\\\/\\\/maisonimmigration.com\\\/wp-content\\\/uploads\\\/2021\\\/11\\\/maison-law-immigration-espanol.png\",\"datePublished\":\"2021-11-18T04:18:53+00:00\",\"dateModified\":\"2021-11-18T07:40:08+00:00\",\"breadcrumb\":{\"@id\":\"https:\\\/\\\/maisonimmigration.com\\\/es\\\/#breadcrumb\"},\"inLanguage\":\"es\",\"potentialAction\":[{\"@type\":\"ReadAction\",\"target\":[\"https:\\\/\\\/maisonimmigration.com\\\/es\\\/\"]}]},{\"@type\":\"ImageObject\",\"inLanguage\":\"es\",\"@id\":\"https:\\\/\\\/maisonimmigration.com\\\/es\\\/#primaryimage\",\"url\":\"https:\\\/\\\/maisonimmigration.com\\\/wp-content\\\/uploads\\\/2021\\\/11\\\/maison-law-immigration-espanol.png\",\"contentUrl\":\"https:\\\/\\\/maisonimmigration.com\\\/wp-content\\\/uploads\\\/2021\\\/11\\\/maison-law-immigration-espanol.png\"},{\"@type\":\"BreadcrumbList\",\"@id\":\"https:\\\/\\\/maisonimmigration.com\\\/es\\\/#breadcrumb\",\"itemListElement\":[{\"@type\":\"ListItem\",\"position\":1,\"name\":\"Home\",\"item\":\"https:\\\/\\\/maisonimmigration.com\\\/es\\\/\"},{\"@type\":\"ListItem\",\"position\":2,\"name\":\"Abogados de Inmigraci\u00f3n Maison Law\"}]},{\"@type\":\"WebSite\",\"@id\":\"https:\\\/\\\/maisonimmigration.com\\\/es\\\/#website\",\"url\":\"https:\\\/\\\/maisonimmigration.com\\\/es\\\/\",\"name\":\"Maison Law Immigration Lawyers\",\"description\":\"\",\"publisher\":{\"@id\":\"https:\\\/\\\/maisonimmigration.com\\\/es\\\/#organization\"},\"potentialAction\":[{\"@type\":\"SearchAction\",\"target\":{\"@type\":\"EntryPoint\",\"urlTemplate\":\"https:\\\/\\\/maisonimmigration.com\\\/es\\\/?s={search_term_string}\"},\"query-input\":{\"@type\":\"PropertyValueSpecification\",\"valueRequired\":true,\"valueName\":\"search_term_string\"}}],\"inLanguage\":\"es\"},{\"@type\":\"Organization\",\"@id\":\"https:\\\/\\\/maisonimmigration.com\\\/es\\\/#organization\",\"name\":\"Maison Law Immigration Lawyers\",\"url\":\"https:\\\/\\\/maisonimmigration.com\\\/es\\\/\",\"logo\":{\"@type\":\"ImageObject\",\"inLanguage\":\"es\",\"@id\":\"https:\\\/\\\/maisonimmigration.com\\\/es\\\/#\\\/schema\\\/logo\\\/image\\\/\",\"url\":\"https:\\\/\\\/maisonimmigration.com\\\/wp-content\\\/uploads\\\/2025\\\/12\\\/maison-law-immigration-lawyers-new-logo.png\",\"contentUrl\":\"https:\\\/\\\/maisonimmigration.com\\\/wp-content\\\/uploads\\\/2025\\\/12\\\/maison-law-immigration-lawyers-new-logo.png\",\"width\":925,\"height\":211,\"caption\":\"Maison Law Immigration Lawyers\"},\"image\":{\"@id\":\"https:\\\/\\\/maisonimmigration.com\\\/es\\\/#\\\/schema\\\/logo\\\/image\\\/\"}}]}<\/script>\n<!-- \/ Yoast SEO plugin. -->","yoast_head_json":{"title":"Abogados de Inmigraci\u00f3n Maison Law| Bakersfield California","robots":{"index":"index","follow":"follow","max-snippet":"max-snippet:-1","max-image-preview":"max-image-preview:large","max-video-preview":"max-video-preview:-1"},"canonical":"https:\/\/maisonimmigration.com\/es\/","og_locale":"es_ES","og_type":"article","og_title":"Abogados de Inmigraci\u00f3n Maison Law| Bakersfield California","og_description":"Somos una empresa de abogados de inmigraci\u00f3n de servicio completo que sirve en el Central Valley de California Contacto En Abogados de Inmigraci\u00f3n Maison Law estamos comprometidos a ayudar a la gente con la defensa de la deportaci\u00f3n, la defensa penal de los inmigrantes, la ciudadan\u00eda, la visa basada en la familia, las apelaciones, los [&hellip;]","og_url":"https:\/\/maisonimmigration.com\/es\/","og_site_name":"Maison Law Immigration Lawyers","article_modified_time":"2021-11-18T07:40:08+00:00","og_image":[{"url":"https:\/\/maisonimmigration.com\/wp-content\/uploads\/2021\/11\/maison-law-immigration-espanol.png","type":"","width":"","height":""}],"twitter_card":"summary_large_image","twitter_misc":{"Tiempo de lectura":"2 minutos"},"schema":{"@context":"https:\/\/schema.org","@graph":[{"@type":"WebPage","@id":"https:\/\/maisonimmigration.com\/es\/","url":"https:\/\/maisonimmigration.com\/es\/","name":"Abogados de Inmigraci\u00f3n Maison Law| Bakersfield California","isPartOf":{"@id":"https:\/\/maisonimmigration.com\/es\/#website"},"primaryImageOfPage":{"@id":"https:\/\/maisonimmigration.com\/es\/#primaryimage"},"image":{"@id":"https:\/\/maisonimmigration.com\/es\/#primaryimage"},"thumbnailUrl":"https:\/\/maisonimmigration.com\/wp-content\/uploads\/2021\/11\/maison-law-immigration-espanol.png","datePublished":"2021-11-18T04:18:53+00:00","dateModified":"2021-11-18T07:40:08+00:00","breadcrumb":{"@id":"https:\/\/maisonimmigration.com\/es\/#breadcrumb"},"inLanguage":"es","potentialAction":[{"@type":"ReadAction","target":["https:\/\/maisonimmigration.com\/es\/"]}]},{"@type":"ImageObject","inLanguage":"es","@id":"https:\/\/maisonimmigration.com\/es\/#primaryimage","url":"https:\/\/maisonimmigration.com\/wp-content\/uploads\/2021\/11\/maison-law-immigration-espanol.png","contentUrl":"https:\/\/maisonimmigration.com\/wp-content\/uploads\/2021\/11\/maison-law-immigration-espanol.png"},{"@type":"BreadcrumbList","@id":"https:\/\/maisonimmigration.com\/es\/#breadcrumb","itemListElement":[{"@type":"ListItem","position":1,"name":"Home","item":"https:\/\/maisonimmigration.com\/es\/"},{"@type":"ListItem","position":2,"name":"Abogados de Inmigraci\u00f3n Maison Law"}]},{"@type":"WebSite","@id":"https:\/\/maisonimmigration.com\/es\/#website","url":"https:\/\/maisonimmigration.com\/es\/","name":"Maison Law Immigration Lawyers","description":"","publisher":{"@id":"https:\/\/maisonimmigration.com\/es\/#organization"},"potentialAction":[{"@type":"SearchAction","target":{"@type":"EntryPoint","urlTemplate":"https:\/\/maisonimmigration.com\/es\/?s={search_term_string}"},"query-input":{"@type":"PropertyValueSpecification","valueRequired":true,"valueName":"search_term_string"}}],"inLanguage":"es"},{"@type":"Organization","@id":"https:\/\/maisonimmigration.com\/es\/#organization","name":"Maison Law Immigration Lawyers","url":"https:\/\/maisonimmigration.com\/es\/","logo":{"@type":"ImageObject","inLanguage":"es","@id":"https:\/\/maisonimmigration.com\/es\/#\/schema\/logo\/image\/","url":"https:\/\/maisonimmigration.com\/wp-content\/uploads\/2025\/12\/maison-law-immigration-lawyers-new-logo.png","contentUrl":"https:\/\/maisonimmigration.com\/wp-content\/uploads\/2025\/12\/maison-law-immigration-lawyers-new-logo.png","width":925,"height":211,"caption":"Maison Law Immigration Lawyers"},"image":{"@id":"https:\/\/maisonimmigration.com\/es\/#\/schema\/logo\/image\/"}}]}},"_links":{"self":[{"href":"https:\/\/maisonimmigration.com\/es\/wp-json\/wp\/v2\/pages\/358","targetHints":{"allow":["GET"]}}],"collection":[{"href":"https:\/\/maisonimmigration.com\/es\/wp-json\/wp\/v2\/pages"}],"about":[{"href":"https:\/\/maisonimmigration.com\/es\/wp-json\/wp\/v2\/types\/page"}],"author":[{"embeddable":true,"href":"https:\/\/maisonimmigration.com\/es\/wp-json\/wp\/v2\/users\/1"}],"replies":[{"embeddable":true,"href":"https:\/\/maisonimmigration.com\/es\/wp-json\/wp\/v2\/comments?post=358"}],"version-history":[{"count":7,"href":"https:\/\/maisonimmigration.com\/es\/wp-json\/wp\/v2\/pages\/358\/revisions"}],"predecessor-version":[{"id":368,"href":"https:\/\/maisonimmigration.com\/es\/wp-json\/wp\/v2\/pages\/358\/revisions\/368"}],"wp:attachment":[{"href":"https:\/\/maisonimmigration.com\/es\/wp-json\/wp\/v2\/media?parent=358"}],"curies":[{"name":"wp","href":"https:\/\/api.w.org\/{rel}","templated":true}]}}