{"id":356,"date":"2021-10-23T02:10:11","date_gmt":"2021-10-23T02:10:11","guid":{"rendered":"https:\/\/maisonimmigration.com\/?page_id=356"},"modified":"2024-05-16T05:08:35","modified_gmt":"2024-05-16T05:08:35","slug":"residency","status":"publish","type":"page","link":"https:\/\/maisonimmigration.com\/es\/residency\/","title":{"rendered":"Residencia"},"content":{"rendered":"\t\t<div data-elementor-type=\"wp-page\" data-elementor-id=\"356\" class=\"elementor elementor-356 elementor-52\" data-elementor-post-type=\"page\">\n\t\t\t\t\t\t<section class=\"elementor-section elementor-top-section elementor-element elementor-element-37844eed elementor-section-boxed elementor-section-height-default elementor-section-height-default\" data-id=\"37844eed\" data-element_type=\"section\" data-e-type=\"section\">\n\t\t\t\t\t\t<div class=\"elementor-container elementor-column-gap-default\">\n\t\t\t\t\t<div class=\"elementor-column elementor-col-100 elementor-top-column elementor-element elementor-element-9fb677c\" data-id=\"9fb677c\" data-element_type=\"column\" data-e-type=\"column\">\n\t\t\t<div class=\"elementor-widget-wrap elementor-element-populated\">\n\t\t\t\t\t\t<div class=\"elementor-element elementor-element-2f88fb64 elementor-widget elementor-widget-text-editor\" data-id=\"2f88fb64\" data-element_type=\"widget\" data-e-type=\"widget\" data-widget_type=\"text-editor.default\">\n\t\t\t\t<div class=\"elementor-widget-container\">\n\t\t\t\t\t\t\t\t\t<ul><li>Inmigraci\u00f3n basada en la familia<\/li><li>Tarjetas verdes &#8211; obtener, renovar, sustituir<\/li><li>Peticiones familiares<\/li><li>Peticiones de prometido<\/li><li>Ajuste de estatus<\/li><li>Tramitaci\u00f3n consular<\/li><li>Eliminaci\u00f3n de las condiciones de residencia permanente<\/li><li>Libertad condicional para familias de militares<\/li><li>Libertad Condicional Humanitaria<\/li><li>Asilo &#8211; V\u00edctimas de delitos y violencia dom\u00e9stica, Ley de violencia contra la mujer (VAWA), Visa U-V\u00edctimas de actividades delictivas, Visa T de no inmigrante-V\u00edctimas de trata de personas<\/li><\/ul><p>\u00a0<\/p><p><strong>\u00c1reas a las que servimos<\/strong><\/p><ul><li>Fresno<\/li><li>Glendale<\/li><li>Hanford<\/li><li>Lancaster<\/li><li>Los Angeles<\/li><li>Merced<\/li><li>Shafter<\/li><li>Tulare<\/li><li>Visalia<\/li><\/ul><p>\u00a0<\/p><p><strong>P\u00f3ngase en contacto con un abogado de inmigraci\u00f3n de Bakersfield hoy:<\/strong><\/p><p>Maison Law Abogados de Inmigraci\u00f3n tiene oficinas desde Los \u00c1ngeles a Stockton y tambi\u00e9n se re\u00fane con los clientes a trav\u00e9s de Zoom. Nuestra oficina principal se encuentra en Bakersfield California. Somos un bufete de abogados de inmigraci\u00f3n de servicio completo que sirve el valle central de California. Manejamos asuntos de ciudadan\u00eda, visas, defensa de deportaci\u00f3n y m\u00e1s.<\/p>\t\t\t\t\t\t\t\t<\/div>\n\t\t\t\t<\/div>\n\t\t\t\t\t<\/div>\n\t\t<\/div>\n\t\t\t\t\t<\/div>\n\t\t<\/section>\n\t\t\t\t<\/div>\n\t\t","protected":false},"excerpt":{"rendered":"<p>Inmigraci\u00f3n basada en la familia Tarjetas verdes &#8211; obtener, renovar, sustituir Peticiones familiares Peticiones de prometido Ajuste de estatus Tramitaci\u00f3n consular Eliminaci\u00f3n de las condiciones de residencia permanente Libertad condicional para familias de militares Libertad Condicional Humanitaria Asilo &#8211; V\u00edctimas de delitos y violencia dom\u00e9stica, Ley de violencia contra la mujer (VAWA), Visa U-V\u00edctimas de [&hellip;]<\/p>\n","protected":false},"author":1,"featured_media":0,"parent":0,"menu_order":0,"comment_status":"closed","ping_status":"closed","template":"","meta":{"footnotes":""},"class_list":["post-356","page","type-page","status-publish","hentry"],"yoast_head":"<!-- This site is optimized with the Yoast SEO plugin v27.3 - https:\/\/yoast.com\/product\/yoast-seo-wordpress\/ -->\n<title>Bakersfield California Residency Lawyer | Maison Law Immigration Lawyers<\/title>\n<meta name=\"robots\" content=\"index, follow, max-snippet:-1, max-image-preview:large, max-video-preview:-1\" \/>\n<link rel=\"canonical\" href=\"https:\/\/maisonimmigration.com\/es\/residency\/\" \/>\n<meta property=\"og:locale\" content=\"es_ES\" \/>\n<meta property=\"og:type\" content=\"article\" \/>\n<meta property=\"og:title\" content=\"Bakersfield California Residency Lawyer | Maison Law Immigration Lawyers\" \/>\n<meta property=\"og:description\" content=\"Inmigraci\u00f3n basada en la familia Tarjetas verdes &#8211; obtener, renovar, sustituir Peticiones familiares Peticiones de prometido Ajuste de estatus Tramitaci\u00f3n consular Eliminaci\u00f3n de las condiciones de residencia permanente Libertad condicional para familias de militares Libertad Condicional Humanitaria Asilo &#8211; V\u00edctimas de delitos y violencia dom\u00e9stica, Ley de violencia contra la mujer (VAWA), Visa U-V\u00edctimas de [&hellip;]\" \/>\n<meta property=\"og:url\" content=\"https:\/\/maisonimmigration.com\/es\/residency\/\" \/>\n<meta property=\"og:site_name\" content=\"Maison Law Immigration Lawyers\" \/>\n<meta property=\"article:modified_time\" content=\"2024-05-16T05:08:35+00:00\" \/>\n<meta name=\"twitter:card\" content=\"summary_large_image\" \/>\n<meta name=\"twitter:label1\" content=\"Tiempo de lectura\" \/>\n\t<meta name=\"twitter:data1\" content=\"1 minuto\" \/>\n<script type=\"application\/ld+json\" class=\"yoast-schema-graph\">{\"@context\":\"https:\\\/\\\/schema.org\",\"@graph\":[{\"@type\":\"WebPage\",\"@id\":\"https:\\\/\\\/maisonimmigration.com\\\/es\\\/residency\\\/\",\"url\":\"https:\\\/\\\/maisonimmigration.com\\\/es\\\/residency\\\/\",\"name\":\"Bakersfield California Residency Lawyer | Maison Law Immigration Lawyers\",\"isPartOf\":{\"@id\":\"https:\\\/\\\/maisonimmigration.com\\\/es\\\/#website\"},\"datePublished\":\"2021-10-23T02:10:11+00:00\",\"dateModified\":\"2024-05-16T05:08:35+00:00\",\"breadcrumb\":{\"@id\":\"https:\\\/\\\/maisonimmigration.com\\\/es\\\/residency\\\/#breadcrumb\"},\"inLanguage\":\"es\",\"potentialAction\":[{\"@type\":\"ReadAction\",\"target\":[\"https:\\\/\\\/maisonimmigration.com\\\/es\\\/residency\\\/\"]}]},{\"@type\":\"BreadcrumbList\",\"@id\":\"https:\\\/\\\/maisonimmigration.com\\\/es\\\/residency\\\/#breadcrumb\",\"itemListElement\":[{\"@type\":\"ListItem\",\"position\":1,\"name\":\"Home\",\"item\":\"https:\\\/\\\/maisonimmigration.com\\\/es\\\/\"},{\"@type\":\"ListItem\",\"position\":2,\"name\":\"Residencia\"}]},{\"@type\":\"WebSite\",\"@id\":\"https:\\\/\\\/maisonimmigration.com\\\/es\\\/#website\",\"url\":\"https:\\\/\\\/maisonimmigration.com\\\/es\\\/\",\"name\":\"Maison Law Immigration Lawyers\",\"description\":\"\",\"publisher\":{\"@id\":\"https:\\\/\\\/maisonimmigration.com\\\/es\\\/#organization\"},\"potentialAction\":[{\"@type\":\"SearchAction\",\"target\":{\"@type\":\"EntryPoint\",\"urlTemplate\":\"https:\\\/\\\/maisonimmigration.com\\\/es\\\/?s={search_term_string}\"},\"query-input\":{\"@type\":\"PropertyValueSpecification\",\"valueRequired\":true,\"valueName\":\"search_term_string\"}}],\"inLanguage\":\"es\"},{\"@type\":\"Organization\",\"@id\":\"https:\\\/\\\/maisonimmigration.com\\\/es\\\/#organization\",\"name\":\"Maison Law Immigration Lawyers\",\"url\":\"https:\\\/\\\/maisonimmigration.com\\\/es\\\/\",\"logo\":{\"@type\":\"ImageObject\",\"inLanguage\":\"es\",\"@id\":\"https:\\\/\\\/maisonimmigration.com\\\/es\\\/#\\\/schema\\\/logo\\\/image\\\/\",\"url\":\"https:\\\/\\\/maisonimmigration.com\\\/wp-content\\\/uploads\\\/2025\\\/12\\\/maison-law-immigration-lawyers-new-logo.png\",\"contentUrl\":\"https:\\\/\\\/maisonimmigration.com\\\/wp-content\\\/uploads\\\/2025\\\/12\\\/maison-law-immigration-lawyers-new-logo.png\",\"width\":925,\"height\":211,\"caption\":\"Maison Law Immigration Lawyers\"},\"image\":{\"@id\":\"https:\\\/\\\/maisonimmigration.com\\\/es\\\/#\\\/schema\\\/logo\\\/image\\\/\"}}]}<\/script>\n<!-- \/ Yoast SEO plugin. -->","yoast_head_json":{"title":"Bakersfield California Residency Lawyer | Maison Law Immigration Lawyers","robots":{"index":"index","follow":"follow","max-snippet":"max-snippet:-1","max-image-preview":"max-image-preview:large","max-video-preview":"max-video-preview:-1"},"canonical":"https:\/\/maisonimmigration.com\/es\/residency\/","og_locale":"es_ES","og_type":"article","og_title":"Bakersfield California Residency Lawyer | Maison Law Immigration Lawyers","og_description":"Inmigraci\u00f3n basada en la familia Tarjetas verdes &#8211; obtener, renovar, sustituir Peticiones familiares Peticiones de prometido Ajuste de estatus Tramitaci\u00f3n consular Eliminaci\u00f3n de las condiciones de residencia permanente Libertad condicional para familias de militares Libertad Condicional Humanitaria Asilo &#8211; V\u00edctimas de delitos y violencia dom\u00e9stica, Ley de violencia contra la mujer (VAWA), Visa U-V\u00edctimas de [&hellip;]","og_url":"https:\/\/maisonimmigration.com\/es\/residency\/","og_site_name":"Maison Law Immigration Lawyers","article_modified_time":"2024-05-16T05:08:35+00:00","twitter_card":"summary_large_image","twitter_misc":{"Tiempo de lectura":"1 minuto"},"schema":{"@context":"https:\/\/schema.org","@graph":[{"@type":"WebPage","@id":"https:\/\/maisonimmigration.com\/es\/residency\/","url":"https:\/\/maisonimmigration.com\/es\/residency\/","name":"Bakersfield California Residency Lawyer | Maison Law Immigration Lawyers","isPartOf":{"@id":"https:\/\/maisonimmigration.com\/es\/#website"},"datePublished":"2021-10-23T02:10:11+00:00","dateModified":"2024-05-16T05:08:35+00:00","breadcrumb":{"@id":"https:\/\/maisonimmigration.com\/es\/residency\/#breadcrumb"},"inLanguage":"es","potentialAction":[{"@type":"ReadAction","target":["https:\/\/maisonimmigration.com\/es\/residency\/"]}]},{"@type":"BreadcrumbList","@id":"https:\/\/maisonimmigration.com\/es\/residency\/#breadcrumb","itemListElement":[{"@type":"ListItem","position":1,"name":"Home","item":"https:\/\/maisonimmigration.com\/es\/"},{"@type":"ListItem","position":2,"name":"Residencia"}]},{"@type":"WebSite","@id":"https:\/\/maisonimmigration.com\/es\/#website","url":"https:\/\/maisonimmigration.com\/es\/","name":"Maison Law Immigration Lawyers","description":"","publisher":{"@id":"https:\/\/maisonimmigration.com\/es\/#organization"},"potentialAction":[{"@type":"SearchAction","target":{"@type":"EntryPoint","urlTemplate":"https:\/\/maisonimmigration.com\/es\/?s={search_term_string}"},"query-input":{"@type":"PropertyValueSpecification","valueRequired":true,"valueName":"search_term_string"}}],"inLanguage":"es"},{"@type":"Organization","@id":"https:\/\/maisonimmigration.com\/es\/#organization","name":"Maison Law Immigration Lawyers","url":"https:\/\/maisonimmigration.com\/es\/","logo":{"@type":"ImageObject","inLanguage":"es","@id":"https:\/\/maisonimmigration.com\/es\/#\/schema\/logo\/image\/","url":"https:\/\/maisonimmigration.com\/wp-content\/uploads\/2025\/12\/maison-law-immigration-lawyers-new-logo.png","contentUrl":"https:\/\/maisonimmigration.com\/wp-content\/uploads\/2025\/12\/maison-law-immigration-lawyers-new-logo.png","width":925,"height":211,"caption":"Maison Law Immigration Lawyers"},"image":{"@id":"https:\/\/maisonimmigration.com\/es\/#\/schema\/logo\/image\/"}}]}},"_links":{"self":[{"href":"https:\/\/maisonimmigration.com\/es\/wp-json\/wp\/v2\/pages\/356","targetHints":{"allow":["GET"]}}],"collection":[{"href":"https:\/\/maisonimmigration.com\/es\/wp-json\/wp\/v2\/pages"}],"about":[{"href":"https:\/\/maisonimmigration.com\/es\/wp-json\/wp\/v2\/types\/page"}],"author":[{"embeddable":true,"href":"https:\/\/maisonimmigration.com\/es\/wp-json\/wp\/v2\/users\/1"}],"replies":[{"embeddable":true,"href":"https:\/\/maisonimmigration.com\/es\/wp-json\/wp\/v2\/comments?post=356"}],"version-history":[{"count":6,"href":"https:\/\/maisonimmigration.com\/es\/wp-json\/wp\/v2\/pages\/356\/revisions"}],"predecessor-version":[{"id":1370,"href":"https:\/\/maisonimmigration.com\/es\/wp-json\/wp\/v2\/pages\/356\/revisions\/1370"}],"wp:attachment":[{"href":"https:\/\/maisonimmigration.com\/es\/wp-json\/wp\/v2\/media?parent=356"}],"curies":[{"name":"wp","href":"https:\/\/api.w.org\/{rel}","templated":true}]}}