{"id":354,"date":"2021-11-17T16:51:40","date_gmt":"2021-11-17T16:51:40","guid":{"rendered":"https:\/\/maisonimmigration.com\/?page_id=354"},"modified":"2021-11-17T16:51:40","modified_gmt":"2021-11-17T16:51:40","slug":"inmigracion-familiar","status":"publish","type":"page","link":"https:\/\/maisonimmigration.com\/es\/residency\/inmigracion-familiar\/","title":{"rendered":"Inmigraci\u00f3n familiar"},"content":{"rendered":"<p>La inmigraci\u00f3n legal a Estados Unidos se basa en gran medida en las relaciones familiares que un aspirante a inmigrante pueda tener aqu\u00ed. Se exige un visado de inmigrante a cualquier ciudadano extranjero que desee residir en Estados Unidos. El primer paso para obtener un visado de inmigrante es que el extranjero sea patrocinado por un pariente inmediato que sea ciudadano estadounidense o residente legal permanente y tenga al menos 21 a\u00f1os de edad. No hay l\u00edmites en el n\u00famero de visados de inmigraci\u00f3n basados en la familia que se expiden en un a\u00f1o determinado para los familiares directos. Estos miembros de la familia incluyen:<\/p>\n<ul>\n<li>Hijos solteros menores de 21 a\u00f1os.<\/li>\n<li>Hu\u00e9rfanos adoptados legalmente en el extranjero.<\/li>\n<li>Hu\u00e9rfanos que ser\u00e1n adoptados legalmente en Estados Unidos.<\/li>\n<li>Padres mayores de 21 a\u00f1os.<\/li>\n<\/ul>\n<h2>La categor\u00eda de preferencia familiar para parientes m\u00e1s lejanos<\/h2>\n<p>Si el extranjero es un pariente m\u00e1s lejano o tiene una relaci\u00f3n familiar cualificada con un residente permanente legal, puede seguir siendo patrocinado para un visado de inmigrante, pero hay l\u00edmites en el n\u00famero de visados de este tipo que se pueden emitir cada a\u00f1o. Hay cuatro preferencias para esta categor\u00eda. A continuaci\u00f3n, se indica el n\u00famero anual de visados que se permite actualmente cada a\u00f1o:<\/p>\n<ul>\n<li>Primera preferencia: Hijos e hijas solteros de ciudadanos estadounidenses y sus hijos menores (23.400).<\/li>\n<li>Segunda preferencia: C\u00f3nyuges e hijos solteros de menores de 21 a\u00f1os e hijos adultos solteros de residentes permanentes mayores de 21 a\u00f1os (114.200).<\/li>\n<li>Tercera Preferencia: Independientemente de la edad, los hijos casados, sus c\u00f3nyuges e hijos de ciudadanos estadounidenses (23.400).<\/li>\n<li>Cuarta preferencia: Hermanos y hermanas, sus c\u00f3nyuges e hijos menores de edad de ciudadanos estadounidenses adultos (65.000).<\/li>\n<\/ul>\n<h2>C\u00f3mo iniciar el proceso<\/h2>\n<p>El viaje a Estados Unidos de un familiar comienza con la presentaci\u00f3n por parte del ciudadano estadounidense o del residente permanente legal del formulario I-130 de Petici\u00f3n de Familiar Extranjero junto con la documentaci\u00f3n de apoyo ante el Servicio de Ciudadan\u00eda e Inmigraci\u00f3n de Estados Unidos. La petici\u00f3n y los documentos justificativos deben demostrar la relaci\u00f3n entre el ciudadano estadounidense o el residente legal permanente y el familiar beneficiario. Para obtener m\u00e1s informaci\u00f3n sobre este proceso, usted querr\u00e1 ponerse en contacto con los abogados de inmigraci\u00f3n de Maison Law y concertar una consulta. Principalmente proporcionamos servicios para los residentes del Central Valley.<\/p>\n<h2>Por qu\u00e9 usted necesita un abogado de inmigraci\u00f3n de calidad<\/h2>\n<p>Aunque la inmigraci\u00f3n basada en la familia puede parecer la ruta m\u00e1s f\u00e1cil y directa a los Estados Unidos, los errores y omisiones probablemente ser\u00e1n cometidos por los solicitantes si tratan de presentar una petici\u00f3n y los documentos de apoyo por su cuenta. Un simple cambio en la edad o el estado civil de un beneficiario tambi\u00e9n puede afectar a su elegibilidad para un visado basado en la familia. Teniendo en cuenta estos riesgos, junto con los constantes cambios en las leyes de inmigraci\u00f3n, nadie quiere retrasar o poner en peligro sus peticiones. Es por eso que tanto los patrocinadores como los beneficiarios necesitan la orientaci\u00f3n y el consejo de un abogado de inmigraci\u00f3n calificado y dedicado del Central Valley que pueda guiar a un patrocinador y a sus familiares a trav\u00e9s de este complicado proceso.<\/p>\n<h2>P\u00f3ngase en contacto con un abogado de inmigraci\u00f3n hoy.<\/h2>\n<p>Si usted vive en el Central Valley, y planea patrocinar a un miembro de su familia con el prop\u00f3sito de inmigrar a los Estados Unidos, no trate de navegar el proceso de inmigraci\u00f3n por su cuenta. Los abogados de inmigraci\u00f3n del Central Valley en Maison Law pueden guiarle a trav\u00e9s del proceso de presentaci\u00f3n de su solicitud y documentos de apoyo. Es en el mejor inter\u00e9s de su familia para retener a los abogados de inmigraci\u00f3n de Central Valley que saben c\u00f3mo obtener el resultado que desea sin retrasos innecesarios.<\/p>\n","protected":false},"excerpt":{"rendered":"<p>La inmigraci\u00f3n legal a Estados Unidos se basa en gran medida en las relaciones familiares que un aspirante a inmigrante pueda tener aqu\u00ed. Se exige un visado de inmigrante a cualquier ciudadano extranjero que desee residir en Estados Unidos. El primer paso para obtener un visado de inmigrante es que el extranjero sea patrocinado por [&hellip;]<\/p>\n","protected":false},"author":1,"featured_media":0,"parent":356,"menu_order":0,"comment_status":"closed","ping_status":"closed","template":"","meta":{"footnotes":""},"class_list":["post-354","page","type-page","status-publish","hentry"],"yoast_head":"<!-- This site is optimized with the Yoast SEO plugin v27.4 - https:\/\/yoast.com\/product\/yoast-seo-wordpress\/ -->\n<title>Inmigraci\u00f3n familiar | Maison Law Immigration Lawyers<\/title>\n<meta name=\"robots\" content=\"index, follow, max-snippet:-1, max-image-preview:large, max-video-preview:-1\" \/>\n<link rel=\"canonical\" href=\"https:\/\/maisonimmigration.com\/es\/residency\/inmigracion-familiar\/\" \/>\n<meta property=\"og:locale\" content=\"es_ES\" \/>\n<meta property=\"og:type\" content=\"article\" \/>\n<meta property=\"og:title\" content=\"Inmigraci\u00f3n familiar | Maison Law Immigration Lawyers\" \/>\n<meta property=\"og:description\" content=\"La inmigraci\u00f3n legal a Estados Unidos se basa en gran medida en las relaciones familiares que un aspirante a inmigrante pueda tener aqu\u00ed. Se exige un visado de inmigrante a cualquier ciudadano extranjero que desee residir en Estados Unidos. El primer paso para obtener un visado de inmigrante es que el extranjero sea patrocinado por [&hellip;]\" \/>\n<meta property=\"og:url\" content=\"https:\/\/maisonimmigration.com\/es\/residency\/inmigracion-familiar\/\" \/>\n<meta property=\"og:site_name\" content=\"Maison Law Immigration Lawyers\" \/>\n<meta name=\"twitter:card\" content=\"summary_large_image\" \/>\n<meta name=\"twitter:label1\" content=\"Tiempo de lectura\" \/>\n\t<meta name=\"twitter:data1\" content=\"3 minutos\" \/>\n<script type=\"application\/ld+json\" class=\"yoast-schema-graph\">{\"@context\":\"https:\\\/\\\/schema.org\",\"@graph\":[{\"@type\":\"WebPage\",\"@id\":\"https:\\\/\\\/maisonimmigration.com\\\/es\\\/residency\\\/inmigracion-familiar\\\/\",\"url\":\"https:\\\/\\\/maisonimmigration.com\\\/es\\\/residency\\\/inmigracion-familiar\\\/\",\"name\":\"Inmigraci\u00f3n familiar | Maison Law Immigration Lawyers\",\"isPartOf\":{\"@id\":\"https:\\\/\\\/maisonimmigration.com\\\/es\\\/#website\"},\"datePublished\":\"2021-11-17T16:51:40+00:00\",\"breadcrumb\":{\"@id\":\"https:\\\/\\\/maisonimmigration.com\\\/es\\\/residency\\\/inmigracion-familiar\\\/#breadcrumb\"},\"inLanguage\":\"es\",\"potentialAction\":[{\"@type\":\"ReadAction\",\"target\":[\"https:\\\/\\\/maisonimmigration.com\\\/es\\\/residency\\\/inmigracion-familiar\\\/\"]}]},{\"@type\":\"BreadcrumbList\",\"@id\":\"https:\\\/\\\/maisonimmigration.com\\\/es\\\/residency\\\/inmigracion-familiar\\\/#breadcrumb\",\"itemListElement\":[{\"@type\":\"ListItem\",\"position\":1,\"name\":\"Home\",\"item\":\"https:\\\/\\\/maisonimmigration.com\\\/es\\\/\"},{\"@type\":\"ListItem\",\"position\":2,\"name\":\"Residencia\",\"item\":\"https:\\\/\\\/maisonimmigration.com\\\/es\\\/residency\\\/\"},{\"@type\":\"ListItem\",\"position\":3,\"name\":\"Inmigraci\u00f3n familiar\"}]},{\"@type\":\"WebSite\",\"@id\":\"https:\\\/\\\/maisonimmigration.com\\\/es\\\/#website\",\"url\":\"https:\\\/\\\/maisonimmigration.com\\\/es\\\/\",\"name\":\"Maison Law Immigration Lawyers\",\"description\":\"\",\"publisher\":{\"@id\":\"https:\\\/\\\/maisonimmigration.com\\\/es\\\/#organization\"},\"potentialAction\":[{\"@type\":\"SearchAction\",\"target\":{\"@type\":\"EntryPoint\",\"urlTemplate\":\"https:\\\/\\\/maisonimmigration.com\\\/es\\\/?s={search_term_string}\"},\"query-input\":{\"@type\":\"PropertyValueSpecification\",\"valueRequired\":true,\"valueName\":\"search_term_string\"}}],\"inLanguage\":\"es\"},{\"@type\":\"Organization\",\"@id\":\"https:\\\/\\\/maisonimmigration.com\\\/es\\\/#organization\",\"name\":\"Maison Law Immigration Lawyers\",\"url\":\"https:\\\/\\\/maisonimmigration.com\\\/es\\\/\",\"logo\":{\"@type\":\"ImageObject\",\"inLanguage\":\"es\",\"@id\":\"https:\\\/\\\/maisonimmigration.com\\\/es\\\/#\\\/schema\\\/logo\\\/image\\\/\",\"url\":\"https:\\\/\\\/maisonimmigration.com\\\/wp-content\\\/uploads\\\/2025\\\/12\\\/maison-law-immigration-lawyers-new-logo.png\",\"contentUrl\":\"https:\\\/\\\/maisonimmigration.com\\\/wp-content\\\/uploads\\\/2025\\\/12\\\/maison-law-immigration-lawyers-new-logo.png\",\"width\":925,\"height\":211,\"caption\":\"Maison Law Immigration Lawyers\"},\"image\":{\"@id\":\"https:\\\/\\\/maisonimmigration.com\\\/es\\\/#\\\/schema\\\/logo\\\/image\\\/\"}}]}<\/script>\n<!-- \/ Yoast SEO plugin. -->","yoast_head_json":{"title":"Inmigraci\u00f3n familiar | Maison Law Immigration Lawyers","robots":{"index":"index","follow":"follow","max-snippet":"max-snippet:-1","max-image-preview":"max-image-preview:large","max-video-preview":"max-video-preview:-1"},"canonical":"https:\/\/maisonimmigration.com\/es\/residency\/inmigracion-familiar\/","og_locale":"es_ES","og_type":"article","og_title":"Inmigraci\u00f3n familiar | Maison Law Immigration Lawyers","og_description":"La inmigraci\u00f3n legal a Estados Unidos se basa en gran medida en las relaciones familiares que un aspirante a inmigrante pueda tener aqu\u00ed. Se exige un visado de inmigrante a cualquier ciudadano extranjero que desee residir en Estados Unidos. El primer paso para obtener un visado de inmigrante es que el extranjero sea patrocinado por [&hellip;]","og_url":"https:\/\/maisonimmigration.com\/es\/residency\/inmigracion-familiar\/","og_site_name":"Maison Law Immigration Lawyers","twitter_card":"summary_large_image","twitter_misc":{"Tiempo de lectura":"3 minutos"},"schema":{"@context":"https:\/\/schema.org","@graph":[{"@type":"WebPage","@id":"https:\/\/maisonimmigration.com\/es\/residency\/inmigracion-familiar\/","url":"https:\/\/maisonimmigration.com\/es\/residency\/inmigracion-familiar\/","name":"Inmigraci\u00f3n familiar | Maison Law Immigration Lawyers","isPartOf":{"@id":"https:\/\/maisonimmigration.com\/es\/#website"},"datePublished":"2021-11-17T16:51:40+00:00","breadcrumb":{"@id":"https:\/\/maisonimmigration.com\/es\/residency\/inmigracion-familiar\/#breadcrumb"},"inLanguage":"es","potentialAction":[{"@type":"ReadAction","target":["https:\/\/maisonimmigration.com\/es\/residency\/inmigracion-familiar\/"]}]},{"@type":"BreadcrumbList","@id":"https:\/\/maisonimmigration.com\/es\/residency\/inmigracion-familiar\/#breadcrumb","itemListElement":[{"@type":"ListItem","position":1,"name":"Home","item":"https:\/\/maisonimmigration.com\/es\/"},{"@type":"ListItem","position":2,"name":"Residencia","item":"https:\/\/maisonimmigration.com\/es\/residency\/"},{"@type":"ListItem","position":3,"name":"Inmigraci\u00f3n familiar"}]},{"@type":"WebSite","@id":"https:\/\/maisonimmigration.com\/es\/#website","url":"https:\/\/maisonimmigration.com\/es\/","name":"Maison Law Immigration Lawyers","description":"","publisher":{"@id":"https:\/\/maisonimmigration.com\/es\/#organization"},"potentialAction":[{"@type":"SearchAction","target":{"@type":"EntryPoint","urlTemplate":"https:\/\/maisonimmigration.com\/es\/?s={search_term_string}"},"query-input":{"@type":"PropertyValueSpecification","valueRequired":true,"valueName":"search_term_string"}}],"inLanguage":"es"},{"@type":"Organization","@id":"https:\/\/maisonimmigration.com\/es\/#organization","name":"Maison Law Immigration Lawyers","url":"https:\/\/maisonimmigration.com\/es\/","logo":{"@type":"ImageObject","inLanguage":"es","@id":"https:\/\/maisonimmigration.com\/es\/#\/schema\/logo\/image\/","url":"https:\/\/maisonimmigration.com\/wp-content\/uploads\/2025\/12\/maison-law-immigration-lawyers-new-logo.png","contentUrl":"https:\/\/maisonimmigration.com\/wp-content\/uploads\/2025\/12\/maison-law-immigration-lawyers-new-logo.png","width":925,"height":211,"caption":"Maison Law Immigration Lawyers"},"image":{"@id":"https:\/\/maisonimmigration.com\/es\/#\/schema\/logo\/image\/"}}]}},"_links":{"self":[{"href":"https:\/\/maisonimmigration.com\/es\/wp-json\/wp\/v2\/pages\/354","targetHints":{"allow":["GET"]}}],"collection":[{"href":"https:\/\/maisonimmigration.com\/es\/wp-json\/wp\/v2\/pages"}],"about":[{"href":"https:\/\/maisonimmigration.com\/es\/wp-json\/wp\/v2\/types\/page"}],"author":[{"embeddable":true,"href":"https:\/\/maisonimmigration.com\/es\/wp-json\/wp\/v2\/users\/1"}],"replies":[{"embeddable":true,"href":"https:\/\/maisonimmigration.com\/es\/wp-json\/wp\/v2\/comments?post=354"}],"version-history":[{"count":1,"href":"https:\/\/maisonimmigration.com\/es\/wp-json\/wp\/v2\/pages\/354\/revisions"}],"predecessor-version":[{"id":355,"href":"https:\/\/maisonimmigration.com\/es\/wp-json\/wp\/v2\/pages\/354\/revisions\/355"}],"up":[{"embeddable":true,"href":"https:\/\/maisonimmigration.com\/es\/wp-json\/wp\/v2\/pages\/356"}],"wp:attachment":[{"href":"https:\/\/maisonimmigration.com\/es\/wp-json\/wp\/v2\/media?parent=354"}],"curies":[{"name":"wp","href":"https:\/\/api.w.org\/{rel}","templated":true}]}}