{"id":1904,"date":"2025-06-06T10:38:03","date_gmt":"2025-06-06T10:38:03","guid":{"rendered":"https:\/\/maisonimmigration.com\/residency\/tarjetas-verdes\/vawa\/explained\/"},"modified":"2025-06-09T09:35:24","modified_gmt":"2025-06-09T09:35:24","slug":"explicacion","status":"publish","type":"page","link":"https:\/\/maisonimmigration.com\/es\/residency\/tarjetas-verdes\/vawa\/explicacion\/","title":{"rendered":"Explicaci\u00f3n de la Ley contra la Violencia hacia las Mujeres (VAWA)"},"content":{"rendered":"<p>Los abogados de inmigraci\u00f3n de Maison Law pueden guiarle a trav\u00e9s del proceso de inmigraci\u00f3n en California. Si ha sufrido abusos por parte de su c\u00f3nyuge ciudadano estadounidense o residente permanente en California, la <a href=\"https:\/\/maisonimmigration.com\/es\/residency\/tarjetas-verdes\/vawa\/\">Ley contra la Violencia hacia las Mujeres (VAWA)<\/a> puede permitirle solicitar una tarjeta de residencia por su cuenta, sin su participaci\u00f3n. Ayudamos a las v\u00edctimas a trav\u00e9s de este proceso con cuidado, confidencialidad y una amplia experiencia. Cuando est\u00e9 listo, estamos aqu\u00ed para ayudarle a dar el siguiente paso. Concierte hoy mismo una consulta confidencial con nuestro equipo.<\/p>\n<h2>\u00bfQu\u00e9 es la Ley contra la Violencia hacia las Mujeres?<\/h2>\n<p>En pocas palabras, la <a href=\"https:\/\/www.govinfo.gov\/content\/pkg\/COMPS-10824\/pdf\/COMPS-10824.pdf\">Ley contra la Violencia hacia las Mujeres (VAWA)<\/a> es una de las v\u00edas m\u00e1s claras para obtener la ciudadan\u00eda plena, aunque t\u00e9cnicamente no se trate de un proceso de inmigraci\u00f3n. Promulgada en 1994, la VAWA ofrece protecci\u00f3n y apoyo a las sobrevivientes de:<\/p>\n<ul>\n<li>Violencia dom\u00e9stica.<\/li>\n<li>Agresi\u00f3n sexual.<\/li>\n<li>Otras formas de abuso, como agresi\u00f3n f\u00edsica o crueldad.<\/li>\n<\/ul>\n<p>En lo que respecta a la inmigraci\u00f3n, la VAWA permite a determinados familiares maltratados de ciudadanos estadounidenses o residentes permanentes legales solicitar una tarjeta de residencia <strong><em>sin el conocimiento ni el consentimiento del maltratador<\/em><\/strong>. Est\u00e1 abierta tanto a mujeres como a hombres y abarca a las v\u00edctimas de maltrato que sean:<\/p>\n<ul>\n<li>C\u00f3nyuges<\/li>\n<li>Hijos<\/li>\n<li>Padres<\/li>\n<\/ul>\n<p>Es fundamental que no tengas que mantener contacto con tu agresor ni involucrarlo en tu solicitud. El proceso est\u00e1 dise\u00f1ado para proteger tu seguridad y ofrecerte una v\u00eda para obtener un estatus legal. Sin embargo, sigue siendo importante que comprendas c\u00f3mo puedes presentar la solicitud y qu\u00e9 puedes hacer para que esta sea aceptada.<\/p>\n<h2>\u00bfC\u00f3mo es el proceso de solicitud de la tarjeta verde en virtud de la VAWA?<\/h2>\n<p>El punto de partida de cualquier solicitud de un visado Green Card en virtud de la VAWA es determinar si usted re\u00fane los requisitos para ello. Para poder optar a \u00e9l, tambi\u00e9n debe cumplir una serie de condiciones fundamentales:<\/p>\n<ul>\n<li>Su relaci\u00f3n era real, no solo con fines migratorios.<\/li>\n<li>Usted vivi\u00f3 con el agresor en alg\u00fan momento (pasado o presente).<\/li>\n<li>Usted sufri\u00f3 abusos, que pueden incluir violencia f\u00edsica, crueldad emocional, aislamiento, amenazas o manipulaci\u00f3n.<\/li>\n<li>Usted es una persona de \u201cbuena conducta moral\u201d, lo que significa que no tiene antecedentes penales graves ni otros comportamientos descalificantes.<\/li>\n<\/ul>\n<p>Una vez que confirme que cumple los requisitos, el siguiente paso es presentar una solicitud por cuenta propia. Esto significa solicitarla sin la participaci\u00f3n ni el consentimiento de su agresor. Deber\u00e1 preparar una solicitud detallada y sincera que incluya:<\/p>\n<ul>\n<li>Formulario I-360, el formulario oficial de auto-solicitud VAWA.<\/li>\n<li>Una declaraci\u00f3n personal en la que explique su relaci\u00f3n, lo que ha vivido y c\u00f3mo ha afectado a su vida.<\/li>\n<li>Pruebas de la relaci\u00f3n, como un certificado de matrimonio, un contrato de alquiler conjunto, facturas compartidas o fotos familiares.<\/li>\n<li>Pruebas de abuso, que pueden incluir notas de terapia, historiales m\u00e9dicos, informes policiales o declaraciones escritas de amigos, familiares, cl\u00e9rigos o consejeros.<\/li>\n<li>Documentos de antecedentes, como su identificaci\u00f3n, historial de inmigraci\u00f3n y prueba de su buena conducta moral (como cartas de referencia o antecedentes penales limpios).<\/li>\n<\/ul>\n<p>&nbsp;<\/p>\n<p>Obviamente, habr\u00e1 mucha variabilidad en cuanto a la documentaci\u00f3n y otras pruebas. Por eso los casos se deciden caso por caso. Sin embargo, es importante recordar que esta opci\u00f3n est\u00e1 a su disposici\u00f3n si actualmente sufre (o ha sufrido) violencia dom\u00e9stica en su hogar.<\/p>\n<h2>Los solicitantes de la VAWA en California pueden confiar en los abogados de inmigraci\u00f3n de Maison Law.<\/h2>\n<p>Los abogados de inmigraci\u00f3n de Maison Law, queremos ayudarle a trav\u00e9s del proceso VAWA con claridad, cuidado y confianza. Sabemos lo abrumador que puede resultar el proceso de inmigraci\u00f3n, especialmente cuando est\u00e1 relacionado con algo tan personal como la violencia dom\u00e9stica o el abuso. Por eso nos tomamos el tiempo necesario para explicarle cada paso en un lenguaje sencillo y asegurarnos de que siempre sepa en qu\u00e9 punto se encuentra su caso.<\/p>\n<p>Nuestra funci\u00f3n va m\u00e1s all\u00e1 del papeleo: estamos aqu\u00ed para asegurarnos de que se sienta seguro, apoyado y escuchado. Si se encuentra en California y cree que puede reunir los requisitos para presentar una solicitud VAWA por cuenta propia, estamos listos para escucharle y ayudarle a dar el siguiente paso. P\u00f3ngase en contacto con nosotros hoy mismo para concertar una consulta.<\/p>\n","protected":false},"excerpt":{"rendered":"<p>Los abogados de inmigraci\u00f3n de Maison Law pueden guiarle a trav\u00e9s del proceso de inmigraci\u00f3n en California. Si ha sufrido abusos por parte de su c\u00f3nyuge ciudadano estadounidense o residente permanente en California, la Ley contra la Violencia hacia las Mujeres (VAWA) puede permitirle solicitar una tarjeta de residencia por su cuenta, sin su participaci\u00f3n. [&hellip;]<\/p>\n","protected":false},"author":7,"featured_media":0,"parent":1897,"menu_order":0,"comment_status":"closed","ping_status":"closed","template":"","meta":{"footnotes":""},"class_list":["post-1904","page","type-page","status-publish","hentry"],"yoast_head":"<!-- This site is optimized with the Yoast SEO plugin v27.4 - https:\/\/yoast.com\/product\/yoast-seo-wordpress\/ -->\n<title>Explicaci\u00f3n de la Ley contra la Violencia hacia las Mujeres (VAWA) | Maison Law Immigration Lawyers<\/title>\n<meta name=\"description\" content=\"If you&#039;re in California and think you may qualify for a VAWA self-petition, Maison Law Immigration Lawyers is ready to listen and help you take that next step forward.\" \/>\n<meta name=\"robots\" content=\"index, follow, max-snippet:-1, max-image-preview:large, max-video-preview:-1\" \/>\n<link rel=\"canonical\" href=\"https:\/\/maisonimmigration.com\/es\/residency\/tarjetas-verdes\/vawa\/explicacion\/\" \/>\n<meta property=\"og:locale\" content=\"es_ES\" \/>\n<meta property=\"og:type\" content=\"article\" \/>\n<meta property=\"og:title\" content=\"Explicaci\u00f3n de la Ley contra la Violencia hacia las Mujeres (VAWA) | Maison Law Immigration Lawyers\" \/>\n<meta property=\"og:description\" content=\"If you&#039;re in California and think you may qualify for a VAWA self-petition, Maison Law Immigration Lawyers is ready to listen and help you take that next step forward.\" \/>\n<meta property=\"og:url\" content=\"https:\/\/maisonimmigration.com\/es\/residency\/tarjetas-verdes\/vawa\/explicacion\/\" \/>\n<meta property=\"og:site_name\" content=\"Maison Law Immigration Lawyers\" \/>\n<meta property=\"article:modified_time\" content=\"2025-06-09T09:35:24+00:00\" \/>\n<meta name=\"twitter:card\" content=\"summary_large_image\" \/>\n<meta name=\"twitter:label1\" content=\"Tiempo de lectura\" \/>\n\t<meta name=\"twitter:data1\" content=\"4 minutos\" \/>\n<script type=\"application\/ld+json\" class=\"yoast-schema-graph\">{\"@context\":\"https:\\\/\\\/schema.org\",\"@graph\":[{\"@type\":\"WebPage\",\"@id\":\"https:\\\/\\\/maisonimmigration.com\\\/es\\\/residency\\\/tarjetas-verdes\\\/vawa\\\/explicacion\\\/\",\"url\":\"https:\\\/\\\/maisonimmigration.com\\\/es\\\/residency\\\/tarjetas-verdes\\\/vawa\\\/explicacion\\\/\",\"name\":\"Explicaci\u00f3n de la Ley contra la Violencia hacia las Mujeres (VAWA) | Maison Law Immigration Lawyers\",\"isPartOf\":{\"@id\":\"https:\\\/\\\/maisonimmigration.com\\\/es\\\/#website\"},\"datePublished\":\"2025-06-06T10:38:03+00:00\",\"dateModified\":\"2025-06-09T09:35:24+00:00\",\"description\":\"If you're in California and think you may qualify for a VAWA self-petition, Maison Law Immigration Lawyers is ready to listen and help you take that next step forward.\",\"breadcrumb\":{\"@id\":\"https:\\\/\\\/maisonimmigration.com\\\/es\\\/residency\\\/tarjetas-verdes\\\/vawa\\\/explicacion\\\/#breadcrumb\"},\"inLanguage\":\"es\",\"potentialAction\":[{\"@type\":\"ReadAction\",\"target\":[\"https:\\\/\\\/maisonimmigration.com\\\/es\\\/residency\\\/tarjetas-verdes\\\/vawa\\\/explicacion\\\/\"]}]},{\"@type\":\"BreadcrumbList\",\"@id\":\"https:\\\/\\\/maisonimmigration.com\\\/es\\\/residency\\\/tarjetas-verdes\\\/vawa\\\/explicacion\\\/#breadcrumb\",\"itemListElement\":[{\"@type\":\"ListItem\",\"position\":1,\"name\":\"Home\",\"item\":\"https:\\\/\\\/maisonimmigration.com\\\/es\\\/\"},{\"@type\":\"ListItem\",\"position\":2,\"name\":\"Residencia\",\"item\":\"https:\\\/\\\/maisonimmigration.com\\\/es\\\/residency\\\/\"},{\"@type\":\"ListItem\",\"position\":3,\"name\":\"Tarjetas verdes\",\"item\":\"https:\\\/\\\/maisonimmigration.com\\\/es\\\/residency\\\/tarjetas-verdes\\\/\"},{\"@type\":\"ListItem\",\"position\":4,\"name\":\"Tarjeta verde para v\u00edctimas de violencia dom\u00e9stica &#8211; Abogado de inmigraci\u00f3n VAWA en California\",\"item\":\"https:\\\/\\\/maisonimmigration.com\\\/es\\\/residency\\\/tarjetas-verdes\\\/vawa\\\/\"},{\"@type\":\"ListItem\",\"position\":5,\"name\":\"Explicaci\u00f3n de la Ley contra la Violencia hacia las Mujeres (VAWA)\"}]},{\"@type\":\"WebSite\",\"@id\":\"https:\\\/\\\/maisonimmigration.com\\\/es\\\/#website\",\"url\":\"https:\\\/\\\/maisonimmigration.com\\\/es\\\/\",\"name\":\"Maison Law Immigration Lawyers\",\"description\":\"\",\"publisher\":{\"@id\":\"https:\\\/\\\/maisonimmigration.com\\\/es\\\/#organization\"},\"potentialAction\":[{\"@type\":\"SearchAction\",\"target\":{\"@type\":\"EntryPoint\",\"urlTemplate\":\"https:\\\/\\\/maisonimmigration.com\\\/es\\\/?s={search_term_string}\"},\"query-input\":{\"@type\":\"PropertyValueSpecification\",\"valueRequired\":true,\"valueName\":\"search_term_string\"}}],\"inLanguage\":\"es\"},{\"@type\":\"Organization\",\"@id\":\"https:\\\/\\\/maisonimmigration.com\\\/es\\\/#organization\",\"name\":\"Maison Law Immigration Lawyers\",\"url\":\"https:\\\/\\\/maisonimmigration.com\\\/es\\\/\",\"logo\":{\"@type\":\"ImageObject\",\"inLanguage\":\"es\",\"@id\":\"https:\\\/\\\/maisonimmigration.com\\\/es\\\/#\\\/schema\\\/logo\\\/image\\\/\",\"url\":\"https:\\\/\\\/maisonimmigration.com\\\/wp-content\\\/uploads\\\/2025\\\/12\\\/maison-law-immigration-lawyers-new-logo.png\",\"contentUrl\":\"https:\\\/\\\/maisonimmigration.com\\\/wp-content\\\/uploads\\\/2025\\\/12\\\/maison-law-immigration-lawyers-new-logo.png\",\"width\":925,\"height\":211,\"caption\":\"Maison Law Immigration Lawyers\"},\"image\":{\"@id\":\"https:\\\/\\\/maisonimmigration.com\\\/es\\\/#\\\/schema\\\/logo\\\/image\\\/\"}}]}<\/script>\n<!-- \/ Yoast SEO plugin. -->","yoast_head_json":{"title":"Explicaci\u00f3n de la Ley contra la Violencia hacia las Mujeres (VAWA) | Maison Law Immigration Lawyers","description":"If you're in California and think you may qualify for a VAWA self-petition, Maison Law Immigration Lawyers is ready to listen and help you take that next step forward.","robots":{"index":"index","follow":"follow","max-snippet":"max-snippet:-1","max-image-preview":"max-image-preview:large","max-video-preview":"max-video-preview:-1"},"canonical":"https:\/\/maisonimmigration.com\/es\/residency\/tarjetas-verdes\/vawa\/explicacion\/","og_locale":"es_ES","og_type":"article","og_title":"Explicaci\u00f3n de la Ley contra la Violencia hacia las Mujeres (VAWA) | Maison Law Immigration Lawyers","og_description":"If you're in California and think you may qualify for a VAWA self-petition, Maison Law Immigration Lawyers is ready to listen and help you take that next step forward.","og_url":"https:\/\/maisonimmigration.com\/es\/residency\/tarjetas-verdes\/vawa\/explicacion\/","og_site_name":"Maison Law Immigration Lawyers","article_modified_time":"2025-06-09T09:35:24+00:00","twitter_card":"summary_large_image","twitter_misc":{"Tiempo de lectura":"4 minutos"},"schema":{"@context":"https:\/\/schema.org","@graph":[{"@type":"WebPage","@id":"https:\/\/maisonimmigration.com\/es\/residency\/tarjetas-verdes\/vawa\/explicacion\/","url":"https:\/\/maisonimmigration.com\/es\/residency\/tarjetas-verdes\/vawa\/explicacion\/","name":"Explicaci\u00f3n de la Ley contra la Violencia hacia las Mujeres (VAWA) | Maison Law Immigration Lawyers","isPartOf":{"@id":"https:\/\/maisonimmigration.com\/es\/#website"},"datePublished":"2025-06-06T10:38:03+00:00","dateModified":"2025-06-09T09:35:24+00:00","description":"If you're in California and think you may qualify for a VAWA self-petition, Maison Law Immigration Lawyers is ready to listen and help you take that next step forward.","breadcrumb":{"@id":"https:\/\/maisonimmigration.com\/es\/residency\/tarjetas-verdes\/vawa\/explicacion\/#breadcrumb"},"inLanguage":"es","potentialAction":[{"@type":"ReadAction","target":["https:\/\/maisonimmigration.com\/es\/residency\/tarjetas-verdes\/vawa\/explicacion\/"]}]},{"@type":"BreadcrumbList","@id":"https:\/\/maisonimmigration.com\/es\/residency\/tarjetas-verdes\/vawa\/explicacion\/#breadcrumb","itemListElement":[{"@type":"ListItem","position":1,"name":"Home","item":"https:\/\/maisonimmigration.com\/es\/"},{"@type":"ListItem","position":2,"name":"Residencia","item":"https:\/\/maisonimmigration.com\/es\/residency\/"},{"@type":"ListItem","position":3,"name":"Tarjetas verdes","item":"https:\/\/maisonimmigration.com\/es\/residency\/tarjetas-verdes\/"},{"@type":"ListItem","position":4,"name":"Tarjeta verde para v\u00edctimas de violencia dom\u00e9stica &#8211; Abogado de inmigraci\u00f3n VAWA en California","item":"https:\/\/maisonimmigration.com\/es\/residency\/tarjetas-verdes\/vawa\/"},{"@type":"ListItem","position":5,"name":"Explicaci\u00f3n de la Ley contra la Violencia hacia las Mujeres (VAWA)"}]},{"@type":"WebSite","@id":"https:\/\/maisonimmigration.com\/es\/#website","url":"https:\/\/maisonimmigration.com\/es\/","name":"Maison Law Immigration Lawyers","description":"","publisher":{"@id":"https:\/\/maisonimmigration.com\/es\/#organization"},"potentialAction":[{"@type":"SearchAction","target":{"@type":"EntryPoint","urlTemplate":"https:\/\/maisonimmigration.com\/es\/?s={search_term_string}"},"query-input":{"@type":"PropertyValueSpecification","valueRequired":true,"valueName":"search_term_string"}}],"inLanguage":"es"},{"@type":"Organization","@id":"https:\/\/maisonimmigration.com\/es\/#organization","name":"Maison Law Immigration Lawyers","url":"https:\/\/maisonimmigration.com\/es\/","logo":{"@type":"ImageObject","inLanguage":"es","@id":"https:\/\/maisonimmigration.com\/es\/#\/schema\/logo\/image\/","url":"https:\/\/maisonimmigration.com\/wp-content\/uploads\/2025\/12\/maison-law-immigration-lawyers-new-logo.png","contentUrl":"https:\/\/maisonimmigration.com\/wp-content\/uploads\/2025\/12\/maison-law-immigration-lawyers-new-logo.png","width":925,"height":211,"caption":"Maison Law Immigration Lawyers"},"image":{"@id":"https:\/\/maisonimmigration.com\/es\/#\/schema\/logo\/image\/"}}]}},"_links":{"self":[{"href":"https:\/\/maisonimmigration.com\/es\/wp-json\/wp\/v2\/pages\/1904","targetHints":{"allow":["GET"]}}],"collection":[{"href":"https:\/\/maisonimmigration.com\/es\/wp-json\/wp\/v2\/pages"}],"about":[{"href":"https:\/\/maisonimmigration.com\/es\/wp-json\/wp\/v2\/types\/page"}],"author":[{"embeddable":true,"href":"https:\/\/maisonimmigration.com\/es\/wp-json\/wp\/v2\/users\/7"}],"replies":[{"embeddable":true,"href":"https:\/\/maisonimmigration.com\/es\/wp-json\/wp\/v2\/comments?post=1904"}],"version-history":[{"count":2,"href":"https:\/\/maisonimmigration.com\/es\/wp-json\/wp\/v2\/pages\/1904\/revisions"}],"predecessor-version":[{"id":1906,"href":"https:\/\/maisonimmigration.com\/es\/wp-json\/wp\/v2\/pages\/1904\/revisions\/1906"}],"up":[{"embeddable":true,"href":"https:\/\/maisonimmigration.com\/es\/wp-json\/wp\/v2\/pages\/1897"}],"wp:attachment":[{"href":"https:\/\/maisonimmigration.com\/es\/wp-json\/wp\/v2\/media?parent=1904"}],"curies":[{"name":"wp","href":"https:\/\/api.w.org\/{rel}","templated":true}]}}