{"id":1897,"date":"2025-06-06T10:32:36","date_gmt":"2025-06-06T10:32:36","guid":{"rendered":"https:\/\/maisonimmigration.com\/residency\/tarjetas-verdes\/vawa\/"},"modified":"2025-06-09T09:37:15","modified_gmt":"2025-06-09T09:37:15","slug":"vawa","status":"publish","type":"page","link":"https:\/\/maisonimmigration.com\/es\/residency\/tarjetas-verdes\/vawa\/","title":{"rendered":"Tarjeta verde para v\u00edctimas de violencia dom\u00e9stica &#8211; Abogado de inmigraci\u00f3n VAWA en California"},"content":{"rendered":"\t\t<div data-elementor-type=\"wp-page\" data-elementor-id=\"1897\" class=\"elementor elementor-1897 elementor-1886\" data-elementor-post-type=\"page\">\n\t\t\t\t<div class=\"elementor-element elementor-element-5e80d9a0 e-flex e-con-boxed e-con e-parent\" data-id=\"5e80d9a0\" data-element_type=\"container\" data-e-type=\"container\">\n\t\t\t\t\t<div class=\"e-con-inner\">\n\t\t\t\t<div class=\"elementor-element elementor-element-70a8e30c elementor-widget elementor-widget-text-editor\" data-id=\"70a8e30c\" data-element_type=\"widget\" data-e-type=\"widget\" data-widget_type=\"text-editor.default\">\n\t\t\t\t<div class=\"elementor-widget-container\">\n\t\t\t\t\t\t\t\t\t<p>Los abogados de inmigraci\u00f3n de Maison Law ayudan a las personas en California a explorar todas sus opciones para obtener la ciudadan\u00eda y la residencia. Si se encuentra en California y ha sufrido abusos por parte de su c\u00f3nyuge, que es ciudadano estadounidense o residente permanente, es posible que no tenga que depender de \u00e9l para solicitar la <a href=\"https:\/\/maisonimmigration.com\/es\/residency\/tarjetas-verdes\/\">tarjeta verde<\/a>. La Ley contra la Violencia hacia las Mujeres (VAWA) le ofrece una forma de solicitar la residencia permanente legal por su cuenta, de forma segura y confidencial. Nuestro equipo comprende lo emotivo y dif\u00edcil que puede ser este proceso, y le guiaremos a trav\u00e9s de \u00e9l con cuidado y experiencia. Cuando est\u00e9 listo, concierte una consulta con nuestro equipo.<\/p><h2>\u00bfC\u00f3mo puedo solicitar una tarjeta verde con la VAWA?<\/h2><p>Aunque es una situaci\u00f3n incre\u00edblemente dif\u00edcil sufrir abuso dom\u00e9stico y no tener la ciudadan\u00eda, hay una soluci\u00f3n: la <a href=\"https:\/\/www.uscis.gov\/humanitarian\/abused-spouses-children-and-parents\">Ley contra la Violencia hacia las Mujeres (VAWA) <\/a>. La VAWA es una ley federal que permite a ciertas v\u00edctimas de abuso dom\u00e9stico solicitar una tarjeta de residencia <strong><em>sin que<\/em><\/strong> su agresor lo sepa.<\/p><p>Para solicitarlo por cuenta propia (solicitud individual), deber\u00e1 demostrar que:<\/p><ul><li>Su matrimonio fue de buena fe, no solo con fines migratorios.<\/li><li>Su c\u00f3nyuge es ciudadano estadounidense o residente permanente legal.<\/li><li>Actualmente vive con su c\u00f3nyuge o ha vivido con \u00e9l\/ella en alg\u00fan momento.<\/li><li>Ha sufrido abusos, como agresiones f\u00edsicas o crueldad extrema.<\/li><li>Es una persona de buena conducta moral (sin antecedentes penales, etc.).<\/li><\/ul><p>\u00a0<\/p><p>Su solicitud deber\u00e1 incluir lo siguiente:<\/p><ul><li><a href=\"https:\/\/www.uscis.gov\/i-360\">Formulario I-360 (solicitud propia VAWA)<\/a><\/li><li>Declaraci\u00f3n personal en la que se describe el abuso y su relaci\u00f3n.<\/li><li>Pruebas del matrimonio (certificado, facturas conjuntas, fotos)<\/li><li>Cualquier prueba del abuso (por ejemplo, registros terap\u00e9uticos, declaraciones juradas de amigos, informes policiales si est\u00e1n disponibles).<\/li><\/ul><p>\u00a0<\/p><p>Es importante comprender que la VAWA se cre\u00f3 para proteger a las personas que se encuentran en relaciones reales y que cumplen los requisitos, y que han sufrido abusos, no para servir como atajo en el sistema de inmigraci\u00f3n. Presentar una solicitud falsa puede acarrear graves consecuencias, como la denegaci\u00f3n de su petici\u00f3n, la deportaci\u00f3n o la prohibici\u00f3n de acceder a futuros beneficios de inmigraci\u00f3n. Pero si su situaci\u00f3n es real y est\u00e1 listo para dar este paso dif\u00edcil pero empoderador, nuestro equipo est\u00e1 aqu\u00ed para ayudarle. Y eso comienza gui\u00e1ndole a trav\u00e9s del proceso.<\/p><h2>\u00bfC\u00f3mo es el proceso de la VAWA?<\/h2><p>Una vez que cumpla con los requisitos de elegibilidad seg\u00fan la VAWA, puede presentar una solicitud por cuenta propia ante el USCIS, sin necesidad de la participaci\u00f3n o el consentimiento de su familiar abusivo. Al igual que la mayor\u00eda de los procesos de inmigraci\u00f3n, cada solicitud se revisa caso por caso, y sus antecedentes, documentaci\u00f3n y credibilidad general desempe\u00f1ar\u00e1n un papel importante en el resultado.<\/p><p>\u00a0<\/p><p>Este es el proceso general:<\/p><ul><li>Complete y env\u00ede el formulario I-360 (autosolicitud VAWA).<\/li><li>Re\u00fana e incluya la documentaci\u00f3n de respaldo (pruebas de abuso, prueba de relaci\u00f3n, residencia compartida, etc.).<\/li><li>Si es elegible, contin\u00fae con el proceso presentando el <a href=\"https:\/\/www.uscis.gov\/i-485\">formulario I-485 <\/a>para solicitar su tarjeta de residencia.<\/li><li>El USCIS puede solicitar datos biom\u00e9tricos, una entrevista o pruebas adicionales durante la revisi\u00f3n.<\/li><li>El USCIS tomar\u00e1 una decisi\u00f3n bas\u00e1ndose en el panorama general de su caso.<\/li><\/ul><p>\u00a0<\/p><p>Si su solicitud y petici\u00f3n son aprobadas, es posible que pueda solicitar la residencia permanente de inmediato o cuando su fecha de prioridad se vuelva actual, dependiendo de su situaci\u00f3n y relaci\u00f3n con el agresor. Para muchas sobrevivientes en su situaci\u00f3n, la VAWA no solo proporciona una v\u00eda legal para seguir adelante, sino tambi\u00e9n un paso importante hacia su seguridad e independencia. Dicho esto, sigue siendo una situaci\u00f3n incre\u00edblemente aterradora. Por eso es importante trabajar con nuestro equipo experimentado.<\/p><h2>Deje que los abogados de inmigraci\u00f3n de Maison Law le ayuden.<\/h2><p>Solicitar ayuda migratoria a trav\u00e9s de la VAWA puede resultar abrumador, especialmente cuando ya se est\u00e1 lidiando con el impacto emocional del abuso. Pero no tiene por qu\u00e9 pasar por este proceso solo, y definitivamente no debe arriesgar su seguridad o su estatus legal al presentar la solicitud sin la orientaci\u00f3n adecuada.<\/p><p>\u00a0<\/p><p>Los abogados de inmigraci\u00f3n de Maison Law, entendemos lo personales y delicados que son los casos relacionados con la VAWA. Tanto si es usted c\u00f3nyuge, padre o madre, o hijo o hija de un ciudadano estadounidense o de un titular de la tarjeta verde, le ayudaremos de la siguiente manera:<\/p><ul><li>Explicarle sus derechos y opciones.<\/li><li>Ayudarle a reunir la documentaci\u00f3n que necesitar\u00e1 para su solicitud.<\/li><li>Responder a sus preguntas con atenci\u00f3n.<\/li><li>Apoyarle durante todo el proceso de solicitud.<\/li><\/ul><p>Nuestro objetivo es proteger su futuro y ayudarle a avanzar con seguridad y dignidad. Si desea obtener m\u00e1s informaci\u00f3n sobre sus opciones de inmigraci\u00f3n, p\u00f3ngase en contacto con nuestro equipo hoy mismo para concertar una consulta.<\/p><p>.<\/p>\t\t\t\t\t\t\t\t<\/div>\n\t\t\t\t<\/div>\n\t\t\t\t\t<\/div>\n\t\t\t\t<\/div>\n\t\t<div class=\"elementor-element elementor-element-7126400 e-flex e-con-boxed e-con e-parent\" data-id=\"7126400\" data-element_type=\"container\" data-e-type=\"container\">\n\t\t\t\t\t<div class=\"e-con-inner\">\n\t\t\t\t<div class=\"elementor-element elementor-element-b5d7d28 elementor-widget elementor-widget-text-editor\" data-id=\"b5d7d28\" data-element_type=\"widget\" data-e-type=\"widget\" data-widget_type=\"text-editor.default\">\n\t\t\t\t<div class=\"elementor-widget-container\">\n\t\t\t\t\t\t\t\t\t<pre class=\"elementor-heading-title elementor-size-default\"><a href=\"https:\/\/maisonimmigration.com\/es\/residency\/tarjetas-verdes\/vawa\/explicacion\/\"><strong>Explicaci\u00f3n de la Ley contra la Violencia hacia las Mujeres (VAWA)<\/strong><\/a><\/pre>\t\t\t\t\t\t\t\t<\/div>\n\t\t\t\t<\/div>\n\t\t\t\t\t<\/div>\n\t\t\t\t<\/div>\n\t\t\t\t<\/div>\n\t\t","protected":false},"excerpt":{"rendered":"<p>Los abogados de inmigraci\u00f3n de Maison Law ayudan a las personas en California a explorar todas sus opciones para obtener la ciudadan\u00eda y la residencia. Si se encuentra en California y ha sufrido abusos por parte de su c\u00f3nyuge, que es ciudadano estadounidense o residente permanente, es posible que no tenga que depender de \u00e9l [&hellip;]<\/p>\n","protected":false},"author":7,"featured_media":0,"parent":415,"menu_order":0,"comment_status":"closed","ping_status":"closed","template":"","meta":{"footnotes":""},"class_list":["post-1897","page","type-page","status-publish","hentry"],"yoast_head":"<!-- This site is optimized with the Yoast SEO plugin v27.4 - https:\/\/yoast.com\/product\/yoast-seo-wordpress\/ -->\n<title>Tarjeta verde para v\u00edctimas de violencia dom\u00e9stica - Abogado de inmigraci\u00f3n VAWA en California | Maison Law Immigration Lawyers<\/title>\n<meta name=\"robots\" content=\"index, follow, max-snippet:-1, max-image-preview:large, max-video-preview:-1\" \/>\n<link rel=\"canonical\" href=\"https:\/\/maisonimmigration.com\/es\/residency\/tarjetas-verdes\/vawa\/\" \/>\n<meta property=\"og:locale\" content=\"es_ES\" \/>\n<meta property=\"og:type\" content=\"article\" \/>\n<meta property=\"og:title\" content=\"Tarjeta verde para v\u00edctimas de violencia dom\u00e9stica - Abogado de inmigraci\u00f3n VAWA en California | Maison Law Immigration Lawyers\" \/>\n<meta property=\"og:description\" content=\"Los abogados de inmigraci\u00f3n de Maison Law ayudan a las personas en California a explorar todas sus opciones para obtener la ciudadan\u00eda y la residencia. Si se encuentra en California y ha sufrido abusos por parte de su c\u00f3nyuge, que es ciudadano estadounidense o residente permanente, es posible que no tenga que depender de \u00e9l [&hellip;]\" \/>\n<meta property=\"og:url\" content=\"https:\/\/maisonimmigration.com\/es\/residency\/tarjetas-verdes\/vawa\/\" \/>\n<meta property=\"og:site_name\" content=\"Maison Law Immigration Lawyers\" \/>\n<meta property=\"article:modified_time\" content=\"2025-06-09T09:37:15+00:00\" \/>\n<meta name=\"twitter:card\" content=\"summary_large_image\" \/>\n<meta name=\"twitter:label1\" content=\"Tiempo de lectura\" \/>\n\t<meta name=\"twitter:data1\" content=\"4 minutos\" \/>\n<script type=\"application\/ld+json\" class=\"yoast-schema-graph\">{\"@context\":\"https:\\\/\\\/schema.org\",\"@graph\":[{\"@type\":\"WebPage\",\"@id\":\"https:\\\/\\\/maisonimmigration.com\\\/es\\\/residency\\\/tarjetas-verdes\\\/vawa\\\/\",\"url\":\"https:\\\/\\\/maisonimmigration.com\\\/es\\\/residency\\\/tarjetas-verdes\\\/vawa\\\/\",\"name\":\"Tarjeta verde para v\u00edctimas de violencia dom\u00e9stica - Abogado de inmigraci\u00f3n VAWA en California | Maison Law Immigration Lawyers\",\"isPartOf\":{\"@id\":\"https:\\\/\\\/maisonimmigration.com\\\/es\\\/#website\"},\"datePublished\":\"2025-06-06T10:32:36+00:00\",\"dateModified\":\"2025-06-09T09:37:15+00:00\",\"breadcrumb\":{\"@id\":\"https:\\\/\\\/maisonimmigration.com\\\/es\\\/residency\\\/tarjetas-verdes\\\/vawa\\\/#breadcrumb\"},\"inLanguage\":\"es\",\"potentialAction\":[{\"@type\":\"ReadAction\",\"target\":[\"https:\\\/\\\/maisonimmigration.com\\\/es\\\/residency\\\/tarjetas-verdes\\\/vawa\\\/\"]}]},{\"@type\":\"BreadcrumbList\",\"@id\":\"https:\\\/\\\/maisonimmigration.com\\\/es\\\/residency\\\/tarjetas-verdes\\\/vawa\\\/#breadcrumb\",\"itemListElement\":[{\"@type\":\"ListItem\",\"position\":1,\"name\":\"Home\",\"item\":\"https:\\\/\\\/maisonimmigration.com\\\/es\\\/\"},{\"@type\":\"ListItem\",\"position\":2,\"name\":\"Residencia\",\"item\":\"https:\\\/\\\/maisonimmigration.com\\\/es\\\/residency\\\/\"},{\"@type\":\"ListItem\",\"position\":3,\"name\":\"Tarjetas verdes\",\"item\":\"https:\\\/\\\/maisonimmigration.com\\\/es\\\/residency\\\/tarjetas-verdes\\\/\"},{\"@type\":\"ListItem\",\"position\":4,\"name\":\"Tarjeta verde para v\u00edctimas de violencia dom\u00e9stica &#8211; Abogado de inmigraci\u00f3n VAWA en California\"}]},{\"@type\":\"WebSite\",\"@id\":\"https:\\\/\\\/maisonimmigration.com\\\/es\\\/#website\",\"url\":\"https:\\\/\\\/maisonimmigration.com\\\/es\\\/\",\"name\":\"Maison Law Immigration Lawyers\",\"description\":\"\",\"publisher\":{\"@id\":\"https:\\\/\\\/maisonimmigration.com\\\/es\\\/#organization\"},\"potentialAction\":[{\"@type\":\"SearchAction\",\"target\":{\"@type\":\"EntryPoint\",\"urlTemplate\":\"https:\\\/\\\/maisonimmigration.com\\\/es\\\/?s={search_term_string}\"},\"query-input\":{\"@type\":\"PropertyValueSpecification\",\"valueRequired\":true,\"valueName\":\"search_term_string\"}}],\"inLanguage\":\"es\"},{\"@type\":\"Organization\",\"@id\":\"https:\\\/\\\/maisonimmigration.com\\\/es\\\/#organization\",\"name\":\"Maison Law Immigration Lawyers\",\"url\":\"https:\\\/\\\/maisonimmigration.com\\\/es\\\/\",\"logo\":{\"@type\":\"ImageObject\",\"inLanguage\":\"es\",\"@id\":\"https:\\\/\\\/maisonimmigration.com\\\/es\\\/#\\\/schema\\\/logo\\\/image\\\/\",\"url\":\"https:\\\/\\\/maisonimmigration.com\\\/wp-content\\\/uploads\\\/2025\\\/12\\\/maison-law-immigration-lawyers-new-logo.png\",\"contentUrl\":\"https:\\\/\\\/maisonimmigration.com\\\/wp-content\\\/uploads\\\/2025\\\/12\\\/maison-law-immigration-lawyers-new-logo.png\",\"width\":925,\"height\":211,\"caption\":\"Maison Law Immigration Lawyers\"},\"image\":{\"@id\":\"https:\\\/\\\/maisonimmigration.com\\\/es\\\/#\\\/schema\\\/logo\\\/image\\\/\"}}]}<\/script>\n<!-- \/ Yoast SEO plugin. -->","yoast_head_json":{"title":"Tarjeta verde para v\u00edctimas de violencia dom\u00e9stica - Abogado de inmigraci\u00f3n VAWA en California | Maison Law Immigration Lawyers","robots":{"index":"index","follow":"follow","max-snippet":"max-snippet:-1","max-image-preview":"max-image-preview:large","max-video-preview":"max-video-preview:-1"},"canonical":"https:\/\/maisonimmigration.com\/es\/residency\/tarjetas-verdes\/vawa\/","og_locale":"es_ES","og_type":"article","og_title":"Tarjeta verde para v\u00edctimas de violencia dom\u00e9stica - Abogado de inmigraci\u00f3n VAWA en California | Maison Law Immigration Lawyers","og_description":"Los abogados de inmigraci\u00f3n de Maison Law ayudan a las personas en California a explorar todas sus opciones para obtener la ciudadan\u00eda y la residencia. Si se encuentra en California y ha sufrido abusos por parte de su c\u00f3nyuge, que es ciudadano estadounidense o residente permanente, es posible que no tenga que depender de \u00e9l [&hellip;]","og_url":"https:\/\/maisonimmigration.com\/es\/residency\/tarjetas-verdes\/vawa\/","og_site_name":"Maison Law Immigration Lawyers","article_modified_time":"2025-06-09T09:37:15+00:00","twitter_card":"summary_large_image","twitter_misc":{"Tiempo de lectura":"4 minutos"},"schema":{"@context":"https:\/\/schema.org","@graph":[{"@type":"WebPage","@id":"https:\/\/maisonimmigration.com\/es\/residency\/tarjetas-verdes\/vawa\/","url":"https:\/\/maisonimmigration.com\/es\/residency\/tarjetas-verdes\/vawa\/","name":"Tarjeta verde para v\u00edctimas de violencia dom\u00e9stica - Abogado de inmigraci\u00f3n VAWA en California | Maison Law Immigration Lawyers","isPartOf":{"@id":"https:\/\/maisonimmigration.com\/es\/#website"},"datePublished":"2025-06-06T10:32:36+00:00","dateModified":"2025-06-09T09:37:15+00:00","breadcrumb":{"@id":"https:\/\/maisonimmigration.com\/es\/residency\/tarjetas-verdes\/vawa\/#breadcrumb"},"inLanguage":"es","potentialAction":[{"@type":"ReadAction","target":["https:\/\/maisonimmigration.com\/es\/residency\/tarjetas-verdes\/vawa\/"]}]},{"@type":"BreadcrumbList","@id":"https:\/\/maisonimmigration.com\/es\/residency\/tarjetas-verdes\/vawa\/#breadcrumb","itemListElement":[{"@type":"ListItem","position":1,"name":"Home","item":"https:\/\/maisonimmigration.com\/es\/"},{"@type":"ListItem","position":2,"name":"Residencia","item":"https:\/\/maisonimmigration.com\/es\/residency\/"},{"@type":"ListItem","position":3,"name":"Tarjetas verdes","item":"https:\/\/maisonimmigration.com\/es\/residency\/tarjetas-verdes\/"},{"@type":"ListItem","position":4,"name":"Tarjeta verde para v\u00edctimas de violencia dom\u00e9stica &#8211; Abogado de inmigraci\u00f3n VAWA en California"}]},{"@type":"WebSite","@id":"https:\/\/maisonimmigration.com\/es\/#website","url":"https:\/\/maisonimmigration.com\/es\/","name":"Maison Law Immigration Lawyers","description":"","publisher":{"@id":"https:\/\/maisonimmigration.com\/es\/#organization"},"potentialAction":[{"@type":"SearchAction","target":{"@type":"EntryPoint","urlTemplate":"https:\/\/maisonimmigration.com\/es\/?s={search_term_string}"},"query-input":{"@type":"PropertyValueSpecification","valueRequired":true,"valueName":"search_term_string"}}],"inLanguage":"es"},{"@type":"Organization","@id":"https:\/\/maisonimmigration.com\/es\/#organization","name":"Maison Law Immigration Lawyers","url":"https:\/\/maisonimmigration.com\/es\/","logo":{"@type":"ImageObject","inLanguage":"es","@id":"https:\/\/maisonimmigration.com\/es\/#\/schema\/logo\/image\/","url":"https:\/\/maisonimmigration.com\/wp-content\/uploads\/2025\/12\/maison-law-immigration-lawyers-new-logo.png","contentUrl":"https:\/\/maisonimmigration.com\/wp-content\/uploads\/2025\/12\/maison-law-immigration-lawyers-new-logo.png","width":925,"height":211,"caption":"Maison Law Immigration Lawyers"},"image":{"@id":"https:\/\/maisonimmigration.com\/es\/#\/schema\/logo\/image\/"}}]}},"_links":{"self":[{"href":"https:\/\/maisonimmigration.com\/es\/wp-json\/wp\/v2\/pages\/1897","targetHints":{"allow":["GET"]}}],"collection":[{"href":"https:\/\/maisonimmigration.com\/es\/wp-json\/wp\/v2\/pages"}],"about":[{"href":"https:\/\/maisonimmigration.com\/es\/wp-json\/wp\/v2\/types\/page"}],"author":[{"embeddable":true,"href":"https:\/\/maisonimmigration.com\/es\/wp-json\/wp\/v2\/users\/7"}],"replies":[{"embeddable":true,"href":"https:\/\/maisonimmigration.com\/es\/wp-json\/wp\/v2\/comments?post=1897"}],"version-history":[{"count":8,"href":"https:\/\/maisonimmigration.com\/es\/wp-json\/wp\/v2\/pages\/1897\/revisions"}],"predecessor-version":[{"id":1909,"href":"https:\/\/maisonimmigration.com\/es\/wp-json\/wp\/v2\/pages\/1897\/revisions\/1909"}],"up":[{"embeddable":true,"href":"https:\/\/maisonimmigration.com\/es\/wp-json\/wp\/v2\/pages\/415"}],"wp:attachment":[{"href":"https:\/\/maisonimmigration.com\/es\/wp-json\/wp\/v2\/media?parent=1897"}],"curies":[{"name":"wp","href":"https:\/\/api.w.org\/{rel}","templated":true}]}}